{"id":161451,"date":"2025-06-06T14:17:26","date_gmt":"2025-06-06T12:17:26","guid":{"rendered":"https:\/\/alzira.es\/?page_id=161451"},"modified":"2026-02-09T11:57:46","modified_gmt":"2026-02-09T10:57:46","slug":"convocatoria-02-2025-tecnico-medio-informatica","status":"publish","type":"page","link":"https:\/\/alzira.es\/es\/servicios-municipales\/recursos-humanos\/empleo-permanente\/convocatoria-02-2025-tecnico-medio-informatica\/","title":{"rendered":"CONVOCATORIA 02\/2025.- Selecci\u00f3n en propiedad de una plaza de T\u00e9cnico\/a medio de Inform\u00e1tica para el Servicio de Innovaci\u00f3n y Tecnolog\u00eda A2, por el sistema de concurso, en turno restringido."},"content":{"rendered":"<p><strong>Fase de alegaci\u00f3n<\/strong> a la baremaci\u00f3n provisional: <strong>del 22 al 29 de julio de 2025<\/strong> (ambos incluidos).<\/p>\n<p><strong>DOCUMENTOS DEL EXPEDIENTE:<\/strong><\/p>\n\n\n<figure class=\"wp-block-table is-style-stripes\"><table><tbody><tr><td><strong>Nombre Fichero<\/strong><\/td><td class=\"has-text-align-center\" data-align=\"center\"><strong>Fecha Publicaci\u00f3n<\/strong><\/td><\/tr><tr><td><a href=\"https:\/\/alzira.es\/wp-content\/uploads\/2025\/06\/04-FPiO_0527_BOP_01.pdf\">Anuncio publicaci\u00f3n BOPV bases una plaza de T\u00e9cnico\/a medio de Inform\u00e1tica (Servicio de Innovaci\u00f3n y Tecnolog\u00eda)<\/a><\/td><td class=\"has-text-align-center\" data-align=\"center\">27\/05\/2025<\/td><\/tr><tr><td><a href=\"https:\/\/alzira.es\/wp-content\/uploads\/2023\/03\/Autobaremacio-Tecnic-Informatica-A2-2.xlsx\" target=\"_blank\" rel=\"noreferrer noopener\">Hoja de autobaremaci\u00f3n<\/a><\/td><td class=\"has-text-align-center\" data-align=\"center\">06\/06\/2025<\/td><\/tr><tr><td><a href=\"https:\/\/alzira.es\/wp-content\/uploads\/2023\/03\/05-BOE-A-2025-11386-060625-A2-Informatica.pdf\">Anuncio BOE convocatoria una plaza de T\u00e9cnico\/a medio de Inform\u00e1tica (Servicio de Innovaci\u00f3n y Tecnolog\u00eda)<\/a><\/td><td class=\"has-text-align-center\" data-align=\"center\">06\/06\/2025<\/td><\/tr><tr><td><a href=\"https:\/\/alzira.es\/wp-content\/uploads\/2023\/03\/06-Decret-llista-definitiva-i-data-entrevista-concurs-interadministratiu-Tecnic-a-Gestio-A2-Informatica.pdf\" target=\"_blank\" rel=\"noreferrer noopener\">Lista definitiva y fecha de entrevista<\/a><\/td><td class=\"has-text-align-center\" data-align=\"center\">03\/07\/2025<\/td><\/tr><tr><td><a href=\"https:\/\/alzira.es\/wp-content\/uploads\/2023\/03\/08-Edicte-Entrevista-i-valoracio-merits-Tecnic-a-A2-Informatica.pdf\">Edicto baremaci\u00f3n provisional memoria\/entrevista y m\u00e9ritos<\/a><\/td><td class=\"has-text-align-center\" data-align=\"center\">21\/07\/2025<\/td><\/tr><tr><td><a href=\"https:\/\/alzira.es\/wp-content\/uploads\/2023\/03\/09-Certificado_Decreto-propuesta-nombramiento-Jose-Hernandez-firmada.pdf\">Decreto nombramiento plaza A2 T\u00e9cnico\/a medio de Inform\u00e1tica (Servicio de Innovaci\u00f3n y Tecnolog\u00eda)<\/a><\/td><td class=\"has-text-align-center\" data-align=\"center\">01\/09\/2025<\/td><\/tr><tr><td><\/td><td class=\"has-text-align-center\" data-align=\"center\"><\/td><\/tr><tr><td><\/td><td class=\"has-text-align-center\" data-align=\"center\"><\/td><\/tr><tr><td><\/td><td class=\"has-text-align-center\" data-align=\"center\"><\/td><\/tr><tr><td><\/td><td class=\"has-text-align-center\" data-align=\"center\"><\/td><\/tr><\/tbody><\/table><\/figure>\n","protected":false},"excerpt":{"rendered":"<p>Fase de alegaci\u00f3n a la baremaci\u00f3n provisional: del 22 al 29 de julio de 2025 (ambos incluidos). DOCUMENTOS DEL EXPEDIENTE: Nombre Fichero Fecha Publicaci\u00f3n Anuncio publicaci\u00f3n BOPV bases una plaza de T\u00e9cnico\/a medio de Inform\u00e1tica (Servicio de Innovaci\u00f3n y Tecnolog\u00eda) 27\/05\/2025 Hoja de autobaremaci\u00f3n 06\/06\/2025 Anuncio BOE convocatoria una plaza de T\u00e9cnico\/a medio de Inform\u00e1tica &hellip; <\/p>\n<p class=\"link-more\"><a href=\"https:\/\/alzira.es\/es\/servicios-municipales\/recursos-humanos\/empleo-permanente\/convocatoria-02-2025-tecnico-medio-informatica\/\" class=\"more-link\">Continuar leyendo<span class=\"screen-reader-text\"> \u00abCONVOCATORIA 02\/2025.- Selecci\u00f3n en propiedad de una plaza de T\u00e9cnico\/a medio de Inform\u00e1tica para el Servicio de Innovaci\u00f3n y Tecnolog\u00eda A2, por el sistema de concurso, en turno restringido.\u00bb<\/span><\/a><\/p>\n","protected":false},"author":156,"featured_media":0,"parent":105851,"menu_order":0,"comment_status":"closed","ping_status":"closed","template":"","meta":{"_acf_changed":false,"footnotes":""},"class_list":["post-161451","page","type-page","status-publish","hentry"],"acf":[],"_links":{"self":[{"href":"https:\/\/alzira.es\/es\/wp-json\/wp\/v2\/pages\/161451","targetHints":{"allow":["GET"]}}],"collection":[{"href":"https:\/\/alzira.es\/es\/wp-json\/wp\/v2\/pages"}],"about":[{"href":"https:\/\/alzira.es\/es\/wp-json\/wp\/v2\/types\/page"}],"author":[{"embeddable":true,"href":"https:\/\/alzira.es\/es\/wp-json\/wp\/v2\/users\/156"}],"replies":[{"embeddable":true,"href":"https:\/\/alzira.es\/es\/wp-json\/wp\/v2\/comments?post=161451"}],"version-history":[{"count":2,"href":"https:\/\/alzira.es\/es\/wp-json\/wp\/v2\/pages\/161451\/revisions"}],"predecessor-version":[{"id":167705,"href":"https:\/\/alzira.es\/es\/wp-json\/wp\/v2\/pages\/161451\/revisions\/167705"}],"up":[{"embeddable":true,"href":"https:\/\/alzira.es\/es\/wp-json\/wp\/v2\/pages\/105851"}],"wp:attachment":[{"href":"https:\/\/alzira.es\/es\/wp-json\/wp\/v2\/media?parent=161451"}],"curies":[{"name":"wp","href":"https:\/\/api.w.org\/{rel}","templated":true}]}}