{"id":160872,"date":"2025-05-21T14:57:32","date_gmt":"2025-05-21T12:57:32","guid":{"rendered":"https:\/\/alzira.es\/?page_id=160872"},"modified":"2025-12-18T13:40:54","modified_gmt":"2025-12-18T12:40:54","slug":"planes-de-emergencias","status":"publish","type":"page","link":"https:\/\/alzira.es\/es\/la-ciudad\/emergencias\/planes-de-emergencias\/","title":{"rendered":"Planes de emergencias"},"content":{"rendered":"<p style=\"padding-left: 40px;\"><a href=\"https:\/\/alzira.es\/wp-content\/uploads\/2025\/05\/PAM_risc_inundacions.pdf\" target=\"_blank\" rel=\"noopener\"><img decoding=\"async\" class=\"size-full wp-image-53418 alignnone lazyload\" data-src=\"https:\/\/alzira.es\/wp-content\/uploads\/2021\/02\/pdf_rojo.gif\" alt=\"document\" width=\"18\" height=\"15\" src=\"data:image\/svg+xml;base64,PHN2ZyB3aWR0aD0iMSIgaGVpZ2h0PSIxIiB4bWxucz0iaHR0cDovL3d3dy53My5vcmcvMjAwMC9zdmciPjwvc3ZnPg==\" style=\"--smush-placeholder-width: 18px; --smush-placeholder-aspect-ratio: 18\/15;\" \/> PLA DE ACTUACI\u00d3N MUNICIPAL ANTE EL RIESGO DE INUNDACIONES DE ALZIRA<\/a><\/p>\n<p style=\"padding-left: 40px;\"><a href=\"https:\/\/alzira.es\/wp-content\/uploads\/2025\/05\/PAM_sismic_Alzira.pdf\" target=\"_blank\" rel=\"noopener\"><img decoding=\"async\" class=\"size-full wp-image-88742 alignnone lazyload\" data-src=\"https:\/\/alzira.es\/wp-content\/uploads\/2020\/03\/pdf_rojo.gif\" alt=\"document\" width=\"18\" height=\"15\" src=\"data:image\/svg+xml;base64,PHN2ZyB3aWR0aD0iMSIgaGVpZ2h0PSIxIiB4bWxucz0iaHR0cDovL3d3dy53My5vcmcvMjAwMC9zdmciPjwvc3ZnPg==\" style=\"--smush-placeholder-width: 18px; --smush-placeholder-aspect-ratio: 18\/15;\" \/> PLAN DE ACTUACI\u00d3N MUNICIPAL ANTE EL RIESGO S\u00cdSMICO DE ALZIRA<\/a><\/p>\n<p style=\"padding-left: 40px;\"><a href=\"https:\/\/alzira.es\/wp-content\/uploads\/2025\/05\/PAM_incendis%20forestals_Alzira.pdf\" target=\"_blank\" rel=\"noopener\"><img decoding=\"async\" class=\"size-full wp-image-88742 alignnone lazyload\" data-src=\"https:\/\/alzira.es\/wp-content\/uploads\/2020\/03\/pdf_rojo.gif\" alt=\"document\" width=\"18\" height=\"15\" src=\"data:image\/svg+xml;base64,PHN2ZyB3aWR0aD0iMSIgaGVpZ2h0PSIxIiB4bWxucz0iaHR0cDovL3d3dy53My5vcmcvMjAwMC9zdmciPjwvc3ZnPg==\" style=\"--smush-placeholder-width: 18px; --smush-placeholder-aspect-ratio: 18\/15;\" \/> PLAN DE ACTUACI\u00d3N MUNICIPAL ENFRENTE EL RIESGO DE INCENDIOS FORESTALES DEL T\u00c9RMINO MUNICIPAL DE ALZIRA<\/a><\/p>\n<p style=\"padding-left: 40px;\"><a href=\"https:\/\/alzira.es\/wp-content\/uploads\/2025\/05\/PLPIF_Alzira.pdf\" target=\"_blank\" rel=\"noopener\"><img decoding=\"async\" class=\"size-full wp-image-88742 alignnone lazyload\" data-src=\"https:\/\/alzira.es\/wp-content\/uploads\/2020\/03\/pdf_rojo.gif\" alt=\"document\" width=\"18\" height=\"15\" src=\"data:image\/svg+xml;base64,PHN2ZyB3aWR0aD0iMSIgaGVpZ2h0PSIxIiB4bWxucz0iaHR0cDovL3d3dy53My5vcmcvMjAwMC9zdmciPjwvc3ZnPg==\" style=\"--smush-placeholder-width: 18px; --smush-placeholder-aspect-ratio: 18\/15;\" \/> PLA LOCAL DE PREVENCI\u00d3N DE INCENDIOS FORESTALES DEL T\u00c9RMINO MUNICIPAL DE ALZIRA<\/a><\/p>\n<p style=\"padding-left: 40px;\"><a href=\"https:\/\/alzira.es\/wp-content\/uploads\/2025\/05\/00_PTM_Alzira_versi%C3%B34_novembre2019.pdf\" target=\"_blank\" rel=\"noopener\"><img decoding=\"async\" class=\"size-full wp-image-88742 alignnone lazyload\" data-src=\"https:\/\/alzira.es\/wp-content\/uploads\/2020\/03\/pdf_rojo.gif\" alt=\"document\" width=\"18\" height=\"15\" src=\"data:image\/svg+xml;base64,PHN2ZyB3aWR0aD0iMSIgaGVpZ2h0PSIxIiB4bWxucz0iaHR0cDovL3d3dy53My5vcmcvMjAwMC9zdmciPjwvc3ZnPg==\" style=\"--smush-placeholder-width: 18px; --smush-placeholder-aspect-ratio: 18\/15;\" \/> PLA TERRITORIAL MUNICIPAL ANTE EMERGENCIAS DE ALZIRA<\/a><\/p>\n\n\n<p><\/p>\n","protected":false},"excerpt":{"rendered":"<p>PLA DE ACTUACI\u00d3N MUNICIPAL ANTE EL RIESGO DE INUNDACIONES DE ALZIRA PLAN DE ACTUACI\u00d3N MUNICIPAL ANTE EL RIESGO S\u00cdSMICO DE ALZIRA PLAN DE ACTUACI\u00d3N MUNICIPAL ENFRENTE EL RIESGO DE INCENDIOS FORESTALES DEL T\u00c9RMINO MUNICIPAL DE ALZIRA PLA LOCAL DE PREVENCI\u00d3N DE INCENDIOS FORESTALES DEL T\u00c9RMINO MUNICIPAL DE ALZIRA PLA TERRITORIAL MUNICIPAL ANTE EMERGENCIAS DE ALZIRA<\/p>\n","protected":false},"author":29,"featured_media":0,"parent":166461,"menu_order":0,"comment_status":"closed","ping_status":"closed","template":"","meta":{"_acf_changed":false,"footnotes":""},"class_list":["post-160872","page","type-page","status-publish","hentry"],"acf":[],"_links":{"self":[{"href":"https:\/\/alzira.es\/es\/wp-json\/wp\/v2\/pages\/160872","targetHints":{"allow":["GET"]}}],"collection":[{"href":"https:\/\/alzira.es\/es\/wp-json\/wp\/v2\/pages"}],"about":[{"href":"https:\/\/alzira.es\/es\/wp-json\/wp\/v2\/types\/page"}],"author":[{"embeddable":true,"href":"https:\/\/alzira.es\/es\/wp-json\/wp\/v2\/users\/29"}],"replies":[{"embeddable":true,"href":"https:\/\/alzira.es\/es\/wp-json\/wp\/v2\/comments?post=160872"}],"version-history":[{"count":1,"href":"https:\/\/alzira.es\/es\/wp-json\/wp\/v2\/pages\/160872\/revisions"}],"predecessor-version":[{"id":160880,"href":"https:\/\/alzira.es\/es\/wp-json\/wp\/v2\/pages\/160872\/revisions\/160880"}],"up":[{"embeddable":true,"href":"https:\/\/alzira.es\/es\/wp-json\/wp\/v2\/pages\/166461"}],"wp:attachment":[{"href":"https:\/\/alzira.es\/es\/wp-json\/wp\/v2\/media?parent=160872"}],"curies":[{"name":"wp","href":"https:\/\/api.w.org\/{rel}","templated":true}]}}