{"id":160794,"date":"2025-05-19T13:55:48","date_gmt":"2025-05-19T11:55:48","guid":{"rendered":"https:\/\/alzira.es\/?page_id=160794"},"modified":"2025-05-19T13:59:58","modified_gmt":"2025-05-19T11:59:58","slug":"prevencio-altes-temperatures-estiu-2025","status":"publish","type":"page","link":"https:\/\/alzira.es\/es\/servicios-municipales\/sanidad\/prevencio-altes-temperatures-estiu-2025\/","title":{"rendered":"Prevenci\u00f3 Altes temperatures Estiu 2025"},"content":{"rendered":"<p>El Servici de Sanitat Ambiental de la Direcci\u00f3 General de Salut P\u00fablica s&#8217;ha posat en marxa el Programa de Prevenci\u00f3 i Atenci\u00f3 dels Problemes de Salut Derivats de les Altes Temperatures a la Comunitat Valenciana, que romandr\u00e0 actiu des de hui dia 15 de maig fins al 30 de setembre de 2025, llevat que les condicions meteorol\u00f2giques impliquen la seua modificaci\u00f3.<\/p>\n<p>Este Programa desenrotlla un Sistema de Vigil\u00e0ncia de Temperatures Extremes mitjan\u00e7ant mapes interactius en els quals es pot consultar en cada un dels municipis en els quals estigueu interessats, el nivell de risc per a la salut segons la temperatura prevista, tant di\u00fcrna com nocturna.<\/p>\n<p>Es pot accedir f\u00e0cilment des de la p\u00e0gina web de la Conselleria de Sanitat a trav\u00e9s dels vostres dispositius m\u00f2bils. Res m\u00e9s obrir la p\u00e0gina, apareix directament el mapa de temperatures i podeu veure la previsi\u00f3 i el risc per a la salut, aix\u00ed com recomanacions a dur a terme en cas de temperatures extremes i\/o colps d calor.<\/p>\n<p>No dubteu a consultar tota esta informaci\u00f3 en:<\/p>\n<p style=\"padding-left: 40px;\"><a href=\"https:\/\/www.san.gva.es\/es\/web\/salut-publica\/ola-de-calor\" target=\"_blank\" rel=\"noopener\">https:\/\/www.san.gva.es\/es\/web\/salut-publica\/ola-de-calor<\/a><\/p>\n<p style=\"padding-left: 40px;\"><a href=\"https:\/\/comunitatvalenciana.meteoclim.com\/\" target=\"_blank\" rel=\"noopener\">https:\/\/comunitatvalenciana.meteoclim.com\/<\/a><\/p>\n<p><u>M\u00e9s informaci\u00f3:<\/u><\/p>\n<ul>\n<li style=\"list-style-type: none;\">\n<ul>\n<li><a href=\"https:\/\/alzira.es\/wp-content\/uploads\/2025\/05\/2025_Programa_altas_temperaturas_def_es.pdf\" target=\"_blank\" rel=\"noopener\">Programa de prevenci\u00f3 i atenci\u00f3 als problemes de salut derivats de les altes temperatures en la Comunitat Valenciana &#8211; any 2025<\/a><\/li>\n<\/ul>\n<\/li>\n<\/ul>\n<ul>\n<li style=\"list-style-type: none;\">\n<ul>\n<li><a href=\"https:\/\/alzira.es\/wp-content\/uploads\/2025\/05\/prediccio_estiu_2025_T2m_Valencia_es.pdf\">Previsi\u00f3 estacional de temperatura en la Comunitat Valenciana. Estiu 2025<\/a><\/li>\n<\/ul>\n<\/li>\n<\/ul>\n","protected":false},"excerpt":{"rendered":"<p>El Servici de Sanitat Ambiental de la Direcci\u00f3 General de Salut P\u00fablica s&#8217;ha posat en marxa el Programa de Prevenci\u00f3 i Atenci\u00f3 dels Problemes de Salut Derivats de les Altes Temperatures a la Comunitat Valenciana, que romandr\u00e0 actiu des de hui dia 15 de maig fins al 30 de setembre de 2025, llevat que les &hellip; <\/p>\n<p class=\"link-more\"><a href=\"https:\/\/alzira.es\/es\/servicios-municipales\/sanidad\/prevencio-altes-temperatures-estiu-2025\/\" class=\"more-link\">Continuar leyendo<span class=\"screen-reader-text\"> \u00abPrevenci\u00f3 Altes temperatures Estiu 2025\u00bb<\/span><\/a><\/p>\n","protected":false},"author":29,"featured_media":0,"parent":83083,"menu_order":12,"comment_status":"closed","ping_status":"closed","template":"","meta":{"_acf_changed":false,"footnotes":""},"class_list":["post-160794","page","type-page","status-publish","hentry"],"acf":[],"_links":{"self":[{"href":"https:\/\/alzira.es\/es\/wp-json\/wp\/v2\/pages\/160794","targetHints":{"allow":["GET"]}}],"collection":[{"href":"https:\/\/alzira.es\/es\/wp-json\/wp\/v2\/pages"}],"about":[{"href":"https:\/\/alzira.es\/es\/wp-json\/wp\/v2\/types\/page"}],"author":[{"embeddable":true,"href":"https:\/\/alzira.es\/es\/wp-json\/wp\/v2\/users\/29"}],"replies":[{"embeddable":true,"href":"https:\/\/alzira.es\/es\/wp-json\/wp\/v2\/comments?post=160794"}],"version-history":[{"count":1,"href":"https:\/\/alzira.es\/es\/wp-json\/wp\/v2\/pages\/160794\/revisions"}],"predecessor-version":[{"id":160796,"href":"https:\/\/alzira.es\/es\/wp-json\/wp\/v2\/pages\/160794\/revisions\/160796"}],"up":[{"embeddable":true,"href":"https:\/\/alzira.es\/es\/wp-json\/wp\/v2\/pages\/83083"}],"wp:attachment":[{"href":"https:\/\/alzira.es\/es\/wp-json\/wp\/v2\/media?parent=160794"}],"curies":[{"name":"wp","href":"https:\/\/api.w.org\/{rel}","templated":true}]}}