{"id":15989,"date":"2009-03-24T10:21:37","date_gmt":"2009-03-24T09:21:37","guid":{"rendered":"https:\/\/alzira.es\/sara-gares-ull-obsequis\/"},"modified":"2021-09-03T18:46:54","modified_gmt":"2021-09-03T16:46:54","slug":"sara-gares-ull-obsequis","status":"publish","type":"page","link":"https:\/\/alzira.es\/es\/ayuntamiento\/corporacion-y-gobierno-municipal\/sara-gares-ull-obsequis\/","title":{"rendered":"Sara Gar\u00e9s Ull-Obsequios"},"content":{"rendered":"\t\t<div data-elementor-type=\"wp-page\" data-elementor-id=\"15989\" class=\"elementor elementor-15989\">\n\t\t\t\t\t\t<section class=\"elementor-section elementor-top-section elementor-element elementor-element-0279002 elementor-section-boxed elementor-section-height-default elementor-section-height-default\" data-id=\"0279002\" data-element_type=\"section\">\n\t\t\t\t\t\t<div class=\"elementor-container elementor-column-gap-default\">\n\t\t\t\t\t<div class=\"elementor-column elementor-col-100 elementor-top-column elementor-element elementor-element-eab9d4b\" data-id=\"eab9d4b\" data-element_type=\"column\">\n\t\t\t<div class=\"elementor-widget-wrap elementor-element-populated\">\n\t\t\t\t\t\t<div class=\"elementor-element elementor-element-069d40e elementor-widget elementor-widget-heading\" data-id=\"069d40e\" data-element_type=\"widget\" data-widget_type=\"heading.default\">\n\t\t\t\t<div class=\"elementor-widget-container\">\n\t\t\t\t\t<h2 class=\"elementor-heading-title elementor-size-default\">Obsequios<\/h2>\t\t\t\t<\/div>\n\t\t\t\t<\/div>\n\t\t\t\t\t<\/div>\n\t\t<\/div>\n\t\t\t\t\t<\/div>\n\t\t<\/section>\n\t\t\t\t<section class=\"elementor-section elementor-top-section elementor-element elementor-element-4ac7861 elementor-section-boxed elementor-section-height-default elementor-section-height-default\" data-id=\"4ac7861\" data-element_type=\"section\">\n\t\t\t\t\t\t<div class=\"elementor-container elementor-column-gap-default\">\n\t\t\t\t\t<div class=\"elementor-column elementor-col-100 elementor-top-column elementor-element elementor-element-4cd8a68\" data-id=\"4cd8a68\" data-element_type=\"column\">\n\t\t\t<div class=\"elementor-widget-wrap elementor-element-populated\">\n\t\t\t\t\t\t<div class=\"elementor-element elementor-element-d3206d1 elementor-widget elementor-widget-accordion\" data-id=\"d3206d1\" data-element_type=\"widget\" data-widget_type=\"accordion.default\">\n\t\t\t\t<div class=\"elementor-widget-container\">\n\t\t\t\t\t\t\t<div class=\"elementor-accordion\">\n\t\t\t\t\t\t\t<div class=\"elementor-accordion-item\">\n\t\t\t\t\t<div id=\"elementor-tab-title-2211\" class=\"elementor-tab-title\" data-tab=\"1\" role=\"button\" aria-controls=\"elementor-tab-content-2211\" aria-expanded=\"false\">\n\t\t\t\t\t\t\t\t\t\t\t\t\t<span class=\"elementor-accordion-icon elementor-accordion-icon-left\" aria-hidden=\"true\">\n\t\t\t\t\t\t\t\t\t\t\t\t\t\t\t<span class=\"elementor-accordion-icon-closed\"><i class=\"fas fa-plus\"><\/i><\/span>\n\t\t\t\t\t\t\t\t<span class=\"elementor-accordion-icon-opened\"><i class=\"fas fa-minus\"><\/i><\/span>\n\t\t\t\t\t\t\t\t\t\t\t\t\t\t<\/span>\n\t\t\t\t\t\t\t\t\t\t\t\t<a class=\"elementor-accordion-title\" tabindex=\"0\">Libro \"Polic\u00eda Nacional<\/a>\n\t\t\t\t\t<\/div>\n\t\t\t\t\t<div id=\"elementor-tab-content-2211\" class=\"elementor-tab-content elementor-clearfix\" data-tab=\"1\" role=\"region\" aria-labelledby=\"elementor-tab-title-2211\"><p><strong><a href=\"https:\/\/alzira.es\/wp-content\/uploads\/2009\/03\/Policia_Nacional_Sara.jpg\"><img decoding=\"async\" class=\"alignleft wp-image-15979 lazyload\" data-src=\"https:\/\/alzira.es\/wp-content\/uploads\/2009\/03\/Policia_Nacional_Sara-680x383.jpg\" alt=\"Policia Nacional Sara\" width=\"245\" height=\"138\" data-srcset=\"https:\/\/alzira.es\/wp-content\/uploads\/2009\/03\/Policia_Nacional_Sara-680x383.jpg 680w, https:\/\/alzira.es\/wp-content\/uploads\/2009\/03\/Policia_Nacional_Sara-1430x805.jpg 1430w, https:\/\/alzira.es\/wp-content\/uploads\/2009\/03\/Policia_Nacional_Sara-768x432.jpg 768w, https:\/\/alzira.es\/wp-content\/uploads\/2009\/03\/Policia_Nacional_Sara-1536x864.jpg 1536w, https:\/\/alzira.es\/wp-content\/uploads\/2009\/03\/Policia_Nacional_Sara-2048x1153.jpg 2048w\" data-sizes=\"(max-width: 245px) 100vw, 245px\" src=\"data:image\/svg+xml;base64,PHN2ZyB3aWR0aD0iMSIgaGVpZ2h0PSIxIiB4bWxucz0iaHR0cDovL3d3dy53My5vcmcvMjAwMC9zdmciPjwvc3ZnPg==\" style=\"--smush-placeholder-width: 245px; --smush-placeholder-aspect-ratio: 245\/138;\" \/><\/a>E<\/strong><strong>ntidad\/Persona que hace el obsequio:<\/strong>\u00a0POLIC\u00cdA NACIONAL<\/p><p><strong>Destinatario del obsequio:<\/strong>\u00a0Sara Gar\u00e9s Ull<\/p><p><strong>Destino:<\/strong>\u00a0Despacho de Alcald\u00eda<\/p><p>\u00a0<\/p><\/div>\n\t\t\t\t<\/div>\n\t\t\t\t\t\t\t<div class=\"elementor-accordion-item\">\n\t\t\t\t\t<div id=\"elementor-tab-title-2212\" class=\"elementor-tab-title\" data-tab=\"2\" role=\"button\" aria-controls=\"elementor-tab-content-2212\" aria-expanded=\"false\">\n\t\t\t\t\t\t\t\t\t\t\t\t\t<span class=\"elementor-accordion-icon elementor-accordion-icon-left\" aria-hidden=\"true\">\n\t\t\t\t\t\t\t\t\t\t\t\t\t\t\t<span class=\"elementor-accordion-icon-closed\"><i class=\"fas fa-plus\"><\/i><\/span>\n\t\t\t\t\t\t\t\t<span class=\"elementor-accordion-icon-opened\"><i class=\"fas fa-minus\"><\/i><\/span>\n\t\t\t\t\t\t\t\t\t\t\t\t\t\t<\/span>\n\t\t\t\t\t\t\t\t\t\t\t\t<a class=\"elementor-accordion-title\" tabindex=\"0\">Caja de Aguinaldo<\/a>\n\t\t\t\t\t<\/div>\n\t\t\t\t\t<div id=\"elementor-tab-content-2212\" class=\"elementor-tab-content elementor-clearfix\" data-tab=\"2\" role=\"region\" aria-labelledby=\"elementor-tab-title-2212\"><p><a href=\"https:\/\/alzira.es\/wp-content\/uploads\/2009\/03\/20161222_145034-1.jpg\"><img fetchpriority=\"high\" decoding=\"async\" class=\"alignleft wp-image-15983 size-full\" src=\"https:\/\/alzira.es\/wp-content\/uploads\/2009\/03\/20161222_145034-1_1.jpg\" alt=\"20161222 145034-1 1\" width=\"400\" height=\"244\" \/><\/a><strong>E<\/strong><strong>ntidad\/Persona que hace el obsequio:<\/strong>\u00a0POLIC\u00cdA NACIONAL<\/p><p><strong>Destinatario del obsequio:<\/strong>\u00a0Sara Gar\u00e9s Ull<\/p><p><strong>Destino:<\/strong>\u00a0Despacho de Alcald\u00eda<\/p><\/div>\n\t\t\t\t<\/div>\n\t\t\t\t\t\t\t<div class=\"elementor-accordion-item\">\n\t\t\t\t\t<div id=\"elementor-tab-title-2213\" class=\"elementor-tab-title\" data-tab=\"3\" role=\"button\" aria-controls=\"elementor-tab-content-2213\" aria-expanded=\"false\">\n\t\t\t\t\t\t\t\t\t\t\t\t\t<span class=\"elementor-accordion-icon elementor-accordion-icon-left\" aria-hidden=\"true\">\n\t\t\t\t\t\t\t\t\t\t\t\t\t\t\t<span class=\"elementor-accordion-icon-closed\"><i class=\"fas fa-plus\"><\/i><\/span>\n\t\t\t\t\t\t\t\t<span class=\"elementor-accordion-icon-opened\"><i class=\"fas fa-minus\"><\/i><\/span>\n\t\t\t\t\t\t\t\t\t\t\t\t\t\t<\/span>\n\t\t\t\t\t\t\t\t\t\t\t\t<a class=\"elementor-accordion-title\" tabindex=\"0\">ADAFIR<\/a>\n\t\t\t\t\t<\/div>\n\t\t\t\t\t<div id=\"elementor-tab-content-2213\" class=\"elementor-tab-content elementor-clearfix\" data-tab=\"3\" role=\"region\" aria-labelledby=\"elementor-tab-title-2213\"><p><a href=\"https:\/\/alzira.es\/wp-content\/uploads\/2009\/03\/adafir.jpg\"><img decoding=\"async\" class=\"wp-image-15985  alignleft lazyload\" data-src=\"https:\/\/alzira.es\/wp-content\/uploads\/2009\/03\/adafir-638x510.jpg\" alt=\"\" width=\"236\" height=\"188\" data-srcset=\"https:\/\/alzira.es\/wp-content\/uploads\/2009\/03\/adafir-638x510.jpg 638w, https:\/\/alzira.es\/wp-content\/uploads\/2009\/03\/adafir-1341x1072.jpg 1341w, https:\/\/alzira.es\/wp-content\/uploads\/2009\/03\/adafir-768x614.jpg 768w, https:\/\/alzira.es\/wp-content\/uploads\/2009\/03\/adafir-1536x1228.jpg 1536w, https:\/\/alzira.es\/wp-content\/uploads\/2009\/03\/adafir-2048x1637.jpg 2048w\" data-sizes=\"(max-width: 236px) 100vw, 236px\" src=\"data:image\/svg+xml;base64,PHN2ZyB3aWR0aD0iMSIgaGVpZ2h0PSIxIiB4bWxucz0iaHR0cDovL3d3dy53My5vcmcvMjAwMC9zdmciPjwvc3ZnPg==\" style=\"--smush-placeholder-width: 236px; --smush-placeholder-aspect-ratio: 236\/188;\" \/><\/a><strong>Entidad\/Persona que hace el obsequio:<\/strong>\u00a0Associaci\u00f3 Fibromi\u00e0lgia d&#8217;Alzira<\/p><p><strong>Destinatario del obsequio:<\/strong>\u00a0Sara Gar\u00e9s Ull<\/p><p><strong>Destino:<\/strong>\u00a0Despacho de Alcald\u00eda<\/p><\/div>\n\t\t\t\t<\/div>\n\t\t\t\t\t\t\t<div class=\"elementor-accordion-item\">\n\t\t\t\t\t<div id=\"elementor-tab-title-2214\" class=\"elementor-tab-title\" data-tab=\"4\" role=\"button\" aria-controls=\"elementor-tab-content-2214\" aria-expanded=\"false\">\n\t\t\t\t\t\t\t\t\t\t\t\t\t<span class=\"elementor-accordion-icon elementor-accordion-icon-left\" aria-hidden=\"true\">\n\t\t\t\t\t\t\t\t\t\t\t\t\t\t\t<span class=\"elementor-accordion-icon-closed\"><i class=\"fas fa-plus\"><\/i><\/span>\n\t\t\t\t\t\t\t\t<span class=\"elementor-accordion-icon-opened\"><i class=\"fas fa-minus\"><\/i><\/span>\n\t\t\t\t\t\t\t\t\t\t\t\t\t\t<\/span>\n\t\t\t\t\t\t\t\t\t\t\t\t<a class=\"elementor-accordion-title\" tabindex=\"0\">Caja de Bombones<\/a>\n\t\t\t\t\t<\/div>\n\t\t\t\t\t<div id=\"elementor-tab-content-2214\" class=\"elementor-tab-content elementor-clearfix\" data-tab=\"4\" role=\"region\" aria-labelledby=\"elementor-tab-title-2214\"><p><strong>Entidad\/Persona que hace el obsequio:<\/strong> Manuela Rosendo<\/p><p><strong>Destinatario del obsequio:<\/strong>\u00a0Sara Gar\u00e9s Ull<\/p><p><strong>Destino:<\/strong>\u00a0Despacho de Alcald\u00eda<\/p><\/div>\n\t\t\t\t<\/div>\n\t\t\t\t\t\t\t\t<\/div>\n\t\t\t\t\t\t<\/div>\n\t\t\t\t<\/div>\n\t\t\t\t\t<\/div>\n\t\t<\/div>\n\t\t\t\t\t<\/div>\n\t\t<\/section>\n\t\t\t\t<\/div>\n\t\t","protected":false},"excerpt":{"rendered":"<p>Obsequios Libro \u00abPolic\u00eda Nacional Entidad\/Persona que hace el obsequio:&nbsp;POLIC\u00cdA NACIONAL Destinatario del obsequio:&nbsp;Sara Gar\u00e9s Ull Destino:&nbsp;Despacho de Alcald\u00eda Caja de Aguinaldo Entidad\/Persona que hace el obsequio:&nbsp;POLIC\u00cdA NACIONAL Destinatario del obsequio:&nbsp;Sara Gar\u00e9s Ull Destino:&nbsp;Despacho de Alcald\u00eda ADAFIR Entidad\/Persona que hace el obsequio:&nbsp;Associaci\u00f3 Fibromi\u00e0lgia d\u2019Alzira Destinatario del obsequio:&nbsp;Sara Gar\u00e9s Ull Destino:&nbsp;Despacho de Alcald\u00eda Caja de Bombones Entidad\/Persona &hellip; <\/p>\n<p class=\"link-more\"><a href=\"https:\/\/alzira.es\/es\/ayuntamiento\/corporacion-y-gobierno-municipal\/sara-gares-ull-obsequis\/\" class=\"more-link\">Continuar leyendo<span class=\"screen-reader-text\"> \u00abSara Gar\u00e9s Ull-Obsequios\u00bb<\/span><\/a><\/p>\n","protected":false},"author":29,"featured_media":15979,"parent":13558,"menu_order":78,"comment_status":"closed","ping_status":"closed","template":"","meta":{"_acf_changed":false,"footnotes":""},"class_list":["post-15989","page","type-page","status-publish","has-post-thumbnail","hentry"],"acf":[],"_links":{"self":[{"href":"https:\/\/alzira.es\/es\/wp-json\/wp\/v2\/pages\/15989","targetHints":{"allow":["GET"]}}],"collection":[{"href":"https:\/\/alzira.es\/es\/wp-json\/wp\/v2\/pages"}],"about":[{"href":"https:\/\/alzira.es\/es\/wp-json\/wp\/v2\/types\/page"}],"author":[{"embeddable":true,"href":"https:\/\/alzira.es\/es\/wp-json\/wp\/v2\/users\/29"}],"replies":[{"embeddable":true,"href":"https:\/\/alzira.es\/es\/wp-json\/wp\/v2\/comments?post=15989"}],"version-history":[{"count":2,"href":"https:\/\/alzira.es\/es\/wp-json\/wp\/v2\/pages\/15989\/revisions"}],"predecessor-version":[{"id":89499,"href":"https:\/\/alzira.es\/es\/wp-json\/wp\/v2\/pages\/15989\/revisions\/89499"}],"up":[{"embeddable":true,"href":"https:\/\/alzira.es\/es\/wp-json\/wp\/v2\/pages\/13558"}],"wp:featuredmedia":[{"embeddable":true,"href":"https:\/\/alzira.es\/es\/wp-json\/wp\/v2\/media\/15979"}],"wp:attachment":[{"href":"https:\/\/alzira.es\/es\/wp-json\/wp\/v2\/media?parent=15989"}],"curies":[{"name":"wp","href":"https:\/\/api.w.org\/{rel}","templated":true}]}}