{"id":159883,"date":"2025-04-11T08:58:20","date_gmt":"2025-04-11T06:58:20","guid":{"rendered":"https:\/\/alzira.es\/?page_id=159883"},"modified":"2025-04-11T09:29:11","modified_gmt":"2025-04-11T07:29:11","slug":"liquidacion-2024","status":"publish","type":"page","link":"https:\/\/alzira.es\/es\/servicios-municipales\/economia-y-recaudacion\/intervencion\/liquidacion\/liquidacion-2024\/","title":{"rendered":"Liquidaci\u00f3n 2024"},"content":{"rendered":"\t\t<div data-elementor-type=\"wp-page\" data-elementor-id=\"159883\" class=\"elementor elementor-159883 elementor-159882\">\n\t\t\t\t\t\t<section class=\"elementor-section elementor-top-section elementor-element elementor-element-09650b1 elementor-section-boxed elementor-section-height-default elementor-section-height-default\" data-id=\"09650b1\" data-element_type=\"section\">\n\t\t\t\t\t\t<div class=\"elementor-container elementor-column-gap-default\">\n\t\t\t\t\t<div class=\"elementor-column elementor-col-100 elementor-top-column elementor-element elementor-element-5af3b4f\" data-id=\"5af3b4f\" data-element_type=\"column\">\n\t\t\t<div class=\"elementor-widget-wrap elementor-element-populated\">\n\t\t\t\t\t\t<div class=\"elementor-element elementor-element-d4de310 elementor-widget elementor-widget-text-editor\" data-id=\"d4de310\" data-element_type=\"widget\" data-widget_type=\"text-editor.default\">\n\t\t\t\t<div class=\"elementor-widget-container\">\n\t\t\t\t\t\t\t\t\t<p>4El presupuesto de cada ejercicio se liquidara en cuanto a la recaudaci\u00f3n de derechos y al pago de obligaciones el 31 de diciembre del a\u00f1o natural correspondiente. Quedar\u00e1 a cargo de la tesorer\u00eda local los ingresos y pagos pendientes, seg\u00fan sus respectivas contracciones.<\/p><p>Las obligaciones reconocidas y liquidadas no satisfechas el \u00faltimo d\u00eda del ejercicio, los derechos pendientes de cobro y los fondos l\u00edquidos a 31 de diciembre configurar\u00e1n el remanente de tesorer\u00eda de la entidad local. La cuantificaci\u00f3n del remanente de tesorer\u00eda habr\u00e1 de realizarse teniendo en cuenta los posibles ingresos afectados y minorando de acuerdo con lo que reglamentariamente se establezca los derechos pendientes de cobro que se consideren de dif\u00edcil o imposible recaudaci\u00f3n.<\/p><p>Las entidades locales habr\u00e1n de confeccionar la liquidaci\u00f3n del su presupuesto antes del primer d\u00eda de marzo del ejercicio siguiente.<\/p><p>La aprobaci\u00f3n de la liquidaci\u00f3n del presupuesto corresponde al presidente de la entidad local, previo informe de la Intervenci\u00f3n.<\/p><table style=\"width: 600px;\" role=\"row\"><tbody><tr><td style=\"text-align: center;\" colspan=\"5\">Estado liquidaci\u00f3n 2024<\/td><\/tr><tr><td style=\"text-align: center;\" colspan=\"2\">Ingresos<\/td><td style=\"text-align: center;\" colspan=\"3\">Gastos<\/td><\/tr><tr><td style=\"text-align: center;\"><a href=\"https:\/\/alzira.es\/wp-content\/uploads\/2023\/03\/B_Liquidacio_ingressos_resum-2.pdf\" target=\"_blank\" rel=\"noopener\">Cap\u00edtulos<\/a><\/td><td style=\"text-align: center;\"><a href=\"https:\/\/alzira.es\/wp-content\/uploads\/2023\/03\/B_Liquidacio_ingressos_detall-2.pdf\">Aplicaciones\u00a0\u00a0<\/a><\/td><td style=\"text-align: center;\"><a href=\"https:\/\/alzira.es\/wp-content\/uploads\/2023\/03\/B_Liquidacio_gastos_economica_resum-1.pdf\">Cap\u00edtulos<\/a><\/td><td style=\"text-align: center;\"><a href=\"https:\/\/alzira.es\/wp-content\/uploads\/2023\/03\/B_Liquidacio_gastos_programes_resum-2.pdf\" target=\"_blank\" rel=\"noopener\">\u00c1reas de gasto<\/a><\/td><td style=\"text-align: center;\"><a href=\"https:\/\/alzira.es\/wp-content\/uploads\/2023\/03\/B_Liquidacio_gastos_programes_detall-2.pdf\" target=\"_blank\" rel=\"noopener\">Aplicaciones<\/a><\/td><\/tr><tr><td style=\"text-align: center;\" colspan=\"5\">\u00a0<\/td><\/tr><tr><td style=\"text-align: center;\" colspan=\"5\"><a href=\"https:\/\/alzira.es\/wp-content\/uploads\/2023\/03\/G_Romanent_tresoreria-1.pdf\" target=\"_blank\" rel=\"noopener\">Remanente de tesorer\u00eda<\/a><\/td><\/tr><tr><td style=\"text-align: center;\" colspan=\"5\"><a href=\"https:\/\/alzira.es\/wp-content\/uploads\/2023\/03\/G_Resultat_pressupostari-1.pdf\">Resultado presupuestaria<\/a><\/td><\/tr><tr><td style=\"text-align: center;\" colspan=\"5\">\u00a0<\/td><\/tr><tr><td style=\"text-align: center;\" colspan=\"5\"><a href=\"https:\/\/alzira.es\/wp-content\/uploads\/2023\/03\/A_decret_liquidacio_pressupost.pdf\" target=\"_blank\" rel=\"noopener\">Decreto 405\/2024 &#8211; Aprobaci\u00f3n liquidaci\u00f3n<\/a><\/td><\/tr><tr><td style=\"text-align: center;\" colspan=\"5\"><a href=\"https:\/\/alzira.es\/wp-content\/uploads\/2023\/03\/A_Informe_Intervencio_estabilitat_pressupostaria.pdf\">Informe estabilidad, c\u00e1lculo ahorro neto y regla del gasto<\/a><\/td><\/tr><tr><td style=\"text-align: center;\" colspan=\"5\"><a href=\"https:\/\/alzira.es\/wp-content\/uploads\/2023\/03\/A_Informe_saldos_drets_pendents_cobrament.pdf\">Informe c\u00e1lculo derechos pendientes<\/a><\/td><\/tr><tr><td style=\"text-align: center;\" colspan=\"5\"><a href=\"https:\/\/alzira.es\/wp-content\/uploads\/2023\/03\/A_Informe_Intervencio_liquidacio_2024.pdf\">Informe Intervenci\u00f3n liquidaci\u00f3n 2024<\/a><\/td><\/tr><\/tbody><\/table>\t\t\t\t\t\t\t\t<\/div>\n\t\t\t\t<\/div>\n\t\t\t\t\t<\/div>\n\t\t<\/div>\n\t\t\t\t\t<\/div>\n\t\t<\/section>\n\t\t\t\t<\/div>\n\t\t","protected":false},"excerpt":{"rendered":"<p>4El presupuesto de cada ejercicio se liquidara en cuanto a la recaudaci\u00f3n de derechos y al pago de obligaciones el 31 de diciembre del a\u00f1o natural correspondiente. Quedar\u00e1 a cargo de la tesorer\u00eda local los ingresos y pagos pendientes, seg\u00fan sus respectivas contracciones. Las obligaciones reconocidas y liquidadas no satisfechas el \u00faltimo d\u00eda del ejercicio, &hellip; <\/p>\n<p class=\"link-more\"><a href=\"https:\/\/alzira.es\/es\/servicios-municipales\/economia-y-recaudacion\/intervencion\/liquidacion\/liquidacion-2024\/\" class=\"more-link\">Continuar leyendo<span class=\"screen-reader-text\"> \u00abLiquidaci\u00f3n 2024\u00bb<\/span><\/a><\/p>\n","protected":false},"author":37,"featured_media":0,"parent":111126,"menu_order":0,"comment_status":"closed","ping_status":"closed","template":"","meta":{"_acf_changed":false,"footnotes":""},"class_list":["post-159883","page","type-page","status-publish","hentry"],"acf":[],"_links":{"self":[{"href":"https:\/\/alzira.es\/es\/wp-json\/wp\/v2\/pages\/159883","targetHints":{"allow":["GET"]}}],"collection":[{"href":"https:\/\/alzira.es\/es\/wp-json\/wp\/v2\/pages"}],"about":[{"href":"https:\/\/alzira.es\/es\/wp-json\/wp\/v2\/types\/page"}],"author":[{"embeddable":true,"href":"https:\/\/alzira.es\/es\/wp-json\/wp\/v2\/users\/37"}],"replies":[{"embeddable":true,"href":"https:\/\/alzira.es\/es\/wp-json\/wp\/v2\/comments?post=159883"}],"version-history":[{"count":2,"href":"https:\/\/alzira.es\/es\/wp-json\/wp\/v2\/pages\/159883\/revisions"}],"predecessor-version":[{"id":159928,"href":"https:\/\/alzira.es\/es\/wp-json\/wp\/v2\/pages\/159883\/revisions\/159928"}],"up":[{"embeddable":true,"href":"https:\/\/alzira.es\/es\/wp-json\/wp\/v2\/pages\/111126"}],"wp:attachment":[{"href":"https:\/\/alzira.es\/es\/wp-json\/wp\/v2\/media?parent=159883"}],"curies":[{"name":"wp","href":"https:\/\/api.w.org\/{rel}","templated":true}]}}