{"id":159107,"date":"2025-03-07T13:52:25","date_gmt":"2025-03-07T12:52:25","guid":{"rendered":"https:\/\/alzira.es\/?page_id=159107"},"modified":"2025-07-31T08:04:43","modified_gmt":"2025-07-31T06:04:43","slug":"convocatoria-04-2025-bolsa-de-trabajo-por-el-sistema-de-concurso-oposicion-de-inspector-a-de-obras-y-servicios","status":"publish","type":"page","link":"https:\/\/alzira.es\/es\/servicios-municipales\/recursos-humanos\/empleo-temporal\/convocatoria-04-2025-bolsa-de-trabajo-por-el-sistema-de-concurso-oposicion-de-inspector-a-de-obras-y-servicios\/","title":{"rendered":"CONVOCATORIA 04\/2025 \u2013 BOLSA DE TRABAJO por el sistema de concurso oposici\u00f3n de Inspector\/a de Obras y Servicios."},"content":{"rendered":"\n<p><\/p>\n\n\n<p><strong>DOCUMENTOS DEL EXPEDIENTE:<\/strong><\/p>\n\n\n<p><\/p>\n\n\n\n<p><strong>Plazo para alegar y\/o subsanar documentaci\u00f3n hasta el 25 de julio.<\/strong><\/p>\n\n\n\n<p><\/p>\n\n\n\n<p><\/p>\n\n\n\n<figure class=\"wp-block-table\"><table><tbody><tr><td><strong>Nombre&nbsp; Fichero<\/strong><\/td><td><strong>Fecha Publicaci\u00f3n<\/strong><\/td><\/tr><tr><td><a href=\"https:\/\/alzira.es\/wp-content\/uploads\/2023\/03\/02-Certificat-JGL-aprovacio-bases-Inspector-dobres-i-serveis-conv-04-2025.pdf\" target=\"_blank\" rel=\"noreferrer noopener\">Bases bolsa trabajo Inspector\/a de Obras y Servicios.<\/a><\/td><td>24-03-2025<\/td><\/tr><tr><td><a href=\"https:\/\/alzira.es\/wp-content\/uploads\/2023\/03\/AUTOBAREMACIO-Inspector-obres-i-serveis-conv-04-25.xlsx\">Hoja de autobaremaci\u00f3n.<\/a><\/td><td>24-03-2025<\/td><\/tr><tr><td><a href=\"https:\/\/alzira.es\/wp-content\/uploads\/2025\/03\/FPiO_0324_BOP_01.pdf\">Anuncio BOPV Bases de Inspector<\/a><\/td><td>24-03-2025<\/td><\/tr><tr><td><a href=\"https:\/\/alzira.es\/wp-content\/uploads\/2023\/03\/04-Llistat-provisional-personal-admes-i-exclos-borsa-Inspector-dObres-i-Serveis.pdf\" target=\"_blank\" rel=\"noreferrer noopener\">Lista provisional de admitidos y excluidos<\/a><\/td><td> 11-03-2025<\/td><\/tr><tr><td><a href=\"https:\/\/alzira.es\/wp-content\/uploads\/2023\/03\/05-Decret-llista-definitiva-personal-borsa-inspector-obres-i-serveis-0509d0588.pdf\">Decreto lista definitiva personal admitido y excluido bolsa Inspector obras y servicios<\/a><\/td><td>12-05-2025<\/td><\/tr><tr><td><a href=\"https:\/\/alzira.es\/wp-content\/uploads\/2023\/03\/Ordenanza_venta_no_sedentaria-Ayto-Alzira.pdf\">Ordenanza venta no sedentaria Ajuntament d&#8217;Alzira<\/a><\/td><td>20-05-2025<\/td><\/tr><tr><td><a href=\"https:\/\/alzira.es\/wp-content\/uploads\/2025\/05\/Reglament_mercat_abastiments-Ayto-Alzira.pdf\">Reglamento mercado de abastos<\/a><\/td><td>20-05-2025<\/td><\/tr><tr><td><a href=\"https:\/\/alzira.es\/wp-content\/uploads\/2023\/03\/Ordenanza_parques_y_jardines-Ayto-Alzira.pdf\">Ordenanza parques y jardines<\/a><\/td><td>20-05-2025<\/td><\/tr><tr><td><a href=\"https:\/\/alzira.es\/wp-content\/uploads\/2025\/05\/Ordenanza_municipal_de_limpieza_urbana-Ayto-Alzira.pdf\">Ordenanza municipal de limpieza urbana<\/a><\/td><td>20-05-2025<\/td><\/tr><tr><td><a href=\"https:\/\/alzira.es\/wp-content\/uploads\/2023\/03\/07-Edicte-resultats-provisionals-prova-TEST-Inspector-obres-i-serveis-conv.-04-25.pdf\">Edicto resultados provisionales ejercicio escrito-test bolsa de Inspector  de obras y servicios<\/a><\/td><td>18-06-2025<\/td><\/tr><tr><td><a href=\"https:\/\/alzira.es\/wp-content\/uploads\/2023\/03\/Plantilla-respuestas-test-Inspector-obras-y-servicios.pdf\">Plantilla respuestas bolsa Inspector obras y servicios<\/a><\/td><td>18-06-2025<\/td><\/tr><tr><td><a href=\"https:\/\/alzira.es\/wp-content\/uploads\/2025\/07\/08-Edicte-resultats-definitius-prova-TEST-data-obertura-sobre-ID-i-data-entrevistes-conv.-04-25.pdf\">Edicto resultados definitivos ejercicio escrito-test y fecha apertura sobre ID Inspector obras y servicios<\/a><\/td><td>04-07-2025<\/td><\/tr><tr><td><a href=\"https:\/\/alzira.es\/wp-content\/uploads\/2023\/03\/09-Edicte-obertura-sobre-ID-i-llistat-entrevistes-Inspector-obres-i-serveis-conv.-04-25.pdf\">Edicto identificaci\u00f3n aspirantes y fecha-hora entrevistas Inspector de obras y servicios<\/a><\/td><td>09-07-2025<\/td><\/tr><tr><td><a href=\"https:\/\/alzira.es\/wp-content\/uploads\/2025\/07\/10-Edicte-resultats-provisionals-entrevistes-Inspector-obres.pdf\" target=\"_blank\" rel=\"noreferrer noopener\">Edicto resultados provisionales entrevista y baremaci\u00f3n. Subsanaci\u00f3n documentaci\u00f3n<\/a><\/td><td>17\/07\/2025<\/td><\/tr><tr><td><a href=\"https:\/\/alzira.es\/wp-content\/uploads\/2023\/03\/12-Edicte-resultats-definitius-borsa-Inspector-Obres-i-Serveis.pdf\" target=\"_blank\" rel=\"noreferrer noopener\">Edicto resultados definitivos<\/a><\/td><td>30\/07\/2025<\/td><\/tr><\/tbody><\/table><\/figure>\n\n\n\n<p><\/p>\n","protected":false},"excerpt":{"rendered":"<p>DOCUMENTOS DEL EXPEDIENTE: Plazo para alegar y\/o subsanar documentaci\u00f3n hasta el 25 de julio. Nombre&nbsp; Fichero Fecha Publicaci\u00f3n Bases bolsa trabajo Inspector\/a de Obras y Servicios. 24-03-2025 Hoja de autobaremaci\u00f3n. 24-03-2025 Anuncio BOPV Bases de Inspector 24-03-2025 Lista provisional de admitidos y excluidos 11-03-2025 Decreto lista definitiva personal admitido y excluido bolsa Inspector obras y &hellip; <\/p>\n<p class=\"link-more\"><a href=\"https:\/\/alzira.es\/es\/servicios-municipales\/recursos-humanos\/empleo-temporal\/convocatoria-04-2025-bolsa-de-trabajo-por-el-sistema-de-concurso-oposicion-de-inspector-a-de-obras-y-servicios\/\" class=\"more-link\">Continuar leyendo<span class=\"screen-reader-text\"> \u00abCONVOCATORIA 04\/2025 \u2013 BOLSA DE TRABAJO por el sistema de concurso oposici\u00f3n de Inspector\/a de Obras y Servicios.\u00bb<\/span><\/a><\/p>\n","protected":false},"author":156,"featured_media":0,"parent":105760,"menu_order":0,"comment_status":"closed","ping_status":"closed","template":"","meta":{"_acf_changed":false,"footnotes":""},"class_list":["post-159107","page","type-page","status-publish","hentry"],"acf":[],"_links":{"self":[{"href":"https:\/\/alzira.es\/es\/wp-json\/wp\/v2\/pages\/159107","targetHints":{"allow":["GET"]}}],"collection":[{"href":"https:\/\/alzira.es\/es\/wp-json\/wp\/v2\/pages"}],"about":[{"href":"https:\/\/alzira.es\/es\/wp-json\/wp\/v2\/types\/page"}],"author":[{"embeddable":true,"href":"https:\/\/alzira.es\/es\/wp-json\/wp\/v2\/users\/156"}],"replies":[{"embeddable":true,"href":"https:\/\/alzira.es\/es\/wp-json\/wp\/v2\/comments?post=159107"}],"version-history":[{"count":2,"href":"https:\/\/alzira.es\/es\/wp-json\/wp\/v2\/pages\/159107\/revisions"}],"predecessor-version":[{"id":163322,"href":"https:\/\/alzira.es\/es\/wp-json\/wp\/v2\/pages\/159107\/revisions\/163322"}],"up":[{"embeddable":true,"href":"https:\/\/alzira.es\/es\/wp-json\/wp\/v2\/pages\/105760"}],"wp:attachment":[{"href":"https:\/\/alzira.es\/es\/wp-json\/wp\/v2\/media?parent=159107"}],"curies":[{"name":"wp","href":"https:\/\/api.w.org\/{rel}","templated":true}]}}