{"id":158697,"date":"2025-02-27T12:59:12","date_gmt":"2025-02-27T11:59:12","guid":{"rendered":"https:\/\/alzira.es\/?page_id=158697"},"modified":"2025-10-23T11:32:16","modified_gmt":"2025-10-23T09:32:16","slug":"convocatoria-05-2025-bolsas-de-trabajo-para-la-contratacion-temporal-de-personal-docente-profesor-a-artes-plasticas-en-diferentes-categorias-y-de-ceramica-para-la-escuela-municipal-de-artes-plastica","status":"publish","type":"page","link":"https:\/\/alzira.es\/es\/servicios-municipales\/recursos-humanos\/empleo-temporal\/convocatoria-05-2025-bolsas-de-trabajo-para-la-contratacion-temporal-de-personal-docente-profesor-a-artes-plasticas-en-diferentes-categorias-y-de-ceramica-para-la-escuela-municipal-de-artes-plastica\/","title":{"rendered":"CONVOCATORIA 05\/2025 &#8211; BOLSAS DE TRABAJO para la contrataci\u00f3n temporal de Personal Docente Profesor\/a Artes Pl\u00e1sticas en diferentes categor\u00edas y de Cer\u00e1mica para la Escuela Municipal de Artes Pl\u00e1sticas."},"content":{"rendered":"<ul>\n<li><span style=\"color: #800000;\"><strong>Profesor\/a de Cer\u00e1mica &#8211; GRUPO B.<\/strong><\/span><\/li>\n<li><span style=\"color: #800000;\"><strong>Profesor\/a de Artes Pl\u00e1sticas &#8211; GRUPO A1\/A2: <\/strong><span style=\"color: #000000;\">Ciclo creatividad y autoexpresi\u00f3n y Grupo de proyectos; Ciclo infantil y Ciclo realismo de adultos; y Ciclo infantil, Ciclo realismo de adultos y Ciclo de Arte, creatividad o\/y crecimiento personal.<\/span><\/span><\/li>\n<\/ul>\n<p><strong>DOCUMENTOS DEL EXPEDIENTE:<\/strong><\/p>\n\n\n<div class=\"wp-block-columns is-layout-flex wp-container-core-columns-is-layout-9d6595d7 wp-block-columns-is-layout-flex\">\n<div class=\"wp-block-column is-layout-flow wp-block-column-is-layout-flow\" style=\"flex-basis:100%\">\n<div class=\"wp-block-group\"><div class=\"wp-block-group__inner-container is-layout-flow wp-block-group-is-layout-flow\">\n<div class=\"wp-block-columns is-layout-flex wp-container-core-columns-is-layout-9d6595d7 wp-block-columns-is-layout-flex\">\n<div class=\"wp-block-column is-layout-flow wp-block-column-is-layout-flow\" style=\"flex-basis:100%\">\n<figure class=\"wp-block-table is-style-stripes\"><table><tbody><tr><td><strong>Nombre Fichero<\/strong><\/td><td class=\"has-text-align-center\" data-align=\"center\"><strong>Fecha Publicaci\u00f3n<\/strong><\/td><\/tr><tr><td><a href=\"https:\/\/alzira.es\/wp-content\/uploads\/2023\/03\/ANUNCI-BOPV-2025_02395_250307-Casa-Cultura.pdf\">Anuncio BOPV bases convocatoria bolsa personal docente Profesor\/a de Artes Pl\u00e1sticas y Profesor\/a de Cer\u00e1mica Escuela Municipal de Artes Pl\u00e1sticas<\/a><\/td><td class=\"has-text-align-center\" data-align=\"center\">07\/03\/2025<\/td><\/tr><tr><td><a href=\"https:\/\/alzira.es\/wp-content\/uploads\/2025\/03\/AUTOBAREMACIO-conv-05-25.xlsx\">Hoja de autobaremaci\u00f3n<\/a><\/td><td class=\"has-text-align-center\" data-align=\"center\">07\/03\/2025<\/td><\/tr><tr><td><a href=\"https:\/\/alzira.es\/wp-content\/uploads\/2025\/04\/04-Decret-0414d0475-llistat-provisional-personal-admes-borsa-Tallers-Casa-Cultura.pdf\">Decreto lista provisional personal admitido y excluido bolsas Casa de la Cultura de Alzira<\/a><\/td><td class=\"has-text-align-center\" data-align=\"center\">15\/04\/2025<\/td><\/tr><tr><td><a href=\"https:\/\/alzira.es\/wp-content\/uploads\/2023\/03\/05-Llistat-definitiu-personal-admes-i-exclos-borsa-tallers-Casa-Cultura-05-25-i-data-entrevistes.pdf\">Decreto lista definitiva personal admitido y excluido bolsas Casa Cultura Alzira y fecha entrevistas<\/a><\/td><td class=\"has-text-align-center\" data-align=\"center\">14\/05\/2025<\/td><\/tr><tr><td><a href=\"https:\/\/alzira.es\/wp-content\/uploads\/2023\/03\/07-Edicte-resultats-provisionals-entrevistes-i-baremacio.pdf\" target=\"_blank\" rel=\"noreferrer noopener\">Edicto resultados provisionales entrevista y baremaci\u00f3n<\/a><\/td><td class=\"has-text-align-center\" data-align=\"center\">16\/09\/2025<\/td><\/tr><tr><td><a href=\"https:\/\/alzira.es\/wp-content\/uploads\/2023\/03\/08-Edicte-resultats-definitius.pdf\" target=\"_blank\" rel=\"noreferrer noopener\">Edicto resultados definitivos y orden de bolsa<\/a><\/td><td class=\"has-text-align-center\" data-align=\"center\">23\/10\/2025<\/td><\/tr><\/tbody><\/table><\/figure>\n<\/div>\n<\/div>\n<\/div><\/div>\n<\/div>\n<\/div>\n","protected":false},"excerpt":{"rendered":"<p>Profesor\/a de Cer\u00e1mica &#8211; GRUPO B. Profesor\/a de Artes Pl\u00e1sticas &#8211; GRUPO A1\/A2: Ciclo creatividad y autoexpresi\u00f3n y Grupo de proyectos; Ciclo infantil y Ciclo realismo de adultos; y Ciclo infantil, Ciclo realismo de adultos y Ciclo de Arte, creatividad o\/y crecimiento personal. DOCUMENTOS DEL EXPEDIENTE: Nombre Fichero Fecha Publicaci\u00f3n Anuncio BOPV bases convocatoria bolsa &hellip; <\/p>\n<p class=\"link-more\"><a href=\"https:\/\/alzira.es\/es\/servicios-municipales\/recursos-humanos\/empleo-temporal\/convocatoria-05-2025-bolsas-de-trabajo-para-la-contratacion-temporal-de-personal-docente-profesor-a-artes-plasticas-en-diferentes-categorias-y-de-ceramica-para-la-escuela-municipal-de-artes-plastica\/\" class=\"more-link\">Continuar leyendo<span class=\"screen-reader-text\"> \u00abCONVOCATORIA 05\/2025 &#8211; BOLSAS DE TRABAJO para la contrataci\u00f3n temporal de Personal Docente Profesor\/a Artes Pl\u00e1sticas en diferentes categor\u00edas y de Cer\u00e1mica para la Escuela Municipal de Artes Pl\u00e1sticas.\u00bb<\/span><\/a><\/p>\n","protected":false},"author":156,"featured_media":0,"parent":105760,"menu_order":0,"comment_status":"closed","ping_status":"closed","template":"","meta":{"_acf_changed":false,"footnotes":""},"class_list":["post-158697","page","type-page","status-publish","hentry"],"acf":[],"_links":{"self":[{"href":"https:\/\/alzira.es\/es\/wp-json\/wp\/v2\/pages\/158697","targetHints":{"allow":["GET"]}}],"collection":[{"href":"https:\/\/alzira.es\/es\/wp-json\/wp\/v2\/pages"}],"about":[{"href":"https:\/\/alzira.es\/es\/wp-json\/wp\/v2\/types\/page"}],"author":[{"embeddable":true,"href":"https:\/\/alzira.es\/es\/wp-json\/wp\/v2\/users\/156"}],"replies":[{"embeddable":true,"href":"https:\/\/alzira.es\/es\/wp-json\/wp\/v2\/comments?post=158697"}],"version-history":[{"count":2,"href":"https:\/\/alzira.es\/es\/wp-json\/wp\/v2\/pages\/158697\/revisions"}],"predecessor-version":[{"id":165070,"href":"https:\/\/alzira.es\/es\/wp-json\/wp\/v2\/pages\/158697\/revisions\/165070"}],"up":[{"embeddable":true,"href":"https:\/\/alzira.es\/es\/wp-json\/wp\/v2\/pages\/105760"}],"wp:attachment":[{"href":"https:\/\/alzira.es\/es\/wp-json\/wp\/v2\/media?parent=158697"}],"curies":[{"name":"wp","href":"https:\/\/api.w.org\/{rel}","templated":true}]}}