{"id":158691,"date":"2025-02-27T10:01:45","date_gmt":"2025-02-27T09:01:45","guid":{"rendered":"https:\/\/alzira.es\/?page_id=158691"},"modified":"2026-02-09T11:08:38","modified_gmt":"2026-02-09T10:08:38","slug":"convocatoria-06-2025-seleccion-como-personal-laboral-fijo-de-cinco-plazas-de-operario-a-del-cementerio-por-el-sistema-de-concurso-oposicion-libre","status":"publish","type":"page","link":"https:\/\/alzira.es\/es\/servicios-municipales\/recursos-humanos\/empleo-permanente\/convocatoria-06-2025-seleccion-como-personal-laboral-fijo-de-cinco-plazas-de-operario-a-del-cementerio-por-el-sistema-de-concurso-oposicion-libre\/","title":{"rendered":"CONVOCATORIA 06\/2025.- Selecci\u00f3n como personal laboral fijo de CINCO plazas de Operario\/a del Cementerio por el sistema de concurso oposici\u00f3n libre"},"content":{"rendered":"<p>Publicaci\u00f3n <strong>notas definitivas<\/strong> y aspirantes que han superado el proceso selectivo. Dispondr\u00e1n de un plazo de <strong>10 D\u00cdAS H\u00c1BILES<\/strong> desde el <strong>27 de octubre hasta el 7 de noviembre<\/strong> de 2025 para presentar todos los requisitos establecidos en las bases generales y espec\u00edficas.<\/p>\n<p><strong>DOCUMENTOS DEL EXPEDIENTE:<\/strong><\/p>\n\n\n<figure class=\"wp-block-table is-style-stripes\"><table><tbody><tr><td><strong>Nombre Fichero<\/strong><\/td><td class=\"has-text-align-center\" data-align=\"center\"><strong>Fecha Publicaci\u00f3n<\/strong><\/td><\/tr><tr><td><a href=\"https:\/\/alzira.es\/wp-content\/uploads\/2023\/03\/ANUNCI-BOPV-2025_02309_250307-Operari-a-Cementeri.pdf\">Anuncio publicaci\u00f3n BOPV bases cinco plazas Operario\/a del Cementerio, personal laboral fijo<\/a><\/td><td class=\"has-text-align-center\" data-align=\"center\">07\/03\/2025<\/td><\/tr><tr><td><a href=\"https:\/\/alzira.es\/wp-content\/uploads\/2025\/03\/AUTOBAREMACIO-conv-06-25-1.xlsx\">Hoja de autobaremaci\u00f3n<\/a><\/td><td class=\"has-text-align-center\" data-align=\"center\">07\/03\/2025<\/td><\/tr><tr><td><a href=\"https:\/\/alzira.es\/wp-content\/uploads\/2023\/03\/Publicacio-19032025-BOE-A-2025-5437.pdf\">Anuncio BOE convocatoria cinco plazas de Operario\/a del Cementerio<\/a><\/td><td class=\"has-text-align-center\" data-align=\"center\">19\/03\/2025<\/td><\/tr><tr><td><a href=\"https:\/\/alzira.es\/wp-content\/uploads\/2023\/03\/05-Decret-0423d0521-llista-provisional-Operari-a-Cementeri-conv-06-25-signat.pdf\">Decreto lista provisional admisi\u00f3n y exclusi\u00f3n aspirantes Operario\/a del Cementerio<\/a><\/td><td class=\"has-text-align-center\" data-align=\"center\">23\/04\/2025<\/td><\/tr><tr><td><a href=\"https:\/\/alzira.es\/wp-content\/uploads\/2025\/05\/06-Llistat-definitiu-personal-admes-i-exclos-Operari-a-Cementeri-06-25-i-data-examen.pdf\">Decreto lista definitiva admisi\u00f3n y exclusi\u00f3n Operario\/a del Cementerio y fecha examen<\/a><\/td><td class=\"has-text-align-center\" data-align=\"center\">14\/05\/2025<\/td><\/tr><tr><td><a href=\"https:\/\/alzira.es\/wp-content\/uploads\/2023\/03\/Annex-II.pdf\">Anexo II<\/a><\/td><td class=\"has-text-align-center\" data-align=\"center\">28\/05\/2025<\/td><\/tr><tr><td><a href=\"https:\/\/alzira.es\/wp-content\/uploads\/2023\/03\/reglamento_para_el_rgimen_y_gobierno_en_la_prestacin_de_servicios_en_el_cementerio_municipal_de_la_ciudad.pdf\">Reglamento Cementerio Municipal Alzira<\/a><\/td><td class=\"has-text-align-center\" data-align=\"center\">30\/05\/2025<\/td><\/tr><tr><td><a href=\"https:\/\/alzira.es\/wp-content\/uploads\/2023\/03\/08-Edicte-resultats-progvisionals-prova-test-Operari-a-Cementeri.pdf\" target=\"_blank\" rel=\"noreferrer noopener\">Resultados provisionales prueba tipo TEST<\/a><\/td><td class=\"has-text-align-center\" data-align=\"center\">12\/06\/2025<\/td><\/tr><tr><td><a href=\"https:\/\/alzira.es\/wp-content\/uploads\/2023\/03\/09-Edicte-resultats-definitius-i-data-apertura-sobres.pdf\" target=\"_blank\" rel=\"noreferrer noopener\">Resultados definitivos prueba tipo TEST y fecha apertura sobres<\/a><\/td><td class=\"has-text-align-center\" data-align=\"center\">09\/07\/2025<\/td><\/tr><tr><td><a href=\"https:\/\/alzira.es\/wp-content\/uploads\/2023\/03\/10-Edicte-obertura-sobre-ID-Cementeri-1.pdf\" target=\"_blank\" rel=\"noreferrer noopener\">Edicto apertura de sobres y listado de aspirantes que pasan a la segunda prueba<\/a><\/td><td class=\"has-text-align-center\" data-align=\"center\">16\/07\/2025<\/td><\/tr><tr><td><a href=\"https:\/\/alzira.es\/wp-content\/uploads\/2023\/03\/11-Edicte-data-examen-practic-cementeri.pdf\" target=\"_blank\" rel=\"noreferrer noopener\">Edicto fijando fecha y hora de examen pr\u00e1ctico<\/a><\/td><td class=\"has-text-align-center\" data-align=\"center\">22\/09\/2025<\/td><\/tr><tr><td><a href=\"https:\/\/alzira.es\/wp-content\/uploads\/2025\/10\/13-Edicte-resultats-examen-practic-i-baremacio-provisional-Op-Cementeri.pdf\">Edicto resultados segundo ejercicio (pr\u00e1ctico) y baremaci\u00f3n provisional m\u00e9ritos aspirantes Operario\/a Cementerio<\/a><\/td><td class=\"has-text-align-center\" data-align=\"center\">02\/10\/2025<\/td><\/tr><tr><td><a href=\"https:\/\/alzira.es\/wp-content\/uploads\/2023\/03\/14-Edicte-resultats-definitius-examen-practic-i-baremacio-Op-Cementeri.pdf\">Edicto resultados definitivos segundo ejercicio (pr\u00e1ctico) y baremaci\u00f3n m\u00e9ritos Operario\/a Cementerio<\/a><\/td><td class=\"has-text-align-center\" data-align=\"center\">24\/10\/2025<\/td><\/tr><tr><td><a href=\"https:\/\/alzira.es\/wp-content\/uploads\/2023\/03\/15-Edicte-rectificacio-resultats-definitius.pdf\" target=\"_blank\" rel=\"noreferrer noopener\">Edicto rectificando error material resultados definitivos<\/a><\/td><td class=\"has-text-align-center\" data-align=\"center\">07\/11\/2025<\/td><\/tr><tr><td><a href=\"https:\/\/alzira.es\/wp-content\/uploads\/2026\/02\/17.Decret-1612d1769.pdf\">Decreto nombramientos y orden bolsa<\/a><\/td><td class=\"has-text-align-center\" data-align=\"center\">09\/02\/2026<\/td><\/tr><\/tbody><\/table><\/figure>\n\n\n\n<p><\/p>\n","protected":false},"excerpt":{"rendered":"<p>Publicaci\u00f3n notas definitivas y aspirantes que han superado el proceso selectivo. Dispondr\u00e1n de un plazo de 10 D\u00cdAS H\u00c1BILES desde el 27 de octubre hasta el 7 de noviembre de 2025 para presentar todos los requisitos establecidos en las bases generales y espec\u00edficas. DOCUMENTOS DEL EXPEDIENTE: Nombre Fichero Fecha Publicaci\u00f3n Anuncio publicaci\u00f3n BOPV bases cinco &hellip; <\/p>\n<p class=\"link-more\"><a href=\"https:\/\/alzira.es\/es\/servicios-municipales\/recursos-humanos\/empleo-permanente\/convocatoria-06-2025-seleccion-como-personal-laboral-fijo-de-cinco-plazas-de-operario-a-del-cementerio-por-el-sistema-de-concurso-oposicion-libre\/\" class=\"more-link\">Continuar leyendo<span class=\"screen-reader-text\"> \u00abCONVOCATORIA 06\/2025.- Selecci\u00f3n como personal laboral fijo de CINCO plazas de Operario\/a del Cementerio por el sistema de concurso oposici\u00f3n libre\u00bb<\/span><\/a><\/p>\n","protected":false},"author":156,"featured_media":0,"parent":105851,"menu_order":0,"comment_status":"closed","ping_status":"closed","template":"","meta":{"_acf_changed":false,"footnotes":""},"class_list":["post-158691","page","type-page","status-publish","hentry"],"acf":[],"_links":{"self":[{"href":"https:\/\/alzira.es\/es\/wp-json\/wp\/v2\/pages\/158691","targetHints":{"allow":["GET"]}}],"collection":[{"href":"https:\/\/alzira.es\/es\/wp-json\/wp\/v2\/pages"}],"about":[{"href":"https:\/\/alzira.es\/es\/wp-json\/wp\/v2\/types\/page"}],"author":[{"embeddable":true,"href":"https:\/\/alzira.es\/es\/wp-json\/wp\/v2\/users\/156"}],"replies":[{"embeddable":true,"href":"https:\/\/alzira.es\/es\/wp-json\/wp\/v2\/comments?post=158691"}],"version-history":[{"count":2,"href":"https:\/\/alzira.es\/es\/wp-json\/wp\/v2\/pages\/158691\/revisions"}],"predecessor-version":[{"id":167699,"href":"https:\/\/alzira.es\/es\/wp-json\/wp\/v2\/pages\/158691\/revisions\/167699"}],"up":[{"embeddable":true,"href":"https:\/\/alzira.es\/es\/wp-json\/wp\/v2\/pages\/105851"}],"wp:attachment":[{"href":"https:\/\/alzira.es\/es\/wp-json\/wp\/v2\/media?parent=158691"}],"curies":[{"name":"wp","href":"https:\/\/api.w.org\/{rel}","templated":true}]}}