{"id":158585,"date":"2025-02-21T14:10:05","date_gmt":"2025-02-21T13:10:05","guid":{"rendered":"https:\/\/alzira.es\/servicios-municipales\/medioambiente\/premios-a-las-fallas-con-mayor-responsabilidad-ambiental\/"},"modified":"2026-02-26T11:58:33","modified_gmt":"2026-02-26T10:58:33","slug":"premios-a-las-fallas-con-mayor-responsabilidad-ambiental","status":"publish","type":"page","link":"https:\/\/alzira.es\/es\/servicios-municipales\/medioambiente\/premios-a-las-fallas-con-mayor-responsabilidad-ambiental\/","title":{"rendered":"Premios a las fallas con mayor responsabilidad ambiental"},"content":{"rendered":"\t\t<div data-elementor-type=\"wp-page\" data-elementor-id=\"158585\" class=\"elementor elementor-158585 elementor-158555\">\n\t\t\t\t\t\t<section class=\"elementor-section elementor-top-section elementor-element elementor-element-1b743e3 elementor-section-boxed elementor-section-height-default elementor-section-height-default\" data-id=\"1b743e3\" data-element_type=\"section\">\n\t\t\t\t\t\t<div class=\"elementor-container elementor-column-gap-default\">\n\t\t\t\t\t<div class=\"elementor-column elementor-col-100 elementor-top-column elementor-element elementor-element-1e11c4d\" data-id=\"1e11c4d\" data-element_type=\"column\">\n\t\t\t<div class=\"elementor-widget-wrap elementor-element-populated\">\n\t\t\t\t\t\t<div class=\"elementor-element elementor-element-9b2862c elementor-widget elementor-widget-text-editor\" data-id=\"9b2862c\" data-element_type=\"widget\" data-widget_type=\"text-editor.default\">\n\t\t\t\t<div class=\"elementor-widget-container\">\n\t\t\t\t\t\t\t\t\t<p style=\"text-align: center;\"><strong>CONCESI\u00d3N DE LOS PREMIOS A LAS FALLAS CON MAYOR RESPONSABILIDAD AMBIENTAL<\/strong><\/p><p>Las fallas disfrutan de un gran apoyo social en nuestro municipio. La elevada aceptaci\u00f3n social de las Fallas en el municipio junto a la importante proyecci\u00f3n tur\u00edstica que las fallas de Alzira tienen en toda la comarca ribere\u00f1a y lim\u00edtrofes, ha posicionado la fiesta fallera local como un acontecimiento de gran atractivo que supone una alternativa muy v\u00e1lida para los visitantes que buscan vivir la fiesta fallera sin sufrir las consecuencias de la masificaci\u00f3n de turistas que recibe el <em>cap-i-casal<\/em>, durante el transcurso de esta emblem\u00e1tica celebraci\u00f3n.<\/p><p>Estos hechos propician que se reconozca la gran importancia que tiene la implicaci\u00f3n del mundo fallero en la educaci\u00f3n y el fomento de la responsabilidad ambiental de nuestra sociedad y es por eso que las Concejal\u00edas de Educaci\u00f3n y de Emergencia Clim\u00e1tica, Resiliencia y Proyectos Estrat\u00e9gicos del Ayuntamiento de Alzira, proponen la creaci\u00f3n de dos premios especiales en la edici\u00f3n 2026 de las Fallas de Alzira destinado a las comisiones falleras que destaquen por su compromiso con el respecto al medio ambiente y la convivencia con el vecindario.<\/p><p>Mediante este concurso se quiere fomentar la adopci\u00f3n libre de una serie de medidas relacionadas con el respecto al medio ambiente y la convivencia respetuosa del barrio, integr\u00e1ndolas en el desarrollo normal de las actividades llevadas a cabo por las mismas comisiones falleras.<\/p><p><span style=\"font-size: 1rem;\">.<\/span><\/p>\t\t\t\t\t\t\t\t<\/div>\n\t\t\t\t<\/div>\n\t\t\t\t\t<\/div>\n\t\t<\/div>\n\t\t\t\t\t<\/div>\n\t\t<\/section>\n\t\t\t\t<section class=\"elementor-section elementor-top-section elementor-element elementor-element-14866be elementor-section-boxed elementor-section-height-default elementor-section-height-default\" data-id=\"14866be\" data-element_type=\"section\">\n\t\t\t\t\t\t<div class=\"elementor-container elementor-column-gap-default\">\n\t\t\t\t\t<div class=\"elementor-column elementor-col-20 elementor-top-column elementor-element elementor-element-48fe08b\" data-id=\"48fe08b\" data-element_type=\"column\">\n\t\t\t<div class=\"elementor-widget-wrap\">\n\t\t\t\t\t\t\t<\/div>\n\t\t<\/div>\n\t\t\t\t<div class=\"elementor-column elementor-col-20 elementor-top-column elementor-element elementor-element-8ebe800\" data-id=\"8ebe800\" data-element_type=\"column\">\n\t\t\t<div class=\"elementor-widget-wrap elementor-element-populated\">\n\t\t\t\t\t\t<div class=\"elementor-element elementor-element-d5ba210 elementor-widget elementor-widget-heading\" data-id=\"d5ba210\" data-element_type=\"widget\" data-widget_type=\"heading.default\">\n\t\t\t\t<div class=\"elementor-widget-container\">\n\t\t\t\t\t<h5 class=\"elementor-heading-title elementor-size-default\"><a href=\"https:\/\/alzira.es\/wp-content\/uploads\/2025\/02\/bases-dels-premis-falles-responsabilitat-ambiental.pdf\" target=\"_blank\">BASES DE LOS PREMIOS A LAS FALLAS CON MAYOR RESPONSABILIDAD AMBIENTAL<\/a><\/h5>\t\t\t\t<\/div>\n\t\t\t\t<\/div>\n\t\t\t\t<div class=\"elementor-element elementor-element-c6eda7e elementor-widget elementor-widget-image\" data-id=\"c6eda7e\" data-element_type=\"widget\" data-widget_type=\"image.default\">\n\t\t\t\t<div class=\"elementor-widget-container\">\n\t\t\t\t\t\t\t\t\t\t\t\t\t\t\t\t<a href=\"https:\/\/alzira.es\/wp-content\/uploads\/2025\/02\/bases-dels-premis-falles-responsabilitat-ambiental.pdf\" target=\"_blank\">\n\t\t\t\t\t\t\t<img fetchpriority=\"high\" decoding=\"async\" width=\"525\" height=\"742\" src=\"https:\/\/alzira.es\/wp-content\/uploads\/2025\/02\/bases-dels-premis-falles-responsabilitat-ambiental-758x1072.png\" class=\"attachment-large size-large wp-image-158563\" alt=\"BASES DELS PREMIS A LES FALLES AMB MAJOR RESPONSABILITAT AMBIENTAL\" srcset=\"https:\/\/alzira.es\/wp-content\/uploads\/2025\/02\/bases-dels-premis-falles-responsabilitat-ambiental-758x1072.png 758w, https:\/\/alzira.es\/wp-content\/uploads\/2025\/02\/bases-dels-premis-falles-responsabilitat-ambiental-360x510.png 360w, https:\/\/alzira.es\/wp-content\/uploads\/2025\/02\/bases-dels-premis-falles-responsabilitat-ambiental-768x1086.png 768w, https:\/\/alzira.es\/wp-content\/uploads\/2025\/02\/bases-dels-premis-falles-responsabilitat-ambiental.png 1061w\" sizes=\"100vw\" \/>\t\t\t\t\t\t\t\t<\/a>\n\t\t\t\t\t\t\t\t\t\t\t\t\t\t\t<\/div>\n\t\t\t\t<\/div>\n\t\t\t\t\t<\/div>\n\t\t<\/div>\n\t\t\t\t<div class=\"elementor-column elementor-col-20 elementor-top-column elementor-element elementor-element-2057317\" data-id=\"2057317\" data-element_type=\"column\">\n\t\t\t<div class=\"elementor-widget-wrap\">\n\t\t\t\t\t\t\t<\/div>\n\t\t<\/div>\n\t\t\t\t<div class=\"elementor-column elementor-col-20 elementor-top-column elementor-element elementor-element-e7537ff\" data-id=\"e7537ff\" data-element_type=\"column\">\n\t\t\t<div class=\"elementor-widget-wrap elementor-element-populated\">\n\t\t\t\t\t\t<div class=\"elementor-element elementor-element-5d76ca2 elementor-widget elementor-widget-heading\" data-id=\"5d76ca2\" data-element_type=\"widget\" data-widget_type=\"heading.default\">\n\t\t\t\t<div class=\"elementor-widget-container\">\n\t\t\t\t\t<h5 class=\"elementor-heading-title elementor-size-default\"><a href=\"https:\/\/alzira.es\/wp-content\/uploads\/2025\/02\/formulari-dels-premis-falles-responsabilitat-ambiental.pdf\" target=\"_blank\">FORMULARIO DE INSCRIPCI\u00d3N A LOS PREMIOS A LAS FALLAS CON MAYOR RESPONSABILIDAD AMBIENTAL<\/a><\/h5>\t\t\t\t<\/div>\n\t\t\t\t<\/div>\n\t\t\t\t<div class=\"elementor-element elementor-element-44ca59f elementor-widget elementor-widget-image\" data-id=\"44ca59f\" data-element_type=\"widget\" data-widget_type=\"image.default\">\n\t\t\t\t<div class=\"elementor-widget-container\">\n\t\t\t\t\t\t\t\t\t\t\t\t\t\t\t\t<a href=\"https:\/\/alzira.es\/wp-content\/uploads\/2025\/02\/formulari-dels-premis-falles-responsabilitat-ambiental.pdf\" target=\"_blank\">\n\t\t\t\t\t\t\t<img decoding=\"async\" width=\"525\" height=\"742\" data-src=\"https:\/\/alzira.es\/wp-content\/uploads\/2025\/02\/formulari-dels-premis-falles-responsabilitat-ambiental-758x1072.png\" class=\"attachment-large size-large wp-image-158565 lazyload\" alt=\"FORMULARI D\u2019INSCRIPCI\u00d3 ALS PREMIS A LES FALLES AMB MAJOR RESPONSABILITAT AMBIENTAL\" data-srcset=\"https:\/\/alzira.es\/wp-content\/uploads\/2025\/02\/formulari-dels-premis-falles-responsabilitat-ambiental-758x1072.png 758w, https:\/\/alzira.es\/wp-content\/uploads\/2025\/02\/formulari-dels-premis-falles-responsabilitat-ambiental-360x510.png 360w, https:\/\/alzira.es\/wp-content\/uploads\/2025\/02\/formulari-dels-premis-falles-responsabilitat-ambiental-768x1086.png 768w, https:\/\/alzira.es\/wp-content\/uploads\/2025\/02\/formulari-dels-premis-falles-responsabilitat-ambiental.png 1061w\" data-sizes=\"100vw\" src=\"data:image\/svg+xml;base64,PHN2ZyB3aWR0aD0iMSIgaGVpZ2h0PSIxIiB4bWxucz0iaHR0cDovL3d3dy53My5vcmcvMjAwMC9zdmciPjwvc3ZnPg==\" style=\"--smush-placeholder-width: 525px; --smush-placeholder-aspect-ratio: 525\/742;\" \/>\t\t\t\t\t\t\t\t<\/a>\n\t\t\t\t\t\t\t\t\t\t\t\t\t\t\t<\/div>\n\t\t\t\t<\/div>\n\t\t\t\t\t<\/div>\n\t\t<\/div>\n\t\t\t\t<div class=\"elementor-column elementor-col-20 elementor-top-column elementor-element elementor-element-b9e895a\" data-id=\"b9e895a\" data-element_type=\"column\">\n\t\t\t<div class=\"elementor-widget-wrap\">\n\t\t\t\t\t\t\t<\/div>\n\t\t<\/div>\n\t\t\t\t\t<\/div>\n\t\t<\/section>\n\t\t\t\t<\/div>\n\t\t","protected":false},"excerpt":{"rendered":"<p>CONCESI\u00d3N DE LOS PREMIOS A LAS FALLAS CON MAYOR RESPONSABILIDAD AMBIENTAL Las fallas disfrutan de un gran apoyo social en nuestro municipio. La elevada aceptaci\u00f3n social de las Fallas en el municipio junto a la importante proyecci\u00f3n tur\u00edstica que las fallas de Alzira tienen en toda la comarca ribere\u00f1a y lim\u00edtrofes, ha posicionado la fiesta &hellip; <\/p>\n<p class=\"link-more\"><a href=\"https:\/\/alzira.es\/es\/servicios-municipales\/medioambiente\/premios-a-las-fallas-con-mayor-responsabilidad-ambiental\/\" class=\"more-link\">Continuar leyendo<span class=\"screen-reader-text\"> \u00abPremios a las fallas con mayor responsabilidad ambiental\u00bb<\/span><\/a><\/p>\n","protected":false},"author":29,"featured_media":0,"parent":120781,"menu_order":0,"comment_status":"closed","ping_status":"closed","template":"","meta":{"_acf_changed":false,"footnotes":""},"class_list":["post-158585","page","type-page","status-publish","hentry"],"acf":[],"_links":{"self":[{"href":"https:\/\/alzira.es\/es\/wp-json\/wp\/v2\/pages\/158585","targetHints":{"allow":["GET"]}}],"collection":[{"href":"https:\/\/alzira.es\/es\/wp-json\/wp\/v2\/pages"}],"about":[{"href":"https:\/\/alzira.es\/es\/wp-json\/wp\/v2\/types\/page"}],"author":[{"embeddable":true,"href":"https:\/\/alzira.es\/es\/wp-json\/wp\/v2\/users\/29"}],"replies":[{"embeddable":true,"href":"https:\/\/alzira.es\/es\/wp-json\/wp\/v2\/comments?post=158585"}],"version-history":[{"count":2,"href":"https:\/\/alzira.es\/es\/wp-json\/wp\/v2\/pages\/158585\/revisions"}],"predecessor-version":[{"id":168332,"href":"https:\/\/alzira.es\/es\/wp-json\/wp\/v2\/pages\/158585\/revisions\/168332"}],"up":[{"embeddable":true,"href":"https:\/\/alzira.es\/es\/wp-json\/wp\/v2\/pages\/120781"}],"wp:attachment":[{"href":"https:\/\/alzira.es\/es\/wp-json\/wp\/v2\/media?parent=158585"}],"curies":[{"name":"wp","href":"https:\/\/api.w.org\/{rel}","templated":true}]}}