{"id":158317,"date":"2025-02-13T09:57:48","date_gmt":"2025-02-13T08:57:48","guid":{"rendered":"https:\/\/alzira.es\/?page_id=158317"},"modified":"2025-05-08T08:52:00","modified_gmt":"2025-05-08T06:52:00","slug":"convocatoria-01-2025-provision-temporal-por-comision-de-servicios-para-ocupar-un-puesto-vacante-de-jefe-a-de-negociado-de-tesoreria-recaudacion","status":"publish","type":"page","link":"https:\/\/alzira.es\/es\/servicios-municipales\/recursos-humanos\/empleo-temporal\/convocatoria-01-2025-provision-temporal-por-comision-de-servicios-para-ocupar-un-puesto-vacante-de-jefe-a-de-negociado-de-tesoreria-recaudacion\/","title":{"rendered":"CONVOCATORIA 01\/2025 &#8211; PROVISI\u00d3N TEMPORAL POR COMISI\u00d3N DE SERVICIOS, PARA OCUPAR UN PUESTO VACANTE DE JEFE\/A DE NEGOCIADO DE TESORER\u00cdA-RECAUDACI\u00d3N"},"content":{"rendered":"<p><strong>DOCUMENTOS DEL EXPEDIENTE:<\/strong><\/p>\n<p><strong>NOVEDAD<\/strong>: Fecha realizaci\u00f3n de entrevistas: mi\u00e9rcoles,<strong> 7 de mayo, <\/strong>en la Sala de Prensa (Casa Consistorial, 2\u00aa planta, C. Sant Roc, n\u00fam. 6, Alzira). Consultar horarios en el decreto.<\/p>\n\n\n<div class=\"wp-block-columns is-layout-flex wp-container-core-columns-is-layout-9d6595d7 wp-block-columns-is-layout-flex\">\n<div class=\"wp-block-column is-layout-flow wp-block-column-is-layout-flow\" style=\"flex-basis:100%\">\n<div class=\"wp-block-group\"><div class=\"wp-block-group__inner-container is-layout-flow wp-block-group-is-layout-flow\">\n<div class=\"wp-block-columns is-layout-flex wp-container-core-columns-is-layout-9d6595d7 wp-block-columns-is-layout-flex\">\n<div class=\"wp-block-column is-layout-flow wp-block-column-is-layout-flow\" style=\"flex-basis:100%\">\n<figure class=\"wp-block-table is-style-stripes\"><table><tbody><tr><td><strong>Nombre Fichero<\/strong><\/td><td class=\"has-text-align-center\" data-align=\"center\"><strong>Fecha Publicaci\u00f3n<\/strong><\/td><\/tr><tr><td><a href=\"https:\/\/alzira.es\/wp-content\/uploads\/2023\/03\/Autobaremacio-Caps-de-Negociat.xlsx\">Autobaremaci\u00f3n<\/a><\/td><td class=\"has-text-align-center\" data-align=\"center\">04\/12\/2024<\/td><\/tr><tr><td><a href=\"https:\/\/alzira.es\/wp-content\/uploads\/2025\/02\/01-Certificat-JGL-aprovacio-bases-especifiques-Comissio-Cap-Negociat-Recaptacio.pdf\">Certificado JGL aprobaci\u00f3n bases conv. 01\/25 concurso provisi\u00f3n temporal por Comisi\u00f3n de Servicios Jefe\/a de Negociado de Tesorer\u00eda-Recaudaci\u00f3n.<\/a><\/td><td class=\"has-text-align-center\" data-align=\"center\">13\/02\/2025<\/td><\/tr><tr><td><a href=\"https:\/\/alzira.es\/wp-content\/uploads\/2023\/03\/02-Publicacio-BOPV-2025_01601_Cap-Negociat-Recaptacio-1.pdf\">Anuncio BOPV bases conv. 01\/25 concurso provisi\u00f3n temporal por Comisi\u00f3n de Servicios Jefe\/a de Negociado Tesorer\u00eda-Recaudaci\u00f3n.<\/a><\/td><td class=\"has-text-align-center\" data-align=\"center\">18\/02\/2025<\/td><\/tr><tr><td><a href=\"https:\/\/alzira.es\/wp-content\/uploads\/2023\/03\/06-Publicacio-BOPV-rectificacio-bases-Cap-Negociat-Recaptacio.pdf\" target=\"_blank\" rel=\"noreferrer noopener\">Publicaci\u00f3n en el BOPV de rectificaci\u00f3n de bases convocatoria 01\/25 para la provisi\u00f3n temporal por C. Servicios Jefe\/a Neg. Recaudaci\u00f3n<\/a><\/td><td class=\"has-text-align-center\" data-align=\"center\">07\/04\/2025<\/td><\/tr><tr><td><a href=\"https:\/\/alzira.es\/wp-content\/uploads\/2025\/05\/05-Decret-llista-definitiva-admesos-Cap-de-Negociat-de-Recaptacio.pdf\" target=\"_blank\" rel=\"noreferrer noopener\">Lista definitiva de admitidos conv. 01\/25. Fecha y hora entrevista<\/a><\/td><td class=\"has-text-align-center\" data-align=\"center\">02\/05\/2025<\/td><\/tr><tr><td><a href=\"https:\/\/alzira.es\/wp-content\/uploads\/2023\/03\/06-Edicte-Entrevista-i-valoracio-merits-Cap-de-Negociat-de-Recaptacio.pdf\" target=\"_blank\" rel=\"noreferrer noopener\">Edicto resultados memoria\/entrevista i baremaci\u00f3n de m\u00e9ritos<\/a><\/td><td class=\"has-text-align-center\" data-align=\"center\">08\/05\/2025<\/td><\/tr><\/tbody><\/table><\/figure>\n<\/div>\n<\/div>\n<\/div><\/div>\n<\/div>\n<\/div>\n\n\n\n<p><\/p>\n","protected":false},"excerpt":{"rendered":"<p>DOCUMENTOS DEL EXPEDIENTE: NOVEDAD: Fecha realizaci\u00f3n de entrevistas: mi\u00e9rcoles, 7 de mayo, en la Sala de Prensa (Casa Consistorial, 2\u00aa planta, C. Sant Roc, n\u00fam. 6, Alzira). Consultar horarios en el decreto. Nombre Fichero Fecha Publicaci\u00f3n Autobaremaci\u00f3n 04\/12\/2024 Certificado JGL aprobaci\u00f3n bases conv. 01\/25 concurso provisi\u00f3n temporal por Comisi\u00f3n de Servicios Jefe\/a de Negociado de &hellip; <\/p>\n<p class=\"link-more\"><a href=\"https:\/\/alzira.es\/es\/servicios-municipales\/recursos-humanos\/empleo-temporal\/convocatoria-01-2025-provision-temporal-por-comision-de-servicios-para-ocupar-un-puesto-vacante-de-jefe-a-de-negociado-de-tesoreria-recaudacion\/\" class=\"more-link\">Continuar leyendo<span class=\"screen-reader-text\"> \u00abCONVOCATORIA 01\/2025 &#8211; PROVISI\u00d3N TEMPORAL POR COMISI\u00d3N DE SERVICIOS, PARA OCUPAR UN PUESTO VACANTE DE JEFE\/A DE NEGOCIADO DE TESORER\u00cdA-RECAUDACI\u00d3N\u00bb<\/span><\/a><\/p>\n","protected":false},"author":156,"featured_media":0,"parent":105760,"menu_order":0,"comment_status":"closed","ping_status":"closed","template":"","meta":{"_acf_changed":false,"footnotes":""},"class_list":["post-158317","page","type-page","status-publish","hentry"],"acf":[],"_links":{"self":[{"href":"https:\/\/alzira.es\/es\/wp-json\/wp\/v2\/pages\/158317","targetHints":{"allow":["GET"]}}],"collection":[{"href":"https:\/\/alzira.es\/es\/wp-json\/wp\/v2\/pages"}],"about":[{"href":"https:\/\/alzira.es\/es\/wp-json\/wp\/v2\/types\/page"}],"author":[{"embeddable":true,"href":"https:\/\/alzira.es\/es\/wp-json\/wp\/v2\/users\/156"}],"replies":[{"embeddable":true,"href":"https:\/\/alzira.es\/es\/wp-json\/wp\/v2\/comments?post=158317"}],"version-history":[{"count":2,"href":"https:\/\/alzira.es\/es\/wp-json\/wp\/v2\/pages\/158317\/revisions"}],"predecessor-version":[{"id":160428,"href":"https:\/\/alzira.es\/es\/wp-json\/wp\/v2\/pages\/158317\/revisions\/160428"}],"up":[{"embeddable":true,"href":"https:\/\/alzira.es\/es\/wp-json\/wp\/v2\/pages\/105760"}],"wp:attachment":[{"href":"https:\/\/alzira.es\/es\/wp-json\/wp\/v2\/media?parent=158317"}],"curies":[{"name":"wp","href":"https:\/\/api.w.org\/{rel}","templated":true}]}}