{"id":156726,"date":"2024-12-09T14:37:49","date_gmt":"2024-12-09T13:37:49","guid":{"rendered":"https:\/\/alzira.es\/ruta-dels-betlems-2024\/"},"modified":"2024-12-09T14:39:33","modified_gmt":"2024-12-09T13:39:33","slug":"ruta-dels-betlems-2024","status":"publish","type":"page","link":"https:\/\/alzira.es\/es\/ruta-dels-betlems-2024\/","title":{"rendered":"RUTA DELS BETLEMS 2024"},"content":{"rendered":"<p><strong>Tercera edici\u00f3<\/strong><\/p>\n<p><strong>BETLEM MUNICIPAL<\/strong><\/p>\n<p>Cercle Alzireny La Gallera d\u2019Alzira, del 13 de desembre de 2024 al 5 de gener de 2025.\u00a0\u00a0<\/p>\n<p>Horari: de dilluns a divendres, de 17.30 a 21 h. Dissabtes, d&#8217;11 a 13.30 h i de 18 a 21 h.<\/p>\n<p>Visites de grup fora d&#8217;estos horaris amb pr\u00e8via petici\u00f3 telef\u00f2nica (661 522 315).<\/p>\n<p><strong>EL BETLEM DE LU <\/strong><\/p>\n<p>Claustre de la Casa de la Cultura d\u2019Alzira, del 13 de desembre de 2024 al 5 de gener de 2025 (excepte festius).<\/p>\n<p>Horari: de dilluns a divendres, de 17.30 a 21 h. Dissabtes, d&#8217;11 a 13.30 h i de 18 a 21 h. Diumenges, de 17 a 21 h.<\/p>\n<p>Visites de grup fora d&#8217;estos horaris amb pr\u00e8via petici\u00f3 telef\u00f2nica (661 522 315).<\/p>\n<p><strong>EL BETLEM DE TONYO<\/strong><\/p>\n<p>Carrer Murta, 26<\/p>\n<p>Desde el 9 de desembre de 2024 fins el 6 de gener de 2025 (30 desembre 2023 tancat)<\/p>\n<p>De 17.30 a 20.45 hores.<\/p>\n<p>Consultar altres horaris en instagram @tonyoalvaro\u00a0i en facebook Antoni Alvaro Nieto.<\/p>\n<p><strong>El Betlem de Rosanna i Cristian<\/strong><\/p>\n<p>C\/ Poligono 50, 72<\/p>\n<p>Para concertar visitas llamar por tel\u00e9fono al 616 74 09 08<strong>\u00a0<\/strong><\/p>\n<p><strong>BETLEM SOLIDARI<\/strong><\/p>\n<p>Hermandad de Caballeros de Cristo Crucificado en la Agon\u00eda<\/p>\n<p>Carrer Piletes, 22<\/p>\n<p>De dilluns a dissabte, de 19 a 21 hores (excepte festius i dies 24 i 31 de desembre).<\/p>\n<p>Des de el dia 9 de desembre fins al 4 de gener<\/p>\n<p>Els visitants podran aportar aliments i productes higi\u00e8nics personals i de neteja per a Caritas.<\/p>\n<p><strong>BETLEM DE LA PARR\u00d2QUIA DE SANT JOAN BAPTISTE<\/strong><\/p>\n<p>Del dissabte 14 de desembre (a les 18 h) fins el 6 de gener a les 13h).<\/p>\n<p>Dimecres i divendres de 18.30h a 20.30h. Dissabte de 17.30h a 20.30h. Diumenge de 11.30h a 13h.<\/p>\n<p>Per demanar hora fora d&#8217;aquest horari poden tocar a la Parr\u00f2quia o enviar un correu al Facebook de la Parr\u00f2quia.<\/p>\n<p><strong>EL BETLEM DE VICTORIA<\/strong><\/p>\n<p>Carrer cabo Noval, 36<\/p>\n<p>Del 6 de desembre de 2024\u00a0al 6 de gener de 2025.<\/p>\n<p>Vesprades de 17.30 a 20.30 h.<\/p>\n<p><strong>ARCHICOFRADIA VIRGEN DE LA SOLEDAD Y DE LA PRECIOSISIMA SANGRE DE N.S.J.C. <\/strong>Del 17 de desembre de 2024\u00a0 al 4 de gener de 2024.<\/p>\n<p>Divendres 20, dissabte 21, divendres 27, dissabte 28, divendres 3 i dissabte 4.<\/p>\n<p>De 19 a 21 hores.<a href=\"https:\/\/alzira.es\/wp-content\/uploads\/2024\/12\/ruta-dels-betlems.jpeg\" target=\"_blank\" rel=\"noopener\"><img fetchpriority=\"high\" decoding=\"async\" class=\"aligncenter wp-image-156723 size-full\" src=\"https:\/\/alzira.es\/wp-content\/uploads\/2024\/12\/ruta-dels-betlems.jpeg\" alt=\"RUTA DELS BETLEMS 2024\" width=\"1131\" height=\"1600\" srcset=\"https:\/\/alzira.es\/wp-content\/uploads\/2024\/12\/ruta-dels-betlems.jpeg 1131w, https:\/\/alzira.es\/wp-content\/uploads\/2024\/12\/ruta-dels-betlems-361x510.jpeg 361w, https:\/\/alzira.es\/wp-content\/uploads\/2024\/12\/ruta-dels-betlems-758x1072.jpeg 758w, https:\/\/alzira.es\/wp-content\/uploads\/2024\/12\/ruta-dels-betlems-768x1086.jpeg 768w, https:\/\/alzira.es\/wp-content\/uploads\/2024\/12\/ruta-dels-betlems-1086x1536.jpeg 1086w\" sizes=\"(max-width: 706px) 89vw, (max-width: 767px) 82vw, 740px\" \/><\/a><\/p>\n<p>\u00a0<\/p>\n\n<p><\/p>\n","protected":false},"excerpt":{"rendered":"<p>Tercera edici\u00f3 BETLEM MUNICIPAL Cercle Alzireny La Gallera d\u2019Alzira, del 13 de desembre de 2024 al 5 de gener de 2025.\u00a0\u00a0 Horari: de dilluns a divendres, de 17.30 a 21 h. Dissabtes, d&#8217;11 a 13.30 h i de 18 a 21 h. Visites de grup fora d&#8217;estos horaris amb pr\u00e8via petici\u00f3 telef\u00f2nica (661 522 315). &hellip; <\/p>\n<p class=\"link-more\"><a href=\"https:\/\/alzira.es\/es\/ruta-dels-betlems-2024\/\" class=\"more-link\">Continuar leyendo<span class=\"screen-reader-text\"> \u00abRUTA DELS BETLEMS 2024\u00bb<\/span><\/a><\/p>\n","protected":false},"author":29,"featured_media":0,"parent":0,"menu_order":0,"comment_status":"closed","ping_status":"closed","template":"","meta":{"_acf_changed":false,"footnotes":""},"class_list":["post-156726","page","type-page","status-publish","hentry"],"acf":[],"_links":{"self":[{"href":"https:\/\/alzira.es\/es\/wp-json\/wp\/v2\/pages\/156726","targetHints":{"allow":["GET"]}}],"collection":[{"href":"https:\/\/alzira.es\/es\/wp-json\/wp\/v2\/pages"}],"about":[{"href":"https:\/\/alzira.es\/es\/wp-json\/wp\/v2\/types\/page"}],"author":[{"embeddable":true,"href":"https:\/\/alzira.es\/es\/wp-json\/wp\/v2\/users\/29"}],"replies":[{"embeddable":true,"href":"https:\/\/alzira.es\/es\/wp-json\/wp\/v2\/comments?post=156726"}],"version-history":[{"count":1,"href":"https:\/\/alzira.es\/es\/wp-json\/wp\/v2\/pages\/156726\/revisions"}],"predecessor-version":[{"id":156727,"href":"https:\/\/alzira.es\/es\/wp-json\/wp\/v2\/pages\/156726\/revisions\/156727"}],"wp:attachment":[{"href":"https:\/\/alzira.es\/es\/wp-json\/wp\/v2\/media?parent=156726"}],"curies":[{"name":"wp","href":"https:\/\/api.w.org\/{rel}","templated":true}]}}