{"id":156269,"date":"2024-11-25T10:10:56","date_gmt":"2024-11-25T09:10:56","guid":{"rendered":"https:\/\/alzira.es\/?page_id=156269"},"modified":"2025-01-30T09:26:38","modified_gmt":"2025-01-30T08:26:38","slug":"convocatoria-11-2024-provision-temporal-por-comision-de-servicios-interna-para-ocupar-un-puesto-vacante-de-jefe-a-de-seccion-de-patrimonio-cultural-y-turismo","status":"publish","type":"page","link":"https:\/\/alzira.es\/es\/servicios-municipales\/recursos-humanos\/empleo-temporal\/convocatoria-11-2024-provision-temporal-por-comision-de-servicios-interna-para-ocupar-un-puesto-vacante-de-jefe-a-de-seccion-de-patrimonio-cultural-y-turismo\/","title":{"rendered":"CONVOCATORIA 11\/2024 &#8211; PROVISI\u00d3N TEMPORAL POR COMISI\u00d3N DE SERVICIOS INTERNA, PARA OCUPAR UN PUESTO VACANTE DE JEFE\/A DE SECCI\u00d3N DE PATRIMONIO CULTURAL Y TURISMO"},"content":{"rendered":"\n<p><\/p>\n\n\n\n<p><strong>Plazo de alegaciones de la memoria\/entrevista de 5 d\u00edas h\u00e1biles, del 31-01-2025 al 06-02-2025.<\/strong><\/p>\n\n\n<p><strong>DOCUMENTOS DEL EXPEDIENTE:<\/strong><\/p>\n\n\n<div class=\"wp-block-columns is-layout-flex wp-container-core-columns-is-layout-9d6595d7 wp-block-columns-is-layout-flex\">\n<div class=\"wp-block-column is-layout-flow wp-block-column-is-layout-flow\" style=\"flex-basis:100%\">\n<div class=\"wp-block-group\"><div class=\"wp-block-group__inner-container is-layout-flow wp-block-group-is-layout-flow\">\n<div class=\"wp-block-columns is-layout-flex wp-container-core-columns-is-layout-9d6595d7 wp-block-columns-is-layout-flex\">\n<div class=\"wp-block-column is-layout-flow wp-block-column-is-layout-flow\" style=\"flex-basis:100%\">\n<figure class=\"wp-block-table is-style-stripes\"><table><tbody><tr><td><strong>Nombre Fichero<\/strong><\/td><td class=\"has-text-align-center\" data-align=\"center\"><strong>Fecha Publicaci\u00f3n<\/strong><\/td><\/tr><tr><td><a href=\"https:\/\/alzira.es\/wp-content\/uploads\/2024\/12\/V2-Autobaremacio-Cap-Seccio-Patrimoni.xlsx\">Autobaremaci\u00f3n<\/a><\/td><td class=\"has-text-align-center\" data-align=\"center\">09\/12\/2024<\/td><\/tr><tr><td><a href=\"https:\/\/alzira.es\/wp-content\/uploads\/2023\/03\/02.Certificat-JGL-bases-Comissio-Cap-de-Seccio-Patrimoni.pdf\">Certificado JGL aprobaci\u00f3n bases conv. 11\/24 concurso provisi\u00f3n temporal por Comisi\u00f3n de Servicios Interna Jefe\/a Secci\u00f3n de Patrimonio Cultural y Turismo.<\/a><\/td><td class=\"has-text-align-center\" data-align=\"center\">04\/12\/2024<\/td><\/tr><tr><td><a href=\"https:\/\/alzira.es\/wp-content\/uploads\/2023\/03\/04.Decret-llista-definitiva-admesos-Cap-Seccio-Patrimoni-Cultural-i-Turisme.pdf\">Lista definitiva admitidos conv. 11\/24. D\u00eda y fecha entrevista<\/a><\/td><td class=\"has-text-align-center\" data-align=\"center\">09-01-2025<\/td><\/tr><tr><td><a href=\"https:\/\/alzira.es\/wp-content\/uploads\/2023\/03\/05-Edicte-Entrevista-i-valoracio-merits-Cap-de-Patrimoni-Cultural-i-Turisme.pdf\">Edicto resultados memoria\/entrevista y baremaci\u00f3n de m\u00e9ritos<\/a><\/td><td class=\"has-text-align-center\" data-align=\"center\">30-01-2025<\/td><\/tr><\/tbody><\/table><\/figure>\n<\/div>\n<\/div>\n<\/div><\/div>\n<\/div>\n<\/div>\n\n\n\n<p><\/p>\n","protected":false},"excerpt":{"rendered":"<p>Plazo de alegaciones de la memoria\/entrevista de 5 d\u00edas h\u00e1biles, del 31-01-2025 al 06-02-2025. DOCUMENTOS DEL EXPEDIENTE: Nombre Fichero Fecha Publicaci\u00f3n Autobaremaci\u00f3n 09\/12\/2024 Certificado JGL aprobaci\u00f3n bases conv. 11\/24 concurso provisi\u00f3n temporal por Comisi\u00f3n de Servicios Interna Jefe\/a Secci\u00f3n de Patrimonio Cultural y Turismo. 04\/12\/2024 Lista definitiva admitidos conv. 11\/24. D\u00eda y fecha entrevista 09-01-2025 &hellip; <\/p>\n<p class=\"link-more\"><a href=\"https:\/\/alzira.es\/es\/servicios-municipales\/recursos-humanos\/empleo-temporal\/convocatoria-11-2024-provision-temporal-por-comision-de-servicios-interna-para-ocupar-un-puesto-vacante-de-jefe-a-de-seccion-de-patrimonio-cultural-y-turismo\/\" class=\"more-link\">Continuar leyendo<span class=\"screen-reader-text\"> \u00abCONVOCATORIA 11\/2024 &#8211; PROVISI\u00d3N TEMPORAL POR COMISI\u00d3N DE SERVICIOS INTERNA, PARA OCUPAR UN PUESTO VACANTE DE JEFE\/A DE SECCI\u00d3N DE PATRIMONIO CULTURAL Y TURISMO\u00bb<\/span><\/a><\/p>\n","protected":false},"author":156,"featured_media":0,"parent":105760,"menu_order":0,"comment_status":"closed","ping_status":"closed","template":"","meta":{"_acf_changed":false,"footnotes":""},"class_list":["post-156269","page","type-page","status-publish","hentry"],"acf":[],"_links":{"self":[{"href":"https:\/\/alzira.es\/es\/wp-json\/wp\/v2\/pages\/156269","targetHints":{"allow":["GET"]}}],"collection":[{"href":"https:\/\/alzira.es\/es\/wp-json\/wp\/v2\/pages"}],"about":[{"href":"https:\/\/alzira.es\/es\/wp-json\/wp\/v2\/types\/page"}],"author":[{"embeddable":true,"href":"https:\/\/alzira.es\/es\/wp-json\/wp\/v2\/users\/156"}],"replies":[{"embeddable":true,"href":"https:\/\/alzira.es\/es\/wp-json\/wp\/v2\/comments?post=156269"}],"version-history":[{"count":1,"href":"https:\/\/alzira.es\/es\/wp-json\/wp\/v2\/pages\/156269\/revisions"}],"predecessor-version":[{"id":157923,"href":"https:\/\/alzira.es\/es\/wp-json\/wp\/v2\/pages\/156269\/revisions\/157923"}],"up":[{"embeddable":true,"href":"https:\/\/alzira.es\/es\/wp-json\/wp\/v2\/pages\/105760"}],"wp:attachment":[{"href":"https:\/\/alzira.es\/es\/wp-json\/wp\/v2\/media?parent=156269"}],"curies":[{"name":"wp","href":"https:\/\/api.w.org\/{rel}","templated":true}]}}