{"id":156255,"date":"2024-11-25T09:54:55","date_gmt":"2024-11-25T08:54:55","guid":{"rendered":"https:\/\/alzira.es\/?page_id=156255"},"modified":"2025-01-30T09:18:47","modified_gmt":"2025-01-30T08:18:47","slug":"convocatoria-13-2024-provision-temporal-por-comision-de-servicios-para-ocupar-un-puesto-vacante-de-jefe-a-de-seccion-de-archivo-y-gestion-documental","status":"publish","type":"page","link":"https:\/\/alzira.es\/es\/servicios-municipales\/recursos-humanos\/empleo-temporal\/convocatoria-13-2024-provision-temporal-por-comision-de-servicios-para-ocupar-un-puesto-vacante-de-jefe-a-de-seccion-de-archivo-y-gestion-documental\/","title":{"rendered":"CONVOCATORIA 13\/2024 &#8211; PROVISI\u00d3N TEMPORAL POR COMISI\u00d3N DE SERVICIOS, PARA OCUPAR UN PUESTO VACANTE DE JEFE\/A DE SECCI\u00d3N DE ARCHIVO Y GESTI\u00d3N DOCUMENTAL"},"content":{"rendered":"\n<p><\/p>\n\n\n<p><strong><span style=\"color: #ff0000;\">Plazo de alegaciones de la memoria\/entrevista de 5 d\u00edas h\u00e1biles, del 31 de enero de 2025 al 6 de febrero de 2025<\/span><\/strong><\/p>\n\n\n<div class=\"wp-block-columns is-layout-flex wp-container-core-columns-is-layout-9d6595d7 wp-block-columns-is-layout-flex\">\n<div class=\"wp-block-column is-layout-flow wp-block-column-is-layout-flow\" style=\"flex-basis:100%\">\n<div class=\"wp-block-group\"><div class=\"wp-block-group__inner-container is-layout-flow wp-block-group-is-layout-flow\">\n<div class=\"wp-block-columns is-layout-flex wp-container-core-columns-is-layout-9d6595d7 wp-block-columns-is-layout-flex\">\n<div class=\"wp-block-column is-layout-flow wp-block-column-is-layout-flow\" style=\"flex-basis:100%\">\n<figure class=\"wp-block-table is-style-stripes\"><table><tbody><tr><td><strong>Nombre Fichero<\/strong><\/td><td class=\"has-text-align-center\" data-align=\"center\"><strong>Fecha Publicaci\u00f3n<\/strong><\/td><\/tr><tr><td><a href=\"https:\/\/alzira.es\/wp-content\/uploads\/2023\/03\/Publicacio-BOPV-Cap-Seccio-Arxiu-CCSS.pdf\">Anuncio BOPV conv. 13\/24 concurso provisional por Comisi\u00f3n de Servicios Jefe\/a Secci\u00f3n de Archivo y Gesti\u00f3n Documental<\/a><\/td><td class=\"has-text-align-center\" data-align=\"center\">05-12-2024<\/td><\/tr><tr><td><a href=\"https:\/\/alzira.es\/wp-content\/uploads\/2023\/03\/V2-Autobaremacio-Cap-Seccio-Arxiu-A2-copia.xlsx\">Autobaremaci\u00f3n<\/a><\/td><td class=\"has-text-align-center\" data-align=\"center\">09-12-2024<\/td><\/tr><tr><td><a href=\"https:\/\/alzira.es\/wp-content\/uploads\/2023\/03\/01.Acord-JGL-bases-Comisio-Serveis-Arxiu.pdf\">Bases conv. 13\/24 concurso provisi\u00f3n temporal por Comisi\u00f3n de Servicios Jefe\/a Secci\u00f3n de Archivo y Gesti\u00f3n Documental.<\/a><\/td><td class=\"has-text-align-center\" data-align=\"center\">05-12-2024<\/td><\/tr><tr><td><a href=\"https:\/\/alzira.es\/wp-content\/uploads\/2023\/03\/04-Decret-llista-definitiva-admesos-Cap-Seccio-Arxiu-i-Gestio-documental.pdf\">Lista definitiva admitidos Conv. 13\/24. Fecha y hora entrevista<\/a><\/td><td class=\"has-text-align-center\" data-align=\"center\">09-01-2025<\/td><\/tr><tr><td><a href=\"https:\/\/alzira.es\/wp-content\/uploads\/2023\/03\/05-Edicte-Entrevista-i-valoracio-merits-Cap-Seccio-Arxiu.pdf\">Edicto resultados memoria\/entrevista y baremaci\u00f3n de m\u00e9ritos<\/a><\/td><td class=\"has-text-align-center\" data-align=\"center\">30-01-2025<\/td><\/tr><\/tbody><\/table><\/figure>\n<\/div>\n<\/div>\n<\/div><\/div>\n<\/div>\n<\/div>\n\n\n\n<p><\/p>\n","protected":false},"excerpt":{"rendered":"<p>Plazo de alegaciones de la memoria\/entrevista de 5 d\u00edas h\u00e1biles, del 31 de enero de 2025 al 6 de febrero de 2025 Nombre Fichero Fecha Publicaci\u00f3n Anuncio BOPV conv. 13\/24 concurso provisional por Comisi\u00f3n de Servicios Jefe\/a Secci\u00f3n de Archivo y Gesti\u00f3n Documental 05-12-2024 Autobaremaci\u00f3n 09-12-2024 Bases conv. 13\/24 concurso provisi\u00f3n temporal por Comisi\u00f3n de &hellip; <\/p>\n<p class=\"link-more\"><a href=\"https:\/\/alzira.es\/es\/servicios-municipales\/recursos-humanos\/empleo-temporal\/convocatoria-13-2024-provision-temporal-por-comision-de-servicios-para-ocupar-un-puesto-vacante-de-jefe-a-de-seccion-de-archivo-y-gestion-documental\/\" class=\"more-link\">Continuar leyendo<span class=\"screen-reader-text\"> \u00abCONVOCATORIA 13\/2024 &#8211; PROVISI\u00d3N TEMPORAL POR COMISI\u00d3N DE SERVICIOS, PARA OCUPAR UN PUESTO VACANTE DE JEFE\/A DE SECCI\u00d3N DE ARCHIVO Y GESTI\u00d3N DOCUMENTAL\u00bb<\/span><\/a><\/p>\n","protected":false},"author":156,"featured_media":0,"parent":105760,"menu_order":0,"comment_status":"closed","ping_status":"closed","template":"","meta":{"_acf_changed":false,"footnotes":""},"class_list":["post-156255","page","type-page","status-publish","hentry"],"acf":[],"_links":{"self":[{"href":"https:\/\/alzira.es\/es\/wp-json\/wp\/v2\/pages\/156255","targetHints":{"allow":["GET"]}}],"collection":[{"href":"https:\/\/alzira.es\/es\/wp-json\/wp\/v2\/pages"}],"about":[{"href":"https:\/\/alzira.es\/es\/wp-json\/wp\/v2\/types\/page"}],"author":[{"embeddable":true,"href":"https:\/\/alzira.es\/es\/wp-json\/wp\/v2\/users\/156"}],"replies":[{"embeddable":true,"href":"https:\/\/alzira.es\/es\/wp-json\/wp\/v2\/comments?post=156255"}],"version-history":[{"count":1,"href":"https:\/\/alzira.es\/es\/wp-json\/wp\/v2\/pages\/156255\/revisions"}],"predecessor-version":[{"id":157916,"href":"https:\/\/alzira.es\/es\/wp-json\/wp\/v2\/pages\/156255\/revisions\/157916"}],"up":[{"embeddable":true,"href":"https:\/\/alzira.es\/es\/wp-json\/wp\/v2\/pages\/105760"}],"wp:attachment":[{"href":"https:\/\/alzira.es\/es\/wp-json\/wp\/v2\/media?parent=156255"}],"curies":[{"name":"wp","href":"https:\/\/api.w.org\/{rel}","templated":true}]}}