{"id":154714,"date":"2024-10-04T17:13:30","date_gmt":"2024-10-04T15:13:30","guid":{"rendered":"https:\/\/alzira.es\/abonament-teatral-alzira\/"},"modified":"2024-10-04T18:01:14","modified_gmt":"2024-10-04T16:01:14","slug":"abonament-teatral-alzira","status":"publish","type":"page","link":"https:\/\/alzira.es\/es\/abonament-teatral-alzira\/","title":{"rendered":"ABONAMENT TEATRAL ALZIRA"},"content":{"rendered":"\n<div class=\"wp-block-columns is-layout-flex wp-container-core-columns-is-layout-9d6595d7 wp-block-columns-is-layout-flex\">\n<div class=\"wp-block-column is-layout-flow wp-block-column-is-layout-flow\" style=\"flex-basis:10%\"><\/div>\n\n\n\n<div class=\"wp-block-column is-layout-flow wp-block-column-is-layout-flow\" style=\"flex-basis:80%\">\n<p>\ud83c\udfad Comen\u00e7a temporada de teatre.<br\/>\ud835\uddd4\ud835\uddd5\ud835\udde2\ud835\udde1\ud835\uddd4\ud835\udde0\ud835\uddd8\ud835\udde1\ud835\udde7 \ud835\udde7\ud835\uddd8\ud835\uddd4\ud835\udde7\ud835\udde5\ud835\uddd4\ud835\udddf \ud835\uddd4\ud835\udddf\ud835\udded\ud835\udddc\ud835\udde5\ud835\uddd4 \ud835\udde7\ud835\uddd4\ud835\udde5\ud835\uddd7\ud835\udde2\ud835\udde5 \ud835\udfee\ud835\udfec\ud835\udfee\ud835\udff0\u2757\ufe0f\u2757\ufe0f\u2757\ufe0f<br\/>\ud83c\udf9fPreu: 40 \u20ac \/ redu\u00efda per a carnet jove i jubilats: 30 \u20ac<br\/>\ud835\uddd6\ud835\uddfc\ud835\uddfa\ud835\uddfd\ud835\uddff\ud835\uddee \ud835\uddf1\ud835\uddf2 \ud835\uddf9\u2019\ud835\uddee\ud835\uddef\ud835\uddfc\ud835\uddfb\ud835\uddee\ud835\uddfa\ud835\uddf2\ud835\uddfb\ud835\ude01 \ud835\uddf1\ud835\uddf2\ud835\uddf9 \ud835\udfec\ud835\udff4\/\ud835\udfed\ud835\udfec\/\ud835\udfee\ud835\udff0 \ud835\uddee\ud835\uddf9 \ud835\udfed\ud835\udfec\/\ud835\udfed\ud835\udfec\/\ud835\udfee\ud835\udff0<\/p>\n\n\n\n<p>\u2705Internet <a href=\"http:\/\/www.notikumi.com\" target=\"_blank\" rel=\"noreferrer noopener\">www.notikumi.com<\/a> (a partir de les 21 hores del 08\/10\/24).<br\/>\u2705 Taquilla del Gran Teatre: dimarts i dijous de 19.30 a 21 hores.<\/p>\n\n\n\n<p>Entrades individuals dels espectacles inclosos en l\u2019abonament, a partir de les 21 hores del 10\/10\/24, tant per internet com en taquilla.\u2757\ufe0f\u2757\ufe0f\u2757\ufe0f<br\/><a href=\"https:\/\/www.notikumi.com\/2024\/10\/18\/abonament-tardor-2024\" target=\"_blank\" rel=\"noreferrer noopener\">https:\/\/www.notikumi.com\/2024\/10\/18\/abonament-tardor-2024<\/a><\/p>\n\n\n\n<p>\ud83d\udcc5<strong>Divendres 18 d\u2019octubre<\/strong><br\/>Gran Teatre a les 20.30 h \u23f0<br\/>TEATRE PER A JOVES I ADULTS<br\/>PARCH\u00cdS \ud83c\udfad<br\/>Direcci\u00f3 i text: Tom\u00e1s Verd\u00fa.<br\/>\ud83c\udf9fEntrades: 8 \u20ac (redu\u00efda carnet jove i jubilats: 6 \u20ac)<\/p>\n\n\n\n<p>\ud83d\udcc5<strong>Dijous 31 d\u2019octubre<\/strong><br\/>Gran Teatre d\u2019Alzira, a les 20.30 h \u23f0<br\/>TEATRE PER A JOVES I ADULTS<br\/>MARIA JUAN presenta<br\/>SENYORA DE LA COM\u00c8DIA \ud83c\udfad<br\/>\ud83c\udf9fEntrades: 8 \u20ac (redu\u00efda carnet jove i jubilats: 6 \u20ac)<\/p>\n\n\n\n<p><br\/>\ud83d\udcc5<strong>Divendres 15 de novembre.<\/strong><br\/>Gran Teatre d\u2019Alzira, a les 20.30 h \u23f0<br\/>DANSA \ud83e\ude70<br\/>VDF &#8211; Gira 2024<br\/>Val\u00e8ncia Dancing Forward<br\/>\ud83c\udf9fEntrades: 8 \u20ac (redu\u00efda carnet jove i jubilats: 6 \u20ac)<\/p>\n\n\n\n<p><br\/>\ud83d\udcc5<strong>Divendres 29 de novembre.<\/strong><br\/>Gran Teatre d\u2019Alzira, a les 20.30 h \u23f0<br\/>TEATRE MUSICAL PER A JOVES I ADULTS<br\/>L\u2019\u00daltim Toc Teatre presenta<br\/>L\u2019HOME ELEFANT \u2013 El musical \ud83c\udfad\ud83c\udfbc<br\/>\ud83c\udf9fEntrades: 8 \u20ac (redu\u00efda carnet jove i jubilats: 6 \u20ac)<\/p>\n\n\n\n<p><br\/>\ud83d\udcc5<strong>Divendres 20 de desembre.<\/strong><br\/>Gran Teatre d\u2019Alzira, a les 20.30 h \u23f0<br\/>TEATRE MUSICAL PER A JOVES I ADULTS<br\/>FRIENDS, THE MUSICAL PARODY \ud83c\udfad\ud83c\udfbc<br\/>\ud83c\udf9fEntrades: 15 \u20ac (redu\u00efda carnet jove i jubilats: 12 \u20ac)<\/p>\n\n\n\n<p><a href=\"https:\/\/www.notikumi.com\/2024\/10\/18\/abonament-tardor-2024\" target=\"_blank\" rel=\"noreferrer noopener\">https:\/\/www.notikumi.com\/2024\/10\/18\/abonament-tardor-2024<\/a><\/p>\n<\/div>\n\n\n\n<div class=\"wp-block-column is-layout-flow wp-block-column-is-layout-flow\" style=\"flex-basis:10%\"><\/div>\n<\/div>\n<figure><img decoding=\"async\" data-src=\"https:\/\/alzira.es\/wp-content\/uploads\/2024\/10\/abonament-teatral-759x1072.jpg\" alt=\"\" src=\"data:image\/svg+xml;base64,PHN2ZyB3aWR0aD0iMSIgaGVpZ2h0PSIxIiB4bWxucz0iaHR0cDovL3d3dy53My5vcmcvMjAwMC9zdmciPjwvc3ZnPg==\" class=\"lazyload\" style=\"--smush-placeholder-width: 759px; --smush-placeholder-aspect-ratio: 759\/1072;\" \/><\/figure>\n<p><a href=\"https:\/\/alzira.es\/wp-content\/uploads\/anual\/abonament-teatral.pdf\" target=\"_blank\" rel=\"noopener\"><img decoding=\"async\" title=\"\" data-src=\"https:\/\/alzira.es\/wp-content\/uploads\/anual\/abonament-teatral.png\" alt=\"ABONAMENT TEATRAL ALZIRA\" src=\"data:image\/svg+xml;base64,PHN2ZyB3aWR0aD0iMSIgaGVpZ2h0PSIxIiB4bWxucz0iaHR0cDovL3d3dy53My5vcmcvMjAwMC9zdmciPjwvc3ZnPg==\" class=\"lazyload\" \/> <\/a><\/p>\n","protected":false},"excerpt":{"rendered":"<p>\ud83c\udfad Comen\u00e7a temporada de teatre.\ud835\uddd4\ud835\uddd5\ud835\udde2\ud835\udde1\ud835\uddd4\ud835\udde0\ud835\uddd8\ud835\udde1\ud835\udde7 \ud835\udde7\ud835\uddd8\ud835\uddd4\ud835\udde7\ud835\udde5\ud835\uddd4\ud835\udddf \ud835\uddd4\ud835\udddf\ud835\udded\ud835\udddc\ud835\udde5\ud835\uddd4 \ud835\udde7\ud835\uddd4\ud835\udde5\ud835\uddd7\ud835\udde2\ud835\udde5 \ud835\udfee\ud835\udfec\ud835\udfee\ud835\udff0\u2757\ufe0f\u2757\ufe0f\u2757\ufe0f\ud83c\udf9fPreu: 40 \u20ac \/ redu\u00efda per a carnet jove i jubilats: 30 \u20ac\ud835\uddd6\ud835\uddfc\ud835\uddfa\ud835\uddfd\ud835\uddff\ud835\uddee \ud835\uddf1\ud835\uddf2 \ud835\uddf9\u2019\ud835\uddee\ud835\uddef\ud835\uddfc\ud835\uddfb\ud835\uddee\ud835\uddfa\ud835\uddf2\ud835\uddfb\ud835\ude01 \ud835\uddf1\ud835\uddf2\ud835\uddf9 \ud835\udfec\ud835\udff4\/\ud835\udfed\ud835\udfec\/\ud835\udfee\ud835\udff0 \ud835\uddee\ud835\uddf9 \ud835\udfed\ud835\udfec\/\ud835\udfed\ud835\udfec\/\ud835\udfee\ud835\udff0 \u2705Internet www.notikumi.com (a partir de les 21 hores del 08\/10\/24).\u2705 Taquilla del Gran Teatre: dimarts i dijous de 19.30 a 21 hores. Entrades individuals dels espectacles inclosos en &hellip; <\/p>\n<p class=\"link-more\"><a href=\"https:\/\/alzira.es\/es\/abonament-teatral-alzira\/\" class=\"more-link\">Continuar leyendo<span class=\"screen-reader-text\"> \u00abABONAMENT TEATRAL ALZIRA\u00bb<\/span><\/a><\/p>\n","protected":false},"author":29,"featured_media":0,"parent":0,"menu_order":0,"comment_status":"closed","ping_status":"closed","template":"","meta":{"_acf_changed":false,"footnotes":""},"class_list":["post-154714","page","type-page","status-publish","hentry"],"acf":[],"_links":{"self":[{"href":"https:\/\/alzira.es\/es\/wp-json\/wp\/v2\/pages\/154714","targetHints":{"allow":["GET"]}}],"collection":[{"href":"https:\/\/alzira.es\/es\/wp-json\/wp\/v2\/pages"}],"about":[{"href":"https:\/\/alzira.es\/es\/wp-json\/wp\/v2\/types\/page"}],"author":[{"embeddable":true,"href":"https:\/\/alzira.es\/es\/wp-json\/wp\/v2\/users\/29"}],"replies":[{"embeddable":true,"href":"https:\/\/alzira.es\/es\/wp-json\/wp\/v2\/comments?post=154714"}],"version-history":[{"count":1,"href":"https:\/\/alzira.es\/es\/wp-json\/wp\/v2\/pages\/154714\/revisions"}],"predecessor-version":[{"id":154715,"href":"https:\/\/alzira.es\/es\/wp-json\/wp\/v2\/pages\/154714\/revisions\/154715"}],"wp:attachment":[{"href":"https:\/\/alzira.es\/es\/wp-json\/wp\/v2\/media?parent=154714"}],"curies":[{"name":"wp","href":"https:\/\/api.w.org\/{rel}","templated":true}]}}