{"id":154624,"date":"2024-10-02T10:14:11","date_gmt":"2024-10-02T08:14:11","guid":{"rendered":"https:\/\/alzira.es\/servicios-municipales\/medioambiente\/jornada-de-gestion-municipal-de-la-prevencion-de-incendios-forestales-como-defender-el-bosque-y-tu-casa\/"},"modified":"2026-04-14T11:23:02","modified_gmt":"2026-04-14T09:23:02","slug":"gestion-municipal-de-la-prevencion-de-incendios-forestales","status":"publish","type":"page","link":"https:\/\/alzira.es\/es\/servicios-municipales\/servici-demergencia-climatica-i-projectes-estrategics\/jornades-i-esdeveniments\/gestion-municipal-de-la-prevencion-de-incendios-forestales\/","title":{"rendered":"Jornada de gesti\u00f3n municipal de la prevenci\u00f3n de incendios forestales: como defender el bosque y tu casa"},"content":{"rendered":"\t\t<div data-elementor-type=\"wp-page\" data-elementor-id=\"154624\" class=\"elementor elementor-154624 elementor-154600\">\n\t\t\t\t\t\t<section class=\"elementor-section elementor-top-section elementor-element elementor-element-f78bd0b elementor-section-boxed elementor-section-height-default elementor-section-height-default\" data-id=\"f78bd0b\" data-element_type=\"section\">\n\t\t\t\t\t\t<div class=\"elementor-container elementor-column-gap-default\">\n\t\t\t\t\t<div class=\"elementor-column elementor-col-33 elementor-top-column elementor-element elementor-element-8794b30\" data-id=\"8794b30\" data-element_type=\"column\">\n\t\t\t<div class=\"elementor-widget-wrap elementor-element-populated\">\n\t\t\t\t\t\t<div class=\"elementor-element elementor-element-26d6f4d elementor-widget elementor-widget-image\" data-id=\"26d6f4d\" data-element_type=\"widget\" data-widget_type=\"image.default\">\n\t\t\t\t<div class=\"elementor-widget-container\">\n\t\t\t\t\t\t\t\t\t\t\t\t\t\t\t\t<a href=\"https:\/\/alzira.es\/wp-content\/uploads\/2024\/10\/gestio-municipal-de-la-prevencio-d-incendis-forestals.pdf\" target=\"_blank\">\n\t\t\t\t\t\t\t<img fetchpriority=\"high\" decoding=\"async\" width=\"525\" height=\"296\" src=\"https:\/\/alzira.es\/wp-content\/uploads\/2024\/10\/GMPIF-cas.png\" class=\"attachment-large size-large wp-image-154626\" alt=\"Jornada de gesti\u00f3n municipal de la prevenci\u00f3n de incendios forestales: como defender el bosque y tu casa\" srcset=\"https:\/\/alzira.es\/wp-content\/uploads\/2024\/10\/GMPIF-cas.png 792w, https:\/\/alzira.es\/wp-content\/uploads\/2024\/10\/GMPIF-cas-680x384.png 680w, https:\/\/alzira.es\/wp-content\/uploads\/2024\/10\/GMPIF-cas-768x433.png 768w\" sizes=\"100vw\" \/>\t\t\t\t\t\t\t\t<\/a>\n\t\t\t\t\t\t\t\t\t\t\t\t\t\t\t<\/div>\n\t\t\t\t<\/div>\n\t\t\t\t\t<\/div>\n\t\t<\/div>\n\t\t\t\t<div class=\"elementor-column elementor-col-33 elementor-top-column elementor-element elementor-element-b02e914\" data-id=\"b02e914\" data-element_type=\"column\">\n\t\t\t<div class=\"elementor-widget-wrap elementor-element-populated\">\n\t\t\t\t\t\t<div class=\"elementor-element elementor-element-dc6019d elementor-widget elementor-widget-video\" data-id=\"dc6019d\" data-element_type=\"widget\" data-settings=\"{&quot;youtube_url&quot;:&quot;https:\\\/\\\/youtu.be\\\/mFa0IrMBqJE&quot;,&quot;video_type&quot;:&quot;youtube&quot;,&quot;controls&quot;:&quot;yes&quot;}\" data-widget_type=\"video.default\">\n\t\t\t\t<div class=\"elementor-widget-container\">\n\t\t\t\t\t\t\t<div class=\"elementor-wrapper elementor-open-inline\">\n\t\t\t<div class=\"elementor-video\"><\/div>\t\t<\/div>\n\t\t\t\t\t\t<\/div>\n\t\t\t\t<\/div>\n\t\t\t\t<div class=\"elementor-element elementor-element-3c9ccf5 elementor-widget elementor-widget-heading\" data-id=\"3c9ccf5\" data-element_type=\"widget\" data-widget_type=\"heading.default\">\n\t\t\t\t<div class=\"elementor-widget-container\">\n\t\t\t\t\t<h2 class=\"elementor-heading-title elementor-size-small\"><b>Ferran Dalmau.<\/b> <i>Los incendios forestales en el contexto de cambio clim\u00e1tico<\/i><\/h2>\t\t\t\t<\/div>\n\t\t\t\t<\/div>\n\t\t\t\t\t<\/div>\n\t\t<\/div>\n\t\t\t\t<div class=\"elementor-column elementor-col-33 elementor-top-column elementor-element elementor-element-289c812\" data-id=\"289c812\" data-element_type=\"column\">\n\t\t\t<div class=\"elementor-widget-wrap elementor-element-populated\">\n\t\t\t\t\t\t<div class=\"elementor-element elementor-element-c4ef2ef elementor-widget elementor-widget-video\" data-id=\"c4ef2ef\" data-element_type=\"widget\" data-settings=\"{&quot;youtube_url&quot;:&quot;https:\\\/\\\/youtu.be\\\/uC_P60GXTtM&quot;,&quot;video_type&quot;:&quot;youtube&quot;,&quot;controls&quot;:&quot;yes&quot;}\" data-widget_type=\"video.default\">\n\t\t\t\t<div class=\"elementor-widget-container\">\n\t\t\t\t\t\t\t<div class=\"elementor-wrapper elementor-open-inline\">\n\t\t\t<div class=\"elementor-video\"><\/div>\t\t<\/div>\n\t\t\t\t\t\t<\/div>\n\t\t\t\t<\/div>\n\t\t\t\t<div class=\"elementor-element elementor-element-5d90e0d elementor-widget elementor-widget-heading\" data-id=\"5d90e0d\" data-element_type=\"widget\" data-widget_type=\"heading.default\">\n\t\t\t\t<div class=\"elementor-widget-container\">\n\t\t\t\t\t<h2 class=\"elementor-heading-title elementor-size-small\"><b>Ram\u00f3n Bellido.<\/b> <i>Acciones llevadas a cabo desde la Diputaci\u00f3n de Val\u00e8ncia en prevenci\u00f3n de incendios forestales<\/i><\/h2>\t\t\t\t<\/div>\n\t\t\t\t<\/div>\n\t\t\t\t\t<\/div>\n\t\t<\/div>\n\t\t\t\t\t<\/div>\n\t\t<\/section>\n\t\t\t\t<section class=\"elementor-section elementor-top-section elementor-element elementor-element-25a720b elementor-section-boxed elementor-section-height-default elementor-section-height-default\" data-id=\"25a720b\" data-element_type=\"section\">\n\t\t\t\t\t\t<div class=\"elementor-container elementor-column-gap-default\">\n\t\t\t\t\t<div class=\"elementor-column elementor-col-33 elementor-top-column elementor-element elementor-element-13cb6db\" data-id=\"13cb6db\" data-element_type=\"column\">\n\t\t\t<div class=\"elementor-widget-wrap elementor-element-populated\">\n\t\t\t\t\t\t<div class=\"elementor-element elementor-element-b58b694 elementor-widget elementor-widget-video\" data-id=\"b58b694\" data-element_type=\"widget\" data-settings=\"{&quot;youtube_url&quot;:&quot;https:\\\/\\\/youtu.be\\\/evRxc5XQ5P8&quot;,&quot;video_type&quot;:&quot;youtube&quot;,&quot;controls&quot;:&quot;yes&quot;}\" data-widget_type=\"video.default\">\n\t\t\t\t<div class=\"elementor-widget-container\">\n\t\t\t\t\t\t\t<div class=\"elementor-wrapper elementor-open-inline\">\n\t\t\t<div class=\"elementor-video\"><\/div>\t\t<\/div>\n\t\t\t\t\t\t<\/div>\n\t\t\t\t<\/div>\n\t\t\t\t<div class=\"elementor-element elementor-element-272cf6f elementor-widget elementor-widget-heading\" data-id=\"272cf6f\" data-element_type=\"widget\" data-widget_type=\"heading.default\">\n\t\t\t\t<div class=\"elementor-widget-container\">\n\t\t\t\t\t<h2 class=\"elementor-heading-title elementor-size-small\"><b>Mario Romero.<\/b> <i>Nueva normativa en materia de prevenci\u00f3n de incendios forestales y las implicaciones a las zonas habitadas con interfaz urbano forestal<\/i><\/h2>\t\t\t\t<\/div>\n\t\t\t\t<\/div>\n\t\t\t\t\t<\/div>\n\t\t<\/div>\n\t\t\t\t<div class=\"elementor-column elementor-col-33 elementor-top-column elementor-element elementor-element-60aed79\" data-id=\"60aed79\" data-element_type=\"column\">\n\t\t\t<div class=\"elementor-widget-wrap elementor-element-populated\">\n\t\t\t\t\t\t<div class=\"elementor-element elementor-element-03190a6 elementor-widget elementor-widget-video\" data-id=\"03190a6\" data-element_type=\"widget\" data-settings=\"{&quot;youtube_url&quot;:&quot;https:\\\/\\\/youtu.be\\\/gChFSaF5_n4&quot;,&quot;video_type&quot;:&quot;youtube&quot;,&quot;controls&quot;:&quot;yes&quot;}\" data-widget_type=\"video.default\">\n\t\t\t\t<div class=\"elementor-widget-container\">\n\t\t\t\t\t\t\t<div class=\"elementor-wrapper elementor-open-inline\">\n\t\t\t<div class=\"elementor-video\"><\/div>\t\t<\/div>\n\t\t\t\t\t\t<\/div>\n\t\t\t\t<\/div>\n\t\t\t\t<div class=\"elementor-element elementor-element-7cfb29a elementor-widget elementor-widget-heading\" data-id=\"7cfb29a\" data-element_type=\"widget\" data-widget_type=\"heading.default\">\n\t\t\t\t<div class=\"elementor-widget-container\">\n\t\t\t\t\t<h2 class=\"elementor-heading-title elementor-size-small\"><b>Sergi Abril.<\/b> <i>El papel de los ayuntamientos a la prevenci\u00f3n de incendios forestales.<\/i><\/h2>\t\t\t\t<\/div>\n\t\t\t\t<\/div>\n\t\t\t\t\t<\/div>\n\t\t<\/div>\n\t\t\t\t<div class=\"elementor-column elementor-col-33 elementor-top-column elementor-element elementor-element-8b430b3\" data-id=\"8b430b3\" data-element_type=\"column\">\n\t\t\t<div class=\"elementor-widget-wrap elementor-element-populated\">\n\t\t\t\t\t\t<div class=\"elementor-element elementor-element-2fd51ce elementor-widget elementor-widget-video\" data-id=\"2fd51ce\" data-element_type=\"widget\" data-settings=\"{&quot;youtube_url&quot;:&quot;https:\\\/\\\/youtu.be\\\/WGzJ7zNoGr8&quot;,&quot;video_type&quot;:&quot;youtube&quot;,&quot;controls&quot;:&quot;yes&quot;}\" data-widget_type=\"video.default\">\n\t\t\t\t<div class=\"elementor-widget-container\">\n\t\t\t\t\t\t\t<div class=\"elementor-wrapper elementor-open-inline\">\n\t\t\t<div class=\"elementor-video\"><\/div>\t\t<\/div>\n\t\t\t\t\t\t<\/div>\n\t\t\t\t<\/div>\n\t\t\t\t<div class=\"elementor-element elementor-element-a8d760e elementor-widget elementor-widget-heading\" data-id=\"a8d760e\" data-element_type=\"widget\" data-widget_type=\"heading.default\">\n\t\t\t\t<div class=\"elementor-widget-container\">\n\t\t\t\t\t<h2 class=\"elementor-heading-title elementor-size-small\"><b>Marta Corella.<\/b> <i>La importancia de la gesti\u00f3n municipal en la prevenci\u00f3n de los Grandes Incendios forestales<\/i><\/h2>\t\t\t\t<\/div>\n\t\t\t\t<\/div>\n\t\t\t\t\t<\/div>\n\t\t<\/div>\n\t\t\t\t\t<\/div>\n\t\t<\/section>\n\t\t\t\t<\/div>\n\t\t","protected":false},"excerpt":{"rendered":"<p>Ferran Dalmau. Los incendios forestales en el contexto de cambio clim\u00e1tico Ram\u00f3n Bellido. Acciones llevadas a cabo desde la Diputaci\u00f3n de Val\u00e8ncia en prevenci\u00f3n de incendios forestales Mario Romero. Nueva normativa en materia de prevenci\u00f3n de incendios forestales y las implicaciones a las zonas habitadas con interfaz urbano forestal Sergi Abril. El papel de los &hellip; <\/p>\n<p class=\"link-more\"><a href=\"https:\/\/alzira.es\/es\/servicios-municipales\/servici-demergencia-climatica-i-projectes-estrategics\/jornades-i-esdeveniments\/gestion-municipal-de-la-prevencion-de-incendios-forestales\/\" class=\"more-link\">Continuar leyendo<span class=\"screen-reader-text\"> \u00abJornada de gesti\u00f3n municipal de la prevenci\u00f3n de incendios forestales: como defender el bosque y tu casa\u00bb<\/span><\/a><\/p>\n","protected":false},"author":29,"featured_media":0,"parent":169519,"menu_order":0,"comment_status":"closed","ping_status":"closed","template":"","meta":{"_acf_changed":false,"footnotes":""},"class_list":["post-154624","page","type-page","status-publish","hentry"],"acf":[],"_links":{"self":[{"href":"https:\/\/alzira.es\/es\/wp-json\/wp\/v2\/pages\/154624","targetHints":{"allow":["GET"]}}],"collection":[{"href":"https:\/\/alzira.es\/es\/wp-json\/wp\/v2\/pages"}],"about":[{"href":"https:\/\/alzira.es\/es\/wp-json\/wp\/v2\/types\/page"}],"author":[{"embeddable":true,"href":"https:\/\/alzira.es\/es\/wp-json\/wp\/v2\/users\/29"}],"replies":[{"embeddable":true,"href":"https:\/\/alzira.es\/es\/wp-json\/wp\/v2\/comments?post=154624"}],"version-history":[{"count":2,"href":"https:\/\/alzira.es\/es\/wp-json\/wp\/v2\/pages\/154624\/revisions"}],"predecessor-version":[{"id":154630,"href":"https:\/\/alzira.es\/es\/wp-json\/wp\/v2\/pages\/154624\/revisions\/154630"}],"up":[{"embeddable":true,"href":"https:\/\/alzira.es\/es\/wp-json\/wp\/v2\/pages\/169519"}],"wp:attachment":[{"href":"https:\/\/alzira.es\/es\/wp-json\/wp\/v2\/media?parent=154624"}],"curies":[{"name":"wp","href":"https:\/\/api.w.org\/{rel}","templated":true}]}}