{"id":154504,"date":"2024-10-01T10:12:54","date_gmt":"2024-10-01T08:12:54","guid":{"rendered":"https:\/\/alzira.es\/?page_id=154504"},"modified":"2026-03-20T18:54:37","modified_gmt":"2026-03-20T17:54:37","slug":"convocatoria-10-2023-seleccion-en-propiedad-de-una-plaza-de-maestro-o-maestra-de-la-escuela-infantil-municipal-personal-funcionario-administracion-especial-por-el-sistema-de-concurso-oposicion-lib","status":"publish","type":"page","link":"https:\/\/alzira.es\/es\/servicios-municipales\/recursos-humanos\/empleo-permanente\/convocatoria-10-2023-seleccion-en-propiedad-de-una-plaza-de-maestro-o-maestra-de-la-escuela-infantil-municipal-personal-funcionario-administracion-especial-por-el-sistema-de-concurso-oposicion-lib\/","title":{"rendered":"CONVOCATORIA 10\/2023.- Selecci\u00f3n en propiedad de UNA plaza de Maestro o Maestra de Escuela Infantil Municipal, personal funcionario administraci\u00f3n especial, por el sistema de concurso oposici\u00f3n libre."},"content":{"rendered":"\n<p><strong>NOVEDADES: <\/strong><\/p>\n\n\n\n<p class=\"has-text-align-left\"><strong>NOVEDADES: Decreto de constituci\u00f3n y orden de llamamiento de la bolsa. <\/strong>Consultad el documento.<\/p>\n\n\n\n<p>Sede Electr\u00f3nica: <a href=\"https:\/\/sedeelectronica.alzira.es\/PortalCiudadano\/tramites\/browser.do#no-back-button\">Ajuntament d&#8217;Alzira<\/a><\/p>\n\n\n<p><strong style=\"font-size: revert;\">DOCUMENTOS DEL EXPEDIENTE:<\/strong><\/p>\n\n\n<figure class=\"wp-block-table is-style-stripes\"><table class=\"has-background\" style=\"background:linear-gradient(90deg,rgb(238,238,238) 46%,rgb(169,184,195) 100%)\"><thead><tr><th>Nombre Fichero<\/th><th>Fecha Publicaci\u00f3n<\/th><\/tr><\/thead><tbody><tr><td><a href=\"https:\/\/alzira.es\/wp-content\/uploads\/2026\/03\/0320d0477-Decret-orde-final-de-borsa-Mestra-Educacio-Infantil.pdf\" type=\"link\" id=\"https:\/\/alzira.es\/wp-content\/uploads\/2026\/03\/0320d0477-Decret-orde-final-de-borsa-Mestra-Educacio-Infantil.pdf\" target=\"_blank\" rel=\"noreferrer noopener\">Decreto de constituci\u00f3n y orden final de bolsa<\/a><\/td><td>20\/03\/2026<\/td><\/tr><tr><td><a href=\"https:\/\/alzira.es\/wp-content\/uploads\/2023\/03\/30-Edicte-resultats-provisionals-baremacio-Mestre-a-Escola-Inf-conv.-10-23.pdf\">Edicto resultados provisionales m\u00e9ritos fase concurso<\/a><\/td><td>04\/12\/2025<\/td><\/tr><tr><td><a href=\"https:\/\/alzira.es\/wp-content\/uploads\/2023\/03\/28-Edicte-ID-aspirants-valencia-i-inici-merits-Mestre-a-Escola-Inf-conv.-10-23.pdf\" target=\"_blank\" rel=\"noreferrer noopener\">Edicto ID apertura sobre valenciano, inicio plazo baremaci\u00f3n<\/a><\/td><td>15\/10\/2025<\/td><\/tr><tr><td><a href=\"https:\/\/alzira.es\/wp-content\/uploads\/2023\/03\/26-Edicte-resultats-provisionals-Mestre-a-Escola-Inf-conv.-10-23.pdf\" target=\"_blank\" rel=\"noreferrer noopener\">Edicto resultados provisionales Proyecto y prueba de valenciano<\/a><\/td><td>26\/09\/2025<\/td><\/tr><tr><td><a href=\"https:\/\/alzira.es\/wp-content\/uploads\/2023\/03\/24-ok-Edicte-qualificacio-i-revisio-sup-practics-Mestre-a-Escola-Inf-conv.-10-23.pdf\" target=\"_blank\" rel=\"noreferrer noopener\">Edicto resultados provisionales supuestos, fecha proyecto y prueba valenciano<\/a><\/td><td>17\/09\/2025<\/td><\/tr><tr><td><a href=\"https:\/\/alzira.es\/wp-content\/uploads\/2023\/03\/20-Edicte-identificacio-prova-TEST-Mestre-a-Escola-Inf-conv.-10-23.pdf\" target=\"_blank\" rel=\"noreferrer noopener\">Edicto identificaci\u00f3n aspirantes prueba test <\/a><\/td><td>08\/07\/2025<\/td><\/tr><tr><td><a href=\"https:\/\/alzira.es\/wp-content\/uploads\/2025\/07\/Edicte-resultats-definitius-prova-TEST-Mestre-a-Escola-Inf-conv.-10-23.pdf\" target=\"_blank\" rel=\"noreferrer noopener\">Edicto notas definitivas test, fecha ejercicio pr\u00e1ctico y apertura sobre identificaci\u00f3n<\/a><\/td><td>04\/07\/2025<\/td><\/tr><tr><td><a href=\"https:\/\/alzira.es\/wp-content\/uploads\/2023\/03\/NOTA-informativa-plantilla-respostes-test-Mestre-a.pdf\" target=\"_blank\" rel=\"noreferrer noopener\">Plantilla de respuestas celebradas el d\u00eda 03\/06\/2025<\/a><\/td><td>12\/06\/2025<\/td><\/tr><tr><td><a href=\"https:\/\/alzira.es\/wp-content\/uploads\/2023\/03\/Edicte-resultats-provisionals-prova-TEST-Mestre-a-Escola-Inf-conv.-10-23.pdf\" target=\"_blank\" rel=\"noreferrer noopener\">Edicto resultados provisionales prueba test del d\u00eda 03-06-2025<\/a><\/td><td>06\/06\/2025<\/td><\/tr><tr><td><a href=\"https:\/\/alzira.es\/wp-content\/uploads\/2023\/03\/0506d0556-Decret-llista-definitiva-admisio-i-data-examen.pdf\" target=\"_blank\" rel=\"noreferrer noopener\">Decreto lista definitiva de personas admitidas<\/a><\/td><td>06\/05\/2025<\/td><\/tr><tr><td><a href=\"https:\/\/alzira.es\/wp-content\/uploads\/2023\/03\/Decret-llistat-provisional-admesos-Mestre-a.pdf\">Decreto lista provisional de personas admitidas<\/a><\/td><td>10\/12\/2024<\/td><\/tr><tr><td><a href=\"https:\/\/alzira.es\/wp-content\/uploads\/2024\/11\/11-Publicacion-plazo-BOE-A-2024-23128-71124.pdf\">Anuncio BOE plazo de instancias Maestro\/a EIMA<\/a><\/td><td>07\/11\/2024<\/td><\/tr><tr><td><a href=\"https:\/\/alzira.es\/wp-content\/uploads\/2023\/03\/10_publicacio-DOGV-rectificacio-bases-1.pdf\">Anuncio DOGV extracto bases Maestro \/a EIMA<\/a><\/td><td>31\/10\/2024<\/td><\/tr><tr><td><a href=\"https:\/\/alzira.es\/wp-content\/uploads\/2023\/03\/09_Bases-definitives-MESTRE-EDUCACIO-INFANTIL-EIMA-JGL-231024.pdf\">Documento unificado Bases definitivas Maestro\/a JGL 23.10.24<\/a><\/td><td>28\/10\/2024<\/td><\/tr><tr><td><a href=\"https:\/\/alzira.es\/wp-content\/uploads\/2024\/10\/AUTOBAREMACIO-Mestre-a-conv-10-23-1.xlsx\">Autobaremaci\u00f3n<\/a><\/td><td>16\/10\/2024<\/td><\/tr><tr><td><a href=\"https:\/\/alzira.es\/wp-content\/uploads\/2023\/03\/06-Publicacio-BOP-rectificacio-bases.pdf\">Anuncio BOPV rectificaci\u00f3n convocatoria y bases espec\u00edficas<\/a><\/td><td>07\/10\/2024<\/td><\/tr><tr><td><a href=\"https:\/\/alzira.es\/wp-content\/uploads\/2024\/10\/06_Certificat-rectificacio-bases.-Punt-22-18-09-24.pdf\">Certificado JGL 18\/09\/2024 aprobaci\u00f3n rectificaci\u00f3n bases espec\u00edficas plaza Maestro\/a EIMA, personal funcionario, administraci\u00f3n especial<\/a><\/td><td>01\/10\/2024<\/td><\/tr><tr><td><a href=\"https:\/\/alzira.es\/wp-content\/uploads\/2023\/03\/02-Publicacio_BOP_rectificacio-RLT-mestre-a-27062024.pdf\">Anuncio BOPV modificaci\u00f3n RPT n\u00fam. 40221<\/a><\/td><td>27\/06\/2024<\/td><\/tr><tr><td><a href=\"https:\/\/alzira.es\/wp-content\/uploads\/2024\/10\/01-Certificats-PLE-canvi-RLT-mestra.pdf\">Certificado Pleno rectificaci\u00f3n naturaleza plaza Maestro\/a a personal funcionario, administraci\u00f3n especial, subgrupo A2<\/a><\/td><td>29\/05\/2024<\/td><\/tr><tr><td><a href=\"https:\/\/alzira.es\/wp-content\/uploads\/2023\/03\/05_Publicacio_BOP_bases-Mestre-a-Educacio-Infantil-LLIURE-11122023.pdf\">Anuncio BOPV convocatoria y bases espec\u00edficas<\/a><\/td><td>11\/12\/2023<\/td><\/tr><tr><td><a href=\"https:\/\/alzira.es\/wp-content\/uploads\/2024\/10\/03_Decreto-aprobacion-bases-MESTRE-EDUCACIO-INFANTIL-eima-LLIURE-2.pdf\">Decreto aprobaci\u00f3n bases espec\u00edficas plaza Maestro\/a EIMA, personal laboral, por el sistema de concurso oposici\u00f3n libre<\/a><\/td><td>05\/12\/2023<\/td><\/tr><\/tbody><\/table><\/figure>\n\n\n\n<p><\/p>\n","protected":false},"excerpt":{"rendered":"<p>NOVEDADES: NOVEDADES: Decreto de constituci\u00f3n y orden de llamamiento de la bolsa. Consultad el documento. Sede Electr\u00f3nica: Ajuntament d&#8217;Alzira DOCUMENTOS DEL EXPEDIENTE: Nombre Fichero Fecha Publicaci\u00f3n Decreto de constituci\u00f3n y orden final de bolsa 20\/03\/2026 Edicto resultados provisionales m\u00e9ritos fase concurso 04\/12\/2025 Edicto ID apertura sobre valenciano, inicio plazo baremaci\u00f3n 15\/10\/2025 Edicto resultados provisionales Proyecto &hellip; <\/p>\n<p class=\"link-more\"><a href=\"https:\/\/alzira.es\/es\/servicios-municipales\/recursos-humanos\/empleo-permanente\/convocatoria-10-2023-seleccion-en-propiedad-de-una-plaza-de-maestro-o-maestra-de-la-escuela-infantil-municipal-personal-funcionario-administracion-especial-por-el-sistema-de-concurso-oposicion-lib\/\" class=\"more-link\">Continuar leyendo<span class=\"screen-reader-text\"> \u00abCONVOCATORIA 10\/2023.- Selecci\u00f3n en propiedad de UNA plaza de Maestro o Maestra de Escuela Infantil Municipal, personal funcionario administraci\u00f3n especial, por el sistema de concurso oposici\u00f3n libre.\u00bb<\/span><\/a><\/p>\n","protected":false},"author":156,"featured_media":0,"parent":105851,"menu_order":0,"comment_status":"closed","ping_status":"closed","template":"","meta":{"_acf_changed":false,"footnotes":""},"class_list":["post-154504","page","type-page","status-publish","hentry"],"acf":[],"_links":{"self":[{"href":"https:\/\/alzira.es\/es\/wp-json\/wp\/v2\/pages\/154504","targetHints":{"allow":["GET"]}}],"collection":[{"href":"https:\/\/alzira.es\/es\/wp-json\/wp\/v2\/pages"}],"about":[{"href":"https:\/\/alzira.es\/es\/wp-json\/wp\/v2\/types\/page"}],"author":[{"embeddable":true,"href":"https:\/\/alzira.es\/es\/wp-json\/wp\/v2\/users\/156"}],"replies":[{"embeddable":true,"href":"https:\/\/alzira.es\/es\/wp-json\/wp\/v2\/comments?post=154504"}],"version-history":[{"count":2,"href":"https:\/\/alzira.es\/es\/wp-json\/wp\/v2\/pages\/154504\/revisions"}],"predecessor-version":[{"id":169349,"href":"https:\/\/alzira.es\/es\/wp-json\/wp\/v2\/pages\/154504\/revisions\/169349"}],"up":[{"embeddable":true,"href":"https:\/\/alzira.es\/es\/wp-json\/wp\/v2\/pages\/105851"}],"wp:attachment":[{"href":"https:\/\/alzira.es\/es\/wp-json\/wp\/v2\/media?parent=154504"}],"curies":[{"name":"wp","href":"https:\/\/api.w.org\/{rel}","templated":true}]}}