{"id":154497,"date":"2024-09-30T10:20:06","date_gmt":"2024-09-30T08:20:06","guid":{"rendered":"https:\/\/alzira.es\/servicios-municipales\/servicios-sociales\/mapa-de-activos-de-alzira-sobre-envejecimiento-saludable\/"},"modified":"2024-10-18T13:14:18","modified_gmt":"2024-10-18T11:14:18","slug":"mapa-de-activos-de-alzira-sobre-envejecimiento-saludable","status":"publish","type":"page","link":"https:\/\/alzira.es\/es\/servicios-municipales\/servicios-sociales\/mapa-de-activos-de-alzira-sobre-envejecimiento-saludable\/","title":{"rendered":"Mapa de activos de Alzira sobre envejecimiento saludable"},"content":{"rendered":"\t\t<div data-elementor-type=\"wp-page\" data-elementor-id=\"154497\" class=\"elementor elementor-154497 elementor-154326\">\n\t\t\t\t\t\t<section class=\"elementor-section elementor-top-section elementor-element elementor-element-779d192 elementor-section-boxed elementor-section-height-default elementor-section-height-default\" data-id=\"779d192\" data-element_type=\"section\">\n\t\t\t\t\t\t<div class=\"elementor-container elementor-column-gap-default\">\n\t\t\t\t\t<div class=\"elementor-column elementor-col-100 elementor-top-column elementor-element elementor-element-efbe73c\" data-id=\"efbe73c\" data-element_type=\"column\">\n\t\t\t<div class=\"elementor-widget-wrap elementor-element-populated\">\n\t\t\t\t\t\t<div class=\"elementor-element elementor-element-c041480 elementor-widget elementor-widget-text-editor\" data-id=\"c041480\" data-element_type=\"widget\" data-widget_type=\"text-editor.default\">\n\t\t\t\t<div class=\"elementor-widget-container\">\n\t\t\t\t\t\t\t\t\t<p>El mapa \u201cActivos para salud &#8211; Envejecimiento Activo\u00bb es una herramienta para conocer cu\u00e1les son los recursos para un envejecimiento saludable que existen en el municipio de Alzira y que fueron identificados como activos para la salud, por su capacidad para mantener la salud y el bienestar y ayudar a reducir desigualdades en salud.<\/p>\n<p>Los recursos identificados se muestran distribuidos en siete categor\u00edas:<\/p>\n<p style=\"padding-left: 40px;\">1) promoci\u00f3n en general de la salud y el bienestar;<br \/>\n2) actividad f\u00edsica y deportiva;<br \/>\n3) espacios f\u00edsicos y\/o naturales;<br \/>\n4) actividades culturales;<br \/>\n5) actividades educativas;<br \/>\n6) ocio y entretenimiento;<br \/>\n7) recursos de la econom\u00eda local y comercios que contribuyen a la promoci\u00f3n del envejecimiento saludable.<\/p>\n<p>En el desplegable de cada recurso, figura sus caracter\u00edsticas y la raz\u00f3n atribuida por la poblaci\u00f3n y\/o profesionales para ser considerado un activo.<\/p>\n<p>Esta herramienta est\u00e1 pensada para ser utilizada por la poblaci\u00f3n y por profesionales para la prescripci\u00f3n social de activos.<\/p>\n<p>Los recursos que figuran son el resultado de una investigaci\u00f3n-acci\u00f3n participativa llevada a cabo en el contexto del Projecte RIU \u201cUn riu de cultures, un riu de salut\u201d del Centro de Salud P\u00fablica de Alzira, la Fundaci\u00f3n para el Fomento de la Investigaci\u00f3n Sanitaria y Biom\u00e9dica de la Comunitat Valenciana, FISABIO, y la Regidoria de Serveis Socials, Igualtat, Pol\u00edtiques Inclusives i Habitatge del Ayuntamiento de Alzira.<\/p>\n<p>Los recursos del mapa fueron identificados por la poblaci\u00f3n y profesionales de salud p\u00fablica, asistencia sanitaria y servicios sociales de Alzira. El estudio fue realizado entre marzo de 2023 y septiembre de 2024.<\/p>\n\t\t\t\t\t\t\t\t<\/div>\n\t\t\t\t<\/div>\n\t\t\t\t\t<\/div>\n\t\t<\/div>\n\t\t\t\t\t<\/div>\n\t\t<\/section>\n\t\t\t\t<section class=\"elementor-section elementor-top-section elementor-element elementor-element-28a3c663 elementor-section-boxed elementor-section-height-default elementor-section-height-default\" data-id=\"28a3c663\" data-element_type=\"section\">\n\t\t\t\t\t\t<div class=\"elementor-container elementor-column-gap-default\">\n\t\t\t\t\t<div class=\"elementor-column elementor-col-100 elementor-top-column elementor-element elementor-element-1796da21\" data-id=\"1796da21\" data-element_type=\"column\">\n\t\t\t<div class=\"elementor-widget-wrap elementor-element-populated\">\n\t\t\t\t\t\t<div class=\"elementor-element elementor-element-6c8580cb elementor-widget elementor-widget-text-editor\" data-id=\"6c8580cb\" data-element_type=\"widget\" data-widget_type=\"text-editor.default\">\n\t\t\t\t<div class=\"elementor-widget-container\">\n\t\t\t\t\t\t\t\t\t<p><iframe data-src=\"https:\/\/www.google.com\/maps\/d\/embed?mid=1zRNubZc9R4_VOQVOcDlJGBFc1NlxM7Y&amp;ehbc=2E312F\" width=\"640\" height=\"480\" src=\"data:image\/svg+xml;base64,PHN2ZyB3aWR0aD0iMSIgaGVpZ2h0PSIxIiB4bWxucz0iaHR0cDovL3d3dy53My5vcmcvMjAwMC9zdmciPjwvc3ZnPg==\" class=\"lazyload\" data-load-mode=\"1\"><\/iframe><\/p>\n\t\t\t\t\t\t\t\t<\/div>\n\t\t\t\t<\/div>\n\t\t\t\t\t<\/div>\n\t\t<\/div>\n\t\t\t\t\t<\/div>\n\t\t<\/section>\n\t\t\t\t<section class=\"elementor-section elementor-top-section elementor-element elementor-element-a38081f elementor-section-boxed elementor-section-height-default elementor-section-height-default\" data-id=\"a38081f\" data-element_type=\"section\">\n\t\t\t\t\t\t<div class=\"elementor-container elementor-column-gap-default\">\n\t\t\t\t\t<div class=\"elementor-column elementor-col-66 elementor-top-column elementor-element elementor-element-60e2439\" data-id=\"60e2439\" data-element_type=\"column\">\n\t\t\t<div class=\"elementor-widget-wrap elementor-element-populated\">\n\t\t\t\t\t\t<div class=\"elementor-element elementor-element-456eb52 elementor-widget elementor-widget-image\" data-id=\"456eb52\" data-element_type=\"widget\" data-widget_type=\"image.default\">\n\t\t\t\t<div class=\"elementor-widget-container\">\n\t\t\t\t\t\t\t\t\t\t\t\t\t\t\t<img decoding=\"async\" width=\"525\" height=\"90\" data-src=\"https:\/\/alzira.es\/wp-content\/uploads\/2024\/09\/fisabio-gva-1430x245.png\" class=\"attachment-large size-large wp-image-154348 lazyload\" alt=\"GVA Fisabio\" data-srcset=\"https:\/\/alzira.es\/wp-content\/uploads\/2024\/09\/fisabio-gva-1430x245.png 1430w, https:\/\/alzira.es\/wp-content\/uploads\/2024\/09\/fisabio-gva-680x117.png 680w, https:\/\/alzira.es\/wp-content\/uploads\/2024\/09\/fisabio-gva-768x132.png 768w, https:\/\/alzira.es\/wp-content\/uploads\/2024\/09\/fisabio-gva-1536x264.png 1536w, https:\/\/alzira.es\/wp-content\/uploads\/2024\/09\/fisabio-gva-2048x352.png 2048w\" data-sizes=\"100vw\" src=\"data:image\/svg+xml;base64,PHN2ZyB3aWR0aD0iMSIgaGVpZ2h0PSIxIiB4bWxucz0iaHR0cDovL3d3dy53My5vcmcvMjAwMC9zdmciPjwvc3ZnPg==\" style=\"--smush-placeholder-width: 525px; --smush-placeholder-aspect-ratio: 525\/90;\" \/>\t\t\t\t\t\t\t\t\t\t\t\t\t\t\t<\/div>\n\t\t\t\t<\/div>\n\t\t\t\t\t<\/div>\n\t\t<\/div>\n\t\t\t\t<div class=\"elementor-column elementor-col-33 elementor-top-column elementor-element elementor-element-4328909\" data-id=\"4328909\" data-element_type=\"column\">\n\t\t\t<div class=\"elementor-widget-wrap elementor-element-populated\">\n\t\t\t\t\t\t<div class=\"elementor-element elementor-element-8ddfd22 elementor-widget elementor-widget-image\" data-id=\"8ddfd22\" data-element_type=\"widget\" data-widget_type=\"image.default\">\n\t\t\t\t<div class=\"elementor-widget-container\">\n\t\t\t\t\t\t\t\t\t\t\t\t\t\t\t<img fetchpriority=\"high\" decoding=\"async\" width=\"527\" height=\"174\" src=\"https:\/\/alzira.es\/wp-content\/uploads\/2024\/09\/escudo_alzira2_negro.png\" class=\"attachment-medium size-medium wp-image-154331\" alt=\"AJUNTAMENT D&#039;ALZIRA (Regidoria de Serveis Socials)\" sizes=\"100vw\" \/>\t\t\t\t\t\t\t\t\t\t\t\t\t\t\t<\/div>\n\t\t\t\t<\/div>\n\t\t\t\t\t<\/div>\n\t\t<\/div>\n\t\t\t\t\t<\/div>\n\t\t<\/section>\n\t\t\t\t<\/div>\n\t\t","protected":false},"excerpt":{"rendered":"<p>El mapa \u201cActivos para salud &#8211; Envejecimiento Activo\u00bb es una herramienta para conocer cu\u00e1les son los recursos para un envejecimiento saludable que existen en el municipio de Alzira y que fueron identificados como activos para la salud, por su capacidad para mantener la salud y el bienestar y ayudar a reducir desigualdades en salud. Los &hellip; <\/p>\n<p class=\"link-more\"><a href=\"https:\/\/alzira.es\/es\/servicios-municipales\/servicios-sociales\/mapa-de-activos-de-alzira-sobre-envejecimiento-saludable\/\" class=\"more-link\">Continuar leyendo<span class=\"screen-reader-text\"> \u00abMapa de activos de Alzira sobre envejecimiento saludable\u00bb<\/span><\/a><\/p>\n","protected":false},"author":29,"featured_media":0,"parent":6448,"menu_order":0,"comment_status":"closed","ping_status":"closed","template":"","meta":{"_acf_changed":false,"footnotes":""},"class_list":["post-154497","page","type-page","status-publish","hentry"],"acf":[],"_links":{"self":[{"href":"https:\/\/alzira.es\/es\/wp-json\/wp\/v2\/pages\/154497","targetHints":{"allow":["GET"]}}],"collection":[{"href":"https:\/\/alzira.es\/es\/wp-json\/wp\/v2\/pages"}],"about":[{"href":"https:\/\/alzira.es\/es\/wp-json\/wp\/v2\/types\/page"}],"author":[{"embeddable":true,"href":"https:\/\/alzira.es\/es\/wp-json\/wp\/v2\/users\/29"}],"replies":[{"embeddable":true,"href":"https:\/\/alzira.es\/es\/wp-json\/wp\/v2\/comments?post=154497"}],"version-history":[{"count":2,"href":"https:\/\/alzira.es\/es\/wp-json\/wp\/v2\/pages\/154497\/revisions"}],"predecessor-version":[{"id":155115,"href":"https:\/\/alzira.es\/es\/wp-json\/wp\/v2\/pages\/154497\/revisions\/155115"}],"up":[{"embeddable":true,"href":"https:\/\/alzira.es\/es\/wp-json\/wp\/v2\/pages\/6448"}],"wp:attachment":[{"href":"https:\/\/alzira.es\/es\/wp-json\/wp\/v2\/media?parent=154497"}],"curies":[{"name":"wp","href":"https:\/\/api.w.org\/{rel}","templated":true}]}}