{"id":153437,"date":"2024-08-20T12:05:06","date_gmt":"2024-08-20T10:05:06","guid":{"rendered":"https:\/\/alzira.es\/?page_id=153437"},"modified":"2025-04-15T09:46:32","modified_gmt":"2025-04-15T07:46:32","slug":"convocatoria-05-2024-bolsa-de-trabajo-por-el-sistema-de-concurso-oposicion-de-tecnico-a-de-integracion-social-tis","status":"publish","type":"page","link":"https:\/\/alzira.es\/es\/servicios-municipales\/recursos-humanos\/empleo-temporal\/convocatoria-05-2024-bolsa-de-trabajo-por-el-sistema-de-concurso-oposicion-de-tecnico-a-de-integracion-social-tis\/","title":{"rendered":"CONVOCATORIA 05\/2024 \u2013 BOLSA DE TRABAJO por el sistema de concurso oposici\u00f3n de T\u00e9cnico\/a de Integraci\u00f3n Social (TIS)."},"content":{"rendered":"\n<p><strong>NOVEDAD<\/strong>: publicaci\u00f3n <strong>orden definitivo bolsa TIS<\/strong>.<\/p>\n\n\n<p><strong>DOCUMENTOS DEL EXPEDIENTE:<\/strong><\/p>\n\n\n<figure class=\"wp-block-table\"><table><tbody><tr><td><strong>Nombre&nbsp; Fichero<\/strong><\/td><td><strong>Fecha Publicaci\u00f3n<\/strong><\/td><\/tr><tr><td><a href=\"https:\/\/alzira.es\/wp-content\/uploads\/2024\/08\/04-Decret-borsa-TIS-signat.pdf\">Bases bolsa trabajo T\u00e9cnico\/a de Integraci\u00f3n Social (TIS).<\/a><\/td><td>20\/08\/2024<\/td><\/tr><tr><td><a href=\"https:\/\/alzira.es\/wp-content\/uploads\/2023\/03\/TIS-AUTOBAREMACIO-conv-05-24.xlsx\">Hoja de autobaremaci\u00f3n.<\/a><\/td><td>20\/08\/2024<\/td><\/tr><tr><td><a href=\"https:\/\/alzira.es\/wp-content\/uploads\/2023\/03\/Anunci-2024_11948_BOPV-23082024-Borsa-TIS.pdf\">Anuncio BOPV bases y plazo de instancias bolsa TIS.<\/a><\/td><td>23\/08\/2024<\/td><\/tr><tr><td><a href=\"https:\/\/alzira.es\/wp-content\/uploads\/2023\/03\/12-Decret-llistat-provisional-personal-admes-i-exclos-Borsa-TIS-signat-1.pdf\">Decreto lista provisional personal admitido y excluido bolsa TIS.<\/a><\/td><td>16\/10\/2024<\/td><\/tr><tr><td><a href=\"https:\/\/alzira.es\/wp-content\/uploads\/2023\/03\/Decret-llistat-definitiu-i-data-examen-Borsa-TIS.pdf\">Decreto lista definitiva y fecha bolsa TIS<\/a><\/td><td>08\/11\/2024<\/td><\/tr><tr><td><a href=\"https:\/\/alzira.es\/wp-content\/uploads\/2023\/03\/15-NOTA-informativa-plantilles-respostes-test-suposit-practic-TIS-conv.05-24.pdf\">Nota informativa: plantillas respuestas supuesto test TIS<\/a><\/td><td>02\/12\/2024<\/td><\/tr><tr><td><a href=\"https:\/\/alzira.es\/wp-content\/uploads\/2023\/03\/15-Edicte-resultats-provisionals-test-sup_sit-pr_ctic-TIS-conv.-05-24-signat.pdf\">Edicto resultados provisionales test supuesto te\u00f3rico-pr\u00e1ctico TIS<\/a><\/td><td>04\/12\/2024<\/td><\/tr><tr><td><a href=\"https:\/\/alzira.es\/wp-content\/uploads\/2025\/01\/17-Edicte-resultats-definitius-test-sup_sit-pr_ctic-TIS-i-data-obertura-sobre-identificatiu-noms-signat.pdf\">Edicto resultados definitivos test y fecha apertura sobre ID TIS<\/a><\/td><td>13\/01\/2025<\/td><\/tr><tr><td><a href=\"https:\/\/alzira.es\/wp-content\/uploads\/2025\/01\/19-Edicte-ID-obertura-sobres-i-data-entrevistes-TIS-05-24-signat.pdf\">Edicto identificaci\u00f3n aspirantes y fecha entrevistas TIS<\/a><\/td><td>16\/01\/2025<\/td><\/tr><tr><td><a href=\"https:\/\/alzira.es\/wp-content\/uploads\/2023\/03\/21-Edicte-resultats-provisionals-entrevistes-i-baremaci_-i-aportaci_-documentaci_-subsanaci_SIGNAT.pdf\">Edicto resultados provisionales entrevistas y baremaci\u00f3n, subsanaci\u00f3n documentaci\u00f3n y plazo de alegaciones<\/a><\/td><td>14\/02\/2025<\/td><\/tr><tr><td><a href=\"https:\/\/alzira.es\/wp-content\/uploads\/2023\/03\/22-250306-Edicte-resultats-definitius-TIS-signat.pdf\">Edicto resultados definitivos y orden provisional bolsa TIS.<\/a><\/td><td>03\/04\/2025<\/td><\/tr><tr><td><a href=\"https:\/\/alzira.es\/wp-content\/uploads\/2023\/03\/23-250411-Edicte-orde-de-borsa-TIS-signat.pdf\">Edicto orden definitivo bolsa TIS.<\/a><\/td><td>15\/04\/2025<\/td><\/tr><\/tbody><\/table><\/figure>\n","protected":false},"excerpt":{"rendered":"<p>NOVEDAD: publicaci\u00f3n orden definitivo bolsa TIS. DOCUMENTOS DEL EXPEDIENTE: Nombre&nbsp; Fichero Fecha Publicaci\u00f3n Bases bolsa trabajo T\u00e9cnico\/a de Integraci\u00f3n Social (TIS). 20\/08\/2024 Hoja de autobaremaci\u00f3n. 20\/08\/2024 Anuncio BOPV bases y plazo de instancias bolsa TIS. 23\/08\/2024 Decreto lista provisional personal admitido y excluido bolsa TIS. 16\/10\/2024 Decreto lista definitiva y fecha bolsa TIS 08\/11\/2024 Nota &hellip; <\/p>\n<p class=\"link-more\"><a href=\"https:\/\/alzira.es\/es\/servicios-municipales\/recursos-humanos\/empleo-temporal\/convocatoria-05-2024-bolsa-de-trabajo-por-el-sistema-de-concurso-oposicion-de-tecnico-a-de-integracion-social-tis\/\" class=\"more-link\">Continuar leyendo<span class=\"screen-reader-text\"> \u00abCONVOCATORIA 05\/2024 \u2013 BOLSA DE TRABAJO por el sistema de concurso oposici\u00f3n de T\u00e9cnico\/a de Integraci\u00f3n Social (TIS).\u00bb<\/span><\/a><\/p>\n","protected":false},"author":156,"featured_media":0,"parent":105760,"menu_order":0,"comment_status":"closed","ping_status":"closed","template":"","meta":{"_acf_changed":false,"footnotes":""},"class_list":["post-153437","page","type-page","status-publish","hentry"],"acf":[],"_links":{"self":[{"href":"https:\/\/alzira.es\/es\/wp-json\/wp\/v2\/pages\/153437","targetHints":{"allow":["GET"]}}],"collection":[{"href":"https:\/\/alzira.es\/es\/wp-json\/wp\/v2\/pages"}],"about":[{"href":"https:\/\/alzira.es\/es\/wp-json\/wp\/v2\/types\/page"}],"author":[{"embeddable":true,"href":"https:\/\/alzira.es\/es\/wp-json\/wp\/v2\/users\/156"}],"replies":[{"embeddable":true,"href":"https:\/\/alzira.es\/es\/wp-json\/wp\/v2\/comments?post=153437"}],"version-history":[{"count":2,"href":"https:\/\/alzira.es\/es\/wp-json\/wp\/v2\/pages\/153437\/revisions"}],"predecessor-version":[{"id":160021,"href":"https:\/\/alzira.es\/es\/wp-json\/wp\/v2\/pages\/153437\/revisions\/160021"}],"up":[{"embeddable":true,"href":"https:\/\/alzira.es\/es\/wp-json\/wp\/v2\/pages\/105760"}],"wp:attachment":[{"href":"https:\/\/alzira.es\/es\/wp-json\/wp\/v2\/media?parent=153437"}],"curies":[{"name":"wp","href":"https:\/\/api.w.org\/{rel}","templated":true}]}}