{"id":153039,"date":"2024-08-02T12:27:45","date_gmt":"2024-08-02T10:27:45","guid":{"rendered":"https:\/\/alzira.es\/?page_id=153039"},"modified":"2024-09-06T12:34:46","modified_gmt":"2024-09-06T10:34:46","slug":"https-www-alzira-es-es-servicios-municipales-urbanismo-e-infraestructuras-nuevos-tramites-ecuv","status":"publish","type":"page","link":"https:\/\/alzira.es\/es\/servicios-municipales\/urbanismo-e-infraestructuras\/https-www-alzira-es-es-servicios-municipales-urbanismo-e-infraestructuras-nuevos-tramites-ecuv\/","title":{"rendered":"Nuevos Tr\u00e1mites Con\/sin  ECUV"},"content":{"rendered":"<h3>En este apartado encontrar\u00e1 orientaci\u00f3n para la tramitaci\u00f3n de las Obras seg\u00fan su Naturaleza y Complejidad.<\/h3>\n<h3>La realizaci\u00f3n de cualquier tipo de Obra o actuaci\u00f3n urban\u00edstica en el t\u00e9rmino municipal de Alzira deber\u00e1 ser puesta en conocimiento del Ayuntamiento, para obtener, en su caso, la correspondiente autorizaci\u00f3n.<\/h3>\n<h3><strong>\u00a0 *\u00a0 Regulacion de ECUVs\u00a0<\/strong><\/h3>\n<p style=\"padding-left: 80px;\"><a style=\"color: #800000;\" href=\"https:\/\/www.boe.es\/ccaa\/dogv\/2021\/9129\/r32094-32301.pdf\" target=\"_blank\" rel=\"noopener\"><strong>DECRETO LEGISLATIVO 1\/2021, de 18 de junio<\/strong><strong>, del Consell<\/strong> <\/a>de aprobaci\u00f3n del texto refundido de la Ley de ordenaci\u00f3n del territorio, urbanismo y paisaje, en su redacci\u00f3n vigente a 01 de julio de 2024.<\/p>\n<p style=\"padding-left: 80px;\"><a style=\"color: #800000;\" href=\"https:\/\/dogv.gva.es\/datos\/2020\/05\/20\/pdf\/2020_3559.pdf\" target=\"_blank\" rel=\"noopener\"><strong>DECRETO 62\/2020, de 15 de mayo, del Consell, <\/strong><\/a>de regulaci\u00f3n de las entidades colaboradoras de la Administraci\u00f3n municipal en la verificaci\u00f3n de las actuaciones urban\u00edsticas y de creaci\u00f3n de su registro.<\/p>\n<h3><strong>\u00a0 *\u00a0<a style=\"color: #961212;\" href=\"https:\/\/ovius.gva.es\/oficina_tactica\/?idioma=es_ES#\/tramita\/25106\/25479\" target=\"_blank\" rel=\"noopener\"> Consulta del Registro de Entidades\u00a0 ECUV<\/a><\/strong><\/h3>\n<h2><b> <u>Obras Sujetas a Licencia<\/u><\/b><\/h2>\n<h2 style=\"padding-top: 0.9em;\"><strong>Casos<\/strong><\/h2>\n<p style=\"padding-left: 40px; color: #333333; font-size: 16px;\">Seg\u00fan Art. 232 TRLOTUP est\u00e1n sujetos a licencia urban\u00edstica los siguientes\u00a0<a href=\"https:\/\/alzira.es\/wp-content\/uploads\/2024\/08\/OBRAS-SUJETAS-A-LICENCIA_CASOS-1.pdf\" target=\"_blank\" rel=\"noopener\">casos\u00a0<\/a>&#8230;&#8230;..<\/p>\n<h2 style=\"padding-top: 0.9em;\"><strong><u>Tramitaci\u00f3n\u00a0<\/u><\/strong><\/h2>\n<h3 style=\"padding-left: 40px;\"><u>Tramitaci\u00f3n Ordinar\u00eda\u00a0<\/u><\/h3>\n<h3 style=\"padding-left: 40px;\"><\/h3>\n<figure style=\"width: 524px\" class=\"wp-caption alignleft\"><a href=\"https:\/\/alzira.es\/wp-content\/uploads\/2023\/03\/LLICENCIA-Tramitacio-Ordinaria-.jpg\" target=\"_blank\" rel=\"noopener\"><img fetchpriority=\"high\" decoding=\"async\" style=\"background-color: inherit; color: #333333; font-size: 1rem;\" src=\"https:\/\/alzira.es\/wp-content\/uploads\/2024\/08\/LICENCIA-Tramitacion-Ordinaria-2-524x510.jpg\" alt=\"LICENCIA Tramitacion Ordinaria\" width=\"524\" height=\"510\" \/><\/a><figcaption class=\"wp-caption-text\">LICENCIA Tramitacion Ordinaria<\/figcaption><\/figure>\n<h3 style=\"padding-left: 40px;\"><u>Tramitaci\u00f3n Con Certificaci\u00f3n ECUV (voluntar\u00eda)<\/u><\/h3>\n<h3 style=\"padding-left: 80px;\"><u>Tramitaci\u00f3n Con Certificaci\u00f3n ECUV <strong>Favorable Con<\/strong>\u00a0 C\u00e9dula\u00a0 de Garant\u00eda Urban\u00edstica<\/u><\/h3>\n<p><img decoding=\"async\" style=\"--smush-placeholder-width: 426px; --smush-placeholder-aspect-ratio: 426\/453;text-align: justify;\" data-src=\"https:\/\/alzira.es\/wp-content\/uploads\/2024\/08\/LICENCIA-Tramitacion-con-ECUV-Favorable-Cedula-1.jpg\" alt=\"\" width=\"426\" height=\"453\" src=\"data:image\/svg+xml;base64,PHN2ZyB3aWR0aD0iMSIgaGVpZ2h0PSIxIiB4bWxucz0iaHR0cDovL3d3dy53My5vcmcvMjAwMC9zdmciPjwvc3ZnPg==\" class=\"lazyload\" \/><u><br \/>\n<\/u><\/p>\n<h3 style=\"padding-left: 80px;\"><u>Tramitaci\u00f3n Con Certificaci\u00f3n ECUV <strong>Favorable Sin\u00a0<\/strong> C\u00e9dula\u00a0 de Garant\u00eda Urban\u00edstica<\/u><\/h3>\n<p><img decoding=\"async\" style=\"--smush-placeholder-width: 443px; --smush-placeholder-aspect-ratio: 443\/510;text-align: justify;\" data-src=\"https:\/\/alzira.es\/wp-content\/uploads\/2024\/08\/LICENCIA-Tramitacion-con-ECUV-Favorable-sin-Cedula-443x510.jpg\" alt=\"\" width=\"443\" height=\"510\" src=\"data:image\/svg+xml;base64,PHN2ZyB3aWR0aD0iMSIgaGVpZ2h0PSIxIiB4bWxucz0iaHR0cDovL3d3dy53My5vcmcvMjAwMC9zdmciPjwvc3ZnPg==\" class=\"lazyload\" \/><\/p>\n<h3 style=\"padding-left: 80px;\"><u>Tramitaci\u00f3n Con Certificaci\u00f3n ECUV\u00a0\u00a0<strong>DesFavorable\u00a0 Con\/Sin<\/strong>\u00a0 C\u00e9dula\u00a0 de Garant\u00eda Urban\u00edstica<\/u><\/h3>\n<h2 style=\"padding-left: 40px;\"><img decoding=\"async\" data-src=\"https:\/\/alzira.es\/wp-content\/uploads\/2024\/08\/LICENCIA-Tramitacion-con-ECUV-Favorable-sin-Cedula-443x510.jpg\" alt=\"\" width=\"443\" height=\"510\" src=\"data:image\/svg+xml;base64,PHN2ZyB3aWR0aD0iMSIgaGVpZ2h0PSIxIiB4bWxucz0iaHR0cDovL3d3dy53My5vcmcvMjAwMC9zdmciPjwvc3ZnPg==\" class=\"lazyload\" style=\"--smush-placeholder-width: 443px; --smush-placeholder-aspect-ratio: 443\/510;\" \/><\/h2>\n<h2><b> <u>Obras Sujetas a Declaraci\u00f3n Responsable Con ECUV<\/u><\/b><\/h2>\n<h2 style=\"padding-top: 0.9em;\"><strong>Casos<\/strong><\/h2>\n<p style=\"padding-left: 40px; color: #333333; font-size: 16px;\">Seg\u00fan Art. 233.2 TRLOTUP est\u00e1n sujetos a Declaraci\u00f3n Responsable Con necesidad de ECUV.\u00a0los siguientes\u00a0<a href=\"https:\/\/alzira.es\/wp-content\/uploads\/2024\/08\/OBRAS-SUJETAS-A-DR-CON-ECUV_CASOS.pdf\" target=\"_blank\" rel=\"noopener\">casos\u00a0<\/a>&#8230;&#8230;..<\/p>\n<h2 style=\"padding-top: 0.9em;\"><strong><u>Tramitaci\u00f3n\u00a0<\/u><\/strong><\/h2>\n<h3 style=\"padding-left: 40px;\"><u>Tramitaci\u00f3n\u00a0\u00a0<\/u><u style=\"font-size: 1.375rem; background-color: inherit;\">ECUV\u00a0Favorable<\/u><\/h3>\n<h3 style=\"padding-left: 40px;\">\u00a0 \u00a0 \u00a0 \u00a0 \u00a0\u00a0<img decoding=\"async\" style=\"--smush-placeholder-width: 428px; --smush-placeholder-aspect-ratio: 428\/485;font-weight: bold; font-size: 1.625rem; background-color: inherit;\" data-src=\"https:\/\/alzira.es\/wp-content\/uploads\/2024\/08\/DR-Tramitacion-con-ECUV-Favorable.jpg\" alt=\"\" width=\"428\" height=\"485\" src=\"data:image\/svg+xml;base64,PHN2ZyB3aWR0aD0iMSIgaGVpZ2h0PSIxIiB4bWxucz0iaHR0cDovL3d3dy53My5vcmcvMjAwMC9zdmciPjwvc3ZnPg==\" class=\"lazyload\" \/><\/h3>\n<h3 style=\"padding-top: 0.9em; padding-left: 40px;\"><u>Tramitaci\u00f3n\u00a0\u00a0<\/u><u style=\"font-size: 1.375rem; background-color: inherit;\">ECUV\u00a0 <b>Des<\/b>Favorable<\/u><\/h3>\n<h2 style=\"padding-top: 0.9em;\">\u00a0 \u00a0\u00a0 \u00a0 \u00a0 \u00a0 \u00a0 \u00a0 \u00a0<u><img decoding=\"async\" data-src=\"https:\/\/alzira.es\/wp-content\/uploads\/2024\/08\/DR-Tramitacion-con-ECUV-Des-Favorable-522x510.jpg\" alt=\"\" width=\"522\" height=\"510\" src=\"data:image\/svg+xml;base64,PHN2ZyB3aWR0aD0iMSIgaGVpZ2h0PSIxIiB4bWxucz0iaHR0cDovL3d3dy53My5vcmcvMjAwMC9zdmciPjwvc3ZnPg==\" class=\"lazyload\" style=\"--smush-placeholder-width: 522px; --smush-placeholder-aspect-ratio: 522\/510;\" \/><\/u><\/h2>\n<h3 style=\"padding-left: 40px;\"><\/h3>\n<h2><b> <u>Obras Sujetas a Declaraci\u00f3n Responsable Sin ECUV<\/u><\/b><\/h2>\n<h2 style=\"padding-top: 0.9em;\"><strong>Casos<\/strong><\/h2>\n<p style=\"padding-left: 40px; color: #333333; font-size: 16px;\">Seg\u00fan Art. 233.1 TRLOTUP est\u00e1n sujetos a Declaraci\u00f3n Responsable Sin necesidad de ECUV.. los siguientes\u00a0<em><a href=\"https:\/\/alzira.es\/wp-content\/uploads\/2024\/08\/OBRAS-SUJETAS-A-DR-SIN-ECUV_CASOS.pdf\" target=\"_blank\" rel=\"noopener\">casos\u00a0<\/a><\/em>&#8230;&#8230;..<\/p>\n<h2 style=\"padding-top: 0.9em;\"><\/h2>\n<h3 style=\"padding-left: 40px;\"><\/h3>\n","protected":false},"excerpt":{"rendered":"<p>En este apartado encontrar\u00e1 orientaci\u00f3n para la tramitaci\u00f3n de las Obras seg\u00fan su Naturaleza y Complejidad. La realizaci\u00f3n de cualquier tipo de Obra o actuaci\u00f3n urban\u00edstica en el t\u00e9rmino municipal de Alzira deber\u00e1 ser puesta en conocimiento del Ayuntamiento, para obtener, en su caso, la correspondiente autorizaci\u00f3n. \u00a0 *\u00a0 Regulacion de ECUVs\u00a0 DECRETO LEGISLATIVO 1\/2021, &hellip; <\/p>\n<p class=\"link-more\"><a href=\"https:\/\/alzira.es\/es\/servicios-municipales\/urbanismo-e-infraestructuras\/https-www-alzira-es-es-servicios-municipales-urbanismo-e-infraestructuras-nuevos-tramites-ecuv\/\" class=\"more-link\">Continuar leyendo<span class=\"screen-reader-text\"> \u00abNuevos Tr\u00e1mites Con\/sin  ECUV\u00bb<\/span><\/a><\/p>\n","protected":false},"author":16,"featured_media":0,"parent":87644,"menu_order":5,"comment_status":"closed","ping_status":"closed","template":"","meta":{"_acf_changed":false,"footnotes":""},"class_list":["post-153039","page","type-page","status-publish","hentry"],"acf":[],"_links":{"self":[{"href":"https:\/\/alzira.es\/es\/wp-json\/wp\/v2\/pages\/153039","targetHints":{"allow":["GET"]}}],"collection":[{"href":"https:\/\/alzira.es\/es\/wp-json\/wp\/v2\/pages"}],"about":[{"href":"https:\/\/alzira.es\/es\/wp-json\/wp\/v2\/types\/page"}],"author":[{"embeddable":true,"href":"https:\/\/alzira.es\/es\/wp-json\/wp\/v2\/users\/16"}],"replies":[{"embeddable":true,"href":"https:\/\/alzira.es\/es\/wp-json\/wp\/v2\/comments?post=153039"}],"version-history":[{"count":2,"href":"https:\/\/alzira.es\/es\/wp-json\/wp\/v2\/pages\/153039\/revisions"}],"predecessor-version":[{"id":153824,"href":"https:\/\/alzira.es\/es\/wp-json\/wp\/v2\/pages\/153039\/revisions\/153824"}],"up":[{"embeddable":true,"href":"https:\/\/alzira.es\/es\/wp-json\/wp\/v2\/pages\/87644"}],"wp:attachment":[{"href":"https:\/\/alzira.es\/es\/wp-json\/wp\/v2\/media?parent=153039"}],"curies":[{"name":"wp","href":"https:\/\/api.w.org\/{rel}","templated":true}]}}