{"id":151913,"date":"2024-07-16T13:52:42","date_gmt":"2024-07-16T11:52:42","guid":{"rendered":"https:\/\/alzira.es\/?page_id=151913"},"modified":"2024-09-26T14:31:44","modified_gmt":"2024-09-26T12:31:44","slug":"convocatoria-01-2024-2-bolsa-de-trabajo-para-la-contratacion-temporal-de-personal-docente-para-impartir-tecnologia-y-dibujo-tecnico-cpfpa","status":"publish","type":"page","link":"https:\/\/alzira.es\/es\/servicios-municipales\/recursos-humanos\/empleo-temporal\/convocatoria-01-2024-2-bolsa-de-trabajo-para-la-contratacion-temporal-de-personal-docente-para-impartir-tecnologia-y-dibujo-tecnico-cpfpa\/","title":{"rendered":"CONVOCATORIA 01\/2024 (2) &#8211; BOLSA DE TRABAJO para la contrataci\u00f3n temporal de Personal Docente para impartir Tecnolog\u00eda y Dibujo T\u00e9cnico (CPFPA)."},"content":{"rendered":"<p><strong>DOCUMENTS DE L&#8217;EXPEDIENT:<\/strong><\/p>\n\n\n<div class=\"wp-block-columns is-layout-flex wp-container-core-columns-is-layout-9d6595d7 wp-block-columns-is-layout-flex\">\n<div class=\"wp-block-column is-layout-flow wp-block-column-is-layout-flow\" style=\"flex-basis:100%\">\n<div class=\"wp-block-group\"><div class=\"wp-block-group__inner-container is-layout-flow wp-block-group-is-layout-flow\">\n<div class=\"wp-block-columns is-layout-flex wp-container-core-columns-is-layout-9d6595d7 wp-block-columns-is-layout-flex\">\n<div class=\"wp-block-column is-layout-flow wp-block-column-is-layout-flow\" style=\"flex-basis:100%\">\n<figure class=\"wp-block-table is-style-stripes\"><table><tbody><tr><td><strong>Nom Fitxer<\/strong><\/td><td class=\"has-text-align-center\" data-align=\"center\"><strong>Data Publicaci\u00f3<\/strong><\/td><\/tr><tr><td><a href=\"https:\/\/alzira.es\/wp-content\/uploads\/2024\/07\/03-EDICTE-aprovacio-bases-borsa-personal-docent-CFEPA-TEC.-I-DIBUIX-TEC-2.docx.pdf\">Bases espec\u00edfiques<\/a><\/td><td class=\"has-text-align-center\" data-align=\"center\">16\/07\/2024<\/td><\/tr><tr><td><a href=\"https:\/\/alzira.es\/wp-content\/uploads\/2024\/07\/02_autobaremacio-exp.-944-24.xls\">Autobaremaci\u00f3<\/a><\/td><td class=\"has-text-align-center\" data-align=\"center\">16\/07\/2024<\/td><\/tr><tr><td><a href=\"https:\/\/alzira.es\/wp-content\/uploads\/2023\/03\/05-Decret-llistat-provisional-admesos-personal-docent-Tec-i-DT-CFEPA.pdf\">Llista provisional admesos\/es i exclosos\/es<\/a><\/td><td class=\"has-text-align-center\" data-align=\"center\">02\/08\/2024<\/td><\/tr><tr><td><a href=\"https:\/\/alzira.es\/wp-content\/uploads\/2023\/03\/06-decret-rectificacio-error-material-Comissio-Valoracio-seleccio-personal-docent-Tec-i-DT-CFEPA.pdf\">Decreto rectificaci\u00f3n error miembro Comisi\u00f3n de Valoraci\u00f3n<\/a><\/td><td class=\"has-text-align-center\" data-align=\"center\">08\/08\/2024<\/td><\/tr><tr><td><a href=\"https:\/\/alzira.es\/wp-content\/uploads\/2023\/03\/07-Decret-llistat-definitiu-admesos-personal-docent-Tec-i-DT-CFEPA-i-data-entrevista.pdf\">Llista definitiva admesos\/es i exclosos\/es i data entrevistes<\/a><\/td><td class=\"has-text-align-center\" data-align=\"center\">19\/08\/2024<\/td><\/tr><tr><td><a href=\"https:\/\/alzira.es\/wp-content\/uploads\/2024\/09\/09-Edicte-Entrevista-i-valoracio-merits-Tecnologia-i-Dibuix-EPA-substituiex-anterior-1.pdf\">Acta resultats baremaci\u00f3 i entrevistes CFP<\/a><a href=\"https:\/\/alzira.es\/wp-content\/uploads\/2024\/09\/09-Edicte-Entrevista-i-valoracio-merits-Tecnologia-i-Dibuix-EPA-substituiex-anterior.pdf\">A<\/a> <em>(substitueix anterior edicte)<\/em><\/td><td class=\"has-text-align-center\" data-align=\"center\">06\/09\/2024<\/td><\/tr><tr><td><a href=\"https:\/\/alzira.es\/wp-content\/uploads\/2023\/03\/11-Edicte-Baremacio-merits-definit-nomenament-i-orde-borsa-Tecnologia-i-Dibuix-Tecnic-EPA.pdf\">Edicto resultados definitivos, nombramiento y orden de bolsa<\/a><\/td><td class=\"has-text-align-center\" data-align=\"center\">20\/09\/2024<\/td><\/tr><tr><td><a href=\"https:\/\/alzira.es\/wp-content\/uploads\/2023\/03\/13-Decret-constitucio-borsa-i-nomenament-personal-docent-Tec-i-DT-CFEPA-1.pdf\">Decret resultats definitius i orde de borsa<\/a><\/td><td class=\"has-text-align-center\" data-align=\"center\">26\/09\/2024<\/td><\/tr><\/tbody><\/table><\/figure>\n<\/div>\n<\/div>\n<\/div><\/div>\n<\/div>\n<\/div>\n","protected":false},"excerpt":{"rendered":"<p>DOCUMENTS DE L&#8217;EXPEDIENT: Nom Fitxer Data Publicaci\u00f3 Bases espec\u00edfiques 16\/07\/2024 Autobaremaci\u00f3 16\/07\/2024 Llista provisional admesos\/es i exclosos\/es 02\/08\/2024 Decreto rectificaci\u00f3n error miembro Comisi\u00f3n de Valoraci\u00f3n 08\/08\/2024 Llista definitiva admesos\/es i exclosos\/es i data entrevistes 19\/08\/2024 Acta resultats baremaci\u00f3 i entrevistes CFPA (substitueix anterior edicte) 06\/09\/2024 Edicto resultados definitivos, nombramiento y orden de bolsa 20\/09\/2024 Decret &hellip; <\/p>\n<p class=\"link-more\"><a href=\"https:\/\/alzira.es\/es\/servicios-municipales\/recursos-humanos\/empleo-temporal\/convocatoria-01-2024-2-bolsa-de-trabajo-para-la-contratacion-temporal-de-personal-docente-para-impartir-tecnologia-y-dibujo-tecnico-cpfpa\/\" class=\"more-link\">Continuar leyendo<span class=\"screen-reader-text\"> \u00abCONVOCATORIA 01\/2024 (2) &#8211; BOLSA DE TRABAJO para la contrataci\u00f3n temporal de Personal Docente para impartir Tecnolog\u00eda y Dibujo T\u00e9cnico (CPFPA).\u00bb<\/span><\/a><\/p>\n","protected":false},"author":156,"featured_media":0,"parent":105760,"menu_order":0,"comment_status":"closed","ping_status":"closed","template":"","meta":{"_acf_changed":false,"footnotes":""},"class_list":["post-151913","page","type-page","status-publish","hentry"],"acf":[],"_links":{"self":[{"href":"https:\/\/alzira.es\/es\/wp-json\/wp\/v2\/pages\/151913","targetHints":{"allow":["GET"]}}],"collection":[{"href":"https:\/\/alzira.es\/es\/wp-json\/wp\/v2\/pages"}],"about":[{"href":"https:\/\/alzira.es\/es\/wp-json\/wp\/v2\/types\/page"}],"author":[{"embeddable":true,"href":"https:\/\/alzira.es\/es\/wp-json\/wp\/v2\/users\/156"}],"replies":[{"embeddable":true,"href":"https:\/\/alzira.es\/es\/wp-json\/wp\/v2\/comments?post=151913"}],"version-history":[{"count":1,"href":"https:\/\/alzira.es\/es\/wp-json\/wp\/v2\/pages\/151913\/revisions"}],"predecessor-version":[{"id":154309,"href":"https:\/\/alzira.es\/es\/wp-json\/wp\/v2\/pages\/151913\/revisions\/154309"}],"up":[{"embeddable":true,"href":"https:\/\/alzira.es\/es\/wp-json\/wp\/v2\/pages\/105760"}],"wp:attachment":[{"href":"https:\/\/alzira.es\/es\/wp-json\/wp\/v2\/media?parent=151913"}],"curies":[{"name":"wp","href":"https:\/\/api.w.org\/{rel}","templated":true}]}}