{"id":151869,"date":"2024-07-16T09:37:51","date_gmt":"2024-07-16T07:37:51","guid":{"rendered":"https:\/\/alzira.es\/?page_id=151869"},"modified":"2024-07-16T09:37:53","modified_gmt":"2024-07-16T07:37:53","slug":"procediments-a-seguir-per-a-laplicacio-de-les-mesures","status":"publish","type":"page","link":"https:\/\/alzira.es\/es\/serveis-municipals\/urbanisme-i-infraestructures\/prevencio-dincendis-forestals\/procediments-a-seguir-per-a-laplicacio-de-les-mesures\/","title":{"rendered":"Procediments a seguir per a l\u2019aplicaci\u00f3 de les mesures"},"content":{"rendered":"<p>En aquest punt s\u2019especificaran els tr\u00e0mits a desenvolupar pr\u00e8viament a l\u2019adequaci\u00f3 de la VEGETACI\u00d3 INTERIOR de les parcel\u00b7les amb habitatge afectades per l\u2019ordre d\u2019execuci\u00f3.<\/p>\n<p><strong>4.1 Si la parcel\u00b7la en la que s\u2019ha d\u2019adequar la vegetaci\u00f3 interna es troba en SOL URB\u00c0 ENVOLTAT DE S\u00d2L FORESTAL o en S\u00d2L AGR\u00cdCOLA UBICAT EN L\u2019\u00c0REA D\u2019INFLU\u00c8NCIA FORESTAL (a menys de 500 metres de s\u00f2l forestal)<\/strong><\/p>\n<p>Sols s\u2019haur\u00e0 de sol\u00b7licitar a l\u2019Ajuntament d\u2019Alzira autoritzaci\u00f3 per a la tala d\u2019arbres que segons les directrius establides a l\u2019ordre d\u2019execuci\u00f3, sobren a la parcel\u00b7la.<\/p>\n<p>Aquest tr\u00e0mit previ a l\u2019actuaci\u00f3, s\u2019haur\u00e0 de sol\u00b7licitar a trav\u00e9s de la seu electr\u00f2nica ( en el cas que el titular dispose de signatura digital) o presencialment en les oficines de LA CLAU de l\u2019Ajuntament.<\/p>\n<p><em><u>Enlla\u00e7 al tr\u00e0mit digital de la seu electr\u00f2nica.<\/u><\/em><\/p>\n<p><strong><a href=\"https:\/\/sedeelectronica.alzira.es\/PortalCiudadano\/tramites\/tramite.do#no-back-button\" target=\"_blank\" rel=\"noopener\">https:\/\/sedeelectronica.alzira.es\/PortalCiudadano\/tramites\/tramite.do#no-back-button<\/a><\/strong><\/p>\n<p>El tr\u00e0mit est\u00e0 disponible al cat\u00e0leg de tr\u00e0mits, en l\u2019apartat d\u2019Agricultura i Medi Ambient, tr\u00e0mit : Sol\u00b7licitud de tala d\u2019Arbres.<strong>\u00a0<\/strong><\/p>\n<p><strong>4.2 Si la parcel\u00b7la en la que es troba la vivenda \u00e9s SOL FORESTAL CLASSIFICADA COM A S\u00d2L NO URBANITZABLE<\/strong><\/p>\n<p>Haur\u00e0 de sol\u00b7licitar a la Conselleria de Justicia e interior la \u201cDeclaraci\u00f3 responsable per a l&#8217;execuci\u00f3 d&#8217;actuacions de silvicultura preventiva sobre la vegetaci\u00f3 forestal, sempre que estiguen previstes en un pla de prevenci\u00f3 d&#8217;incendis forestals vigent (art. 62.2, Llei 3\/1993, forestal de la Comunitat Valenciana)\u201d<\/p>\n<p>Aquest tr\u00e0mit previ a l\u2019actuaci\u00f3, s\u2019haur\u00e0 de sol\u00b7licitar a trav\u00e9s de la seu electr\u00f2nica de la Generalitat Valenciana (en cas de disposar de signatura digital) o presencialment en les oficines PROP.<\/p>\n<p><em><u>Enlla\u00e7 al tr\u00e0mit digital de la seu electr\u00f2nica<\/u><\/em><\/p>\n<p><strong><a href=\"https:\/\/www.gva.es\/va\/inicio\/procedimientos?id_proc=G21668\" target=\"_blank\" rel=\"noopener\">https:\/\/www.gva.es\/va\/inicio\/procedimientos?id_proc=G21668<\/a><\/strong><\/p>\n<p><strong>4.3 Documentaci\u00f3 a aportar.<\/strong><\/p>\n<p>En ambd\u00f3s casos, es recomana que a la sol\u00b7licitud s\u2019aporte la descripci\u00f3 de l\u2019acci\u00f3 a executar indicada a l\u2019ordre d\u2019execuci\u00f3 segons el cas de cada vivenda. Per a no tindre problemes en la petici\u00f3, sobretot en el cas de les vivendes que es troben en SOL FORESTAL NO URBANITZABLE, es recomana la contractaci\u00f3 d\u2019un t\u00e8cnic competent en la mat\u00e8ria per a definir amb major detall l\u2019actuaci\u00f3 a realitzar, que ser\u00e0 variable en funci\u00f3 de la parcel\u00b7la i la vivenda a protegir.<\/p>\n<p><strong>4.4 Autoritzacions necess\u00e0ries per a poder comen\u00e7ar els treballs.<\/strong><\/p>\n<p>Totes les autoritzacions ser\u00e0n necess\u00e0ries per poder executar els treballs, sense l\u2019autoritzaci\u00f3 positiva no es podr\u00e0 realitzar la intervenci\u00f3.<\/p>\n","protected":false},"excerpt":{"rendered":"<p>En aquest punt s\u2019especificaran els tr\u00e0mits a desenvolupar pr\u00e8viament a l\u2019adequaci\u00f3 de la VEGETACI\u00d3 INTERIOR de les parcel\u00b7les amb habitatge afectades per l\u2019ordre d\u2019execuci\u00f3. 4.1 Si la parcel\u00b7la en la que s\u2019ha d\u2019adequar la vegetaci\u00f3 interna es troba en SOL URB\u00c0 ENVOLTAT DE S\u00d2L FORESTAL o en S\u00d2L AGR\u00cdCOLA UBICAT EN L\u2019\u00c0REA D\u2019INFLU\u00c8NCIA FORESTAL (a &hellip; <\/p>\n<p class=\"link-more\"><a href=\"https:\/\/alzira.es\/es\/serveis-municipals\/urbanisme-i-infraestructures\/prevencio-dincendis-forestals\/procediments-a-seguir-per-a-laplicacio-de-les-mesures\/\" class=\"more-link\">Continuar leyendo<span class=\"screen-reader-text\"> \u00abProcediments a seguir per a l\u2019aplicaci\u00f3 de les mesures\u00bb<\/span><\/a><\/p>\n","protected":false},"author":29,"featured_media":0,"parent":151818,"menu_order":0,"comment_status":"closed","ping_status":"closed","template":"","meta":{"_acf_changed":false,"footnotes":""},"class_list":["post-151869","page","type-page","status-publish","hentry"],"acf":[],"_links":{"self":[{"href":"https:\/\/alzira.es\/es\/wp-json\/wp\/v2\/pages\/151869","targetHints":{"allow":["GET"]}}],"collection":[{"href":"https:\/\/alzira.es\/es\/wp-json\/wp\/v2\/pages"}],"about":[{"href":"https:\/\/alzira.es\/es\/wp-json\/wp\/v2\/types\/page"}],"author":[{"embeddable":true,"href":"https:\/\/alzira.es\/es\/wp-json\/wp\/v2\/users\/29"}],"replies":[{"embeddable":true,"href":"https:\/\/alzira.es\/es\/wp-json\/wp\/v2\/comments?post=151869"}],"version-history":[{"count":1,"href":"https:\/\/alzira.es\/es\/wp-json\/wp\/v2\/pages\/151869\/revisions"}],"predecessor-version":[{"id":151872,"href":"https:\/\/alzira.es\/es\/wp-json\/wp\/v2\/pages\/151869\/revisions\/151872"}],"up":[{"embeddable":true,"href":"https:\/\/alzira.es\/es\/wp-json\/wp\/v2\/pages\/151818"}],"wp:attachment":[{"href":"https:\/\/alzira.es\/es\/wp-json\/wp\/v2\/media?parent=151869"}],"curies":[{"name":"wp","href":"https:\/\/api.w.org\/{rel}","templated":true}]}}