{"id":151842,"date":"2024-07-15T13:59:21","date_gmt":"2024-07-15T11:59:21","guid":{"rendered":"https:\/\/alzira.es\/?page_id=151842"},"modified":"2024-07-16T08:39:54","modified_gmt":"2024-07-16T06:39:54","slug":"ordre-dexecucio-de-les-mesures-de-prevencio-dincendis-forestals","status":"publish","type":"page","link":"https:\/\/alzira.es\/es\/serveis-municipals\/urbanisme-i-infraestructures\/prevencio-dincendis-forestals\/ordre-dexecucio-de-les-mesures-de-prevencio-dincendis-forestals\/","title":{"rendered":"Ordre d\u2019execuci\u00f3 de les mesures de prevenci\u00f3 d\u2019incendis forestals"},"content":{"rendered":"\t\t<div data-elementor-type=\"wp-page\" data-elementor-id=\"151842\" class=\"elementor elementor-151842\">\n\t\t\t\t\t\t<section class=\"elementor-section elementor-top-section elementor-element elementor-element-7ced2153 elementor-section-boxed elementor-section-height-default elementor-section-height-default\" data-id=\"7ced2153\" data-element_type=\"section\">\n\t\t\t\t\t\t<div class=\"elementor-container elementor-column-gap-default\">\n\t\t\t\t\t<div class=\"elementor-column elementor-col-100 elementor-top-column elementor-element elementor-element-40653267\" data-id=\"40653267\" data-element_type=\"column\">\n\t\t\t<div class=\"elementor-widget-wrap elementor-element-populated\">\n\t\t\t\t\t\t<div class=\"elementor-element elementor-element-5205c9df elementor-widget elementor-widget-text-editor\" data-id=\"5205c9df\" data-element_type=\"widget\" data-widget_type=\"text-editor.default\">\n\t\t\t\t<div class=\"elementor-widget-container\">\n\t\t\t\t\t\t\t\t\t<ul>\n \t<li>Anunci de l&#8217;Ajuntament d&#8217;Alzira sobre l&#8217;aprovaci\u00f3 del tr\u00e0mit d&#8217;audi\u00e8ncia als titulars d&#8217;urbanitzacions, nuclis de poblaci\u00f3, edificacions i instal\u00b7lacions susceptibles de patir risc d&#8217;incendi forestal en el terme municipal.<\/li>\n<\/ul>\n<p style=\"padding-left: 40px;\"><strong><a href=\"https:\/\/bop.dival.es\/bop\/downloads?anuncioNumReg=2024\/08026&amp;lang=va\" target=\"_blank\" rel=\"noopener\">https:\/\/bop.dival.es\/bop\/downloads?anuncioNumReg=2024\/08026&amp;lang=va<\/a><\/strong><\/p>\t\t\t\t\t\t\t\t<\/div>\n\t\t\t\t<\/div>\n\t\t\t\t\t<\/div>\n\t\t<\/div>\n\t\t\t\t\t<\/div>\n\t\t<\/section>\n\t\t\t\t<section class=\"elementor-section elementor-top-section elementor-element elementor-element-b2c29d4 elementor-section-boxed elementor-section-height-default elementor-section-height-default\" data-id=\"b2c29d4\" data-element_type=\"section\">\n\t\t\t\t\t\t<div class=\"elementor-container elementor-column-gap-default\">\n\t\t\t\t\t<div class=\"elementor-column elementor-col-100 elementor-top-column elementor-element elementor-element-a5a3ff3\" data-id=\"a5a3ff3\" data-element_type=\"column\">\n\t\t\t<div class=\"elementor-widget-wrap elementor-element-populated\">\n\t\t\t\t\t\t<div class=\"elementor-element elementor-element-5ac9a02 elementor-widget elementor-widget-accordion\" data-id=\"5ac9a02\" data-element_type=\"widget\" data-widget_type=\"accordion.default\">\n\t\t\t\t<div class=\"elementor-widget-container\">\n\t\t\t\t\t\t\t<div class=\"elementor-accordion\">\n\t\t\t\t\t\t\t<div class=\"elementor-accordion-item\">\n\t\t\t\t\t<div id=\"elementor-tab-title-9511\" class=\"elementor-tab-title\" data-tab=\"1\" role=\"button\" aria-controls=\"elementor-tab-content-9511\" aria-expanded=\"false\">\n\t\t\t\t\t\t\t\t\t\t\t\t\t<span class=\"elementor-accordion-icon elementor-accordion-icon-left\" aria-hidden=\"true\">\n\t\t\t\t\t\t\t\t\t\t\t\t\t\t\t<span class=\"elementor-accordion-icon-closed\"><i class=\"fas fa-plus\"><\/i><\/span>\n\t\t\t\t\t\t\t\t<span class=\"elementor-accordion-icon-opened\"><i class=\"fas fa-minus\"><\/i><\/span>\n\t\t\t\t\t\t\t\t\t\t\t\t\t\t<\/span>\n\t\t\t\t\t\t\t\t\t\t\t\t<a class=\"elementor-accordion-title\" tabindex=\"0\">Subjectes obligats<\/a>\n\t\t\t\t\t<\/div>\n\t\t\t\t\t<div id=\"elementor-tab-content-9511\" class=\"elementor-tab-content elementor-clearfix\" data-tab=\"1\" role=\"region\" aria-labelledby=\"elementor-tab-title-9511\"><p>Seran subjectes obligats de l\u2019ordre d\u2019execuci\u00f3, els titulars d&#8217;urbanitzacions, nuclis de poblaci\u00f3, edificacions o instal\u00b7lacions situades en terrenys forestals o en zones d&#8217;influ\u00e8ncia forestal identificats a la cartografia aprovada pel plenari municipal del 29 de novembre de 2023 i que no hagen implementat les obligacions establides en els punts 1 i 3 de l&#8217;annex XI del TRLOTUP en data 29 de Maig de 2024.<\/p><p>En el cas de les infraestructures preventives col\u00b7lectives, les persones titulars de la propietat dels bens protegits per la faixa perimetral, hauran de respondre solid\u00e0riament del compliment d&#8217;estes obligacions, llevat que s&#8217;haguera constitu\u00eft alguna comunitat de propietaris o entitat urban\u00edstica col\u00b7laboradora, i en este cas ser\u00e0 esta \u00faltima.<\/p><\/div>\n\t\t\t\t<\/div>\n\t\t\t\t\t\t\t<div class=\"elementor-accordion-item\">\n\t\t\t\t\t<div id=\"elementor-tab-title-9512\" class=\"elementor-tab-title\" data-tab=\"2\" role=\"button\" aria-controls=\"elementor-tab-content-9512\" aria-expanded=\"false\">\n\t\t\t\t\t\t\t\t\t\t\t\t\t<span class=\"elementor-accordion-icon elementor-accordion-icon-left\" aria-hidden=\"true\">\n\t\t\t\t\t\t\t\t\t\t\t\t\t\t\t<span class=\"elementor-accordion-icon-closed\"><i class=\"fas fa-plus\"><\/i><\/span>\n\t\t\t\t\t\t\t\t<span class=\"elementor-accordion-icon-opened\"><i class=\"fas fa-minus\"><\/i><\/span>\n\t\t\t\t\t\t\t\t\t\t\t\t\t\t<\/span>\n\t\t\t\t\t\t\t\t\t\t\t\t<a class=\"elementor-accordion-title\" tabindex=\"0\">Actuacions d\u2019obligat cumpliment establertes a l\u2019ordre d\u2019execuci\u00f3<\/a>\n\t\t\t\t\t<\/div>\n\t\t\t\t\t<div id=\"elementor-tab-content-9512\" class=\"elementor-tab-content elementor-clearfix\" data-tab=\"2\" role=\"region\" aria-labelledby=\"elementor-tab-title-9512\"><p style=\"padding-left: 40px;\">Les actuacions d\u2019obligat cumpliment consistir\u00e1n principalent en el tractament de la vegetaci\u00f3 forestal confrontant a la vivenda o a la parcel\u00b7la urbana i tamb\u00e9 en l\u2019adequaci\u00f3 de la vegetaci\u00f3 interior a la parcel\u00b7la urbana o que no estant classificada com a urbana, continga una edificaci\u00f3 d\u2019\u00fas residencial o d\u2019instal\u00b7laci\u00f3. La finalitat de les mateixes, \u00e9s trencar la continuitat del combustible vegetal des de la part forestal fins al propi habitatge a protegir.<\/p><p style=\"padding-left: 80px;\">Aquestes actuacions son les establides en els punts 1 i 3 de l&#8217;annex XI del Decret legislatiu 1\/2021, de 8 de juny, del consell d\u2019aprovaci\u00f3 del text ref\u00f3s de la LOTUP, sent les seg\u00fcents:<\/p><ol><li><u>1. Faixa perimetral de protecci\u00f3<\/u><u style=\"background-color: inherit; font-size: 1rem;\">\u00a0<\/u><\/li><\/ol><p>A fi de disminuir o trencar la continu\u00eftat dels combustibles forestals s&#8217;haur\u00e0 d&#8217;assegurar una faixa perimetral de protecci\u00f3 m\u00ednima de 30 metres d&#8217;ample, mesura des del l\u00edmit exterior de l&#8217;edificaci\u00f3, instal\u00b7laci\u00f3 o conjunt de les mateixes a defendre.<\/p><ol><li>a) La <strong>zona de discontinu\u00eftat entre els terrenys urbans (que alberguen nucli habitat o urbanitzaci\u00f3)<\/strong> i les formacions de vegetaci\u00f3 forestal ha de tindre l&#8217;ampl\u00e0ria corresponent a una \u00e0rea tallafocs d&#8217;orde dos, segons la metodologia establida pel Pla de silvicultura preventiva de la Comunitat Valenciana, aplicant una correcci\u00f3 en funci\u00f3 del pendent. L&#8217;ampl\u00e0ria m\u00ednima ser\u00e0 de 25 metres, m\u00e9s un vial de 5 metres d&#8217;ampl\u00e0ria. Es podr\u00e0 prescindir d&#8217;este vial de 5 metres si \u00e9s inviable la seua execuci\u00f3, sempre que es compte amb una banda de decapatge d&#8217;eixa mateixa ampl\u00e0ria. Esta dist\u00e0ncia s&#8217;ampliar\u00e0 en funci\u00f3 del pendent del terreny, aconseguint, com a m\u00ednim, els 50 metres quan el pendent siga superior al 30%.<\/li><\/ol><ol><li>b) En el cas dels <strong>establiments industrials<\/strong> de risc mitj\u00e0 i alt situats en llocs de vent fort, la discontinu\u00eftat ser\u00e0 de 50 metres en el costat dels vents m\u00e9s desfavorables.<\/li><\/ol><ol><li>c) Les <strong>edificacions a\u00efllades<\/strong> situades en terrenys forestals, o confrontants a estos, hauran de disposar d&#8217;una \u00e0rea de defensa enfront del risc d&#8217;incendis forestals de, almenys, 30 metres. Esta dist\u00e0ncia s&#8217;ampliar\u00e0 en funci\u00f3 del pendent del terreny, aconseguint, com a m\u00ednim: els 50 metres quan el pendent siga superior al 30%. Estes ampl\u00e0ries podran reduir-se (fins a un 50%) justificadament quan s&#8217;incorporen infraestructures que propicien la mateixa protecci\u00f3 enfront de l&#8217;incendi forestal que la faixa, com ara murs de, almenys 1 metre d&#8217;altura, i podran augmentar-se en casos d&#8217;especial risc, concretament en els establiments industrials de risc mitj\u00e0 i alt situats en llocs de vent fort en un 100%, almenys en les direccions dels vents m\u00e9s desfavorables.<\/li><\/ol><ol><li>d) En \u00e0rees de nova implantaci\u00f3 es podran incorporar zones enjardinades sota criteris, de jardineria preventiva contra incendis forestals, amb possibilitat d&#8217;integrar sistemes de reg de la vegetaci\u00f3, que garantisquen una major resist\u00e8ncia al foc com a elements de defensa passiva en determinats sectors perimetrals de les zones a protegir.<\/li><\/ol><p>Una vegada creades les faixes perimetrals de protecci\u00f3, es realitzar\u00e0 el seu manteniment cada dos anys per a la banda de desbrossament i cada quatre anys per a la totalitat de la faixa perimetral. De la mateixa manera, haur\u00e0n de ser ser mantingudes les \u00e0rees de defensa de les edificacions a\u00efllades.<\/p><p><a href=\"https:\/\/alzira.es\/wp-content\/uploads\/2024\/07\/distancias-proteccion-edificios.png\"><img fetchpriority=\"high\" decoding=\"async\" class=\"aligncenter size-full wp-image-151849\" src=\"https:\/\/alzira.es\/wp-content\/uploads\/2024\/07\/distancias-proteccion-edificios.png\" alt=\"Dist\u00e0ncies de protecci\u00f3 per a edificis que es troben en el terreny forestal\" width=\"734\" height=\"269\" srcset=\"https:\/\/alzira.es\/wp-content\/uploads\/2024\/07\/distancias-proteccion-edificios.png 734w, https:\/\/alzira.es\/wp-content\/uploads\/2024\/07\/distancias-proteccion-edificios-680x249.png 680w\" sizes=\"(max-width: 734px) 100vw, 734px\" \/><\/a><a href=\"https:\/\/alzira.es\/wp-content\/uploads\/2024\/07\/distancias-proteccion-edificios-1.png\"><img decoding=\"async\" class=\"aligncenter size-full wp-image-151852 lazyload\" data-src=\"https:\/\/alzira.es\/wp-content\/uploads\/2024\/07\/distancias-proteccion-edificios-1.png\" alt=\"Dist\u00e0ncies de protecci\u00f3 per a edificis que es troben en el terreny forestal\" width=\"1373\" height=\"381\" data-srcset=\"https:\/\/alzira.es\/wp-content\/uploads\/2024\/07\/distancias-proteccion-edificios-1.png 1373w, https:\/\/alzira.es\/wp-content\/uploads\/2024\/07\/distancias-proteccion-edificios-1-680x189.png 680w, https:\/\/alzira.es\/wp-content\/uploads\/2024\/07\/distancias-proteccion-edificios-1-768x213.png 768w\" data-sizes=\"(max-width: 706px) 89vw, (max-width: 767px) 82vw, 740px\" src=\"data:image\/svg+xml;base64,PHN2ZyB3aWR0aD0iMSIgaGVpZ2h0PSIxIiB4bWxucz0iaHR0cDovL3d3dy53My5vcmcvMjAwMC9zdmciPjwvc3ZnPg==\" style=\"--smush-placeholder-width: 1373px; --smush-placeholder-aspect-ratio: 1373\/381;\" \/><\/a><\/p><ol start=\"3\"><li><u>3. Tractament de la vegetaci\u00f3 interior<\/u><\/li><\/ol><p>La vegetaci\u00f3 interior existent en les parcel\u00b7les tamb\u00e9 \u00e9s capa\u00e7 de propagar un incendi, per tant, a fi de reduir la vulnerabilitat dels b\u00e9ns existents, \u00e9s necessari realitzar les actuacions seg\u00fcents quan estiguen envoltades de s\u00f2l forestal o quan la dist\u00e0ncia al terreny forestal siga menor de 500 m.<\/p><ul><li>Actuaci\u00f3 sobre l\u2019estrat arbustiu: Reducci\u00f3 de la cobertura fins a \u00a0un m\u00e0xim d\u2019un 10 % de FCC.<\/li><li>Actuaci\u00f3 sobre l\u2019estrat arbori: La FCC de l\u2019arbratge ser\u00e0 menor del 40 % (tenint en compte la superf\u00edcie total de la parcel\u00b7la).<\/li><li>En tot cas, la fracci\u00f3 de cabuda coberta de l\u2019estrat arbustiu i de l\u2019arbori no podr\u00e0 superar el 40 %.<\/li><li>S\u2019evitar\u00e0 el contacte de la vegetaci\u00f3 amb les edificacions, separant les branques de qualsevol tipus de construcci\u00f3, ja siga auxiliar o principal, a una dist\u00e0ncia m\u00ednima de 3 metres.<\/li><li>S&#8217;evitaran els materials i vegetaci\u00f3 m\u00e9s inflamable (tanques) per al tancament de les parcel\u00b7les.<\/li><li>L\u2019arbratge restant es podar\u00e0 fins a 2\/3 de la seua al\u00e7ada o un m\u00e0xim de 3 metres.<\/li><li>S\u2019evitar\u00e0 l\u2019acumulaci\u00f3 de residus o material combustible (llenyes, restes de jardineria, etc.) en l\u2019interior de la parcel\u00b7la o zona urbanitzada, en tot cas se situar\u00e0 en zones protegides davant d\u2019un eventual incendi.<\/li><\/ul><p><a href=\"https:\/\/alzira.es\/wp-content\/uploads\/2024\/07\/superficie-total-parcel_la.png\"><img decoding=\"async\" class=\"aligncenter size-full wp-image-151854 lazyload\" data-src=\"https:\/\/alzira.es\/wp-content\/uploads\/2024\/07\/superficie-total-parcel_la.png\" alt=\"Superficie total parcel\u00b7la\" width=\"1654\" height=\"1930\" data-srcset=\"https:\/\/alzira.es\/wp-content\/uploads\/2024\/07\/superficie-total-parcel_la.png 1654w, https:\/\/alzira.es\/wp-content\/uploads\/2024\/07\/superficie-total-parcel_la-437x510.png 437w, https:\/\/alzira.es\/wp-content\/uploads\/2024\/07\/superficie-total-parcel_la-919x1072.png 919w, https:\/\/alzira.es\/wp-content\/uploads\/2024\/07\/superficie-total-parcel_la-768x896.png 768w, https:\/\/alzira.es\/wp-content\/uploads\/2024\/07\/superficie-total-parcel_la-1316x1536.png 1316w\" data-sizes=\"(max-width: 706px) 89vw, (max-width: 767px) 82vw, 740px\" src=\"data:image\/svg+xml;base64,PHN2ZyB3aWR0aD0iMSIgaGVpZ2h0PSIxIiB4bWxucz0iaHR0cDovL3d3dy53My5vcmcvMjAwMC9zdmciPjwvc3ZnPg==\" style=\"--smush-placeholder-width: 1654px; --smush-placeholder-aspect-ratio: 1654\/1930;\" \/><\/a><a href=\"https:\/\/alzira.es\/wp-content\/uploads\/2024\/07\/poda.png\"><img decoding=\"async\" class=\"aligncenter size-full wp-image-151856 lazyload\" data-src=\"https:\/\/alzira.es\/wp-content\/uploads\/2024\/07\/poda.png\" alt=\"Poda\" width=\"444\" height=\"345\" src=\"data:image\/svg+xml;base64,PHN2ZyB3aWR0aD0iMSIgaGVpZ2h0PSIxIiB4bWxucz0iaHR0cDovL3d3dy53My5vcmcvMjAwMC9zdmciPjwvc3ZnPg==\" style=\"--smush-placeholder-width: 444px; --smush-placeholder-aspect-ratio: 444\/345;\" \/><\/a><a href=\"https:\/\/alzira.es\/wp-content\/uploads\/2024\/07\/superficie-parcel_la.png\"><img decoding=\"async\" class=\"aligncenter size-full wp-image-151858 lazyload\" data-src=\"https:\/\/alzira.es\/wp-content\/uploads\/2024\/07\/superficie-parcel_la.png\" alt=\"Superficie parcel\u00b7la\" width=\"1516\" height=\"706\" data-srcset=\"https:\/\/alzira.es\/wp-content\/uploads\/2024\/07\/superficie-parcel_la.png 1516w, https:\/\/alzira.es\/wp-content\/uploads\/2024\/07\/superficie-parcel_la-680x317.png 680w, https:\/\/alzira.es\/wp-content\/uploads\/2024\/07\/superficie-parcel_la-1430x666.png 1430w, https:\/\/alzira.es\/wp-content\/uploads\/2024\/07\/superficie-parcel_la-768x358.png 768w\" data-sizes=\"(max-width: 706px) 89vw, (max-width: 767px) 82vw, 740px\" src=\"data:image\/svg+xml;base64,PHN2ZyB3aWR0aD0iMSIgaGVpZ2h0PSIxIiB4bWxucz0iaHR0cDovL3d3dy53My5vcmcvMjAwMC9zdmciPjwvc3ZnPg==\" style=\"--smush-placeholder-width: 1516px; --smush-placeholder-aspect-ratio: 1516\/706;\" \/><\/a><\/p><\/div>\n\t\t\t\t<\/div>\n\t\t\t\t\t\t\t<div class=\"elementor-accordion-item\">\n\t\t\t\t\t<div id=\"elementor-tab-title-9513\" class=\"elementor-tab-title\" data-tab=\"3\" role=\"button\" aria-controls=\"elementor-tab-content-9513\" aria-expanded=\"false\">\n\t\t\t\t\t\t\t\t\t\t\t\t\t<span class=\"elementor-accordion-icon elementor-accordion-icon-left\" aria-hidden=\"true\">\n\t\t\t\t\t\t\t\t\t\t\t\t\t\t\t<span class=\"elementor-accordion-icon-closed\"><i class=\"fas fa-plus\"><\/i><\/span>\n\t\t\t\t\t\t\t\t<span class=\"elementor-accordion-icon-opened\"><i class=\"fas fa-minus\"><\/i><\/span>\n\t\t\t\t\t\t\t\t\t\t\t\t\t\t<\/span>\n\t\t\t\t\t\t\t\t\t\t\t\t<a class=\"elementor-accordion-title\" tabindex=\"0\">Aplicabilitat de les actuacions objecte de l\u2019ordre d\u2019execuci\u00f3<\/a>\n\t\t\t\t\t<\/div>\n\t\t\t\t\t<div id=\"elementor-tab-content-9513\" class=\"elementor-tab-content elementor-clearfix\" data-tab=\"3\" role=\"region\" aria-labelledby=\"elementor-tab-title-9513\"><p>Les actuacions objecte de l\u2019ordre d\u2019execuci\u00f3 s\u2019aplicaran en funci\u00f3 de les caracter\u00edstiques de l\u2019entorn de l\u2019edificaci\u00f3 afectada (segons estiga en contacte amb el s\u00f2l forestal o si est\u00e0 en la zona d\u2019influ\u00e8ncia forestal) i de si aquesta es troba a\u00efllada o agrupada formant part d\u2019un nucli poblacional (urbanitzaci\u00f3 o nucli habitat)<\/p><p>Aix\u00ed doncs, en base a aquesta diferenciaci\u00f3 les mesures de prevenci\u00f3 exigides son les seg\u00fcents:<\/p><p><a href=\"https:\/\/alzira.es\/wp-content\/uploads\/2024\/07\/mesurs-de-prevencio-exigides.png\"><img decoding=\"async\" class=\"aligncenter size-full wp-image-151864 lazyload\" data-src=\"https:\/\/alzira.es\/wp-content\/uploads\/2024\/07\/mesurs-de-prevencio-exigides.png\" alt=\"Mesures de prevenci\u00f3 exigides\" width=\"568\" height=\"111\" src=\"data:image\/svg+xml;base64,PHN2ZyB3aWR0aD0iMSIgaGVpZ2h0PSIxIiB4bWxucz0iaHR0cDovL3d3dy53My5vcmcvMjAwMC9zdmciPjwvc3ZnPg==\" style=\"--smush-placeholder-width: 568px; --smush-placeholder-aspect-ratio: 568\/111;\" \/><\/a><\/p><p>\u00a0<\/p><\/div>\n\t\t\t\t<\/div>\n\t\t\t\t\t\t\t\t<\/div>\n\t\t\t\t\t\t<\/div>\n\t\t\t\t<\/div>\n\t\t\t\t\t<\/div>\n\t\t<\/div>\n\t\t\t\t\t<\/div>\n\t\t<\/section>\n\t\t\t\t<\/div>\n\t\t","protected":false},"excerpt":{"rendered":"<p>Anunci de l&#8217;Ajuntament d&#8217;Alzira sobre l&#8217;aprovaci\u00f3 del tr\u00e0mit d&#8217;audi\u00e8ncia als titulars d&#8217;urbanitzacions, nuclis de poblaci\u00f3, edificacions i instal\u00b7lacions susceptibles de patir risc d&#8217;incendi forestal en el terme municipal. https:\/\/bop.dival.es\/bop\/downloads?anuncioNumReg=2024\/08026&amp;lang=va Subjectes obligats Seran subjectes obligats de l\u2019ordre d\u2019execuci\u00f3, els titulars d&#8217;urbanitzacions, nuclis de poblaci\u00f3, edificacions o instal\u00b7lacions situades en terrenys forestals o en zones d&#8217;influ\u00e8ncia forestal &hellip; <\/p>\n<p class=\"link-more\"><a href=\"https:\/\/alzira.es\/es\/serveis-municipals\/urbanisme-i-infraestructures\/prevencio-dincendis-forestals\/ordre-dexecucio-de-les-mesures-de-prevencio-dincendis-forestals\/\" class=\"more-link\">Continuar leyendo<span class=\"screen-reader-text\"> \u00abOrdre d\u2019execuci\u00f3 de les mesures de prevenci\u00f3 d\u2019incendis forestals\u00bb<\/span><\/a><\/p>\n","protected":false},"author":29,"featured_media":0,"parent":151818,"menu_order":0,"comment_status":"closed","ping_status":"closed","template":"","meta":{"_acf_changed":false,"footnotes":""},"class_list":["post-151842","page","type-page","status-publish","hentry"],"acf":[],"_links":{"self":[{"href":"https:\/\/alzira.es\/es\/wp-json\/wp\/v2\/pages\/151842","targetHints":{"allow":["GET"]}}],"collection":[{"href":"https:\/\/alzira.es\/es\/wp-json\/wp\/v2\/pages"}],"about":[{"href":"https:\/\/alzira.es\/es\/wp-json\/wp\/v2\/types\/page"}],"author":[{"embeddable":true,"href":"https:\/\/alzira.es\/es\/wp-json\/wp\/v2\/users\/29"}],"replies":[{"embeddable":true,"href":"https:\/\/alzira.es\/es\/wp-json\/wp\/v2\/comments?post=151842"}],"version-history":[{"count":2,"href":"https:\/\/alzira.es\/es\/wp-json\/wp\/v2\/pages\/151842\/revisions"}],"predecessor-version":[{"id":151868,"href":"https:\/\/alzira.es\/es\/wp-json\/wp\/v2\/pages\/151842\/revisions\/151868"}],"up":[{"embeddable":true,"href":"https:\/\/alzira.es\/es\/wp-json\/wp\/v2\/pages\/151818"}],"wp:attachment":[{"href":"https:\/\/alzira.es\/es\/wp-json\/wp\/v2\/media?parent=151842"}],"curies":[{"name":"wp","href":"https:\/\/api.w.org\/{rel}","templated":true}]}}