{"id":151839,"date":"2024-07-15T13:51:27","date_gmt":"2024-07-15T11:51:27","guid":{"rendered":"https:\/\/alzira.es\/?page_id=151839"},"modified":"2024-07-15T13:51:28","modified_gmt":"2024-07-15T11:51:28","slug":"cartografia-aprovada-pel-plenari-de-lajuntament-dalzira","status":"publish","type":"page","link":"https:\/\/alzira.es\/es\/serveis-municipals\/urbanisme-i-infraestructures\/prevencio-dincendis-forestals\/cartografia-aprovada-pel-plenari-de-lajuntament-dalzira\/","title":{"rendered":"Cartografia aprovada pel plenari de l\u2019Ajuntament d\u2019Alzira"},"content":{"rendered":"<ul>\n<li>Anunci de l&#8217;Ajuntament d&#8217;Alzira sobre l&#8217;aprovaci\u00f3 de la delimitaci\u00f3 cartogr\u00e0fica d&#8217;urbanitzacions, nuclis de poblaci\u00f3, edificacions i instal\u00b7lacions susceptibles de patir risc d&#8217;incendi forestal en el terme municipal d&#8217;Alzira.<\/li>\n<\/ul>\n<p style=\"padding-left: 40px;\"><strong>\u00a0<a href=\"https:\/\/bop.dival.es\/bop\/downloads?anuncioNumReg=2023\/16756&amp;lang=va\" target=\"_blank\" rel=\"noopener\">https:\/\/bop.dival.es\/bop\/downloads?anuncioNumReg=2023\/16756&amp;lang=va<\/a><\/strong><\/p>\n<ul>\n<li>Cartografia de prevenci\u00f3 d\u2019incendis forestals aprovada<\/li>\n<\/ul>\n<p style=\"padding-left: 40px;\"><strong><a href=\"https:\/\/alzira.gvsigonline.com\/gvsigonline\/core\/load_public_project\/lotupadicionalsexta\/\" target=\"_blank\" rel=\"noopener\">https:\/\/alzira.gvsigonline.com\/gvsigonline\/core\/load_public_project\/lotupadicionalsexta\/<\/a><\/strong><\/p>\n<p>Una vegada aprovada la cartografia, els titulars d&#8217;urbanitzacions, nuclis de poblaci\u00f3, edificacions o instal\u00b7lacions identificades, es convertiren en subjectes obligats i conseq\u00fcentment havien d\u2019acomplir amb les mesures establides en l\u2019annex XI del TRLOTUP en mat\u00e8ria de prevenci\u00f3 d\u2019incendis forestals.<\/p>\n<p>Els subjectes obligats disposaven de 6 messos des de l\u2019aprovaci\u00f3 de la cartografia pel plenari municipal, per a l\u2019execuci\u00f3 volunt\u00e0ria de les mesures de prevenci\u00f3 d\u2019incendis que foren d\u2019aplicaci\u00f3 en cada cas. El termini establert fou el compr\u00e9s entre el 30 de novembre de 2023 i el 29 de Maig de 2024.<\/p>\n","protected":false},"excerpt":{"rendered":"<p>Anunci de l&#8217;Ajuntament d&#8217;Alzira sobre l&#8217;aprovaci\u00f3 de la delimitaci\u00f3 cartogr\u00e0fica d&#8217;urbanitzacions, nuclis de poblaci\u00f3, edificacions i instal\u00b7lacions susceptibles de patir risc d&#8217;incendi forestal en el terme municipal d&#8217;Alzira. \u00a0https:\/\/bop.dival.es\/bop\/downloads?anuncioNumReg=2023\/16756&amp;lang=va Cartografia de prevenci\u00f3 d\u2019incendis forestals aprovada https:\/\/alzira.gvsigonline.com\/gvsigonline\/core\/load_public_project\/lotupadicionalsexta\/ Una vegada aprovada la cartografia, els titulars d&#8217;urbanitzacions, nuclis de poblaci\u00f3, edificacions o instal\u00b7lacions identificades, es convertiren en subjectes &hellip; <\/p>\n<p class=\"link-more\"><a href=\"https:\/\/alzira.es\/es\/serveis-municipals\/urbanisme-i-infraestructures\/prevencio-dincendis-forestals\/cartografia-aprovada-pel-plenari-de-lajuntament-dalzira\/\" class=\"more-link\">Continuar leyendo<span class=\"screen-reader-text\"> \u00abCartografia aprovada pel plenari de l\u2019Ajuntament d\u2019Alzira\u00bb<\/span><\/a><\/p>\n","protected":false},"author":29,"featured_media":0,"parent":151818,"menu_order":0,"comment_status":"closed","ping_status":"closed","template":"","meta":{"_acf_changed":false,"footnotes":""},"class_list":["post-151839","page","type-page","status-publish","hentry"],"acf":[],"_links":{"self":[{"href":"https:\/\/alzira.es\/es\/wp-json\/wp\/v2\/pages\/151839","targetHints":{"allow":["GET"]}}],"collection":[{"href":"https:\/\/alzira.es\/es\/wp-json\/wp\/v2\/pages"}],"about":[{"href":"https:\/\/alzira.es\/es\/wp-json\/wp\/v2\/types\/page"}],"author":[{"embeddable":true,"href":"https:\/\/alzira.es\/es\/wp-json\/wp\/v2\/users\/29"}],"replies":[{"embeddable":true,"href":"https:\/\/alzira.es\/es\/wp-json\/wp\/v2\/comments?post=151839"}],"version-history":[{"count":1,"href":"https:\/\/alzira.es\/es\/wp-json\/wp\/v2\/pages\/151839\/revisions"}],"predecessor-version":[{"id":151841,"href":"https:\/\/alzira.es\/es\/wp-json\/wp\/v2\/pages\/151839\/revisions\/151841"}],"up":[{"embeddable":true,"href":"https:\/\/alzira.es\/es\/wp-json\/wp\/v2\/pages\/151818"}],"wp:attachment":[{"href":"https:\/\/alzira.es\/es\/wp-json\/wp\/v2\/media?parent=151839"}],"curies":[{"name":"wp","href":"https:\/\/api.w.org\/{rel}","templated":true}]}}