{"id":151835,"date":"2024-07-15T13:45:36","date_gmt":"2024-07-15T11:45:36","guid":{"rendered":"https:\/\/alzira.es\/?page_id=151835"},"modified":"2024-07-15T13:45:37","modified_gmt":"2024-07-15T11:45:37","slug":"marc-legal","status":"publish","type":"page","link":"https:\/\/alzira.es\/es\/serveis-municipals\/urbanisme-i-infraestructures\/prevencio-dincendis-forestals\/marc-legal\/","title":{"rendered":"Marc legal"},"content":{"rendered":"<ul>\n<li>Art\u00edcle 182 de la <em>Llei 7\/2021, de 29 de desembre, de la Generalitat, de mesures fiscals, de gesti\u00f3 administrativa i financera i d&#8217;organitzaci\u00f3 de la Generalitat 2022<\/em> (DOGV n\u00fam. 9246 de 30.12.2021)<\/li>\n<\/ul>\n<p style=\"padding-left: 40px;\"><strong><a href=\"https:\/\/dogv.gva.es\/datos\/2021\/12\/30\/pdf\/2021_13105.pdf\" target=\"_blank\" rel=\"noopener\">https:\/\/dogv.gva.es\/datos\/2021\/12\/30\/pdf\/2021_13105.pdf<\/a><\/strong><\/p>\n<ul>\n<li>Disposici\u00f3 addicional setena (DA7) i annex XI (AXI) del <em>Decret legislatiu 1\/2021, de 18 de juny, del Consell d&#8217;aprovaci\u00f3 del text ref\u00f3s de la Llei d&#8217;ordenaci\u00f3 del territori, urbanisme i paisatge<\/em> (TRLOTUP) (DOGV n\u00fam. 9129 de 16.07.2021)<\/li>\n<\/ul>\n<p style=\"padding-left: 40px;\"><strong><a href=\"https:\/\/www.boe.es\/buscar\/pdf\/2021\/DOGV-r-2021-90283-consolidado.pdf\" target=\"_blank\" rel=\"noopener\">https:\/\/www.boe.es\/buscar\/pdf\/2021\/DOGV-r-2021-90283-consolidado.pdf<\/a><\/strong><\/p>\n<ul>\n<li>Ordenan\u00e7a d\u2019aplicaci\u00f3 de mesures d\u2019autoprotecci\u00f3 davant d\u2019incendis forestals en s\u00f2l urb\u00e0 i urbanitzat amb entorn forestal del terme municipal<\/li>\n<\/ul>\n<p style=\"padding-left: 40px;\"><strong><a href=\"https:\/\/alzira.es\/wp-content\/uploads\/2022\/01\/BOP_ordenanza_forestal.pdf\" target=\"_blank\" rel=\"noopener\">https:\/\/alzira.es\/wp-content\/uploads\/2022\/01\/BOP_ordenanza_forestal.pdf<\/a><\/strong><\/p>\n<ul>\n<li>Full de ruta per a l\u2019aplicaci\u00f3 de la disposici\u00f3 addicional setena del TRLOTUP<\/li>\n<\/ul>\n<p><a href=\"https:\/\/alzira.es\/wp-content\/uploads\/2024\/07\/full-ruta-trlotup.png\"><img fetchpriority=\"high\" decoding=\"async\" class=\"aligncenter size-full wp-image-151836\" src=\"https:\/\/alzira.es\/wp-content\/uploads\/2024\/07\/full-ruta-trlotup.png\" alt=\"Full de ruta\" width=\"720\" height=\"1040\" srcset=\"https:\/\/alzira.es\/wp-content\/uploads\/2024\/07\/full-ruta-trlotup.png 720w, https:\/\/alzira.es\/wp-content\/uploads\/2024\/07\/full-ruta-trlotup-353x510.png 353w\" sizes=\"(max-width: 720px) 100vw, 720px\" \/><\/a><\/p>\n","protected":false},"excerpt":{"rendered":"<p>Art\u00edcle 182 de la Llei 7\/2021, de 29 de desembre, de la Generalitat, de mesures fiscals, de gesti\u00f3 administrativa i financera i d&#8217;organitzaci\u00f3 de la Generalitat 2022 (DOGV n\u00fam. 9246 de 30.12.2021) https:\/\/dogv.gva.es\/datos\/2021\/12\/30\/pdf\/2021_13105.pdf Disposici\u00f3 addicional setena (DA7) i annex XI (AXI) del Decret legislatiu 1\/2021, de 18 de juny, del Consell d&#8217;aprovaci\u00f3 del text ref\u00f3s &hellip; <\/p>\n<p class=\"link-more\"><a href=\"https:\/\/alzira.es\/es\/serveis-municipals\/urbanisme-i-infraestructures\/prevencio-dincendis-forestals\/marc-legal\/\" class=\"more-link\">Continuar leyendo<span class=\"screen-reader-text\"> \u00abMarc legal\u00bb<\/span><\/a><\/p>\n","protected":false},"author":29,"featured_media":0,"parent":151818,"menu_order":0,"comment_status":"closed","ping_status":"closed","template":"","meta":{"_acf_changed":false,"footnotes":""},"class_list":["post-151835","page","type-page","status-publish","hentry"],"acf":[],"_links":{"self":[{"href":"https:\/\/alzira.es\/es\/wp-json\/wp\/v2\/pages\/151835","targetHints":{"allow":["GET"]}}],"collection":[{"href":"https:\/\/alzira.es\/es\/wp-json\/wp\/v2\/pages"}],"about":[{"href":"https:\/\/alzira.es\/es\/wp-json\/wp\/v2\/types\/page"}],"author":[{"embeddable":true,"href":"https:\/\/alzira.es\/es\/wp-json\/wp\/v2\/users\/29"}],"replies":[{"embeddable":true,"href":"https:\/\/alzira.es\/es\/wp-json\/wp\/v2\/comments?post=151835"}],"version-history":[{"count":1,"href":"https:\/\/alzira.es\/es\/wp-json\/wp\/v2\/pages\/151835\/revisions"}],"predecessor-version":[{"id":151838,"href":"https:\/\/alzira.es\/es\/wp-json\/wp\/v2\/pages\/151835\/revisions\/151838"}],"up":[{"embeddable":true,"href":"https:\/\/alzira.es\/es\/wp-json\/wp\/v2\/pages\/151818"}],"wp:attachment":[{"href":"https:\/\/alzira.es\/es\/wp-json\/wp\/v2\/media?parent=151835"}],"curies":[{"name":"wp","href":"https:\/\/api.w.org\/{rel}","templated":true}]}}