{"id":151818,"date":"2024-07-15T13:14:59","date_gmt":"2024-07-15T11:14:59","guid":{"rendered":"https:\/\/alzira.es\/?page_id=151818"},"modified":"2026-01-13T12:53:20","modified_gmt":"2026-01-13T11:53:20","slug":"prevencio-dincendis-forestals","status":"publish","type":"page","link":"https:\/\/alzira.es\/es\/serveis-municipals\/urbanisme-i-infraestructures\/prevencio-dincendis-forestals\/","title":{"rendered":"MESURES DE PREVENCI\u00d3 D\u2019INCENDIS FORESTALS DERIVADES DE L\u2019APLICACI\u00d3 DEL TRLOTUP"},"content":{"rendered":"\t\t<div data-elementor-type=\"wp-page\" data-elementor-id=\"151818\" class=\"elementor elementor-151818\">\n\t\t\t\t\t\t<section class=\"elementor-section elementor-top-section elementor-element elementor-element-ffbc27e elementor-section-boxed elementor-section-height-default elementor-section-height-default\" data-id=\"ffbc27e\" data-element_type=\"section\">\n\t\t\t\t\t\t<div class=\"elementor-container elementor-column-gap-default\">\n\t\t\t\t\t<div class=\"elementor-column elementor-col-16 elementor-top-column elementor-element elementor-element-3d3cf51\" data-id=\"3d3cf51\" data-element_type=\"column\">\n\t\t\t<div class=\"elementor-widget-wrap elementor-element-populated\">\n\t\t\t\t\t\t<div class=\"elementor-element elementor-element-60a1278 elementor-widget elementor-widget-image\" data-id=\"60a1278\" data-element_type=\"widget\" data-widget_type=\"image.default\">\n\t\t\t\t<div class=\"elementor-widget-container\">\n\t\t\t\t\t\t\t\t\t\t\t\t\t\t\t\t<a href=\"https:\/\/alzira.es\/serveis-municipals\/urbanisme-i-infraestructures\/prevencio-dincendis-forestals\/cartografia-aprovada-pel-plenari-de-lajuntament-dalzira\/\">\n\t\t\t\t\t\t\t<img fetchpriority=\"high\" decoding=\"async\" width=\"252\" height=\"222\" src=\"https:\/\/alzira.es\/wp-content\/uploads\/2024\/07\/prevencio_incendis-03.png\" class=\"attachment-large size-large wp-image-151823\" alt=\"Cartografia aprovada pel plenari de l\u2019Ajuntament d\u2019Alzira\" sizes=\"100vw\" \/>\t\t\t\t\t\t\t\t<\/a>\n\t\t\t\t\t\t\t\t\t\t\t\t\t\t\t<\/div>\n\t\t\t\t<\/div>\n\t\t\t\t<div class=\"elementor-element elementor-element-9559312 elementor-widget elementor-widget-heading\" data-id=\"9559312\" data-element_type=\"widget\" data-widget_type=\"heading.default\">\n\t\t\t\t<div class=\"elementor-widget-container\">\n\t\t\t\t\t<h5 class=\"elementor-heading-title elementor-size-default\"><a href=\"https:\/\/alzira.es\/serveis-municipals\/urbanisme-i-infraestructures\/prevencio-dincendis-forestals\/cartografia-aprovada-pel-plenari-de-lajuntament-dalzira\/\"><b>Cartografia aprovada pel plenari de l\u2019Ajuntament d\u2019Alzira<\/b><\/a><\/h5>\t\t\t\t<\/div>\n\t\t\t\t<\/div>\n\t\t\t\t\t<\/div>\n\t\t<\/div>\n\t\t\t\t<div class=\"elementor-column elementor-col-16 elementor-top-column elementor-element elementor-element-ef89067\" data-id=\"ef89067\" data-element_type=\"column\">\n\t\t\t<div class=\"elementor-widget-wrap elementor-element-populated\">\n\t\t\t\t\t\t<div class=\"elementor-element elementor-element-2b62e77 elementor-widget elementor-widget-image\" data-id=\"2b62e77\" data-element_type=\"widget\" data-widget_type=\"image.default\">\n\t\t\t\t<div class=\"elementor-widget-container\">\n\t\t\t\t\t\t\t\t\t\t\t\t\t\t\t\t<a href=\"https:\/\/alzira.es\/serveis-municipals\/urbanisme-i-infraestructures\/prevencio-dincendis-forestals\/comunicacio-treballs-dexecucio-subsidiaria\/\">\n\t\t\t\t\t\t\t<img decoding=\"async\" width=\"252\" height=\"222\" data-src=\"https:\/\/alzira.es\/wp-content\/uploads\/2025\/07\/treballs-execucio-subsidiaria.png\" class=\"attachment-large size-large wp-image-162695 lazyload\" alt=\"comunicaci\u00f3 treballs d&#039;execuci\u00f3 subsidi\u00e0ria\" data-sizes=\"100vw\" src=\"data:image\/svg+xml;base64,PHN2ZyB3aWR0aD0iMSIgaGVpZ2h0PSIxIiB4bWxucz0iaHR0cDovL3d3dy53My5vcmcvMjAwMC9zdmciPjwvc3ZnPg==\" style=\"--smush-placeholder-width: 252px; --smush-placeholder-aspect-ratio: 252\/222;\" \/>\t\t\t\t\t\t\t\t<\/a>\n\t\t\t\t\t\t\t\t\t\t\t\t\t\t\t<\/div>\n\t\t\t\t<\/div>\n\t\t\t\t<div class=\"elementor-element elementor-element-bed068f elementor-widget elementor-widget-heading\" data-id=\"bed068f\" data-element_type=\"widget\" data-widget_type=\"heading.default\">\n\t\t\t\t<div class=\"elementor-widget-container\">\n\t\t\t\t\t<h5 class=\"elementor-heading-title elementor-size-default\"><a href=\"https:\/\/alzira.es\/serveis-municipals\/urbanisme-i-infraestructures\/prevencio-dincendis-forestals\/comunicacio-treballs-dexecucio-subsidiaria\/\"><b>Comunicaci\u00f3 treballs d'execuci\u00f3 subsidi\u00e0ria<\/b><\/a><\/h5>\t\t\t\t<\/div>\n\t\t\t\t<\/div>\n\t\t\t\t\t<\/div>\n\t\t<\/div>\n\t\t\t\t<div class=\"elementor-column elementor-col-16 elementor-top-column elementor-element elementor-element-cdb2a63\" data-id=\"cdb2a63\" data-element_type=\"column\">\n\t\t\t<div class=\"elementor-widget-wrap elementor-element-populated\">\n\t\t\t\t\t\t<div class=\"elementor-element elementor-element-542f2c6 elementor-widget elementor-widget-image\" data-id=\"542f2c6\" data-element_type=\"widget\" data-widget_type=\"image.default\">\n\t\t\t\t<div class=\"elementor-widget-container\">\n\t\t\t\t\t\t\t\t\t\t\t\t\t\t\t\t<a href=\"https:\/\/alzira.es\/serveis-municipals\/urbanisme-i-infraestructures\/prevencio-dincendis-forestals\/marc-legal\/\">\n\t\t\t\t\t\t\t<img decoding=\"async\" width=\"252\" height=\"222\" data-src=\"https:\/\/alzira.es\/wp-content\/uploads\/2024\/07\/prevencio_incendis-02.png\" class=\"attachment-large size-large wp-image-151821 lazyload\" alt=\"Marc legal\" data-sizes=\"100vw\" src=\"data:image\/svg+xml;base64,PHN2ZyB3aWR0aD0iMSIgaGVpZ2h0PSIxIiB4bWxucz0iaHR0cDovL3d3dy53My5vcmcvMjAwMC9zdmciPjwvc3ZnPg==\" style=\"--smush-placeholder-width: 252px; --smush-placeholder-aspect-ratio: 252\/222;\" \/>\t\t\t\t\t\t\t\t<\/a>\n\t\t\t\t\t\t\t\t\t\t\t\t\t\t\t<\/div>\n\t\t\t\t<\/div>\n\t\t\t\t<div class=\"elementor-element elementor-element-972c6bb elementor-widget elementor-widget-heading\" data-id=\"972c6bb\" data-element_type=\"widget\" data-widget_type=\"heading.default\">\n\t\t\t\t<div class=\"elementor-widget-container\">\n\t\t\t\t\t<h5 class=\"elementor-heading-title elementor-size-default\"><a href=\"https:\/\/alzira.es\/serveis-municipals\/urbanisme-i-infraestructures\/prevencio-dincendis-forestals\/marc-legal\/\"><b>Marc legal<\/b><\/a><\/h5>\t\t\t\t<\/div>\n\t\t\t\t<\/div>\n\t\t\t\t\t<\/div>\n\t\t<\/div>\n\t\t\t\t<div class=\"elementor-column elementor-col-16 elementor-top-column elementor-element elementor-element-2da6b91\" data-id=\"2da6b91\" data-element_type=\"column\">\n\t\t\t<div class=\"elementor-widget-wrap elementor-element-populated\">\n\t\t\t\t\t\t<div class=\"elementor-element elementor-element-a8fc28c elementor-widget elementor-widget-image\" data-id=\"a8fc28c\" data-element_type=\"widget\" data-widget_type=\"image.default\">\n\t\t\t\t<div class=\"elementor-widget-container\">\n\t\t\t\t\t\t\t\t\t\t\t\t\t\t\t\t<a href=\"https:\/\/alzira.es\/serveis-municipals\/urbanisme-i-infraestructures\/prevencio-dincendis-forestals\/ordre-dexecucio-de-les-mesures-de-prevencio-dincendis-forestals\/\">\n\t\t\t\t\t\t\t<img decoding=\"async\" width=\"252\" height=\"222\" data-src=\"https:\/\/alzira.es\/wp-content\/uploads\/2024\/07\/prevencio_incendis-04.png\" class=\"attachment-large size-large wp-image-151825 lazyload\" alt=\"Ordre d\u2019execuci\u00f3 de les mesures de prevenci\u00f3 d\u2019incendis forestals\" data-sizes=\"100vw\" src=\"data:image\/svg+xml;base64,PHN2ZyB3aWR0aD0iMSIgaGVpZ2h0PSIxIiB4bWxucz0iaHR0cDovL3d3dy53My5vcmcvMjAwMC9zdmciPjwvc3ZnPg==\" style=\"--smush-placeholder-width: 252px; --smush-placeholder-aspect-ratio: 252\/222;\" \/>\t\t\t\t\t\t\t\t<\/a>\n\t\t\t\t\t\t\t\t\t\t\t\t\t\t\t<\/div>\n\t\t\t\t<\/div>\n\t\t\t\t<div class=\"elementor-element elementor-element-365327c elementor-widget elementor-widget-heading\" data-id=\"365327c\" data-element_type=\"widget\" data-widget_type=\"heading.default\">\n\t\t\t\t<div class=\"elementor-widget-container\">\n\t\t\t\t\t<h5 class=\"elementor-heading-title elementor-size-default\"><a href=\"https:\/\/alzira.es\/serveis-municipals\/urbanisme-i-infraestructures\/prevencio-dincendis-forestals\/ordre-dexecucio-de-les-mesures-de-prevencio-dincendis-forestals\/\"><b>Ordre d\u2019execuci\u00f3 de les mesures de prevenci\u00f3 d\u2019incendis forestals<\/b><\/a><\/h5>\t\t\t\t<\/div>\n\t\t\t\t<\/div>\n\t\t\t\t\t<\/div>\n\t\t<\/div>\n\t\t\t\t<div class=\"elementor-column elementor-col-16 elementor-top-column elementor-element elementor-element-41c813b\" data-id=\"41c813b\" data-element_type=\"column\">\n\t\t\t<div class=\"elementor-widget-wrap elementor-element-populated\">\n\t\t\t\t\t\t<div class=\"elementor-element elementor-element-1b31156 elementor-widget elementor-widget-image\" data-id=\"1b31156\" data-element_type=\"widget\" data-widget_type=\"image.default\">\n\t\t\t\t<div class=\"elementor-widget-container\">\n\t\t\t\t\t\t\t\t\t\t\t\t\t\t\t\t<a href=\"https:\/\/alzira.es\/serveis-municipals\/urbanisme-i-infraestructures\/prevencio-dincendis-forestals\/preguntes-i-dubtes-mes-frequents\/\">\n\t\t\t\t\t\t\t<img decoding=\"async\" width=\"252\" height=\"222\" data-src=\"https:\/\/alzira.es\/wp-content\/uploads\/2024\/07\/prevencio_incendis-06.png\" class=\"attachment-large size-large wp-image-151829 lazyload\" alt=\"\" data-sizes=\"100vw\" src=\"data:image\/svg+xml;base64,PHN2ZyB3aWR0aD0iMSIgaGVpZ2h0PSIxIiB4bWxucz0iaHR0cDovL3d3dy53My5vcmcvMjAwMC9zdmciPjwvc3ZnPg==\" style=\"--smush-placeholder-width: 252px; --smush-placeholder-aspect-ratio: 252\/222;\" \/>\t\t\t\t\t\t\t\t<\/a>\n\t\t\t\t\t\t\t\t\t\t\t\t\t\t\t<\/div>\n\t\t\t\t<\/div>\n\t\t\t\t<div class=\"elementor-element elementor-element-b5a3ca4 elementor-widget elementor-widget-heading\" data-id=\"b5a3ca4\" data-element_type=\"widget\" data-widget_type=\"heading.default\">\n\t\t\t\t<div class=\"elementor-widget-container\">\n\t\t\t\t\t<h5 class=\"elementor-heading-title elementor-size-default\"><a href=\"https:\/\/alzira.es\/serveis-municipals\/urbanisme-i-infraestructures\/prevencio-dincendis-forestals\/preguntes-i-dubtes-mes-frequents\/\"><b>Preguntes i dubtes m\u00e9s freq\u00fcents<\/b><\/a><\/h5>\t\t\t\t<\/div>\n\t\t\t\t<\/div>\n\t\t\t\t\t<\/div>\n\t\t<\/div>\n\t\t\t\t<div class=\"elementor-column elementor-col-16 elementor-top-column elementor-element elementor-element-5f3582b\" data-id=\"5f3582b\" data-element_type=\"column\">\n\t\t\t<div class=\"elementor-widget-wrap elementor-element-populated\">\n\t\t\t\t\t\t<div class=\"elementor-element elementor-element-23e0506 elementor-widget elementor-widget-image\" data-id=\"23e0506\" data-element_type=\"widget\" data-widget_type=\"image.default\">\n\t\t\t\t<div class=\"elementor-widget-container\">\n\t\t\t\t\t\t\t\t\t\t\t\t\t\t\t\t<a href=\"https:\/\/alzira.es\/serveis-municipals\/urbanisme-i-infraestructures\/prevencio-dincendis-forestals\/procediments-a-seguir-per-a-laplicacio-de-les-mesures\/\">\n\t\t\t\t\t\t\t<img decoding=\"async\" width=\"252\" height=\"222\" data-src=\"https:\/\/alzira.es\/wp-content\/uploads\/2024\/07\/prevencio_incendis-05.png\" class=\"attachment-large size-large wp-image-151827 lazyload\" alt=\"Procediments a seguir per a l\u2019aplicaci\u00f3 de les mesures\" data-sizes=\"100vw\" src=\"data:image\/svg+xml;base64,PHN2ZyB3aWR0aD0iMSIgaGVpZ2h0PSIxIiB4bWxucz0iaHR0cDovL3d3dy53My5vcmcvMjAwMC9zdmciPjwvc3ZnPg==\" style=\"--smush-placeholder-width: 252px; --smush-placeholder-aspect-ratio: 252\/222;\" \/>\t\t\t\t\t\t\t\t<\/a>\n\t\t\t\t\t\t\t\t\t\t\t\t\t\t\t<\/div>\n\t\t\t\t<\/div>\n\t\t\t\t<div class=\"elementor-element elementor-element-d7deb0f elementor-widget elementor-widget-heading\" data-id=\"d7deb0f\" data-element_type=\"widget\" data-widget_type=\"heading.default\">\n\t\t\t\t<div class=\"elementor-widget-container\">\n\t\t\t\t\t<h5 class=\"elementor-heading-title elementor-size-default\"><a href=\"https:\/\/alzira.es\/serveis-municipals\/urbanisme-i-infraestructures\/prevencio-dincendis-forestals\/procediments-a-seguir-per-a-laplicacio-de-les-mesures\/\"><b>Procediments a seguir per a l\u2019aplicaci\u00f3 de les mesures <\/b><\/a><\/h5>\t\t\t\t<\/div>\n\t\t\t\t<\/div>\n\t\t\t\t\t<\/div>\n\t\t<\/div>\n\t\t\t\t\t<\/div>\n\t\t<\/section>\n\t\t\t\t<\/div>\n\t\t","protected":false},"excerpt":{"rendered":"<p>Cartografia aprovada pel plenari de l\u2019Ajuntament d\u2019Alzira Comunicaci\u00f3 treballs d&#8217;execuci\u00f3 subsidi\u00e0ria Marc legal Ordre d\u2019execuci\u00f3 de les mesures de prevenci\u00f3 d\u2019incendis forestals Preguntes i dubtes m\u00e9s freq\u00fcents Procediments a seguir per a l\u2019aplicaci\u00f3 de les mesures<\/p>\n","protected":false},"author":29,"featured_media":0,"parent":704,"menu_order":0,"comment_status":"closed","ping_status":"closed","template":"","meta":{"_acf_changed":false,"footnotes":""},"class_list":["post-151818","page","type-page","status-publish","hentry"],"acf":[],"_links":{"self":[{"href":"https:\/\/alzira.es\/es\/wp-json\/wp\/v2\/pages\/151818","targetHints":{"allow":["GET"]}}],"collection":[{"href":"https:\/\/alzira.es\/es\/wp-json\/wp\/v2\/pages"}],"about":[{"href":"https:\/\/alzira.es\/es\/wp-json\/wp\/v2\/types\/page"}],"author":[{"embeddable":true,"href":"https:\/\/alzira.es\/es\/wp-json\/wp\/v2\/users\/29"}],"replies":[{"embeddable":true,"href":"https:\/\/alzira.es\/es\/wp-json\/wp\/v2\/comments?post=151818"}],"version-history":[{"count":2,"href":"https:\/\/alzira.es\/es\/wp-json\/wp\/v2\/pages\/151818\/revisions"}],"predecessor-version":[{"id":167044,"href":"https:\/\/alzira.es\/es\/wp-json\/wp\/v2\/pages\/151818\/revisions\/167044"}],"up":[{"embeddable":true,"href":"https:\/\/alzira.es\/es\/wp-json\/wp\/v2\/pages\/704"}],"wp:attachment":[{"href":"https:\/\/alzira.es\/es\/wp-json\/wp\/v2\/media?parent=151818"}],"curies":[{"name":"wp","href":"https:\/\/api.w.org\/{rel}","templated":true}]}}