{"id":150823,"date":"2024-06-07T10:50:13","date_gmt":"2024-06-07T08:50:13","guid":{"rendered":"https:\/\/alzira.es\/?page_id=150823"},"modified":"2024-07-10T15:49:47","modified_gmt":"2024-07-10T13:49:47","slug":"convocatoria-04-2024-provision-temporal-mejora-de-ocupacion-1-puesto-vacante-de-tecnico-a-de-gestion-a2-de-fp-o","status":"publish","type":"page","link":"https:\/\/alzira.es\/es\/servicios-municipales\/recursos-humanos\/empleo-temporal\/convocatoria-04-2024-provision-temporal-mejora-de-ocupacion-1-puesto-vacante-de-tecnico-a-de-gestion-a2-de-fp-o\/","title":{"rendered":"CONVOCATORIA 04\/2024 &#8211; PROVISI\u00d3N TEMPORAL MEJORA DE OCUPACI\u00d3N 1 PUESTO VACANTE DE T\u00c9CNICO\/A DE GESTI\u00d3N A2 DE FP-O"},"content":{"rendered":"\n<p><\/p>\n\n\n<p><span style=\"color: #993300;\"><strong><span style=\"color: #000000;\">Fecha entrevista:<\/span> <span style=\"color: #800000;\">05 de julio 2024.<\/span><\/strong><\/span><\/p>\n<p><strong>DOCUMENTOS DEL EXPEDIENTE:<\/strong><\/p>\n\n\n<div class=\"wp-block-columns is-layout-flex wp-container-core-columns-is-layout-9d6595d7 wp-block-columns-is-layout-flex\">\n<div class=\"wp-block-column is-layout-flow wp-block-column-is-layout-flow\" style=\"flex-basis:100%\">\n<div class=\"wp-block-group\"><div class=\"wp-block-group__inner-container is-layout-flow wp-block-group-is-layout-flow\">\n<div class=\"wp-block-columns is-layout-flex wp-container-core-columns-is-layout-9d6595d7 wp-block-columns-is-layout-flex\">\n<div class=\"wp-block-column is-layout-flow wp-block-column-is-layout-flow\" style=\"flex-basis:100%\">\n<figure class=\"wp-block-table is-style-stripes\"><table><tbody><tr><td><strong>Nombre Fichero<\/strong><\/td><td class=\"has-text-align-center\" data-align=\"center\"><strong>Fecha Publicaci\u00f3n<\/strong><\/td><\/tr><tr><td><\/td><td class=\"has-text-align-center\" data-align=\"center\"><\/td><\/tr><tr><td><a href=\"https:\/\/alzira.es\/wp-content\/uploads\/2023\/03\/Edicte-Entrevista-i-valoracio-merits-Tecnic-a-Gestio-A2-FP-O-signat-1.pdf\">Edicto resultados memoria\/entrevista y baremaci\u00f3n m\u00e9ritos<\/a> <\/td><td class=\"has-text-align-center\" data-align=\"center\">10\/07\/2024<\/td><\/tr><tr><td><a href=\"https:\/\/alzira.es\/wp-content\/uploads\/2024\/07\/05-Anunci-data-entrevista-20240705-signat.pdf\">Anuncio fecha de entrevista y relaci\u00f3n personal aspirante<\/a><\/td><td class=\"has-text-align-center\" data-align=\"center\">03\/07\/2024<\/td><\/tr><tr><td><a href=\"https:\/\/alzira.es\/wp-content\/uploads\/2023\/03\/04-Decreto-llista-definitiva-personal-admes-i-exclos-Tecnic-a-Gestio-A2-FPO.pdf\">Decreto lista definitiva y fecha de entrevista puesto TAG A2 FP-O<\/a><\/td><td class=\"has-text-align-center\" data-align=\"center\">03\/07\/2024<\/td><\/tr><tr><td><a href=\"https:\/\/alzira.es\/wp-content\/uploads\/2023\/03\/Autobaremacio-TAG-A2-FPO-1.xlsx\">Autobaremaci\u00f3n<\/a><\/td><td class=\"has-text-align-center\" data-align=\"center\">07\/06\/2024<\/td><\/tr><tr><td><a href=\"https:\/\/alzira.es\/wp-content\/uploads\/2024\/06\/02-Decret-aprovacio-bases-especificas-adscripcio-temporal-TECNIC-A-GESTIO-A2-FP-O-signat.pdf\">Decreto aprobaci\u00f3n bases concurso provisi\u00f3n 1 puesto TAG A2 FP-O<\/a><\/td><td class=\"has-text-align-center\" data-align=\"center\">06\/06\/2024<\/td><\/tr><tr><td><\/td><td class=\"has-text-align-center\" data-align=\"center\"><\/td><\/tr><\/tbody><\/table><\/figure>\n<\/div>\n<\/div>\n<\/div><\/div>\n<\/div>\n<\/div>\n","protected":false},"excerpt":{"rendered":"<p>Fecha entrevista: 05 de julio 2024. DOCUMENTOS DEL EXPEDIENTE: Nombre Fichero Fecha Publicaci\u00f3n Edicto resultados memoria\/entrevista y baremaci\u00f3n m\u00e9ritos 10\/07\/2024 Anuncio fecha de entrevista y relaci\u00f3n personal aspirante 03\/07\/2024 Decreto lista definitiva y fecha de entrevista puesto TAG A2 FP-O 03\/07\/2024 Autobaremaci\u00f3n 07\/06\/2024 Decreto aprobaci\u00f3n bases concurso provisi\u00f3n 1 puesto TAG A2 FP-O 06\/06\/2024<\/p>\n","protected":false},"author":156,"featured_media":0,"parent":105760,"menu_order":0,"comment_status":"closed","ping_status":"closed","template":"","meta":{"_acf_changed":false,"footnotes":""},"class_list":["post-150823","page","type-page","status-publish","hentry"],"acf":[],"_links":{"self":[{"href":"https:\/\/alzira.es\/es\/wp-json\/wp\/v2\/pages\/150823","targetHints":{"allow":["GET"]}}],"collection":[{"href":"https:\/\/alzira.es\/es\/wp-json\/wp\/v2\/pages"}],"about":[{"href":"https:\/\/alzira.es\/es\/wp-json\/wp\/v2\/types\/page"}],"author":[{"embeddable":true,"href":"https:\/\/alzira.es\/es\/wp-json\/wp\/v2\/users\/156"}],"replies":[{"embeddable":true,"href":"https:\/\/alzira.es\/es\/wp-json\/wp\/v2\/comments?post=150823"}],"version-history":[{"count":1,"href":"https:\/\/alzira.es\/es\/wp-json\/wp\/v2\/pages\/150823\/revisions"}],"predecessor-version":[{"id":151751,"href":"https:\/\/alzira.es\/es\/wp-json\/wp\/v2\/pages\/150823\/revisions\/151751"}],"up":[{"embeddable":true,"href":"https:\/\/alzira.es\/es\/wp-json\/wp\/v2\/pages\/105760"}],"wp:attachment":[{"href":"https:\/\/alzira.es\/es\/wp-json\/wp\/v2\/media?parent=150823"}],"curies":[{"name":"wp","href":"https:\/\/api.w.org\/{rel}","templated":true}]}}