{"id":150339,"date":"2024-05-28T09:11:13","date_gmt":"2024-05-28T07:11:13","guid":{"rendered":"https:\/\/alzira.es\/servicios-municipales\/biblioteca\/suggeriments-per-a-la-nova-sala-destudis\/"},"modified":"2024-05-31T08:18:28","modified_gmt":"2024-05-31T06:18:28","slug":"suggeriments-per-a-la-nova-sala-destudis","status":"publish","type":"page","link":"https:\/\/alzira.es\/es\/servicios-municipales\/biblioteca\/suggeriments-per-a-la-nova-sala-destudis\/","title":{"rendered":"Suggeriments per a la nova sala d\u2019estudis"},"content":{"rendered":"<p><strong>Alzira implementar\u00e0 una sala d\u2019estudis permanent al servici de les nostres ve\u00efnes i ve\u00efns<\/strong><\/p>\n<p>Des de l\u2019Ajuntament d\u2019Alzira, ens agradaria que participares a crear este nou espai on podr\u00e0s concentrar-te i estudiar. Per aix\u00f2, volem comptar amb la teua col\u00b7laboraci\u00f3 d\u2019una manera molt r\u00e0pida i senzilla.<\/p>\n<p>Durant els darrers anys, en per\u00edode d\u2019ex\u00e0mens, s&#8217;ha habilitat la sala de la planta baixa de la biblioteca municipal per a l\u2019\u00fas exclusiu d\u2019estudi i s\u2019ha destinat a les nostres ciutadanes i ciutadans que necessiten un espai assignat a la concentraci\u00f3 i a la preparaci\u00f3. \u00c9s el moment d\u2019anar m\u00e9s enll\u00e0.<\/p>\n<p>Per este motiu, en este mateix espai volem implantar una sala d\u2019estudis permanent i adequada perqu\u00e8 cobrisca totes les teues necessitats pel que fa a l&#8217;estudi<span style=\"font-size: revert;\">.<\/span><\/p>\n<h2 style=\"text-align: center;\"><em><strong>Junts crearem este espai \u00f2ptim per a tu!<\/strong><\/em><\/h2>\n\n\n<div class=\"wpcf7 no-js\" id=\"wpcf7-f150332-o1\" lang=\"ca\" dir=\"ltr\" data-wpcf7-id=\"150332\">\n<div class=\"screen-reader-response\"><p role=\"status\" aria-live=\"polite\" aria-atomic=\"true\"><\/p> <ul><\/ul><\/div>\n<form action=\"\/es\/wp-json\/wp\/v2\/pages\/150339#wpcf7-f150332-o1\" method=\"post\" class=\"wpcf7-form init wpcf7-acceptance-as-validation\" aria-label=\"Formulari de contacte\" novalidate=\"novalidate\" data-status=\"init\">\n<div style=\"display: none;\">\n<input type=\"hidden\" name=\"_wpcf7\" value=\"150332\" \/>\n<input type=\"hidden\" name=\"_wpcf7_version\" value=\"6.0.4\" \/>\n<input type=\"hidden\" name=\"_wpcf7_locale\" value=\"ca\" \/>\n<input type=\"hidden\" name=\"_wpcf7_unit_tag\" value=\"wpcf7-f150332-o1\" \/>\n<input type=\"hidden\" name=\"_wpcf7_container_post\" value=\"0\" \/>\n<input type=\"hidden\" name=\"_wpcf7_posted_data_hash\" value=\"\" \/>\n<\/div>\n<div class=\"campoform\">\n\t<p><label>Nom i cognoms*<\/label><span class=\"wpcf7-form-control-wrap\" data-name=\"nombre\"><input size=\"40\" maxlength=\"400\" class=\"wpcf7-form-control wpcf7-text wpcf7-validates-as-required\" aria-required=\"true\" aria-invalid=\"false\" value=\"\" type=\"text\" name=\"nombre\" \/><\/span>\n\t<\/p>\n<\/div>\n<div class=\"campoform\">\n\t<p><label>Adre\u00e7a electr\u00f2nica*<\/label><span class=\"wpcf7-form-control-wrap\" data-name=\"email\"><input size=\"40\" maxlength=\"400\" class=\"wpcf7-form-control wpcf7-email wpcf7-validates-as-required wpcf7-text wpcf7-validates-as-email\" aria-required=\"true\" aria-invalid=\"false\" value=\"\" type=\"email\" name=\"email\" \/><\/span>\n\t<\/p>\n<\/div>\n<div class=\"campoform\">\n\t<p><label>Tel\u00e8fon<\/label><span class=\"wpcf7-form-control-wrap\" data-name=\"telefono\"><input size=\"40\" maxlength=\"400\" class=\"wpcf7-form-control wpcf7-tel wpcf7-text wpcf7-validates-as-tel\" aria-invalid=\"false\" value=\"\" type=\"tel\" name=\"telefono\" \/><\/span>\n\t<\/p>\n<\/div>\n<div class=\"campoformmsg\">\n\t<p><label>Indica a continuaci\u00f3 els teus suggeriments per a la nova sala d\u2019estudis:<\/label><span class=\"wpcf7-form-control-wrap\" data-name=\"mensaje\"><textarea cols=\"40\" rows=\"10\" maxlength=\"2000\" class=\"wpcf7-form-control wpcf7-textarea wpcf7-validates-as-required\" aria-required=\"true\" aria-invalid=\"false\" name=\"mensaje\"><\/textarea><\/span>\n\t<\/p>\n<\/div>\n<div class=\"aceptar\">\n\t<p><span class=\"wpcf7-form-control-wrap\" data-name=\"politicaprivacidad\"><span class=\"wpcf7-form-control wpcf7-acceptance\"><span class=\"wpcf7-list-item\"><label><input type=\"checkbox\" name=\"politicaprivacidad\" value=\"1\" aria-invalid=\"false\" \/><span class=\"wpcf7-list-item-label\">He llegit i accepte la <a href=\"#\" target=\"_blank\">Pol\u00edtica de Privacitat<\/a><\/span><\/label><\/span><\/span><\/span>\n\t<\/p>\n<\/div>\n<p><input class=\"wpcf7-form-control wpcf7-submit has-spinner\" type=\"submit\" value=\"Enviar\" \/>\n<\/p><input type='hidden' class='wpcf7-pum' value='{\"closepopup\":false,\"closedelay\":0,\"openpopup\":false,\"openpopup_id\":0}' \/><div class=\"wpcf7-response-output\" aria-hidden=\"true\"><\/div>\n<\/form>\n<\/div>\n\n","protected":false},"excerpt":{"rendered":"<p>Alzira implementar\u00e0 una sala d\u2019estudis permanent al servici de les nostres ve\u00efnes i ve\u00efns Des de l\u2019Ajuntament d\u2019Alzira, ens agradaria que participares a crear este nou espai on podr\u00e0s concentrar-te i estudiar. Per aix\u00f2, volem comptar amb la teua col\u00b7laboraci\u00f3 d\u2019una manera molt r\u00e0pida i senzilla. Durant els darrers anys, en per\u00edode d\u2019ex\u00e0mens, s&#8217;ha habilitat &hellip; <\/p>\n<p class=\"link-more\"><a href=\"https:\/\/alzira.es\/es\/servicios-municipales\/biblioteca\/suggeriments-per-a-la-nova-sala-destudis\/\" class=\"more-link\">Continuar leyendo<span class=\"screen-reader-text\"> \u00abSuggeriments per a la nova sala d\u2019estudis\u00bb<\/span><\/a><\/p>\n","protected":false},"author":29,"featured_media":0,"parent":48857,"menu_order":0,"comment_status":"closed","ping_status":"closed","template":"","meta":{"_acf_changed":false,"footnotes":""},"class_list":["post-150339","page","type-page","status-publish","hentry"],"acf":[],"_links":{"self":[{"href":"https:\/\/alzira.es\/es\/wp-json\/wp\/v2\/pages\/150339","targetHints":{"allow":["GET"]}}],"collection":[{"href":"https:\/\/alzira.es\/es\/wp-json\/wp\/v2\/pages"}],"about":[{"href":"https:\/\/alzira.es\/es\/wp-json\/wp\/v2\/types\/page"}],"author":[{"embeddable":true,"href":"https:\/\/alzira.es\/es\/wp-json\/wp\/v2\/users\/29"}],"replies":[{"embeddable":true,"href":"https:\/\/alzira.es\/es\/wp-json\/wp\/v2\/comments?post=150339"}],"version-history":[{"count":2,"href":"https:\/\/alzira.es\/es\/wp-json\/wp\/v2\/pages\/150339\/revisions"}],"predecessor-version":[{"id":150512,"href":"https:\/\/alzira.es\/es\/wp-json\/wp\/v2\/pages\/150339\/revisions\/150512"}],"up":[{"embeddable":true,"href":"https:\/\/alzira.es\/es\/wp-json\/wp\/v2\/pages\/48857"}],"wp:attachment":[{"href":"https:\/\/alzira.es\/es\/wp-json\/wp\/v2\/media?parent=150339"}],"curies":[{"name":"wp","href":"https:\/\/api.w.org\/{rel}","templated":true}]}}