{"id":150131,"date":"2024-05-21T08:28:27","date_gmt":"2024-05-21T06:28:27","guid":{"rendered":"https:\/\/alzira.es\/?page_id=150131"},"modified":"2025-01-14T07:55:22","modified_gmt":"2025-01-14T06:55:22","slug":"el-alcalde-obsequios-2","status":"publish","type":"page","link":"https:\/\/alzira.es\/es\/ayuntamiento\/el-alcalde\/el-alcalde-obsequios-2\/","title":{"rendered":"EL ALCALDE-OBSEQUIOS"},"content":{"rendered":"\t\t<div data-elementor-type=\"wp-page\" data-elementor-id=\"150131\" class=\"elementor elementor-150131 elementor-150130\">\n\t\t\t\t\t\t<section class=\"elementor-section elementor-top-section elementor-element elementor-element-610e12e elementor-section-boxed elementor-section-height-default elementor-section-height-default\" data-id=\"610e12e\" data-element_type=\"section\">\n\t\t\t\t\t\t<div class=\"elementor-container elementor-column-gap-default\">\n\t\t\t\t\t<div class=\"elementor-column elementor-col-100 elementor-top-column elementor-element elementor-element-9a14ef4\" data-id=\"9a14ef4\" data-element_type=\"column\">\n\t\t\t<div class=\"elementor-widget-wrap elementor-element-populated\">\n\t\t\t\t\t\t<div class=\"elementor-element elementor-element-10f673d elementor-widget elementor-widget-accordion\" data-id=\"10f673d\" data-element_type=\"widget\" data-widget_type=\"accordion.default\">\n\t\t\t\t<div class=\"elementor-widget-container\">\n\t\t\t\t\t\t\t<div class=\"elementor-accordion\">\n\t\t\t\t\t\t\t<div class=\"elementor-accordion-item\">\n\t\t\t\t\t<div id=\"elementor-tab-title-1771\" class=\"elementor-tab-title\" data-tab=\"1\" role=\"button\" aria-controls=\"elementor-tab-content-1771\" aria-expanded=\"false\">\n\t\t\t\t\t\t\t\t\t\t\t\t\t<span class=\"elementor-accordion-icon elementor-accordion-icon-left\" aria-hidden=\"true\">\n\t\t\t\t\t\t\t\t\t\t\t\t\t\t\t<span class=\"elementor-accordion-icon-closed\"><i class=\"fas fa-plus\"><\/i><\/span>\n\t\t\t\t\t\t\t\t<span class=\"elementor-accordion-icon-opened\"><i class=\"fas fa-minus\"><\/i><\/span>\n\t\t\t\t\t\t\t\t\t\t\t\t\t\t<\/span>\n\t\t\t\t\t\t\t\t\t\t\t\t<a class=\"elementor-accordion-title\" tabindex=\"0\">Asociaci\u00f3n Tyrius con motivo de la inauguraci\u00f3n de las actividades del a\u00f1o 2025<\/a>\n\t\t\t\t\t<\/div>\n\t\t\t\t\t<div id=\"elementor-tab-content-1771\" class=\"elementor-tab-content elementor-clearfix\" data-tab=\"1\" role=\"region\" aria-labelledby=\"elementor-tab-title-1771\"><p><a href=\"https:\/\/alzira.es\/wp-content\/uploads\/2025\/01\/rellotge.png\" target=\"_blank\" rel=\"noopener\"><img decoding=\"async\" class=\"alignleft wp-image-157526 lazyload\" data-src=\"https:\/\/alzira.es\/wp-content\/uploads\/2025\/01\/rellotge-350x350.png\" alt=\"\" width=\"131\" height=\"160\" data-srcset=\"https:\/\/alzira.es\/wp-content\/uploads\/2025\/01\/rellotge-418x510.png 418w, https:\/\/alzira.es\/wp-content\/uploads\/2025\/01\/rellotge-878x1072.png 878w, https:\/\/alzira.es\/wp-content\/uploads\/2025\/01\/rellotge-768x937.png 768w, https:\/\/alzira.es\/wp-content\/uploads\/2025\/01\/rellotge.png 1125w\" data-sizes=\"(max-width: 131px) 100vw, 131px\" src=\"data:image\/svg+xml;base64,PHN2ZyB3aWR0aD0iMSIgaGVpZ2h0PSIxIiB4bWxucz0iaHR0cDovL3d3dy53My5vcmcvMjAwMC9zdmciPjwvc3ZnPg==\" style=\"--smush-placeholder-width: 131px; --smush-placeholder-aspect-ratio: 131\/160;\" \/><\/a><\/p><ul><li style=\"font-weight: 400;\"><strong>Descripci\u00f3n del obsequio:<\/strong><p>Entrega de reloj, con motivo de la inauguraci\u00f3n de las actividades del a\u00f1o 2025.<\/p><\/li><li style=\"font-weight: 400;\"><strong>Entidad\/Persona que hace el obsequio:<\/strong>\u00a0 Asociaci\u00f3n Tyrius\u00a0<\/li><li style=\"font-weight: 400;\"><strong>Destinatario del obsequio:<\/strong> Alcalde de Alzira<\/li><\/ul><\/div>\n\t\t\t\t<\/div>\n\t\t\t\t\t\t\t<div class=\"elementor-accordion-item\">\n\t\t\t\t\t<div id=\"elementor-tab-title-1772\" class=\"elementor-tab-title\" data-tab=\"2\" role=\"button\" aria-controls=\"elementor-tab-content-1772\" aria-expanded=\"false\">\n\t\t\t\t\t\t\t\t\t\t\t\t\t<span class=\"elementor-accordion-icon elementor-accordion-icon-left\" aria-hidden=\"true\">\n\t\t\t\t\t\t\t\t\t\t\t\t\t\t\t<span class=\"elementor-accordion-icon-closed\"><i class=\"fas fa-plus\"><\/i><\/span>\n\t\t\t\t\t\t\t\t<span class=\"elementor-accordion-icon-opened\"><i class=\"fas fa-minus\"><\/i><\/span>\n\t\t\t\t\t\t\t\t\t\t\t\t\t\t<\/span>\n\t\t\t\t\t\t\t\t\t\t\t\t<a class=\"elementor-accordion-title\" tabindex=\"0\">Representantes del municipio de Mosteiros (Rep\u00fablica de Cabo Verde)<\/a>\n\t\t\t\t\t<\/div>\n\t\t\t\t\t<div id=\"elementor-tab-content-1772\" class=\"elementor-tab-content elementor-clearfix\" data-tab=\"2\" role=\"region\" aria-labelledby=\"elementor-tab-title-1772\"><p><a href=\"https:\/\/alzira.es\/wp-content\/uploads\/2024\/10\/Mosteiros.jpg\" target=\"_blank\" rel=\"noopener\"><img decoding=\"async\" class=\"wp-image-154677 alignleft lazyload\" data-src=\"https:\/\/alzira.es\/wp-content\/uploads\/2024\/10\/Mosteiros.jpg\" alt=\"Regals del municipi de Mosteiros\" width=\"287\" height=\"161\" data-srcset=\"https:\/\/alzira.es\/wp-content\/uploads\/2024\/10\/Mosteiros.jpg 2000w, https:\/\/alzira.es\/wp-content\/uploads\/2024\/10\/Mosteiros-680x383.jpg 680w, https:\/\/alzira.es\/wp-content\/uploads\/2024\/10\/Mosteiros-1430x804.jpg 1430w, https:\/\/alzira.es\/wp-content\/uploads\/2024\/10\/Mosteiros-768x432.jpg 768w, https:\/\/alzira.es\/wp-content\/uploads\/2024\/10\/Mosteiros-1536x864.jpg 1536w\" data-sizes=\"(max-width: 287px) 100vw, 287px\" src=\"data:image\/svg+xml;base64,PHN2ZyB3aWR0aD0iMSIgaGVpZ2h0PSIxIiB4bWxucz0iaHR0cDovL3d3dy53My5vcmcvMjAwMC9zdmciPjwvc3ZnPg==\" style=\"--smush-placeholder-width: 287px; --smush-placeholder-aspect-ratio: 287\/161;\" \/><\/a><\/p><ul><li style=\"font-weight: 400;\"><strong>Descripci\u00f3n del obsequio:<\/strong><p>Regalos que hicieron en el Ayuntamiento de Alzira los representantes del municipio de Mosteiros (Rep\u00fablica de Cabo Verde), con motivo de su visita y hermanamiento de ambas ciudades del pasado 27 de septiembre.<\/p><\/li><li style=\"font-weight: 400;\"><strong>Entidad\/Persona que hace el obsequio:<\/strong> Representantes del municipio de Mosteiros (Rep\u00fablica de Cabo Verde)<\/li><li style=\"font-weight: 400;\"><strong>Destinatario del obsequio:<\/strong> Ajuntament d&#8217;Alzira<\/li><\/ul><p style=\"font-weight: 400;\">\u00a0<\/p><\/div>\n\t\t\t\t<\/div>\n\t\t\t\t\t\t\t<div class=\"elementor-accordion-item\">\n\t\t\t\t\t<div id=\"elementor-tab-title-1773\" class=\"elementor-tab-title\" data-tab=\"3\" role=\"button\" aria-controls=\"elementor-tab-content-1773\" aria-expanded=\"false\">\n\t\t\t\t\t\t\t\t\t\t\t\t\t<span class=\"elementor-accordion-icon elementor-accordion-icon-left\" aria-hidden=\"true\">\n\t\t\t\t\t\t\t\t\t\t\t\t\t\t\t<span class=\"elementor-accordion-icon-closed\"><i class=\"fas fa-plus\"><\/i><\/span>\n\t\t\t\t\t\t\t\t<span class=\"elementor-accordion-icon-opened\"><i class=\"fas fa-minus\"><\/i><\/span>\n\t\t\t\t\t\t\t\t\t\t\t\t\t\t<\/span>\n\t\t\t\t\t\t\t\t\t\t\t\t<a class=\"elementor-accordion-title\" tabindex=\"0\">C\u00e1mara Municipal de Mosteiros, Fogo, Cabo Verde<\/a>\n\t\t\t\t\t<\/div>\n\t\t\t\t\t<div id=\"elementor-tab-content-1773\" class=\"elementor-tab-content elementor-clearfix\" data-tab=\"3\" role=\"region\" aria-labelledby=\"elementor-tab-title-1773\"><p><a href=\"https:\/\/alzira.es\/wp-content\/uploads\/2024\/05\/productes-de-fogo-scaled.jpg\" target=\"_blank\" rel=\"noopener\"><img fetchpriority=\"high\" decoding=\"async\" class=\"wp-image-150134 size-medium alignleft\" src=\"https:\/\/alzira.es\/wp-content\/uploads\/2024\/05\/productes-de-fogo-287x510.jpg\" alt=\"Productes de Fogo\" width=\"287\" height=\"510\" srcset=\"https:\/\/alzira.es\/wp-content\/uploads\/2024\/05\/productes-de-fogo-287x510.jpg 287w, https:\/\/alzira.es\/wp-content\/uploads\/2024\/05\/productes-de-fogo-603x1072.jpg 603w, https:\/\/alzira.es\/wp-content\/uploads\/2024\/05\/productes-de-fogo-768x1365.jpg 768w, https:\/\/alzira.es\/wp-content\/uploads\/2024\/05\/productes-de-fogo-864x1536.jpg 864w, https:\/\/alzira.es\/wp-content\/uploads\/2024\/05\/productes-de-fogo-1152x2048.jpg 1152w, https:\/\/alzira.es\/wp-content\/uploads\/2024\/05\/productes-de-fogo-scaled.jpg 1440w\" sizes=\"(max-width: 287px) 100vw, 287px\" \/><\/a><\/p><ul><li style=\"font-weight: 400;\"><strong>Descripci\u00f3n del obsequio:<\/strong><p>Productos de Fogo, Cabo Verde.<\/p><\/li><li style=\"font-weight: 400;\"><strong>Entidad\/Persona que hace el obsequio:<\/strong> C\u00e1mara Municipal de Mosteiros, Fogo, Cabo Verde<\/li><li style=\"font-weight: 400;\"><strong>Destinatario del obsequio:<\/strong> Ajuntament d&#8217;Alzira<\/li><\/ul><p style=\"font-weight: 400;\">\u00a0<\/p><\/div>\n\t\t\t\t<\/div>\n\t\t\t\t\t\t\t\t<\/div>\n\t\t\t\t\t\t<\/div>\n\t\t\t\t<\/div>\n\t\t\t\t\t<\/div>\n\t\t<\/div>\n\t\t\t\t\t<\/div>\n\t\t<\/section>\n\t\t\t\t<\/div>\n\t\t","protected":false},"excerpt":{"rendered":"<p>Asociaci\u00f3n Tyrius con motivo de la inauguraci\u00f3n de las actividades del a\u00f1o 2025 Descripci\u00f3n del obsequio: Entrega de reloj, con motivo de la inauguraci\u00f3n de las actividades del a\u00f1o 2025. Entidad\/Persona que hace el obsequio:\u00a0 Asociaci\u00f3n Tyrius\u00a0 Destinatario del obsequio: Alcalde de Alzira Representantes del municipio de Mosteiros (Rep\u00fablica de Cabo Verde) Descripci\u00f3n del obsequio: &hellip; <\/p>\n<p class=\"link-more\"><a href=\"https:\/\/alzira.es\/es\/ayuntamiento\/el-alcalde\/el-alcalde-obsequios-2\/\" class=\"more-link\">Continuar leyendo<span class=\"screen-reader-text\"> \u00abEL ALCALDE-OBSEQUIOS\u00bb<\/span><\/a><\/p>\n","protected":false},"author":29,"featured_media":0,"parent":61039,"menu_order":0,"comment_status":"closed","ping_status":"closed","template":"","meta":{"_acf_changed":false,"footnotes":""},"class_list":["post-150131","page","type-page","status-publish","hentry"],"acf":[],"_links":{"self":[{"href":"https:\/\/alzira.es\/es\/wp-json\/wp\/v2\/pages\/150131","targetHints":{"allow":["GET"]}}],"collection":[{"href":"https:\/\/alzira.es\/es\/wp-json\/wp\/v2\/pages"}],"about":[{"href":"https:\/\/alzira.es\/es\/wp-json\/wp\/v2\/types\/page"}],"author":[{"embeddable":true,"href":"https:\/\/alzira.es\/es\/wp-json\/wp\/v2\/users\/29"}],"replies":[{"embeddable":true,"href":"https:\/\/alzira.es\/es\/wp-json\/wp\/v2\/comments?post=150131"}],"version-history":[{"count":2,"href":"https:\/\/alzira.es\/es\/wp-json\/wp\/v2\/pages\/150131\/revisions"}],"predecessor-version":[{"id":157533,"href":"https:\/\/alzira.es\/es\/wp-json\/wp\/v2\/pages\/150131\/revisions\/157533"}],"up":[{"embeddable":true,"href":"https:\/\/alzira.es\/es\/wp-json\/wp\/v2\/pages\/61039"}],"wp:attachment":[{"href":"https:\/\/alzira.es\/es\/wp-json\/wp\/v2\/media?parent=150131"}],"curies":[{"name":"wp","href":"https:\/\/api.w.org\/{rel}","templated":true}]}}