{"id":149902,"date":"2024-05-16T13:39:56","date_gmt":"2024-05-16T11:39:56","guid":{"rendered":"https:\/\/alzira.es\/?page_id=149902"},"modified":"2024-05-16T13:49:07","modified_gmt":"2024-05-16T11:49:07","slug":"miembros-mesas-electorales","status":"publish","type":"page","link":"https:\/\/alzira.es\/es\/ayuntamiento\/elecciones\/miembros-mesas-electorales\/","title":{"rendered":"Miembro Mesa Electoral"},"content":{"rendered":"\t\t<div data-elementor-type=\"wp-page\" data-elementor-id=\"149902\" class=\"elementor elementor-149902 elementor-149901\">\n\t\t\t\t\t\t<section class=\"elementor-section elementor-top-section elementor-element elementor-element-5518a00 elementor-section-boxed elementor-section-height-default elementor-section-height-default\" data-id=\"5518a00\" data-element_type=\"section\">\n\t\t\t\t\t\t<div class=\"elementor-container elementor-column-gap-default\">\n\t\t\t\t\t<div class=\"elementor-column elementor-col-100 elementor-top-column elementor-element elementor-element-fa6c8d4\" data-id=\"fa6c8d4\" data-element_type=\"column\">\n\t\t\t<div class=\"elementor-widget-wrap elementor-element-populated\">\n\t\t\t\t\t\t<div class=\"elementor-element elementor-element-22bf701 elementor-widget elementor-widget-text-editor\" data-id=\"22bf701\" data-element_type=\"widget\" data-widget_type=\"text-editor.default\">\n\t\t\t\t<div class=\"elementor-widget-container\">\n\t\t\t\t\t\t\t\t\t<p>Sorteo realizado en sesi\u00f3n plenaria el 13 de mayo de 2024.<\/p><p>NOTA: No se incluyen las excusas presentadas en JUNTA ELECTORAL de ZONA.<\/p><p>Si usted ha sido designado como miembro de Mesa Electoral en las Elecciones al Parlamento Europeo y por alguna circunstancia no puede desempe\u00f1ar el cargo, puede presentar excusa ante la Junta Electoral de Zona a trav\u00e9s de los siguientes medios:<\/p><p>\u2013 En caso de disponer de certificado digital, puede presentar su excusa en la p\u00e1gina web\u00a0<a href=\"https:\/\/www.mesaselectorales.es\/\">https:\/\/www.mesaselectorales.es<\/a>, indicando un correo electr\u00f3nico en el que se le notificar\u00e1 la resoluci\u00f3n adoptada.<\/p><p>\u2013 Por correo electr\u00f3nico a\u00a0<strong><a href=\"mailto:junta.electoral@alzira.es\">junta.electoral@alzira.es<\/a><\/strong><\/p><p>\u2013 En la sede de la Junta Electoral de Zona en el siguiente horario:<\/p><p>De lunes a jueves: de 10 a 13 horas y tardes de 16 a 18 horas.<\/p><p>Viernes: de 10 a 13 horas<\/p><p>S\u00e1bados: de 10 a 13 horas<\/p><p><a href=\"https:\/\/alzira.es\/wp-content\/uploads\/2023\/03\/240508_JEZ_model-excusa-membres-Mesa.pdf\">Model d\u2019excusa<\/a><\/p><p>Para comprobar si ha sido seleccionado como miembro de mesa electoral, deber\u00e1 introducir el NIF y fecha de nacimiento.<\/p>\t\t\t\t\t\t\t\t<\/div>\n\t\t\t\t<\/div>\n\t\t\t\t\t<\/div>\n\t\t<\/div>\n\t\t\t\t\t<\/div>\n\t\t<\/section>\n\t\t\t\t<section class=\"elementor-section elementor-top-section elementor-element elementor-element-6fe99eaf elementor-section-boxed elementor-section-height-default elementor-section-height-default\" data-id=\"6fe99eaf\" data-element_type=\"section\">\n\t\t\t\t\t\t<div class=\"elementor-container elementor-column-gap-default\">\n\t\t\t\t\t<div class=\"elementor-column elementor-col-100 elementor-top-column elementor-element elementor-element-1e132da\" data-id=\"1e132da\" data-element_type=\"column\">\n\t\t\t<div class=\"elementor-widget-wrap elementor-element-populated\">\n\t\t\t\t\t\t<div class=\"elementor-element elementor-element-72653ed elementor-widget elementor-widget-html\" data-id=\"72653ed\" data-element_type=\"widget\" data-widget_type=\"html.default\">\n\t\t\t\t<div class=\"elementor-widget-container\">\n\t\t\t\t\t<script>\r\njQuery(document).ready(function(){\r\n    \/\/ Une un controlador de submit(de entrega) al formulario\r\n    jQuery(\"#frm_censo\").submit(function(evento) {\r\n        \/\/ Evita que el formulario se entregue normalmente\r\n        evento.preventDefault();\r\n      \r\n        jQuery('#enviar_consulta').prop('disabled', true);\r\n        jQuery('#enviar_consulta').css({'background-color':'#efefef'});\r\n\r\n        setTimeout(function() {\r\n            jQuery('#enviar_consulta').prop('disabled', false);\r\n            jQuery('#enviar_consulta').css({'background-color':'#94213a'});\r\n        }, 5000);\r\n      \r\n        jQuery.post('\/elecciones-consulta.php', {nif:jQuery('#nif').val(), fecha_nac:jQuery('#fecha_nac').val(), enviar_consulta_mesa:1}).done(function(respuesta){\r\n            jQuery(\"#resultado\").html(respuesta);\r\n        });\r\n    });\r\n    \r\n    \/\/ Calculamos las fechas desde y hasta permitidas para el a\u00f1o de nacimiento\r\n    var fecha = new Date();\r\n    var anyo_hasta = fecha.getFullYear() - 18;\r\n    var fecha_hasta = anyo_hasta + '-12-31';\r\n    jQuery(\"#fecha_nac\").prop(\"max\", fecha_hasta);\r\n});\r\n<\/script>\r\n<style>\r\n    #nif::placeholder {\r\n        color: #000;\r\n        opacity: 0.3;\r\n    }\r\n<\/style>\r\n\r\n<form action=\"\" method=\"post\" name=\"frm_censo\" id=\"frm_censo\" >\r\n\t<table style=\"margin: auto; width: 90%;\">\r\n\t\t<tr>\r\n\t\t\t<td><label for=\"nif\" style=\"text-align:right;margin-right:5%\">NIF:<\/label><\/td>\r\n\t\t\t<td><input name=\"nif\" type=\"text\" id=\"nif\" maxlength=\"9\" required placeholder=\"12345678A\" style=\"max-width:10em\" \/><\/td>\r\n\t\t<\/tr>\r\n\t\t<tr>\r\n\t\t\t<td><label for=\"fecha_nac\" style=\"text-align:right;margin-right:5%\">Data de naixement:<\/label><\/td>\r\n\t\t\t<td><input name=\"fecha_nac\" type=\"date\" id=\"fecha_nac\" style=\"max-width:10em\" required \/><\/td>\r\n\t\t<\/tr>\r\n\t\t<tr>\r\n\t\t\t<td colspan=\"2\" style=\"text-align:center;line-height:3em\"><input type=\"submit\" name=\"enviar_consulta_mesa\" id=\"enviar_consulta\" value=\"Consultar\" style=\"background-color:#94213a\"\/> <input type=\"reset\" name=\"borrar_consulta\" id=\"borrar_consulta\" value=\"Esborrar\" style=\"background-color: #94213a;\r\n    border: 0; border-radius: 2px; box-shadow: none; color: #fff; cursor: pointer;     display: inline-block; font-size: 0.875rem; font-weight: 800; line-height: 1;    padding: 1em 2em; text-shadow: none; transition: background 0.2s;\"\/><\/td>\r\n\t\t<\/tr>\r\n\t<\/table>\r\n<\/form>\r\n<div id=\"resultado\"><\/div>\t\t\t\t<\/div>\n\t\t\t\t<\/div>\n\t\t\t\t\t<\/div>\n\t\t<\/div>\n\t\t\t\t\t<\/div>\n\t\t<\/section>\n\t\t\t\t<\/div>\n\t\t","protected":false},"excerpt":{"rendered":"<p>Sorteo realizado en sesi\u00f3n plenaria el 13 de mayo de 2024. NOTA: No se incluyen las excusas presentadas en JUNTA ELECTORAL de ZONA. Si usted ha sido designado como miembro de Mesa Electoral en las Elecciones al Parlamento Europeo y por alguna circunstancia no puede desempe\u00f1ar el cargo, puede presentar excusa ante la Junta Electoral &hellip; <\/p>\n<p class=\"link-more\"><a href=\"https:\/\/alzira.es\/es\/ayuntamiento\/elecciones\/miembros-mesas-electorales\/\" class=\"more-link\">Continuar leyendo<span class=\"screen-reader-text\"> \u00abMiembro Mesa Electoral\u00bb<\/span><\/a><\/p>\n","protected":false},"author":159,"featured_media":0,"parent":83840,"menu_order":0,"comment_status":"closed","ping_status":"closed","template":"","meta":{"_acf_changed":false,"footnotes":""},"class_list":["post-149902","page","type-page","status-publish","hentry"],"acf":[],"_links":{"self":[{"href":"https:\/\/alzira.es\/es\/wp-json\/wp\/v2\/pages\/149902","targetHints":{"allow":["GET"]}}],"collection":[{"href":"https:\/\/alzira.es\/es\/wp-json\/wp\/v2\/pages"}],"about":[{"href":"https:\/\/alzira.es\/es\/wp-json\/wp\/v2\/types\/page"}],"author":[{"embeddable":true,"href":"https:\/\/alzira.es\/es\/wp-json\/wp\/v2\/users\/159"}],"replies":[{"embeddable":true,"href":"https:\/\/alzira.es\/es\/wp-json\/wp\/v2\/comments?post=149902"}],"version-history":[{"count":2,"href":"https:\/\/alzira.es\/es\/wp-json\/wp\/v2\/pages\/149902\/revisions"}],"predecessor-version":[{"id":149924,"href":"https:\/\/alzira.es\/es\/wp-json\/wp\/v2\/pages\/149902\/revisions\/149924"}],"up":[{"embeddable":true,"href":"https:\/\/alzira.es\/es\/wp-json\/wp\/v2\/pages\/83840"}],"wp:attachment":[{"href":"https:\/\/alzira.es\/es\/wp-json\/wp\/v2\/media?parent=149902"}],"curies":[{"name":"wp","href":"https:\/\/api.w.org\/{rel}","templated":true}]}}