{"id":149800,"date":"2024-05-14T10:10:59","date_gmt":"2024-05-14T08:10:59","guid":{"rendered":"https:\/\/alzira.es\/?page_id=149800"},"modified":"2024-05-14T12:02:15","modified_gmt":"2024-05-14T10:02:15","slug":"miembros-de-mesa-elecciones-al-parlamento-europeo-9-6-24","status":"publish","type":"page","link":"https:\/\/alzira.es\/es\/ayuntamiento\/elecciones\/miembros-de-mesa-elecciones-al-parlamento-europeo-9-6-24\/","title":{"rendered":"Miembros de Mesa Elecciones al Parlamento Europeo 9-6-24"},"content":{"rendered":"\t\t<div data-elementor-type=\"wp-page\" data-elementor-id=\"149800\" class=\"elementor elementor-149800 elementor-149799\">\n\t\t\t\t\t\t<section class=\"elementor-section elementor-top-section elementor-element elementor-element-6cbd7f6f elementor-section-boxed elementor-section-height-default elementor-section-height-default\" data-id=\"6cbd7f6f\" data-element_type=\"section\">\n\t\t\t\t\t\t<div class=\"elementor-container elementor-column-gap-default\">\n\t\t\t\t\t<div class=\"elementor-column elementor-col-100 elementor-top-column elementor-element elementor-element-7b476da8\" data-id=\"7b476da8\" data-element_type=\"column\">\n\t\t\t<div class=\"elementor-widget-wrap elementor-element-populated\">\n\t\t\t\t\t\t<div class=\"elementor-element elementor-element-65592d5 elementor-widget elementor-widget-text-editor\" data-id=\"65592d5\" data-element_type=\"widget\" data-widget_type=\"text-editor.default\">\n\t\t\t\t<div class=\"elementor-widget-container\">\n\t\t\t\t\t\t\t\t\t<p>Si usted ha sido designado como miembro de Mesa Electoral en las Elecciones al Parlamento Europeo y por alguna circunstancia no puede desempe\u00f1ar el cargo, puede presentar excusa ante la Junta Electoral de Zona a trav\u00e9s de los siguientes medios:<\/p>\n<p>&#8211; En caso de disponer de certificado digital, puede presentar su excusa en la p\u00e1gina web <a href=\"https:\/\/www.mesaselectorales.es\">https:\/\/www.mesaselectorales.es<\/a>, indicando un correo electr\u00f3nico en el que se le notificar\u00e1 la resoluci\u00f3n adoptada.<\/p>\n<p>&#8211; Por correo electr\u00f3nico a <strong><a href=\"mailto:junta.electoral@alzira.es\">junta.electoral@alzira.es<\/a><\/strong><\/p>\n<p>&#8211; En la sede de la Junta Electoral de Zona en el siguiente horario:<\/p>\n<p>De lunes a jueves: de 10 a 13 horas y tardes de 16 a 18 horas.<\/p>\n<p>Viernes: de 10 a 13 horas<\/p>\n<p>S\u00e1bados: de 10 a 13 horas<\/p>\n<p><a href=\"https:\/\/alzira.es\/wp-content\/uploads\/2023\/03\/240508_JEZ_model-excusa-membres-Mesa.pdf\">Model d&#8217;excusa<\/a><\/p>\n\t\t\t\t\t\t\t\t<\/div>\n\t\t\t\t<\/div>\n\t\t\t\t\t<\/div>\n\t\t<\/div>\n\t\t\t\t\t<\/div>\n\t\t<\/section>\n\t\t\t\t<\/div>\n\t\t","protected":false},"excerpt":{"rendered":"<p>Si usted ha sido designado como miembro de Mesa Electoral en las Elecciones al Parlamento Europeo y por alguna circunstancia no puede desempe\u00f1ar el cargo, puede presentar excusa ante la Junta Electoral de Zona a trav\u00e9s de los siguientes medios: &#8211; En caso de disponer de certificado digital, puede presentar su excusa en la p\u00e1gina &hellip; <\/p>\n<p class=\"link-more\"><a href=\"https:\/\/alzira.es\/es\/ayuntamiento\/elecciones\/miembros-de-mesa-elecciones-al-parlamento-europeo-9-6-24\/\" class=\"more-link\">Continuar leyendo<span class=\"screen-reader-text\"> \u00abMiembros de Mesa Elecciones al Parlamento Europeo 9-6-24\u00bb<\/span><\/a><\/p>\n","protected":false},"author":34,"featured_media":0,"parent":83840,"menu_order":0,"comment_status":"closed","ping_status":"closed","template":"","meta":{"_acf_changed":false,"footnotes":""},"class_list":["post-149800","page","type-page","status-publish","hentry"],"acf":[],"_links":{"self":[{"href":"https:\/\/alzira.es\/es\/wp-json\/wp\/v2\/pages\/149800","targetHints":{"allow":["GET"]}}],"collection":[{"href":"https:\/\/alzira.es\/es\/wp-json\/wp\/v2\/pages"}],"about":[{"href":"https:\/\/alzira.es\/es\/wp-json\/wp\/v2\/types\/page"}],"author":[{"embeddable":true,"href":"https:\/\/alzira.es\/es\/wp-json\/wp\/v2\/users\/34"}],"replies":[{"embeddable":true,"href":"https:\/\/alzira.es\/es\/wp-json\/wp\/v2\/comments?post=149800"}],"version-history":[{"count":0,"href":"https:\/\/alzira.es\/es\/wp-json\/wp\/v2\/pages\/149800\/revisions"}],"up":[{"embeddable":true,"href":"https:\/\/alzira.es\/es\/wp-json\/wp\/v2\/pages\/83840"}],"wp:attachment":[{"href":"https:\/\/alzira.es\/es\/wp-json\/wp\/v2\/media?parent=149800"}],"curies":[{"name":"wp","href":"https:\/\/api.w.org\/{rel}","templated":true}]}}