{"id":14966,"date":"2016-02-15T20:46:02","date_gmt":"2016-02-15T19:46:02","guid":{"rendered":"https:\/\/alzira.es\/organos-de-gestion-composicion-consejo-mercado-abastos\/"},"modified":"2023-10-11T10:45:16","modified_gmt":"2023-10-11T08:45:16","slug":"organos-de-gestion-composicion-consejo-mercado-abastos","status":"publish","type":"page","link":"https:\/\/alzira.es\/es\/ayuntamiento\/corporacion-y-gobierno-municipal\/organos-de-participacion-y-gestion\/organos-de-gestion\/organos-de-gestion-composicion-consejo-mercado-abastos\/","title":{"rendered":"Organos de gestion-Composicion-Consejo Mercado Abastos"},"content":{"rendered":"\t\t<div data-elementor-type=\"wp-page\" data-elementor-id=\"14966\" class=\"elementor elementor-14966\">\n\t\t\t\t\t\t<section class=\"elementor-section elementor-top-section elementor-element elementor-element-550713c5 elementor-section-boxed elementor-section-height-default elementor-section-height-default\" data-id=\"550713c5\" data-element_type=\"section\">\n\t\t\t\t\t\t<div class=\"elementor-container elementor-column-gap-default\">\n\t\t\t\t\t<div class=\"elementor-column elementor-col-100 elementor-top-column elementor-element elementor-element-6ac314b\" data-id=\"6ac314b\" data-element_type=\"column\">\n\t\t\t<div class=\"elementor-widget-wrap elementor-element-populated\">\n\t\t\t\t\t\t<div class=\"elementor-element elementor-element-59919e55 elementor-widget elementor-widget-text-editor\" data-id=\"59919e55\" data-element_type=\"widget\" data-widget_type=\"text-editor.default\">\n\t\t\t\t<div class=\"elementor-widget-container\">\n\t\t\t\t\t\t\t\t\t<p><span style=\"text-decoration: underline;\"><strong>Composici\u00f3n del Consejo de Administraci\u00f3n del Mercado de Abastos<\/strong><\/span><\/p><p style=\"text-align: justify; margin-left: 30px;\">Por acuerdo del Pleno de 19 de julio de 2023 se nombra a los siguientes representantes:<\/p><p style=\"text-align: justify; margin-left: 30px;\">\u2022\u00a0<span style=\"text-decoration: underline;\">Tres concejales del Ayuntamiento<\/span>:<\/p><p style=\"text-align: justify; margin-left: 60px;\">&#8211; Enrique Montalv\u00e1 Espa\u00f1a, concejal responsable del \u00e1rea de Agricultura, Servicios para la Ciudad.<\/p><p style=\"text-align: justify; margin-left: 60px;\">&#8211; Vicente de la Concepci\u00f3n Chord\u00e1, concejal responsable de la sub\u00e0rea de Obras e Infraestructuras P\u00fablicas y Deportes.<\/p><p style=\"text-align: justify; margin-left: 60px;\">&#8211; Luisa Castells Gar\u00e9s, titular, concejal del PP, representante de los grupos pol\u00edticos que no forman parte del equipo de gobierno.<\/p><p style=\"padding-left: 40px;\">&#8211;\u00a0 Ricardo Belda Valiente, suplente, concejal de Vox, representante de los grups pol\u00edticos que no forman parte del equipo de gobierno<\/p><p style=\"margin-left: 30px;\">\u2022\u00a0<span style=\"text-decoration: underline;\">Dos representantes de los asentadores<\/span> o adjudicatarios de las paradas:<\/p><p style=\"text-align: justify; margin-left: 60px;\">&#8211; Salvador Bria Barbarroja, paradas n\u00fam. 8 i 9.<\/p><p style=\"text-align: justify; margin-left: 60px;\">&#8211; Adela Senchermes Hinojosa, paradas n\u00fam. 15 i 21.<\/p><p style=\"text-align: justify; margin-left: 60px;\">\u00a0<\/p>\t\t\t\t\t\t\t\t<\/div>\n\t\t\t\t<\/div>\n\t\t\t\t\t<\/div>\n\t\t<\/div>\n\t\t\t\t\t<\/div>\n\t\t<\/section>\n\t\t\t\t<\/div>\n\t\t","protected":false},"excerpt":{"rendered":"<p>Composici\u00f3n del Consejo de Administraci\u00f3n del Mercado de Abastos Por acuerdo del Pleno de 19 de julio de 2023 se nombra a los siguientes representantes: \u2022\u00a0Tres concejales del Ayuntamiento: &#8211; Enrique Montalv\u00e1 Espa\u00f1a, concejal responsable del \u00e1rea de Agricultura, Servicios para la Ciudad. &#8211; Vicente de la Concepci\u00f3n Chord\u00e1, concejal responsable de la sub\u00e0rea de &hellip; <\/p>\n<p class=\"link-more\"><a href=\"https:\/\/alzira.es\/es\/ayuntamiento\/corporacion-y-gobierno-municipal\/organos-de-participacion-y-gestion\/organos-de-gestion\/organos-de-gestion-composicion-consejo-mercado-abastos\/\" class=\"more-link\">Continuar leyendo<span class=\"screen-reader-text\"> \u00abOrganos de gestion-Composicion-Consejo Mercado Abastos\u00bb<\/span><\/a><\/p>\n","protected":false},"author":34,"featured_media":0,"parent":83974,"menu_order":83,"comment_status":"closed","ping_status":"closed","template":"","meta":{"_acf_changed":false,"footnotes":""},"class_list":["post-14966","page","type-page","status-publish","hentry"],"acf":[],"_links":{"self":[{"href":"https:\/\/alzira.es\/es\/wp-json\/wp\/v2\/pages\/14966","targetHints":{"allow":["GET"]}}],"collection":[{"href":"https:\/\/alzira.es\/es\/wp-json\/wp\/v2\/pages"}],"about":[{"href":"https:\/\/alzira.es\/es\/wp-json\/wp\/v2\/types\/page"}],"author":[{"embeddable":true,"href":"https:\/\/alzira.es\/es\/wp-json\/wp\/v2\/users\/34"}],"replies":[{"embeddable":true,"href":"https:\/\/alzira.es\/es\/wp-json\/wp\/v2\/comments?post=14966"}],"version-history":[{"count":2,"href":"https:\/\/alzira.es\/es\/wp-json\/wp\/v2\/pages\/14966\/revisions"}],"predecessor-version":[{"id":143354,"href":"https:\/\/alzira.es\/es\/wp-json\/wp\/v2\/pages\/14966\/revisions\/143354"}],"up":[{"embeddable":true,"href":"https:\/\/alzira.es\/es\/wp-json\/wp\/v2\/pages\/83974"}],"wp:attachment":[{"href":"https:\/\/alzira.es\/es\/wp-json\/wp\/v2\/media?parent=14966"}],"curies":[{"name":"wp","href":"https:\/\/api.w.org\/{rel}","templated":true}]}}