{"id":14964,"date":"2016-02-15T20:46:02","date_gmt":"2016-02-15T19:46:02","guid":{"rendered":"https:\/\/alzira.es\/organos-de-gestion-composicion-junta-mercado-la-vila\/"},"modified":"2023-10-11T09:54:23","modified_gmt":"2023-10-11T07:54:23","slug":"organos-de-gestion-composicion-junta-mercado-la-vila","status":"publish","type":"page","link":"https:\/\/alzira.es\/es\/ayuntamiento\/corporacion-y-gobierno-municipal\/organos-de-participacion-y-gestion\/organos-de-gestion\/organos-de-gestion-composicion-junta-mercado-la-vila\/","title":{"rendered":"Organos de gestion-Composicion-Junta Mercado La Vila"},"content":{"rendered":"\t\t<div data-elementor-type=\"wp-page\" data-elementor-id=\"14964\" class=\"elementor elementor-14964\">\n\t\t\t\t\t\t<section class=\"elementor-section elementor-top-section elementor-element elementor-element-46ce6d98 elementor-section-boxed elementor-section-height-default elementor-section-height-default\" data-id=\"46ce6d98\" data-element_type=\"section\">\n\t\t\t\t\t\t<div class=\"elementor-container elementor-column-gap-default\">\n\t\t\t\t\t<div class=\"elementor-column elementor-col-100 elementor-top-column elementor-element elementor-element-142e8632\" data-id=\"142e8632\" data-element_type=\"column\">\n\t\t\t<div class=\"elementor-widget-wrap elementor-element-populated\">\n\t\t\t\t\t\t<div class=\"elementor-element elementor-element-b68b3c0 elementor-widget elementor-widget-text-editor\" data-id=\"b68b3c0\" data-element_type=\"widget\" data-widget_type=\"text-editor.default\">\n\t\t\t\t<div class=\"elementor-widget-container\">\n\t\t\t\t\t\t\t\t\t<p><span style=\"text-decoration: underline;\"><strong>Composici\u00f3n de la Junta Administradora del Mercado Municipal \u00abLa Vila\u00bb<\/strong><\/span><\/p><p style=\"text-align: justify; margin-left: 30px;\">Por acuerdo de Pleno de 19 de julio de 2023 se nombra a los siguientes representantes:<\/p><p style=\"text-align: justify; margin-left: 30px;\">\u2022\u00a0<span style=\"text-decoration: underline;\">Tres concejales del Ayuntamiento<\/span>:<\/p><p style=\"text-align: justify; margin-left: 60px;\">&#8211; Vicent de la Concepci\u00f3n Chord\u00e1, concejal responsable de la sub\u00e1rea de Obras e Infrestructuras P\u00fablicas y Deportes.<\/p><p style=\"text-align: justify; margin-left: 60px;\">&#8211; Virtuts Piera Parra, concejal responsable de la sub\u00e1rea de Educaci\u00f3n, Infancia y Cooperaci\u00f3n y Consumo.<\/p><p style=\"text-align: justify; margin-left: 60px;\">&#8211; Ricardo Belda Valiente, titular, concejal de Vox, representante de los grupos pol\u00edticos que no forman parte del equipo de gobierno.<\/p><p style=\"text-align: justify; margin-left: 60px;\">&#8211; Luisa Castells Gares, suplente, concejal del PP, representante de los grupos pol\u00edticos que no forman parte del equipo de gobierno.<\/p><p style=\"margin-left: 30px;\">\u2022\u00a0<span style=\"text-decoration: underline;\">Dos representantes de los adjudicatarios de las paradas<\/span>:<\/p><p>\u00a0 \u00a0 \u00a0 \u00a0 \u00a0 &#8211; Julian Garcia Mu\u00f1oz, parada n\u00famero 11<\/p><p>\u00a0 \u00a0 \u00a0 \u00a0 \u00a0 &#8211; Andrea Pe\u00f1a Palacios, parada n\u00famero 6<\/p><p style=\"margin: 0cm 0cm 0pt 35.4pt;\"><span lang=\"CA\" style=\"font-family: 'Arial','sans-serif'; font-size: 11pt;\"><span style=\"color: #000000;\">\u00a0<\/span><\/span><\/p><p style=\"text-align: justify; margin-left: 60px;\">\u00a0<\/p>\t\t\t\t\t\t\t\t<\/div>\n\t\t\t\t<\/div>\n\t\t\t\t\t<\/div>\n\t\t<\/div>\n\t\t\t\t\t<\/div>\n\t\t<\/section>\n\t\t\t\t<\/div>\n\t\t","protected":false},"excerpt":{"rendered":"<p>Composici\u00f3n de la Junta Administradora del Mercado Municipal \u00abLa Vila\u00bb Por acuerdo de Pleno de 19 de julio de 2023 se nombra a los siguientes representantes: \u2022\u00a0Tres concejales del Ayuntamiento: &#8211; Vicent de la Concepci\u00f3n Chord\u00e1, concejal responsable de la sub\u00e1rea de Obras e Infrestructuras P\u00fablicas y Deportes. &#8211; Virtuts Piera Parra, concejal responsable de &hellip; <\/p>\n<p class=\"link-more\"><a href=\"https:\/\/alzira.es\/es\/ayuntamiento\/corporacion-y-gobierno-municipal\/organos-de-participacion-y-gestion\/organos-de-gestion\/organos-de-gestion-composicion-junta-mercado-la-vila\/\" class=\"more-link\">Continuar leyendo<span class=\"screen-reader-text\"> \u00abOrganos de gestion-Composicion-Junta Mercado La Vila\u00bb<\/span><\/a><\/p>\n","protected":false},"author":34,"featured_media":0,"parent":83974,"menu_order":84,"comment_status":"closed","ping_status":"closed","template":"","meta":{"_acf_changed":false,"footnotes":""},"class_list":["post-14964","page","type-page","status-publish","hentry"],"acf":[],"_links":{"self":[{"href":"https:\/\/alzira.es\/es\/wp-json\/wp\/v2\/pages\/14964","targetHints":{"allow":["GET"]}}],"collection":[{"href":"https:\/\/alzira.es\/es\/wp-json\/wp\/v2\/pages"}],"about":[{"href":"https:\/\/alzira.es\/es\/wp-json\/wp\/v2\/types\/page"}],"author":[{"embeddable":true,"href":"https:\/\/alzira.es\/es\/wp-json\/wp\/v2\/users\/34"}],"replies":[{"embeddable":true,"href":"https:\/\/alzira.es\/es\/wp-json\/wp\/v2\/comments?post=14964"}],"version-history":[{"count":2,"href":"https:\/\/alzira.es\/es\/wp-json\/wp\/v2\/pages\/14964\/revisions"}],"predecessor-version":[{"id":143343,"href":"https:\/\/alzira.es\/es\/wp-json\/wp\/v2\/pages\/14964\/revisions\/143343"}],"up":[{"embeddable":true,"href":"https:\/\/alzira.es\/es\/wp-json\/wp\/v2\/pages\/83974"}],"wp:attachment":[{"href":"https:\/\/alzira.es\/es\/wp-json\/wp\/v2\/media?parent=14964"}],"curies":[{"name":"wp","href":"https:\/\/api.w.org\/{rel}","templated":true}]}}