{"id":14962,"date":"2016-02-15T20:46:02","date_gmt":"2016-02-15T19:46:02","guid":{"rendered":"https:\/\/alzira.es\/organos-de-gestion-composicion-comision-servicio-agua-potable\/"},"modified":"2025-04-01T09:55:09","modified_gmt":"2025-04-01T07:55:09","slug":"organos-de-gestion-composicion-comision-servicio-agua-potable","status":"publish","type":"page","link":"https:\/\/alzira.es\/es\/ayuntamiento\/corporacion-y-gobierno-municipal\/organos-de-participacion-y-gestion\/organos-de-gestion\/organos-de-gestion-composicion-comision-servicio-agua-potable\/","title":{"rendered":"Organos de gestion-Composicion-Comision Servicio Agua Potable"},"content":{"rendered":"\t\t<div data-elementor-type=\"wp-page\" data-elementor-id=\"14962\" class=\"elementor elementor-14962\">\n\t\t\t\t\t\t<section class=\"elementor-section elementor-top-section elementor-element elementor-element-ec8ec2e elementor-section-boxed elementor-section-height-default elementor-section-height-default\" data-id=\"ec8ec2e\" data-element_type=\"section\">\n\t\t\t\t\t\t<div class=\"elementor-container elementor-column-gap-default\">\n\t\t\t\t\t<div class=\"elementor-column elementor-col-100 elementor-top-column elementor-element elementor-element-409f9932\" data-id=\"409f9932\" data-element_type=\"column\">\n\t\t\t<div class=\"elementor-widget-wrap elementor-element-populated\">\n\t\t\t\t\t\t<div class=\"elementor-element elementor-element-336192be elementor-widget elementor-widget-text-editor\" data-id=\"336192be\" data-element_type=\"widget\" data-widget_type=\"text-editor.default\">\n\t\t\t\t<div class=\"elementor-widget-container\">\n\t\t\t\t\t\t\t\t\t<p><span style=\"text-decoration: underline;\"><strong>Composici\u00f3n de la\u00a0<span style=\"font-size: 14.4px; line-height: 23.04px;\">Comisi\u00f3n de\u00a0<\/span><span style=\"font-size: 14.4px; line-height: 23.04px;\">Seguimiento, fiscalizaci\u00f3n y control del servicio municipal de abastecimiento de agua potable i alcantarillado<\/span><\/strong><\/span><\/p><p style=\"text-align: justify; margin-left: 30px;\">Por acuerdo del Pleno de 19 de julio de 2023 y 26 de marzo de 2025 se designan los siguientes representantes:<\/p><p style=\"text-align: justify; margin-left: 30px;\">\u2022\u00a0<span style=\"text-decoration: underline;\">Concejales del Ayuntamiento<\/span>:<\/p><p style=\"text-align: justify; margin-left: 60px;\">&#8211; Vicent de la Concepci\u00f3n Chord\u00e1, concejal responsable de la sub\u00e0rea de Obras e Infraestructuras P\u00fablicas<\/p><p style=\"text-align: justify; margin-left: 60px;\">&#8211; Andr\u00e9s Gomis Fons, concejal de la sub\u00e1rea d&#8217;Hisenda, Contractaci\u00f3 i Urbanisme.<\/p><p style=\"text-align: justify; margin-left: 60px;\">&#8211; Rub\u00e9n Palau Castanya, titular, concejal representante de los grupos pol\u00edticos de la oposici\u00f3n.\u00a0<\/p><p>\u00a0 \u00a0 \u00a0 \u00a0 \u00a0 \u00a0 \u00a0 \u00a0 &#8211; Rosana Peris Catoira, suplente, concejal representante de los grupos pol\u00edticos de la oposici\u00f3n.\u00a0<\/p><p style=\"text-align: justify; margin-left: 30px;\">\u00a0\u2022\u00a0<span style=\"text-decoration: underline;\">T\u00e9cnicos municipales de la Corporaci\u00f3n<\/span>:<\/p><p style=\"margin-left: 60px;\">\u00a0&#8211; Consuelo Bisbal Ferrer<\/p><p style=\"text-align: justify; margin-left: 60px;\">&#8211; Mar\u00eda Balaguer Malmierca<\/p><p style=\"text-align: justify; margin-left: 60px;\">&#8211; Sonia M\u00aa Monteagudo Navarro<\/p><p style=\"text-align: justify; margin-left: 60px;\">\u00a0\u2022\u00a0<span style=\"text-decoration: underline;\">Representantes de la la empresa concesionaria del servicio<\/span> municipal de abastecimiento de agua potable y alcantarillado del t\u00e9rmino municipal de Alzira:<\/p><p style=\"margin-left: 60px;\">\u00a0&#8211; Gil Roger Anton, titular.<\/p><p style=\"text-align: justify; margin-left: 60px;\">&#8211; Jos\u00e9 Luis Mart\u00ednez Andr\u00e9s, titular.<\/p><p style=\"text-align: justify; margin-left: 60px;\">&#8211; Francesc Pascual Escuriet, suplente.<\/p><p style=\"text-align: justify; margin-left: 60px;\"><span style=\"color: #000000;\"><span lang=\"CA\" style=\"font-family: 'Arial','sans-serif'; font-size: 11pt;\">\u00a0<\/span><\/span><\/p>\t\t\t\t\t\t\t\t<\/div>\n\t\t\t\t<\/div>\n\t\t\t\t\t<\/div>\n\t\t<\/div>\n\t\t\t\t\t<\/div>\n\t\t<\/section>\n\t\t\t\t<\/div>\n\t\t","protected":false},"excerpt":{"rendered":"<p>Composici\u00f3n de la\u00a0Comisi\u00f3n de\u00a0Seguimiento, fiscalizaci\u00f3n y control del servicio municipal de abastecimiento de agua potable i alcantarillado Por acuerdo del Pleno de 19 de julio de 2023 y 26 de marzo de 2025 se designan los siguientes representantes: \u2022\u00a0Concejales del Ayuntamiento: &#8211; Vicent de la Concepci\u00f3n Chord\u00e1, concejal responsable de la sub\u00e0rea de Obras e &hellip; <\/p>\n<p class=\"link-more\"><a href=\"https:\/\/alzira.es\/es\/ayuntamiento\/corporacion-y-gobierno-municipal\/organos-de-participacion-y-gestion\/organos-de-gestion\/organos-de-gestion-composicion-comision-servicio-agua-potable\/\" class=\"more-link\">Continuar leyendo<span class=\"screen-reader-text\"> \u00abOrganos de gestion-Composicion-Comision Servicio Agua Potable\u00bb<\/span><\/a><\/p>\n","protected":false},"author":34,"featured_media":0,"parent":83974,"menu_order":85,"comment_status":"closed","ping_status":"closed","template":"","meta":{"_acf_changed":false,"footnotes":""},"class_list":["post-14962","page","type-page","status-publish","hentry"],"acf":[],"_links":{"self":[{"href":"https:\/\/alzira.es\/es\/wp-json\/wp\/v2\/pages\/14962","targetHints":{"allow":["GET"]}}],"collection":[{"href":"https:\/\/alzira.es\/es\/wp-json\/wp\/v2\/pages"}],"about":[{"href":"https:\/\/alzira.es\/es\/wp-json\/wp\/v2\/types\/page"}],"author":[{"embeddable":true,"href":"https:\/\/alzira.es\/es\/wp-json\/wp\/v2\/users\/34"}],"replies":[{"embeddable":true,"href":"https:\/\/alzira.es\/es\/wp-json\/wp\/v2\/comments?post=14962"}],"version-history":[{"count":2,"href":"https:\/\/alzira.es\/es\/wp-json\/wp\/v2\/pages\/14962\/revisions"}],"predecessor-version":[{"id":159566,"href":"https:\/\/alzira.es\/es\/wp-json\/wp\/v2\/pages\/14962\/revisions\/159566"}],"up":[{"embeddable":true,"href":"https:\/\/alzira.es\/es\/wp-json\/wp\/v2\/pages\/83974"}],"wp:attachment":[{"href":"https:\/\/alzira.es\/es\/wp-json\/wp\/v2\/media?parent=14962"}],"curies":[{"name":"wp","href":"https:\/\/api.w.org\/{rel}","templated":true}]}}