{"id":14960,"date":"2016-02-15T20:46:02","date_gmt":"2016-02-15T19:46:02","guid":{"rendered":"https:\/\/alzira.es\/organos-de-gestion-composicion-mesa-sectorial-policia-local\/"},"modified":"2025-12-15T14:18:10","modified_gmt":"2025-12-15T13:18:10","slug":"organos-de-gestion-composicion-mesa-sectorial-policia-local","status":"publish","type":"page","link":"https:\/\/alzira.es\/es\/ayuntamiento\/corporacion-y-gobierno-municipal\/organos-de-participacion-y-gestion\/organos-de-gestion\/organos-de-gestion-composicion-mesa-sectorial-policia-local\/","title":{"rendered":"Organos de gestion-Composicion-Mesa Sectorial Policia Local"},"content":{"rendered":"\t\t<div data-elementor-type=\"wp-page\" data-elementor-id=\"14960\" class=\"elementor elementor-14960\">\n\t\t\t\t\t\t<section class=\"elementor-section elementor-top-section elementor-element elementor-element-628f132a elementor-section-boxed elementor-section-height-default elementor-section-height-default\" data-id=\"628f132a\" data-element_type=\"section\">\n\t\t\t\t\t\t<div class=\"elementor-container elementor-column-gap-default\">\n\t\t\t\t\t<div class=\"elementor-column elementor-col-100 elementor-top-column elementor-element elementor-element-7780a486\" data-id=\"7780a486\" data-element_type=\"column\">\n\t\t\t<div class=\"elementor-widget-wrap elementor-element-populated\">\n\t\t\t\t\t\t<div class=\"elementor-element elementor-element-49577b58 elementor-widget elementor-widget-text-editor\" data-id=\"49577b58\" data-element_type=\"widget\" data-widget_type=\"text-editor.default\">\n\t\t\t\t<div class=\"elementor-widget-container\">\n\t\t\t\t\t\t\t\t\t<p><span style=\"text-decoration: underline;\"><strong>Composici\u00f3n de la Mesa Sectorial de la Polic\u00eda Local<\/strong><\/span><\/p><p style=\"text-align: justify; margin-left: 30px;\">Por acuerdo de Pleno de 17 de julio de 2023, modificado por el Pleno de 24 de septiembre de 2025 y de 26 de noviembre de 2025, se designan los siguientes representantes:<\/p><p style=\"text-align: justify; margin-left: 30px;\">A) Cuatro miembros corporativos, tres del equipo de gobierno y uno de los grupos que no conforman el citado equipo de gobierno.<\/p><p style=\"text-align: justify; margin-left: 30px;\">Presidente (Concejal\u00eda de Seguridad): Enrique Montalv\u00e1 Espa\u00f1a<\/p><p>\u00a0 \u00a0 \u00a0 \u00a0Suplente: Alfons Dom\u00ednguez Gento<\/p><p style=\"text-align: justify; margin-left: 30px;\">Titular: Andr\u00e9s Gomis Fons<\/p><p style=\"text-align: justify; margin-left: 30px;\">Suplente: M. Am\u00e8lia Blanquer Mart\u00ednez<\/p><p style=\"text-align: justify; margin-left: 30px;\">Titular: Gemma Al\u00f3s Sospedra<\/p><p style=\"text-align: justify; margin-left: 30px;\">Suplente: Xavier Fern\u00e1ndez Ferr\u00fas<\/p><p style=\"text-align: justify; margin-left: 30px;\">Titular: Benjam\u00edn Ferrer Blasco (PP)<\/p><p style=\"text-align: justify; margin-left: 30px;\">Suplente: \u00a0Miguel Vidal Llopis (Cs)<\/p><p style=\"text-align: justify; margin-left: 30px;\">B) Cuatro miembros en representaci\u00f3n de la parte sindical:<\/p><p style=\"text-align: justify; margin-left: 30px;\">UGT: Titular: M. Jos\u00e9 Ripoll Sebasti\u00e0 (escrito 01.03.2023)<\/p><p style=\"text-align: justify;\">\u00a0\u00a0\u00a0\u00a0\u00a0\u00a0\u00a0\u00a0\u00a0\u00a0\u00a0\u00a0\u00a0\u00a0\u00a0 Suplente: Diego L\u00f3pez Puchades<\/p><p style=\"text-align: justify; margin-left: 30px;\">CC.OO: Titular: Francisco J. N\u00fa\u00f1ez Mart\u00ed (escrito 18.01.2023)<\/p><p style=\"text-align: justify;\">\u00a0 \u00a0 \u00a0 \u00a0 \u00a0 \u00a0 \u00a0 \u00a0 \u00a0 Suplente: Bernat Garc\u00eda Vidal<\/p><p style=\"text-align: justify; margin-left: 30px;\">CSIF: Titular: Mar\u00eda Fontanet Adan (escrito 24.03.2023)<\/p><p style=\"text-align: justify; margin-left: 30px;\">\u00a0 \u00a0 \u00a0 \u00a0 \u00a0 Suplente: Javier Garc\u00eda D\u00edez (CSIF)<\/p><p style=\"text-align: justify; margin-left: 30px;\">SPPLB: Titular: Jos\u00e9 Boluda Herrador (escrito 16.02.2023)<\/p><p style=\"text-align: justify;\">\u00a0 \u00a0 \u00a0 \u00a0 \u00a0 \u00a0 \u00a0 \u00a0Suplente: Ernesto Jos\u00e9 Presencia Ferrer (escrito de 21.10.2025)<\/p><p style=\"text-align: justify; margin-left: 30px;\">Secretar\u00eda: a designar por la comandancia de la Polic\u00eda Local.<\/p>\t\t\t\t\t\t\t\t<\/div>\n\t\t\t\t<\/div>\n\t\t\t\t\t<\/div>\n\t\t<\/div>\n\t\t\t\t\t<\/div>\n\t\t<\/section>\n\t\t\t\t<\/div>\n\t\t","protected":false},"excerpt":{"rendered":"<p>Composici\u00f3n de la Mesa Sectorial de la Polic\u00eda Local Por acuerdo de Pleno de 17 de julio de 2023, modificado por el Pleno de 24 de septiembre de 2025 y de 26 de noviembre de 2025, se designan los siguientes representantes: A) Cuatro miembros corporativos, tres del equipo de gobierno y uno de los grupos &hellip; <\/p>\n<p class=\"link-more\"><a href=\"https:\/\/alzira.es\/es\/ayuntamiento\/corporacion-y-gobierno-municipal\/organos-de-participacion-y-gestion\/organos-de-gestion\/organos-de-gestion-composicion-mesa-sectorial-policia-local\/\" class=\"more-link\">Continuar leyendo<span class=\"screen-reader-text\"> \u00abOrganos de gestion-Composicion-Mesa Sectorial Policia Local\u00bb<\/span><\/a><\/p>\n","protected":false},"author":34,"featured_media":0,"parent":83974,"menu_order":86,"comment_status":"closed","ping_status":"closed","template":"","meta":{"_acf_changed":false,"footnotes":""},"class_list":["post-14960","page","type-page","status-publish","hentry"],"acf":[],"_links":{"self":[{"href":"https:\/\/alzira.es\/es\/wp-json\/wp\/v2\/pages\/14960","targetHints":{"allow":["GET"]}}],"collection":[{"href":"https:\/\/alzira.es\/es\/wp-json\/wp\/v2\/pages"}],"about":[{"href":"https:\/\/alzira.es\/es\/wp-json\/wp\/v2\/types\/page"}],"author":[{"embeddable":true,"href":"https:\/\/alzira.es\/es\/wp-json\/wp\/v2\/users\/34"}],"replies":[{"embeddable":true,"href":"https:\/\/alzira.es\/es\/wp-json\/wp\/v2\/comments?post=14960"}],"version-history":[{"count":2,"href":"https:\/\/alzira.es\/es\/wp-json\/wp\/v2\/pages\/14960\/revisions"}],"predecessor-version":[{"id":166310,"href":"https:\/\/alzira.es\/es\/wp-json\/wp\/v2\/pages\/14960\/revisions\/166310"}],"up":[{"embeddable":true,"href":"https:\/\/alzira.es\/es\/wp-json\/wp\/v2\/pages\/83974"}],"wp:attachment":[{"href":"https:\/\/alzira.es\/es\/wp-json\/wp\/v2\/media?parent=14960"}],"curies":[{"name":"wp","href":"https:\/\/api.w.org\/{rel}","templated":true}]}}