{"id":14958,"date":"2016-02-15T20:46:02","date_gmt":"2016-02-15T19:46:02","guid":{"rendered":"https:\/\/alzira.es\/organos-de-gestion-composicion-comite-valoracion-puestos-trabajo\/"},"modified":"2025-12-15T10:48:01","modified_gmt":"2025-12-15T09:48:01","slug":"organos-de-gestion-composicion-comite-valoracion-puestos-trabajo","status":"publish","type":"page","link":"https:\/\/alzira.es\/es\/ayuntamiento\/corporacion-y-gobierno-municipal\/organos-de-participacion-y-gestion\/organos-de-gestion\/organos-de-gestion-composicion-comite-valoracion-puestos-trabajo\/","title":{"rendered":"Organos de gestion-Composicion-Comite Valoracion Puestos Trabajo"},"content":{"rendered":"\t\t<div data-elementor-type=\"wp-page\" data-elementor-id=\"14958\" class=\"elementor elementor-14958\">\n\t\t\t\t\t\t<section class=\"elementor-section elementor-top-section elementor-element elementor-element-2af3cf5c elementor-section-boxed elementor-section-height-default elementor-section-height-default\" data-id=\"2af3cf5c\" data-element_type=\"section\">\n\t\t\t\t\t\t<div class=\"elementor-container elementor-column-gap-default\">\n\t\t\t\t\t<div class=\"elementor-column elementor-col-100 elementor-top-column elementor-element elementor-element-3d021e4a\" data-id=\"3d021e4a\" data-element_type=\"column\">\n\t\t\t<div class=\"elementor-widget-wrap elementor-element-populated\">\n\t\t\t\t\t\t<div class=\"elementor-element elementor-element-168f29ac elementor-widget elementor-widget-text-editor\" data-id=\"168f29ac\" data-element_type=\"widget\" data-widget_type=\"text-editor.default\">\n\t\t\t\t<div class=\"elementor-widget-container\">\n\t\t\t\t\t\t\t\t\t<p><span style=\"text-decoration: underline;\"><strong>Composici\u00f3n de Comit\u00e9 de Valoraci\u00f3n de Puestos de Trabajo<\/strong><\/span><\/p><p style=\"text-align: justify; margin-left: 30px;\">Por acuerdo de Pleno de 17 de julio de 2023, modificado por el Pleno de 24 de septiembre de 2025 y de 26 de noviembre de 2025, se designan los siguientes representantes, en virtud del reciente resultado electoral:<\/p><p style=\"text-align: justify; margin-left: 30px;\">A) Cuatro miembros corporativos: tres del equipo de gobierno y uno de los grupos que no conforman el citado equipo de gobierno:<\/p><p style=\"text-align: justify; margin-left: 60px;\">Presidente (Concejal\u00eda de Personal): Xavier Fern\u00e1ndez Ferr\u00fas<\/p><p style=\"text-align: justify; margin-left: 60px;\">Suplente: Alfons Dom\u00ednguez Gento<\/p><p style=\"text-align: justify; margin-left: 60px;\">Titular: Israel P\u00e9rez Gil<\/p><p style=\"text-align: justify; margin-left: 60px;\">Suplente: Vicent de la Concepci\u00f3n Chord\u00e1<\/p><p style=\"text-align: justify; margin-left: 60px;\">Titular: Enrique Montalv\u00e1 Espa\u00f1a<\/p><p style=\"text-align: justify; margin-left: 60px;\">Suplente: Gemma Al\u00f3s Sospedra<\/p><p style=\"text-align: justify; margin-left: 60px;\">Titular: Jos\u00e9 Luis Palacios T\u00f3rtola (PP)<\/p><p style=\"text-align: justify; margin-left: 60px;\">Suplente: Miguel Vidal Llopis (CS)<\/p><p style=\"text-align: justify; margin-left: 30px;\">B) <span style=\"text-decoration: underline;\">Cuatro miembros en representaci\u00f3n de la parte sindical<\/span>:<\/p><p style=\"text-align: justify; margin-left: 60px;\">UGT: Titular: Diego L\u00f3pez Puchades<\/p><p style=\"text-align: justify; margin-left: 60px;\">\u00a0 \u00a0 \u00a0 \u00a0 \u00a0 Suplente: M\u00aa Teresa Castell\u00f3 Andr\u00e9s<\/p><p style=\"text-align: justify; margin-left: 60px;\">CCOO: Titular: Amparo Vives Garc\u00eda (escrito 18.01.2023)<\/p><p style=\"text-align: justify; margin-left: 60px;\">\u00a0 \u00a0 \u00a0 \u00a0 \u00a0 \u00a0 \u00a0 \u00a0Suplente: Francisco Javier N\u00fa\u00f1ez Mart\u00ed<\/p><p style=\"text-align: justify; margin-left: 60px;\">CSIF: Titular: Javier Garc\u00eda D\u00edez (escrito 24.03.2023)<\/p><p style=\"text-align: justify; margin-left: 60px;\">\u00a0 \u00a0 \u00a0 \u00a0 \u00a0 \u00a0Suplente: Antonio Fresquet G\u00f3mez<\/p><p style=\"text-align: justify; margin-left: 60px;\">SPPLB: Titular: Jos\u00e9 Boluda Herrador (escrito 16.02.2023)<\/p><p style=\"text-align: justify; margin-left: 60px;\">\u00a0 \u00a0 \u00a0 \u00a0 \u00a0 \u00a0 Suplente: Ernesto Jos\u00e9 Presencia Ferrer (escrito de 21.10.2025)<span style=\"font-size: 14.4px; line-height: 1.6;\"><br \/><\/span><\/p>\t\t\t\t\t\t\t\t<\/div>\n\t\t\t\t<\/div>\n\t\t\t\t\t<\/div>\n\t\t<\/div>\n\t\t\t\t\t<\/div>\n\t\t<\/section>\n\t\t\t\t<\/div>\n\t\t","protected":false},"excerpt":{"rendered":"<p>Composici\u00f3n de Comit\u00e9 de Valoraci\u00f3n de Puestos de Trabajo Por acuerdo de Pleno de 17 de julio de 2023, modificado por el Pleno de 24 de septiembre de 2025 y de 26 de noviembre de 2025, se designan los siguientes representantes, en virtud del reciente resultado electoral: A) Cuatro miembros corporativos: tres del equipo de &hellip; <\/p>\n<p class=\"link-more\"><a href=\"https:\/\/alzira.es\/es\/ayuntamiento\/corporacion-y-gobierno-municipal\/organos-de-participacion-y-gestion\/organos-de-gestion\/organos-de-gestion-composicion-comite-valoracion-puestos-trabajo\/\" class=\"more-link\">Continuar leyendo<span class=\"screen-reader-text\"> \u00abOrganos de gestion-Composicion-Comite Valoracion Puestos Trabajo\u00bb<\/span><\/a><\/p>\n","protected":false},"author":34,"featured_media":0,"parent":83974,"menu_order":87,"comment_status":"closed","ping_status":"closed","template":"","meta":{"_acf_changed":false,"footnotes":""},"class_list":["post-14958","page","type-page","status-publish","hentry"],"acf":[],"_links":{"self":[{"href":"https:\/\/alzira.es\/es\/wp-json\/wp\/v2\/pages\/14958","targetHints":{"allow":["GET"]}}],"collection":[{"href":"https:\/\/alzira.es\/es\/wp-json\/wp\/v2\/pages"}],"about":[{"href":"https:\/\/alzira.es\/es\/wp-json\/wp\/v2\/types\/page"}],"author":[{"embeddable":true,"href":"https:\/\/alzira.es\/es\/wp-json\/wp\/v2\/users\/34"}],"replies":[{"embeddable":true,"href":"https:\/\/alzira.es\/es\/wp-json\/wp\/v2\/comments?post=14958"}],"version-history":[{"count":2,"href":"https:\/\/alzira.es\/es\/wp-json\/wp\/v2\/pages\/14958\/revisions"}],"predecessor-version":[{"id":166273,"href":"https:\/\/alzira.es\/es\/wp-json\/wp\/v2\/pages\/14958\/revisions\/166273"}],"up":[{"embeddable":true,"href":"https:\/\/alzira.es\/es\/wp-json\/wp\/v2\/pages\/83974"}],"wp:attachment":[{"href":"https:\/\/alzira.es\/es\/wp-json\/wp\/v2\/media?parent=14958"}],"curies":[{"name":"wp","href":"https:\/\/api.w.org\/{rel}","templated":true}]}}