{"id":14956,"date":"2016-02-15T20:46:02","date_gmt":"2016-02-15T19:46:02","guid":{"rendered":"https:\/\/alzira.es\/organos-de-gestion-composicion-comision-de-igualdad\/"},"modified":"2025-12-15T10:53:37","modified_gmt":"2025-12-15T09:53:37","slug":"organos-de-gestion-composicion-comision-de-igualdad","status":"publish","type":"page","link":"https:\/\/alzira.es\/es\/ayuntamiento\/corporacion-y-gobierno-municipal\/organos-de-participacion-y-gestion\/organos-de-gestion\/organos-de-gestion-composicion-comision-de-igualdad\/","title":{"rendered":"Organos de gestion-Composicion-Comision de Igualdad"},"content":{"rendered":"\t\t<div data-elementor-type=\"wp-page\" data-elementor-id=\"14956\" class=\"elementor elementor-14956\">\n\t\t\t\t\t\t<section class=\"elementor-section elementor-top-section elementor-element elementor-element-5067255f elementor-section-boxed elementor-section-height-default elementor-section-height-default\" data-id=\"5067255f\" data-element_type=\"section\">\n\t\t\t\t\t\t<div class=\"elementor-container elementor-column-gap-default\">\n\t\t\t\t\t<div class=\"elementor-column elementor-col-100 elementor-top-column elementor-element elementor-element-7550985b\" data-id=\"7550985b\" data-element_type=\"column\">\n\t\t\t<div class=\"elementor-widget-wrap elementor-element-populated\">\n\t\t\t\t\t\t<div class=\"elementor-element elementor-element-1ee7c3a8 elementor-widget elementor-widget-text-editor\" data-id=\"1ee7c3a8\" data-element_type=\"widget\" data-widget_type=\"text-editor.default\">\n\t\t\t\t<div class=\"elementor-widget-container\">\n\t\t\t\t\t\t\t\t\t<p><span style=\"text-decoration: underline;\"><strong>Composici\u00f3n de la Comisi\u00f3n de Igualdad<\/strong><\/span><\/p><p style=\"text-align: justify; margin-left: 30px;\">Por acuerdos de Pleno de 19 de julio de 2023, 26 de marzo de 2025, 24 de septiembre de 2025 y 26 de noviembre de 2025, se designan los siguientes representantes, en virtud del reciente resultado electoral:<\/p><p style=\"text-align: justify; margin-left: 30px;\">A) Presidencia: Alcald\u00eda o persona en quien delegue.<\/p><p style=\"text-align: justify; margin-left: 30px;\">Presidente: Alfons Dom\u00ednguez Gento<\/p><p style=\"text-align: justify; margin-left: 30px;\">Suplente: Gemma Al\u00f3s Sospedra<\/p><p style=\"text-align: justify; margin-left: 30px;\"><span style=\"background-color: inherit; font-size: 1rem;\">B) Tres miembros corporativos:<\/span><\/p><p style=\"text-align: justify; margin-left: 30px;\"><span style=\"background-color: inherit; font-size: 1rem;\">&#8211; Concejal o concejala con la delegaci\u00f3n de Personal: Xavier Fern\u00e1ndez Ferr\u00fas<\/span><\/p><p style=\"text-align: justify; margin-left: 30px;\"><span style=\"background-color: inherit; font-size: 1rem;\">Suplente: Israel P\u00e9rez Gil<\/span><\/p><p style=\"text-align: justify; margin-left: 30px;\"><span style=\"background-color: inherit; font-size: 1rem;\">&#8211; Concejala o concejal con la delegaci\u00f3n de Pol\u00edticas de Igualdad: M. Am\u00e8lia Blanquer Mart\u00ednez<\/span><\/p><p style=\"text-align: justify; margin-left: 30px;\"><span style=\"background-color: inherit; font-size: 1rem;\">Suplente: Virtuts Piera Parra<\/span><\/p><p style=\"text-align: justify; margin-left: 30px;\"><span style=\"background-color: inherit; font-size: 1rem;\">Titular: Benjam\u00edn Ferrer Blasco (PP)<\/span><\/p><p style=\"text-align: justify; margin-left: 30px;\"><span style=\"background-color: inherit; font-size: 1rem;\">Suplente:\u00a0 Rosana Peris Catoira (VOX)<\/span><\/p><p style=\"text-align: justify; margin-left: 30px;\"><span style=\"background-color: inherit; font-size: 1rem;\">C) <\/span><span style=\"background-color: inherit; font-size: 1rem;\">Un\/a miembro de cada secci\u00f3n sindical con representaci\u00f3n en la Mesa General de Negociaci\u00f3n<\/span><span style=\"background-color: inherit; font-size: 1rem;\">:<\/span><\/p><p style=\"box-sizing: inherit; text-align: start;\">UGT: Titular: Teresa Benavent Su\u00f1er (escrito 1.03.2023)<\/p><p style=\"box-sizing: inherit; text-align: start;\">\u00a0 \u00a0 \u00a0 \u00a0 \u00a0Suplente: Ana M\u00aa Torres Puig (escrito de 04.08.2025)<\/p><p style=\"box-sizing: inherit; text-align: start;\">CCOO: Titular: Maida Castell\u00f3 Ca\u00f1adas (escrito de 03.02.2025)<\/p><p style=\"box-sizing: inherit; text-align: start;\">\u00a0 \u00a0 \u00a0 \u00a0 \u00a0 \u00a0 Suplente: Ana M\u00aa Deb\u00f3n Ant\u00f3n<\/p><p style=\"box-sizing: inherit; text-align: start;\">CSIF: Titular: Juan Bautista Hurtado Boils (escrito de 24.03.2023)<\/p><p style=\"box-sizing: inherit; text-align: start;\">\u00a0 \u00a0 \u00a0 \u00a0 \u00a0 \u00a0 \u00a0Suplente: Maria Fontanet Adan<\/p><p style=\"box-sizing: inherit; text-align: start;\">SPPLB: Titular: Jos\u00e9 Boluda Herrador (escrito de 21.10.2025)<\/p><p style=\"box-sizing: inherit; text-align: start;\">\u00a0 \u00a0 \u00a0 \u00a0 \u00a0 \u00a0 \u00a0Suplente: Ernesto Jos\u00e9 Presencia Ferrer (escrito de 21.10.2025)<\/p><p style=\"box-sizing: inherit; text-align: start;\">D) Empleados p\u00fablicos designados por la Alcald\u00eda, por razones t\u00e9cnicas:<\/p><p style=\"box-sizing: inherit; text-align: start;\">\u2013 El Jefe del servicio de Funci\u00f3n P\u00fablica y Organizaci\u00f3n: Milagros Ortiz Torremocha<\/p><p style=\"box-sizing: inherit; text-align: start;\"><span style=\"font-size: 1rem;\">Suplente: M. \u00c1ngeles Gim\u00e9nez Solano<\/span><\/p><p style=\"box-sizing: inherit; text-align: start;\">\u2013 La Agente de Igualdad: Raquel Jos\u00e9 Ch\u00e1fer<\/p><p style=\"box-sizing: inherit; text-align: start;\">Suplente: designado por el \u00c1rea de Servicios Sociales (pendiente)<\/p>\t\t\t\t\t\t\t\t<\/div>\n\t\t\t\t<\/div>\n\t\t\t\t\t<\/div>\n\t\t<\/div>\n\t\t\t\t\t<\/div>\n\t\t<\/section>\n\t\t\t\t<\/div>\n\t\t","protected":false},"excerpt":{"rendered":"<p>Composici\u00f3n de la Comisi\u00f3n de Igualdad Por acuerdos de Pleno de 19 de julio de 2023, 26 de marzo de 2025, 24 de septiembre de 2025 y 26 de noviembre de 2025, se designan los siguientes representantes, en virtud del reciente resultado electoral: A) Presidencia: Alcald\u00eda o persona en quien delegue. Presidente: Alfons Dom\u00ednguez Gento &hellip; <\/p>\n<p class=\"link-more\"><a href=\"https:\/\/alzira.es\/es\/ayuntamiento\/corporacion-y-gobierno-municipal\/organos-de-participacion-y-gestion\/organos-de-gestion\/organos-de-gestion-composicion-comision-de-igualdad\/\" class=\"more-link\">Continuar leyendo<span class=\"screen-reader-text\"> \u00abOrganos de gestion-Composicion-Comision de Igualdad\u00bb<\/span><\/a><\/p>\n","protected":false},"author":34,"featured_media":0,"parent":83974,"menu_order":88,"comment_status":"closed","ping_status":"closed","template":"","meta":{"_acf_changed":false,"footnotes":""},"class_list":["post-14956","page","type-page","status-publish","hentry"],"acf":[],"_links":{"self":[{"href":"https:\/\/alzira.es\/es\/wp-json\/wp\/v2\/pages\/14956","targetHints":{"allow":["GET"]}}],"collection":[{"href":"https:\/\/alzira.es\/es\/wp-json\/wp\/v2\/pages"}],"about":[{"href":"https:\/\/alzira.es\/es\/wp-json\/wp\/v2\/types\/page"}],"author":[{"embeddable":true,"href":"https:\/\/alzira.es\/es\/wp-json\/wp\/v2\/users\/34"}],"replies":[{"embeddable":true,"href":"https:\/\/alzira.es\/es\/wp-json\/wp\/v2\/comments?post=14956"}],"version-history":[{"count":2,"href":"https:\/\/alzira.es\/es\/wp-json\/wp\/v2\/pages\/14956\/revisions"}],"predecessor-version":[{"id":166279,"href":"https:\/\/alzira.es\/es\/wp-json\/wp\/v2\/pages\/14956\/revisions\/166279"}],"up":[{"embeddable":true,"href":"https:\/\/alzira.es\/es\/wp-json\/wp\/v2\/pages\/83974"}],"wp:attachment":[{"href":"https:\/\/alzira.es\/es\/wp-json\/wp\/v2\/media?parent=14956"}],"curies":[{"name":"wp","href":"https:\/\/api.w.org\/{rel}","templated":true}]}}