{"id":14954,"date":"2016-02-15T20:46:02","date_gmt":"2016-02-15T19:46:02","guid":{"rendered":"https:\/\/alzira.es\/organos-de-gestion-composicion-junta-de-contratacion\/"},"modified":"2025-12-15T14:32:10","modified_gmt":"2025-12-15T13:32:10","slug":"organos-de-gestion-composicion-junta-de-contratacion","status":"publish","type":"page","link":"https:\/\/alzira.es\/es\/ayuntamiento\/corporacion-y-gobierno-municipal\/organos-de-participacion-y-gestion\/organos-de-gestion\/organos-de-gestion-composicion-junta-de-contratacion\/","title":{"rendered":"Organos de gestion-Composicion-Comision de Seguimento de las Bolsas de Trabajo"},"content":{"rendered":"\t\t<div data-elementor-type=\"wp-page\" data-elementor-id=\"14954\" class=\"elementor elementor-14954\">\n\t\t\t\t\t\t<section class=\"elementor-section elementor-top-section elementor-element elementor-element-f54d04a elementor-section-boxed elementor-section-height-default elementor-section-height-default\" data-id=\"f54d04a\" data-element_type=\"section\">\n\t\t\t\t\t\t<div class=\"elementor-container elementor-column-gap-default\">\n\t\t\t\t\t<div class=\"elementor-column elementor-col-100 elementor-top-column elementor-element elementor-element-6ddd97cc\" data-id=\"6ddd97cc\" data-element_type=\"column\">\n\t\t\t<div class=\"elementor-widget-wrap elementor-element-populated\">\n\t\t\t\t\t\t<div class=\"elementor-element elementor-element-624534c0 elementor-widget elementor-widget-text-editor\" data-id=\"624534c0\" data-element_type=\"widget\" data-widget_type=\"text-editor.default\">\n\t\t\t\t<div class=\"elementor-widget-container\">\n\t\t\t\t\t\t\t\t\t<p><span style=\"text-decoration: underline;\"><strong>Composici\u00f3n de la Comisi\u00f3n de Seguimiento de las Bolsas de Trabajo (queda sin efecto la Junta de Contrataci\u00f3n)<\/strong><\/span><\/p><p style=\"text-align: justify; margin-left: 30px;\">Por acuerdo de Pleno de 19 de julio de 2023, modificado por el Pleno de 24 de septiembre de 2025 i 26 de novembre de 2025, se designan los siguientes representantes, en virtud del reciente resultado electoral:<\/p><p style=\"text-align: justify; margin-left: 30px;\">A) Cuatro miembros corporativos; tres del equipo de gobierno y uno de los grupos que no conforman el citado equipo de gobierno:<\/p><p style=\"text-align: justify; margin-left: 60px;\">Miembros corporativos del equipo de gobierno:<\/p><p style=\"text-align: justify; margin-left: 60px;\">Presidente (Concejal\u00eda de Personal): Xavier Fern\u00e1ndez Ferr\u00fas<\/p><p style=\"text-align: justify; margin-left: 60px;\">Suplente: Alfons Dom\u00ednguez Gento<\/p><p style=\"text-align: justify; margin-left: 60px;\">Titular: Xavier P\u00e9rez i Juanes<\/p><p style=\"text-align: justify; margin-left: 60px;\">Suplente: Gemma Al\u00f3s Sospedra<\/p><p style=\"text-align: justify; margin-left: 60px;\">Titular: Enrique Montalv\u00e1 Espa\u00f1a<\/p><p style=\"text-align: justify; margin-left: 60px;\">Suplente: Am\u00e8lia Blanquer Mart\u00ednez<\/p><p style=\"text-align: justify; margin-left: 60px;\"><span style=\"background-color: inherit; font-size: 1rem;\">Titular: Bernat R\u00edos Furi\u00f3 (PP)<\/span><\/p><p style=\"text-align: justify; margin-left: 60px;\">Suplente: Ricardo Belda Valiente (VOX)<\/p><p style=\"text-align: justify; margin-left: 30px;\">\u00a0B) Cuatro miembros en representaci\u00f3n de la parte sindical, con voto ponderado en relaci\u00f3n con el n\u00famero de miembros que ha obtenido cada lista en la suma de ambos \u00f3rganos (Junta de Personal y Comit\u00e9 de Empresa)<\/p><p style=\"text-align: justify; margin-left: 60px;\">UGT: Titular: Elena Esp\u00ed P\u00e9rez (escrito 1.03.2023)<\/p><p style=\"text-align: justify; margin-left: 120px;\">Suplente: Ra\u00fal Grande Guerrero<\/p><p style=\"margin-left: 60px;\">CC.OO:\u00a0 Titular: David Gim\u00e9nez Pla (escrito de 18.01.12023)<\/p><p style=\"text-align: justify; margin-left: 60px;\"><span style=\"background-color: inherit; font-size: 1rem;\">\u00a0 \u00a0 \u00a0 \u00a0 \u00a0 \u00a0 \u00a0 Suplente: Antonio Rovira Chaveli<\/span><\/p><p style=\"text-align: justify; margin-left: 60px;\">CSIF: Titular: Javier Garc\u00eda D\u00edez (escrito de 24.03.2023)<\/p><p style=\"text-align: justify; margin-left: 120px;\">Suplente: Antonio Fresquet G\u00f3mez<\/p><p style=\"text-align: justify; margin-left: 60px;\">SPPLB: Titular: Jos\u00e9 Boluda Herrador (escrito de 16.02.2023)<\/p><p style=\"text-align: justify; margin-left: 120px;\">Suplente: Ernesto Jos\u00e9 Presencia Ferrer (escrito de 21.10.2025)<span style=\"font-size: 14.4px; line-height: 1.6;\"><br \/><\/span><\/p>\t\t\t\t\t\t\t\t<\/div>\n\t\t\t\t<\/div>\n\t\t\t\t\t<\/div>\n\t\t<\/div>\n\t\t\t\t\t<\/div>\n\t\t<\/section>\n\t\t\t\t<\/div>\n\t\t","protected":false},"excerpt":{"rendered":"<p>Composici\u00f3n de la Comisi\u00f3n de Seguimiento de las Bolsas de Trabajo (queda sin efecto la Junta de Contrataci\u00f3n) Por acuerdo de Pleno de 19 de julio de 2023, modificado por el Pleno de 24 de septiembre de 2025 i 26 de novembre de 2025, se designan los siguientes representantes, en virtud del reciente resultado electoral: &hellip; <\/p>\n<p class=\"link-more\"><a href=\"https:\/\/alzira.es\/es\/ayuntamiento\/corporacion-y-gobierno-municipal\/organos-de-participacion-y-gestion\/organos-de-gestion\/organos-de-gestion-composicion-junta-de-contratacion\/\" class=\"more-link\">Continuar leyendo<span class=\"screen-reader-text\"> \u00abOrganos de gestion-Composicion-Comision de Seguimento de las Bolsas de Trabajo\u00bb<\/span><\/a><\/p>\n","protected":false},"author":34,"featured_media":0,"parent":83974,"menu_order":89,"comment_status":"closed","ping_status":"closed","template":"","meta":{"_acf_changed":false,"footnotes":""},"class_list":["post-14954","page","type-page","status-publish","hentry"],"acf":[],"_links":{"self":[{"href":"https:\/\/alzira.es\/es\/wp-json\/wp\/v2\/pages\/14954","targetHints":{"allow":["GET"]}}],"collection":[{"href":"https:\/\/alzira.es\/es\/wp-json\/wp\/v2\/pages"}],"about":[{"href":"https:\/\/alzira.es\/es\/wp-json\/wp\/v2\/types\/page"}],"author":[{"embeddable":true,"href":"https:\/\/alzira.es\/es\/wp-json\/wp\/v2\/users\/34"}],"replies":[{"embeddable":true,"href":"https:\/\/alzira.es\/es\/wp-json\/wp\/v2\/comments?post=14954"}],"version-history":[{"count":2,"href":"https:\/\/alzira.es\/es\/wp-json\/wp\/v2\/pages\/14954\/revisions"}],"predecessor-version":[{"id":166327,"href":"https:\/\/alzira.es\/es\/wp-json\/wp\/v2\/pages\/14954\/revisions\/166327"}],"up":[{"embeddable":true,"href":"https:\/\/alzira.es\/es\/wp-json\/wp\/v2\/pages\/83974"}],"wp:attachment":[{"href":"https:\/\/alzira.es\/es\/wp-json\/wp\/v2\/media?parent=14954"}],"curies":[{"name":"wp","href":"https:\/\/api.w.org\/{rel}","templated":true}]}}