{"id":14952,"date":"2016-02-15T20:46:02","date_gmt":"2016-02-15T19:46:02","guid":{"rendered":"https:\/\/alzira.es\/organos-de-gestion-composicion-comision-plan-de-pensiones\/"},"modified":"2025-12-15T14:28:07","modified_gmt":"2025-12-15T13:28:07","slug":"organos-de-gestion-composicion-comision-plan-de-pensiones","status":"publish","type":"page","link":"https:\/\/alzira.es\/es\/ayuntamiento\/corporacion-y-gobierno-municipal\/organos-de-participacion-y-gestion\/organos-de-gestion\/organos-de-gestion-composicion-comision-plan-de-pensiones\/","title":{"rendered":"Organos de gestion-Composicion-Comision Plan de Pensiones"},"content":{"rendered":"\t\t<div data-elementor-type=\"wp-page\" data-elementor-id=\"14952\" class=\"elementor elementor-14952\">\n\t\t\t\t\t\t<section class=\"elementor-section elementor-top-section elementor-element elementor-element-73c52dae elementor-section-boxed elementor-section-height-default elementor-section-height-default\" data-id=\"73c52dae\" data-element_type=\"section\">\n\t\t\t\t\t\t<div class=\"elementor-container elementor-column-gap-default\">\n\t\t\t\t\t<div class=\"elementor-column elementor-col-100 elementor-top-column elementor-element elementor-element-317eab73\" data-id=\"317eab73\" data-element_type=\"column\">\n\t\t\t<div class=\"elementor-widget-wrap elementor-element-populated\">\n\t\t\t\t\t\t<div class=\"elementor-element elementor-element-50de9be2 elementor-widget elementor-widget-text-editor\" data-id=\"50de9be2\" data-element_type=\"widget\" data-widget_type=\"text-editor.default\">\n\t\t\t\t<div class=\"elementor-widget-container\">\n\t\t\t\t\t\t\t\t\t<p><span style=\"text-decoration: underline;\"><strong>Composici\u00f3n de la Comisi\u00f3n de seguimiento del plan de pensiones<\/strong><\/span><\/p><p style=\"text-align: justify; margin-left: 30px;\">Por acuerdo del Pleno de 19 de julio de 2023, modificado por el Pleno de 24 de septiembre de 2025 y 26 de noviembre de 2025, se designan los integrantes, que ser\u00e1 coincidente con la composici\u00f3n de la Mesa de Negociaci\u00f3n y su r\u00e9gimen de votaci\u00f3n, seg\u00fan art. 33 del Reglamento del Plan de Pensiones del Ajuntament d\u2019Alzira (30-06-11):<\/p><p style=\"text-align: justify; margin-left: 30px;\">A) <span style=\"text-decoration: underline;\">Cuatro miembros corporativos<\/span>; tres del equipo de gobierno y uno de los grupos que no conforman el citado equipo de gobierno:<\/p><p style=\"text-align: justify; margin-left: 60px;\">Miembros corporativos del equipo de gobierno:<\/p><p style=\"text-align: justify; margin-left: 60px;\">Presidente (Concejal\u00eda de Personal): Xavier Fern\u00e1ndez Ferr\u00fas<\/p><p style=\"text-align: justify; margin-left: 60px;\">Suplente: Alfons Dom\u00ednguez Gento<\/p><p style=\"text-align: justify; margin-left: 60px;\">Titular: Am\u00e9lia Blanquer Mart\u00ednez<\/p><p style=\"text-align: justify; margin-left: 60px;\">Suplente: Vicent de la Concepci\u00f3n Chord\u00e1<\/p><p style=\"text-align: justify; margin-left: 60px;\">Titular: Enrique Montalv\u00e1 Espa\u00f1a<\/p><p style=\"text-align: justify; margin-left: 60px;\">Suplente: Andr\u00e9s Gomis Fons<\/p><p style=\"text-align: justify; margin-left: 60px;\"><span style=\"background-color: inherit; font-size: 1rem;\">Titular: Ricardo Belda Valiente (VOX)<\/span><\/p><p style=\"text-align: justify; margin-left: 60px;\">Suplente: Jos\u00e9 Luis Palacios T\u00f3rtola (PP)<\/p><p style=\"text-align: justify; margin-left: 30px;\">B) <span style=\"text-decoration: underline;\">Cuatro miembros en representaci\u00f3n de la parte sindical<\/span>, con voto ponderado en relaci\u00f3n con el n\u00famero de miembros que ha obtenido cada lista en la suma de ambos \u00f3rganos (Junta de Personal y Comit\u00e9 de Empresa):<\/p><p style=\"text-align: justify; margin-left: 60px;\">UGT: \u00a0\u00a0\u00a0\u00a0 Titular: \u00a0 Elena Esp\u00ed P\u00e9rez (escrito 1.03.2023)<\/p><p style=\"text-align: justify; margin-left: 60px;\">\u00a0 \u00a0 \u00a0 \u00a0 \u00a0 \u00a0 \u00a0 Suplente: Ra\u00fal Grande Guerrero<\/p><p style=\"text-align: justify; margin-left: 60px;\"><span style=\"background-color: inherit; font-size: 1rem;\">CC.OO:\u00a0 Titular:\u00a0\u00a0 Francisco Javier Martorell (escrito de 18.01.2023)<\/span><\/p><p style=\"text-align: justify; margin-left: 30px;\">\u00a0 \u00a0 \u00a0 \u00a0 \u00a0 \u00a0 \u00a0 \u00a0 \u00a0 \u00a0Suplente: Claudi Sanju\u00e1n Sell\u00e9s<\/p><p style=\"margin-left: 60px;\"><span style=\"background-color: inherit; font-size: 1rem;\">CSIF:\u00a0\u00a0\u00a0\u00a0\u00a0 Titular: \u00a0 Javier Garc\u00eda D\u00edez (escrito de 24.03.2023)<\/span><\/p><p style=\"margin-left: 60px;\">\u00a0 \u00a0 \u00a0 \u00a0 \u00a0 \u00a0 \u00a0 Suplente: Antonio Fresquet G\u00f3mez<\/p><p style=\"margin-left: 60px;\">SPPLB: Titular: Jos\u00e9 Boluda Herrador (escrito de 16.02.2023)<\/p><p style=\"margin-left: 60px;\">\u00a0 \u00a0 \u00a0 \u00a0 \u00a0 \u00a0 \u00a0 Suplente: Rafael Sala Garrigues<\/p>\t\t\t\t\t\t\t\t<\/div>\n\t\t\t\t<\/div>\n\t\t\t\t\t<\/div>\n\t\t<\/div>\n\t\t\t\t\t<\/div>\n\t\t<\/section>\n\t\t\t\t<\/div>\n\t\t","protected":false},"excerpt":{"rendered":"<p>Composici\u00f3n de la Comisi\u00f3n de seguimiento del plan de pensiones Por acuerdo del Pleno de 19 de julio de 2023, modificado por el Pleno de 24 de septiembre de 2025 y 26 de noviembre de 2025, se designan los integrantes, que ser\u00e1 coincidente con la composici\u00f3n de la Mesa de Negociaci\u00f3n y su r\u00e9gimen de &hellip; <\/p>\n<p class=\"link-more\"><a href=\"https:\/\/alzira.es\/es\/ayuntamiento\/corporacion-y-gobierno-municipal\/organos-de-participacion-y-gestion\/organos-de-gestion\/organos-de-gestion-composicion-comision-plan-de-pensiones\/\" class=\"more-link\">Continuar leyendo<span class=\"screen-reader-text\"> \u00abOrganos de gestion-Composicion-Comision Plan de Pensiones\u00bb<\/span><\/a><\/p>\n","protected":false},"author":34,"featured_media":0,"parent":83974,"menu_order":90,"comment_status":"closed","ping_status":"closed","template":"","meta":{"_acf_changed":false,"footnotes":""},"class_list":["post-14952","page","type-page","status-publish","hentry"],"acf":[],"_links":{"self":[{"href":"https:\/\/alzira.es\/es\/wp-json\/wp\/v2\/pages\/14952","targetHints":{"allow":["GET"]}}],"collection":[{"href":"https:\/\/alzira.es\/es\/wp-json\/wp\/v2\/pages"}],"about":[{"href":"https:\/\/alzira.es\/es\/wp-json\/wp\/v2\/types\/page"}],"author":[{"embeddable":true,"href":"https:\/\/alzira.es\/es\/wp-json\/wp\/v2\/users\/34"}],"replies":[{"embeddable":true,"href":"https:\/\/alzira.es\/es\/wp-json\/wp\/v2\/comments?post=14952"}],"version-history":[{"count":2,"href":"https:\/\/alzira.es\/es\/wp-json\/wp\/v2\/pages\/14952\/revisions"}],"predecessor-version":[{"id":166320,"href":"https:\/\/alzira.es\/es\/wp-json\/wp\/v2\/pages\/14952\/revisions\/166320"}],"up":[{"embeddable":true,"href":"https:\/\/alzira.es\/es\/wp-json\/wp\/v2\/pages\/83974"}],"wp:attachment":[{"href":"https:\/\/alzira.es\/es\/wp-json\/wp\/v2\/media?parent=14952"}],"curies":[{"name":"wp","href":"https:\/\/api.w.org\/{rel}","templated":true}]}}