{"id":14950,"date":"2016-02-15T20:46:02","date_gmt":"2016-02-15T19:46:02","guid":{"rendered":"https:\/\/alzira.es\/organos-de-gestion-composicion-comite-seguridad-y-salud\/"},"modified":"2025-12-15T10:43:25","modified_gmt":"2025-12-15T09:43:25","slug":"organos-de-gestion-composicion-comite-seguridad-y-salud","status":"publish","type":"page","link":"https:\/\/alzira.es\/es\/ayuntamiento\/corporacion-y-gobierno-municipal\/organos-de-participacion-y-gestion\/organos-de-gestion\/organos-de-gestion-composicion-comite-seguridad-y-salud\/","title":{"rendered":"Organos de gestion-Composicion-Comite Seguridad y Salud"},"content":{"rendered":"\t\t<div data-elementor-type=\"wp-page\" data-elementor-id=\"14950\" class=\"elementor elementor-14950\">\n\t\t\t\t\t\t<section class=\"elementor-section elementor-top-section elementor-element elementor-element-4dd13a37 elementor-section-boxed elementor-section-height-default elementor-section-height-default\" data-id=\"4dd13a37\" data-element_type=\"section\">\n\t\t\t\t\t\t<div class=\"elementor-container elementor-column-gap-default\">\n\t\t\t\t\t<div class=\"elementor-column elementor-col-100 elementor-top-column elementor-element elementor-element-600847a5\" data-id=\"600847a5\" data-element_type=\"column\">\n\t\t\t<div class=\"elementor-widget-wrap elementor-element-populated\">\n\t\t\t\t\t\t<div class=\"elementor-element elementor-element-4e852e3a elementor-widget elementor-widget-text-editor\" data-id=\"4e852e3a\" data-element_type=\"widget\" data-widget_type=\"text-editor.default\">\n\t\t\t\t<div class=\"elementor-widget-container\">\n\t\t\t\t\t\t\t\t\t<p><span style=\"text-decoration: underline;\"><strong>Composici\u00f3n del Comit\u00e9 de Seguridad y Salud<\/strong><\/span><\/p><p style=\"margin-left: 30px;\">Por acuerdos del Pleno de 19 de julio de 2023,\u00a0 26 de marzo de 2025, 24 de septiembre de 2025 y 26 de noviembre de 2025, se designan los siguientes representantes:<\/p><p style=\"margin-left: 30px;\">A) <span style=\"text-decoration: underline;\">Cuatro miembros corporativos<\/span>: tres del equipo de gobierno y uno de los grupos que no conforman el citado equipo de gobierno:<\/p><p style=\"margin-left: 30px;\">Miembros corporativos del equipo de gobierno:<\/p><p style=\"margin-left: 60px;\">Presidente (Concejal\u00eda de Personal): Xavier Fern\u00e1ndez Ferr\u00fas<\/p><p style=\"margin-left: 60px;\">Suplente: Alfons Dom\u00ednguez Gento<\/p><p style=\"margin-left: 60px;\">Titular: Virtuts Piera Parra<\/p><p style=\"margin-left: 60px;\">Suplente: Lara Ferrer Camarena<\/p><p style=\"margin-left: 60px;\">Titular: Enrique Montalv\u00e1 Espa\u00f1a<\/p><p style=\"margin-left: 60px;\">Suplente: Gemma Al\u00f3s Sospedra<\/p><p style=\"margin-left: 60px;\">Titular: Rub\u00e9n Palau Castany (PP)<\/p><p style=\"margin-left: 60px;\">Suplente: Miguel Vidal Llopis (CS)<\/p><p style=\"margin-left: 30px; text-align: justify;\">B) <span style=\"text-decoration: underline;\">Cuatro miembros <\/span>de la representaci\u00f3n sindical entre los representantes electos a las elecciones sindicales de 2022 de personal funcionario y laboral (los cuatro delegados de prevenci\u00f3n):<\/p><p style=\"margin-left: 60px;\">CC.OO: J<span style=\"background-color: inherit; font-size: 1rem;\">oaqu\u00edn Noguera Sentamans<\/span><\/p><p style=\"margin-left: 60px;\">CSIF:\u00a0 \u00a0Juan Jos\u00e9 Mart\u00ed Gozalbo<\/p><p style=\"margin-left: 60px;\"><span style=\"background-color: inherit; font-size: 1rem;\">UGT: Mar\u00eda Jos\u00e9 Ripoll Sebasti\u00e1<\/span><\/p><p style=\"margin-left: 60px;\"><span style=\"background-color: inherit; font-size: 1rem;\">SPPLB: Ernesto Jos\u00e9 Presencia Ferrer<\/span><\/p>\t\t\t\t\t\t\t\t<\/div>\n\t\t\t\t<\/div>\n\t\t\t\t\t<\/div>\n\t\t<\/div>\n\t\t\t\t\t<\/div>\n\t\t<\/section>\n\t\t\t\t<\/div>\n\t\t","protected":false},"excerpt":{"rendered":"<p>Composici\u00f3n del Comit\u00e9 de Seguridad y Salud Por acuerdos del Pleno de 19 de julio de 2023,\u00a0 26 de marzo de 2025, 24 de septiembre de 2025 y 26 de noviembre de 2025, se designan los siguientes representantes: A) Cuatro miembros corporativos: tres del equipo de gobierno y uno de los grupos que no conforman &hellip; <\/p>\n<p class=\"link-more\"><a href=\"https:\/\/alzira.es\/es\/ayuntamiento\/corporacion-y-gobierno-municipal\/organos-de-participacion-y-gestion\/organos-de-gestion\/organos-de-gestion-composicion-comite-seguridad-y-salud\/\" class=\"more-link\">Continuar leyendo<span class=\"screen-reader-text\"> \u00abOrganos de gestion-Composicion-Comite Seguridad y Salud\u00bb<\/span><\/a><\/p>\n","protected":false},"author":34,"featured_media":0,"parent":83974,"menu_order":91,"comment_status":"closed","ping_status":"closed","template":"","meta":{"_acf_changed":false,"footnotes":""},"class_list":["post-14950","page","type-page","status-publish","hentry"],"acf":[],"_links":{"self":[{"href":"https:\/\/alzira.es\/es\/wp-json\/wp\/v2\/pages\/14950","targetHints":{"allow":["GET"]}}],"collection":[{"href":"https:\/\/alzira.es\/es\/wp-json\/wp\/v2\/pages"}],"about":[{"href":"https:\/\/alzira.es\/es\/wp-json\/wp\/v2\/types\/page"}],"author":[{"embeddable":true,"href":"https:\/\/alzira.es\/es\/wp-json\/wp\/v2\/users\/34"}],"replies":[{"embeddable":true,"href":"https:\/\/alzira.es\/es\/wp-json\/wp\/v2\/comments?post=14950"}],"version-history":[{"count":2,"href":"https:\/\/alzira.es\/es\/wp-json\/wp\/v2\/pages\/14950\/revisions"}],"predecessor-version":[{"id":166267,"href":"https:\/\/alzira.es\/es\/wp-json\/wp\/v2\/pages\/14950\/revisions\/166267"}],"up":[{"embeddable":true,"href":"https:\/\/alzira.es\/es\/wp-json\/wp\/v2\/pages\/83974"}],"wp:attachment":[{"href":"https:\/\/alzira.es\/es\/wp-json\/wp\/v2\/media?parent=14950"}],"curies":[{"name":"wp","href":"https:\/\/api.w.org\/{rel}","templated":true}]}}