{"id":14948,"date":"2016-02-15T20:46:02","date_gmt":"2016-02-15T19:46:02","guid":{"rendered":"https:\/\/alzira.es\/organos-de-gestion-composicion-mesa-negociacion\/"},"modified":"2025-12-15T08:56:18","modified_gmt":"2025-12-15T07:56:18","slug":"organos-de-gestion-composicion-mesa-negociacion","status":"publish","type":"page","link":"https:\/\/alzira.es\/es\/ayuntamiento\/corporacion-y-gobierno-municipal\/organos-de-participacion-y-gestion\/organos-de-gestion\/organos-de-gestion-composicion-mesa-negociacion\/","title":{"rendered":"Organos de gestion-Composicion-Mesa Negociacion"},"content":{"rendered":"\t\t<div data-elementor-type=\"wp-page\" data-elementor-id=\"14948\" class=\"elementor elementor-14948\">\n\t\t\t\t\t\t<section class=\"elementor-section elementor-top-section elementor-element elementor-element-64725aa0 elementor-section-boxed elementor-section-height-default elementor-section-height-default\" data-id=\"64725aa0\" data-element_type=\"section\">\n\t\t\t\t\t\t<div class=\"elementor-container elementor-column-gap-default\">\n\t\t\t\t\t<div class=\"elementor-column elementor-col-100 elementor-top-column elementor-element elementor-element-dc51e1\" data-id=\"dc51e1\" data-element_type=\"column\">\n\t\t\t<div class=\"elementor-widget-wrap elementor-element-populated\">\n\t\t\t\t\t\t<div class=\"elementor-element elementor-element-3f293a7f elementor-widget elementor-widget-text-editor\" data-id=\"3f293a7f\" data-element_type=\"widget\" data-widget_type=\"text-editor.default\">\n\t\t\t\t<div class=\"elementor-widget-container\">\n\t\t\t\t\t\t\t\t\t<p><span style=\"font-weight: bold;\">Composici\u00f3n de la Mesa General de Negociaci\u00f3n &#8211; MGN Conjunta (funcionarios y laborales), MGN de personal funcionario y Comisi\u00f3n de interpretaci\u00f3n y seguimiento del Acuerdo\/Convenio<\/span><\/p><div><p>Por acuerdo del Pleno de 19 de julio de 2023, modificado por el Pleno de 24-09-25, se designan los siguientes representantes:<\/p><p>A)\u00a0Cuatro miembros corporativos: tres del equipo de gobierno (uno de ellos ser\u00e1 el Presidente) y uno de los grupos que no conforman el citado equipo de gobierno:<\/p><p style=\"padding-left: 40px;\">Presidente (Concejal\u00eda de Personal): Xavier Fern\u00e1ndez Ferr\u00fas<\/p><p style=\"padding-left: 40px;\">Suplente: Alfons Dom\u00ednguez Gento<\/p><p style=\"padding-left: 40px;\">Titular: Andr\u00e9s Gomis Fons<\/p><p style=\"padding-left: 40px;\">Suplente: Gemma Al\u00f3s Sospedra<\/p><p style=\"padding-left: 40px;\">Titular: Enrique Montalv\u00e1 Espa\u00f1a<\/p><p style=\"padding-left: 40px;\">Suplente:\u00a0 M\u00aa Amelia Blanquer Mart\u00ednez<\/p><p style=\"padding-left: 40px;\">Titular: Benjam\u00edn Ferrer Blasco (PP)<\/p><p style=\"padding-left: 40px;\">Suplente: Ricardo Belda Valiente (VOX)<\/p><p>B) MGN CONJUNTA. Cuatro miembros en representaci\u00f3n de la parte sindical, con voto ponderado en relaci\u00f3n con el n\u00famero de miembros que ha obtenido cada lista en la suma de ambos \u00f3rganos (Junta de Personal y Comit\u00e9 de Empresa):<\/p><p style=\"padding-left: 40px;\"><span style=\"background-color: inherit; font-size: 1rem;\">UGT:\u00a0 Titular: Diego L\u00f3pez Puchades<\/span><\/p><p style=\"padding-left: 80px;\">Suplente: Teresa Benavent Su\u00f1er<\/p><p style=\"padding-left: 40px;\">\u00a0 \u00a0 \u00a0 \u00a0 \u00a0 Titular: Elena Esp\u00ed P\u00e9rez<\/p><p style=\"padding-left: 80px;\">Suplente: Mar\u00eda Teresa Castell\u00f3 Andr\u00e9s<\/p><p style=\"padding-left: 40px;\">CC.OO.: Titular: Francisco Javier N\u00fa\u00f1ez Mart\u00ed (escrito 18.01.2023)<\/p><p style=\"padding-left: 80px;\">Suplente: Antonio Rovira Chaveli<\/p><p style=\"padding-left: 40px;\">CSIF: Titular: Javier Garc\u00eda D\u00edez (escrito de 24.03.2023)<\/p><p style=\"padding-left: 40px;\"><span style=\"background-color: inherit; font-size: 1rem;\">\u00a0 \u00a0 \u00a0 \u00a0 \u00a0 \u00a0Suplente: Antonio Fresquet G\u00f3mez (CSIF)<\/span><\/p><\/div>\t\t\t\t\t\t\t\t<\/div>\n\t\t\t\t<\/div>\n\t\t\t\t\t<\/div>\n\t\t<\/div>\n\t\t\t\t\t<\/div>\n\t\t<\/section>\n\t\t\t\t<\/div>\n\t\t","protected":false},"excerpt":{"rendered":"<p>Composici\u00f3n de la Mesa General de Negociaci\u00f3n &#8211; MGN Conjunta (funcionarios y laborales), MGN de personal funcionario y Comisi\u00f3n de interpretaci\u00f3n y seguimiento del Acuerdo\/Convenio Por acuerdo del Pleno de 19 de julio de 2023, modificado por el Pleno de 24-09-25, se designan los siguientes representantes: A)\u00a0Cuatro miembros corporativos: tres del equipo de gobierno (uno &hellip; <\/p>\n<p class=\"link-more\"><a href=\"https:\/\/alzira.es\/es\/ayuntamiento\/corporacion-y-gobierno-municipal\/organos-de-participacion-y-gestion\/organos-de-gestion\/organos-de-gestion-composicion-mesa-negociacion\/\" class=\"more-link\">Continuar leyendo<span class=\"screen-reader-text\"> \u00abOrganos de gestion-Composicion-Mesa Negociacion\u00bb<\/span><\/a><\/p>\n","protected":false},"author":34,"featured_media":0,"parent":83974,"menu_order":92,"comment_status":"closed","ping_status":"closed","template":"","meta":{"_acf_changed":false,"footnotes":""},"class_list":["post-14948","page","type-page","status-publish","hentry"],"acf":[],"_links":{"self":[{"href":"https:\/\/alzira.es\/es\/wp-json\/wp\/v2\/pages\/14948","targetHints":{"allow":["GET"]}}],"collection":[{"href":"https:\/\/alzira.es\/es\/wp-json\/wp\/v2\/pages"}],"about":[{"href":"https:\/\/alzira.es\/es\/wp-json\/wp\/v2\/types\/page"}],"author":[{"embeddable":true,"href":"https:\/\/alzira.es\/es\/wp-json\/wp\/v2\/users\/34"}],"replies":[{"embeddable":true,"href":"https:\/\/alzira.es\/es\/wp-json\/wp\/v2\/comments?post=14948"}],"version-history":[{"count":2,"href":"https:\/\/alzira.es\/es\/wp-json\/wp\/v2\/pages\/14948\/revisions"}],"predecessor-version":[{"id":166235,"href":"https:\/\/alzira.es\/es\/wp-json\/wp\/v2\/pages\/14948\/revisions\/166235"}],"up":[{"embeddable":true,"href":"https:\/\/alzira.es\/es\/wp-json\/wp\/v2\/pages\/83974"}],"wp:attachment":[{"href":"https:\/\/alzira.es\/es\/wp-json\/wp\/v2\/media?parent=14948"}],"curies":[{"name":"wp","href":"https:\/\/api.w.org\/{rel}","templated":true}]}}