{"id":147708,"date":"2024-02-29T13:04:37","date_gmt":"2024-02-29T12:04:37","guid":{"rendered":"https:\/\/alzira.es\/?page_id=147708"},"modified":"2024-05-31T14:06:26","modified_gmt":"2024-05-31T12:06:26","slug":"convocatoria-02-2024-bolsa-de-empleo-de-agentes-de-la-policia-local-en-comision-de-servicios","status":"publish","type":"page","link":"https:\/\/alzira.es\/es\/servicios-municipales\/recursos-humanos\/empleo-permanente\/convocatoria-02-2024-bolsa-de-empleo-de-agentes-de-la-policia-local-en-comision-de-servicios\/","title":{"rendered":"Convocatoria 02\/2024 Bolsa de empleo de Agentes de la Polic\u00eda Local en Comisi\u00f3n de Servicios"},"content":{"rendered":"<p><strong>DOCUMENTOS DEL EXPEDIENTE:<\/strong><\/p>\n\n\n<figure class=\"wp-block-table\"><table class=\"has-background\" style=\"background:radial-gradient(rgb(238,238,238) 0%,rgb(169,184,195) 100%)\"><thead><tr><th>Nombre Fichero<\/th><th>Fecha Publicaci\u00f3n<\/th><\/tr><\/thead><tbody><tr><td><a href=\"https:\/\/alzira.es\/wp-content\/uploads\/2023\/03\/04_Anunci_publicacio_BOP_bases-Borsa-Agents-PL-comissio-serveis-13032024-1.pdf\">Bases especificas para la convocatoria de Bolsa de Agentes de la Polic\u00eda Local en Comisi\u00f3n de Servicios (BOPV)<\/a><\/td><td>13\/03\/2024<\/td><\/tr><tr><td><a href=\"https:\/\/alzira.es\/wp-content\/uploads\/2024\/02\/Decret-179-2021-de-5-de-novembre-2.pdf\">DECRETO 179\/2021, de 5 de noviembre, del Consell, de establecimiento de las bases y criterios generales para la selecci\u00f3n, promoci\u00f3n y movilidad en los cuerpos de PL de la Comunidad Valenciana.<\/a><\/td><td>29\/02\/2024<\/td><\/tr><tr><td><a href=\"https:\/\/alzira.es\/wp-content\/uploads\/2024\/02\/Decret-179-2021-de-5-de-novembre-annex-correccio-d-errades.pdf\">CORRECCI\u00d3N de errores del Decreto 179\/2021.<\/a><\/td><td>29\/02\/2024<\/td><\/tr><tr><td><a href=\"https:\/\/alzira.es\/wp-content\/uploads\/2023\/03\/FULL_AUTOBAREMACIO_AGENT-PL_BORSA-C-SERVEIS-conv-2-24-4.xlsx\">Autobaremaci\u00f3n de m\u00e9ritos<\/a><\/td><td>13\/03\/2024<\/td><\/tr><tr><td><a href=\"https:\/\/alzira.es\/wp-content\/uploads\/2023\/03\/05-Decret-llista-provisional-admesos-exclosos-convoc-02-24-borsa-C-Serv-signat.pdf\">Lista provisional de admisi\u00f3n y exclusi\u00f3n de aspirantes<\/a><\/td><td>12\/04\/2024<\/td><\/tr><tr><td><a href=\"https:\/\/alzira.es\/wp-content\/uploads\/2024\/04\/06-Decrett-llista-definitva-admesos-exclosos-c-02-24-borsa-C-Serv-i-data-entrevistes.pdf\">Decreto lista definitiva admisi\u00f3n y exclusi\u00f3n y fecha entrevistas aspirantes<\/a><\/td><td>25\/04\/2024<\/td><\/tr><tr><td><a href=\"https:\/\/alzira.es\/wp-content\/uploads\/2023\/03\/07-Edicte-entrevistes-i-baremacio-merits-provisional-1087-2024-signat.pdf\">Edicto resultados entrevistas y baremaci\u00f3n m\u00e9ritos provisional<\/a><\/td><td>09\/05\/2024<\/td><\/tr><tr><td><a href=\"https:\/\/alzira.es\/wp-content\/uploads\/2024\/05\/09-Decret-constitucio-borsa-ocupacio-agents-PL-en-Comissio-de-Serveis.pdf\">Decreto constituci\u00f3n bolsa Agentes Polic\u00eda Local en Comisi\u00f3n Servicios<\/a><\/td><td>31\/05\/2024<\/td><\/tr><tr><td><\/td><td><\/td><\/tr><tr><td><\/td><td><\/td><\/tr><tr><td><\/td><td><\/td><\/tr><tr><td><\/td><td><\/td><\/tr><tr><td><\/td><td><\/td><\/tr><tr><td><\/td><td><\/td><\/tr><tr><td><\/td><td><\/td><\/tr><tr><td><\/td><td><\/td><\/tr><tr><td><\/td><td><\/td><\/tr><tr><td><\/td><td><\/td><\/tr><tr><td><\/td><td><\/td><\/tr><tr><td><\/td><td><\/td><\/tr><tr><td><\/td><td><\/td><\/tr><tr><td><\/td><td><\/td><\/tr><tr><td><\/td><td><\/td><\/tr><tr><td><\/td><td><\/td><\/tr><\/tbody><\/table><\/figure>\n","protected":false},"excerpt":{"rendered":"<p>DOCUMENTOS DEL EXPEDIENTE: Nombre Fichero Fecha Publicaci\u00f3n Bases especificas para la convocatoria de Bolsa de Agentes de la Polic\u00eda Local en Comisi\u00f3n de Servicios (BOPV) 13\/03\/2024 DECRETO 179\/2021, de 5 de noviembre, del Consell, de establecimiento de las bases y criterios generales para la selecci\u00f3n, promoci\u00f3n y movilidad en los cuerpos de PL de la &hellip; <\/p>\n<p class=\"link-more\"><a href=\"https:\/\/alzira.es\/es\/servicios-municipales\/recursos-humanos\/empleo-permanente\/convocatoria-02-2024-bolsa-de-empleo-de-agentes-de-la-policia-local-en-comision-de-servicios\/\" class=\"more-link\">Continuar leyendo<span class=\"screen-reader-text\"> \u00abConvocatoria 02\/2024 Bolsa de empleo de Agentes de la Polic\u00eda Local en Comisi\u00f3n de Servicios\u00bb<\/span><\/a><\/p>\n","protected":false},"author":156,"featured_media":0,"parent":105851,"menu_order":0,"comment_status":"closed","ping_status":"closed","template":"","meta":{"_acf_changed":false,"footnotes":""},"class_list":["post-147708","page","type-page","status-publish","hentry"],"acf":[],"_links":{"self":[{"href":"https:\/\/alzira.es\/es\/wp-json\/wp\/v2\/pages\/147708","targetHints":{"allow":["GET"]}}],"collection":[{"href":"https:\/\/alzira.es\/es\/wp-json\/wp\/v2\/pages"}],"about":[{"href":"https:\/\/alzira.es\/es\/wp-json\/wp\/v2\/types\/page"}],"author":[{"embeddable":true,"href":"https:\/\/alzira.es\/es\/wp-json\/wp\/v2\/users\/156"}],"replies":[{"embeddable":true,"href":"https:\/\/alzira.es\/es\/wp-json\/wp\/v2\/comments?post=147708"}],"version-history":[{"count":1,"href":"https:\/\/alzira.es\/es\/wp-json\/wp\/v2\/pages\/147708\/revisions"}],"predecessor-version":[{"id":150546,"href":"https:\/\/alzira.es\/es\/wp-json\/wp\/v2\/pages\/147708\/revisions\/150546"}],"up":[{"embeddable":true,"href":"https:\/\/alzira.es\/es\/wp-json\/wp\/v2\/pages\/105851"}],"wp:attachment":[{"href":"https:\/\/alzira.es\/es\/wp-json\/wp\/v2\/media?parent=147708"}],"curies":[{"name":"wp","href":"https:\/\/api.w.org\/{rel}","templated":true}]}}