{"id":147556,"date":"2024-02-27T12:13:30","date_gmt":"2024-02-27T11:13:30","guid":{"rendered":"https:\/\/alzira.es\/?page_id=147556"},"modified":"2024-04-30T17:00:58","modified_gmt":"2024-04-30T15:00:58","slug":"convocatoria-01-2024-bolsas-de-trabajo-para-la-contratacion-temporal-de-personal-docente-para-impartir-programas-formativos-pfqb-y-cpfpa","status":"publish","type":"page","link":"https:\/\/alzira.es\/es\/servicios-municipales\/recursos-humanos\/empleo-temporal\/convocatoria-01-2024-bolsas-de-trabajo-para-la-contratacion-temporal-de-personal-docente-para-impartir-programas-formativos-pfqb-y-cpfpa\/","title":{"rendered":"CONVOCATORIA 01\/2024 &#8211; BOLSAS DE TRABAJO para la contrataci\u00f3n temporal de Personal Docente para impartir Programas Formativos (PFQB y CPFPA)."},"content":{"rendered":"<ul>\n<li><span style=\"color: #800000;\"><strong>Docente Tecnolog\u00eda y Dibujo T\u00e9cnico- GRUPO A2.<\/strong><\/span><\/li>\n<li><span style=\"color: #800000;\"><strong>Docente Qu\u00edmica, F\u00edsica y Biolog\u00eda &#8211; GRUPO A2.<\/strong><\/span><\/li>\n<\/ul>\n<p>Se convoca el <span style=\"color: #ff0000;\"><strong>lunes 15\/04\/2024<\/strong><\/span> a las <strong><span style=\"color: #ff0000;\">11:00 horas<\/span><\/strong>, a las persones inscritas para formar parte de este proceso selectivo en la modalidad de docentes de la Escuela de Adultos (CPFPA), en el edificio de LA CLAU, sito en la calle RAMBLA N\u00ba 23 2\u00ba piso (Edificio de Bienestar Social).<\/p>\n<p><strong>DOCUMENTOS DEL EXPEDIENTE:<\/strong><\/p>\n\n\n<div class=\"wp-block-columns is-layout-flex wp-container-core-columns-is-layout-9d6595d7 wp-block-columns-is-layout-flex\">\n<div class=\"wp-block-column is-layout-flow wp-block-column-is-layout-flow\" style=\"flex-basis:100%\">\n<div class=\"wp-block-group\"><div class=\"wp-block-group__inner-container is-layout-flow wp-block-group-is-layout-flow\">\n<div class=\"wp-block-columns is-layout-flex wp-container-core-columns-is-layout-9d6595d7 wp-block-columns-is-layout-flex\">\n<div class=\"wp-block-column is-layout-flow wp-block-column-is-layout-flow\" style=\"flex-basis:100%\">\n<figure class=\"wp-block-table is-style-stripes\"><table><tbody><tr><td><strong>Nombre Fichero<\/strong><\/td><td class=\"has-text-align-center\" data-align=\"center\"><strong>Fecha Publicaci\u00f3n<\/strong><\/td><\/tr><tr><td><a href=\"https:\/\/alzira.es\/wp-content\/uploads\/2024\/02\/03-EDICTE-aprovacio-bases-borsa-temporal-personal-docent-Programes-Formatius-signat-1.pdf\">Bases espec\u00edficas<\/a><\/td><td class=\"has-text-align-center\" data-align=\"center\">29\/02\/2024<\/td><\/tr><tr><td><a href=\"https:\/\/alzira.es\/wp-content\/uploads\/2023\/03\/02_autobaremacio-exp.-944-24.xls\">Autobaremaci\u00f3n<\/a><\/td><td class=\"has-text-align-center\" data-align=\"center\">29\/02\/2024<\/td><\/tr><tr><td><a href=\"https:\/\/alzira.es\/wp-content\/uploads\/2023\/03\/06-Decret-llistat-provisional-admesos-personal-docent-programes-formatius-PFQB-i-CFEPA-signat.pdf\">Lista provisional de admitidos\/as y excluidos\/as<\/a><\/td><td class=\"has-text-align-center\" data-align=\"center\">25\/03\/2024<\/td><\/tr><tr><td><a href=\"https:\/\/alzira.es\/wp-content\/uploads\/2024\/04\/09-Decret-proposta-rectificada-llistat-definitiu-admesos-personal-docent-programes-formatius-CFEPA-signat.pdf\">Lista definitiva de admitidos\/as y excluidos\/as y fecha entrevistas<\/a><\/td><td class=\"has-text-align-center\" data-align=\"center\">15\/04\/2024<\/td><\/tr><tr><td><a href=\"https:\/\/alzira.es\/wp-content\/uploads\/2023\/03\/20240415-acta-professors-CFPA-EPA.doc.pdf.pdf\">Acta resultados baremaci\u00f3n y entrevistas CFPA<\/a><\/td><td class=\"has-text-align-center\" data-align=\"center\">15\/04\/2024<\/td><\/tr><tr><td><a href=\"https:\/\/alzira.es\/wp-content\/uploads\/2024\/04\/Decret-resultats-definitius-i-orde-de-la-borsa-CFPA-EPA-1.pdf\">Decreto resultados definitivos y orden de la bolsa<\/a><\/td><td class=\"has-text-align-center\" data-align=\"center\">30\/04\/2024<\/td><\/tr><\/tbody><\/table><\/figure>\n<\/div>\n<\/div>\n<\/div><\/div>\n<\/div>\n<\/div>\n","protected":false},"excerpt":{"rendered":"<p>Docente Tecnolog\u00eda y Dibujo T\u00e9cnico- GRUPO A2. Docente Qu\u00edmica, F\u00edsica y Biolog\u00eda &#8211; GRUPO A2. Se convoca el lunes 15\/04\/2024 a las 11:00 horas, a las persones inscritas para formar parte de este proceso selectivo en la modalidad de docentes de la Escuela de Adultos (CPFPA), en el edificio de LA CLAU, sito en la &hellip; <\/p>\n<p class=\"link-more\"><a href=\"https:\/\/alzira.es\/es\/servicios-municipales\/recursos-humanos\/empleo-temporal\/convocatoria-01-2024-bolsas-de-trabajo-para-la-contratacion-temporal-de-personal-docente-para-impartir-programas-formativos-pfqb-y-cpfpa\/\" class=\"more-link\">Continuar leyendo<span class=\"screen-reader-text\"> \u00abCONVOCATORIA 01\/2024 &#8211; BOLSAS DE TRABAJO para la contrataci\u00f3n temporal de Personal Docente para impartir Programas Formativos (PFQB y CPFPA).\u00bb<\/span><\/a><\/p>\n","protected":false},"author":156,"featured_media":0,"parent":105760,"menu_order":0,"comment_status":"closed","ping_status":"closed","template":"","meta":{"_acf_changed":false,"footnotes":""},"class_list":["post-147556","page","type-page","status-publish","hentry"],"acf":[],"_links":{"self":[{"href":"https:\/\/alzira.es\/es\/wp-json\/wp\/v2\/pages\/147556","targetHints":{"allow":["GET"]}}],"collection":[{"href":"https:\/\/alzira.es\/es\/wp-json\/wp\/v2\/pages"}],"about":[{"href":"https:\/\/alzira.es\/es\/wp-json\/wp\/v2\/types\/page"}],"author":[{"embeddable":true,"href":"https:\/\/alzira.es\/es\/wp-json\/wp\/v2\/users\/156"}],"replies":[{"embeddable":true,"href":"https:\/\/alzira.es\/es\/wp-json\/wp\/v2\/comments?post=147556"}],"version-history":[{"count":2,"href":"https:\/\/alzira.es\/es\/wp-json\/wp\/v2\/pages\/147556\/revisions"}],"predecessor-version":[{"id":149507,"href":"https:\/\/alzira.es\/es\/wp-json\/wp\/v2\/pages\/147556\/revisions\/149507"}],"up":[{"embeddable":true,"href":"https:\/\/alzira.es\/es\/wp-json\/wp\/v2\/pages\/105760"}],"wp:attachment":[{"href":"https:\/\/alzira.es\/es\/wp-json\/wp\/v2\/media?parent=147556"}],"curies":[{"name":"wp","href":"https:\/\/api.w.org\/{rel}","templated":true}]}}