{"id":147297,"date":"2024-02-21T13:42:23","date_gmt":"2024-02-21T12:42:23","guid":{"rendered":"https:\/\/alzira.es\/?page_id=147297"},"modified":"2024-03-01T14:35:40","modified_gmt":"2024-03-01T13:35:40","slug":"convocatoria-3-2024-oferta-generica-urgente-para-la-seleccion-de-personal-docente-de-jardineria-para-el-curso-2023-2024-del-programa-formativo-de-calificacion-profesional","status":"publish","type":"page","link":"https:\/\/alzira.es\/es\/servicios-municipales\/recursos-humanos\/empleo-temporal\/convocatoria-3-2024-oferta-generica-urgente-para-la-seleccion-de-personal-docente-de-jardineria-para-el-curso-2023-2024-del-programa-formativo-de-calificacion-profesional\/","title":{"rendered":"CONVOCATORIA 3\/2024 &#8211; OFERTA GEN\u00c9RICA URGENTE PARA LA SELECCI\u00d3N DE PERSONAL DOCENTE DE JARDINER\u00cdA PARA EL CURSO 2023-2024 DEL PROGRAMA FORMATIVO DE CALIFICACI\u00d3N PROFESIONAL"},"content":{"rendered":"<hr \/>\n<p><strong><span style=\"color: #ff6600;\">\u2192 PRESENTACI\u00d3N ALEGACIONES: se presentar\u00e1n mediante INTANCIA GENERAL por medio de la sede electr\u00f3nica del 4\/03\/2024 al 8\/03\/2024 ambos incluidos.\u00a0<\/span><\/strong><\/p>\n<hr \/>\n<p><span style=\"color: #800000;\"><strong>Solo podr\u00e1n formar parte de este proceso selectivo aquellas personas preseleccionadas por medio de las siguientes ofertas gen\u00e9ricas de LABORA:<\/strong><\/span><\/p>\n<ul>\n<li><span style=\"color: #800000;\"><strong>640278-0 Docente m\u00f3dulo espec\u00edfico jardiner\u00eda &#8211; GRUPO C1.<\/strong><\/span><\/li>\n<li><span style=\"color: #800000;\"><strong>640353-0 Docente m\u00f3dulo general\u00a0 jardiner\u00eda &#8211; GRUPO A2.<\/strong><\/span><\/li>\n<\/ul>\n<p><strong><span style=\"color: #800000;\">Periodo de presentaci\u00f3n de instancias por medio de la sede electr\u00f3nica del 21\/02\/2024 al 28\/02\/2024 ambos incluidos.<\/span><\/strong><\/p>\n<p><em>Tutorial sobre la relaci\u00f3n electr\u00f3nica con l&#8217;Ajuntament d&#8217;Alzira.<\/em><\/p>\n<p><em>\u00a0<\/em><a href=\"https:\/\/www.youtube.com\/watch?v=4APpgZLwbic&amp;feature=youtu.be\"><em><span style=\"color: blue;\">https:\/\/www.youtube.com\/watch?v=4APpgZLwbic&amp;feature=youtu.be<\/span><\/em><\/a><\/p>\n<p><strong><span style=\"color: #ff6600;\"><em>Convocar el 29\/02\/2024 a las 9:00 horas a las personas inscritas en las ofertas en la Sala de Prensa de la segunda planta de el edificio de l&#8217;Ajuntament d&#8217;Alzira, para la baremaci\u00f3n de los m\u00e9ritos i la entrevista.<\/em><\/span><\/strong><\/p>\n<p><strong><span style=\"color: #ff6600;\">ACTUALIZACI\u00d3N: Se modifica la fecha anterior de convocatoria para la baremaci\u00f3n y entrevista al viernes 1\/03\/2024 al mismo lugar y hora.<\/span><\/strong><\/p>\n<p><strong>DOCUMENTS DE L&#8217;EXPEDIENT:<\/strong><\/p>\n\n\n<div class=\"wp-block-columns is-layout-flex wp-container-core-columns-is-layout-9d6595d7 wp-block-columns-is-layout-flex\">\n<div class=\"wp-block-column is-layout-flow wp-block-column-is-layout-flow\" style=\"flex-basis:100%\">\n<div class=\"wp-block-group\"><div class=\"wp-block-group__inner-container is-layout-flow wp-block-group-is-layout-flow\">\n<div class=\"wp-block-columns is-layout-flex wp-container-core-columns-is-layout-9d6595d7 wp-block-columns-is-layout-flex\">\n<div class=\"wp-block-column is-layout-flow wp-block-column-is-layout-flow\" style=\"flex-basis:100%\">\n<figure class=\"wp-block-table is-style-stripes\"><table><tbody><tr><td><strong>Nom Fitxer<\/strong><\/td><td class=\"has-text-align-center\" data-align=\"center\"><strong>Data Publicaci\u00f3<\/strong><\/td><\/tr><tr><td><a href=\"https:\/\/alzira.es\/wp-content\/uploads\/2023\/03\/01-Decret-aprovacio-bases-oferta-LABORA-PFQB-JARDINERIA-CURS-2023-2024.pdf\">Bases especificas<\/a><\/td><td class=\"has-text-align-center\" data-align=\"center\">21\/02\/2024<\/td><\/tr><tr><td><a href=\"https:\/\/alzira.es\/wp-content\/uploads\/2023\/03\/02_autobaremacio.xls\">Autobaremaci\u00f3n<\/a><\/td><td class=\"has-text-align-center\" data-align=\"center\">21\/02\/2024<\/td><\/tr><tr><td><a href=\"https:\/\/alzira.es\/wp-content\/uploads\/2023\/03\/Designacio-membre-de-la-Comissio-de-Valoracio.pdf\">Designaci\u00f3n Comisi\u00f3n de Valoraci\u00f3n y convocatoria de entrevista<\/a><\/td><td class=\"has-text-align-center\" data-align=\"center\">26\/02\/2024<\/td><\/tr><tr><td><a href=\"https:\/\/alzira.es\/wp-content\/uploads\/2024\/02\/06-Acta-provisional-merits-PFQB-jardineria-20240229.pdf\">Acta provisional baremaci\u00f3n m\u00e9ritos<\/a><\/td><td class=\"has-text-align-center\" data-align=\"center\">29\/02\/2024<\/td><\/tr><tr><td><a href=\"https:\/\/alzira.es\/wp-content\/uploads\/2023\/03\/07-Modificacio-data-comissio-valoracio.pdf\">Modificaci\u00f3n  fecha de baremaci\u00f3n y entrevista<\/a><\/td><td class=\"has-text-align-center\" data-align=\"center\">1\/03\/2024<\/td><\/tr><tr><td><a href=\"https:\/\/alzira.es\/wp-content\/uploads\/2024\/03\/08-20240301-acta-num.-2-final.pdf\">Acta resultados provisionales baremaci\u00f3n y entrevista<\/a><\/td><td class=\"has-text-align-center\" data-align=\"center\">1\/03\/2024<\/td><\/tr><\/tbody><\/table><\/figure>\n<\/div>\n<\/div>\n<\/div><\/div>\n<\/div>\n<\/div>\n","protected":false},"excerpt":{"rendered":"<p>\u2192 PRESENTACI\u00d3N ALEGACIONES: se presentar\u00e1n mediante INTANCIA GENERAL por medio de la sede electr\u00f3nica del 4\/03\/2024 al 8\/03\/2024 ambos incluidos.\u00a0 Solo podr\u00e1n formar parte de este proceso selectivo aquellas personas preseleccionadas por medio de las siguientes ofertas gen\u00e9ricas de LABORA: 640278-0 Docente m\u00f3dulo espec\u00edfico jardiner\u00eda &#8211; GRUPO C1. 640353-0 Docente m\u00f3dulo general\u00a0 jardiner\u00eda &#8211; GRUPO &hellip; <\/p>\n<p class=\"link-more\"><a href=\"https:\/\/alzira.es\/es\/servicios-municipales\/recursos-humanos\/empleo-temporal\/convocatoria-3-2024-oferta-generica-urgente-para-la-seleccion-de-personal-docente-de-jardineria-para-el-curso-2023-2024-del-programa-formativo-de-calificacion-profesional\/\" class=\"more-link\">Continuar leyendo<span class=\"screen-reader-text\"> \u00abCONVOCATORIA 3\/2024 &#8211; OFERTA GEN\u00c9RICA URGENTE PARA LA SELECCI\u00d3N DE PERSONAL DOCENTE DE JARDINER\u00cdA PARA EL CURSO 2023-2024 DEL PROGRAMA FORMATIVO DE CALIFICACI\u00d3N PROFESIONAL\u00bb<\/span><\/a><\/p>\n","protected":false},"author":156,"featured_media":0,"parent":105760,"menu_order":0,"comment_status":"closed","ping_status":"closed","template":"","meta":{"_acf_changed":false,"footnotes":""},"class_list":["post-147297","page","type-page","status-publish","hentry"],"acf":[],"_links":{"self":[{"href":"https:\/\/alzira.es\/es\/wp-json\/wp\/v2\/pages\/147297","targetHints":{"allow":["GET"]}}],"collection":[{"href":"https:\/\/alzira.es\/es\/wp-json\/wp\/v2\/pages"}],"about":[{"href":"https:\/\/alzira.es\/es\/wp-json\/wp\/v2\/types\/page"}],"author":[{"embeddable":true,"href":"https:\/\/alzira.es\/es\/wp-json\/wp\/v2\/users\/156"}],"replies":[{"embeddable":true,"href":"https:\/\/alzira.es\/es\/wp-json\/wp\/v2\/comments?post=147297"}],"version-history":[{"count":2,"href":"https:\/\/alzira.es\/es\/wp-json\/wp\/v2\/pages\/147297\/revisions"}],"predecessor-version":[{"id":147790,"href":"https:\/\/alzira.es\/es\/wp-json\/wp\/v2\/pages\/147297\/revisions\/147790"}],"up":[{"embeddable":true,"href":"https:\/\/alzira.es\/es\/wp-json\/wp\/v2\/pages\/105760"}],"wp:attachment":[{"href":"https:\/\/alzira.es\/es\/wp-json\/wp\/v2\/media?parent=147297"}],"curies":[{"name":"wp","href":"https:\/\/api.w.org\/{rel}","templated":true}]}}