{"id":147126,"date":"2024-02-15T14:18:46","date_gmt":"2024-02-15T13:18:46","guid":{"rendered":"https:\/\/alzira.es\/?page_id=147126"},"modified":"2025-03-28T09:51:00","modified_gmt":"2025-03-28T08:51:00","slug":"convocatoria-09-2023-cobertura-del-puesto-de-vicesecretaria-general-habilitados-nacionales-11100-por-concurso-ordinario","status":"publish","type":"page","link":"https:\/\/alzira.es\/es\/servicios-municipales\/recursos-humanos\/empleo-temporal\/convocatoria-09-2023-cobertura-del-puesto-de-vicesecretaria-general-habilitados-nacionales-11100-por-concurso-ordinario\/","title":{"rendered":"Convocatoria 09\/2023.- Cobertura del puesto de Vicesecretar\u00eda General-Habilitados Nacionales (11100), por concurso ordinario."},"content":{"rendered":"\n<p><strong>DOCUMENTOS DEL EXPEDIENTE:<\/strong><\/p>\n\n\n\n<p><span style=\"color: #800000;\">Publicaci\u00f3n RESOLUCI\u00d3N de 11 de octubre de 2024, de la Direcci\u00f3n General de Administraci\u00f3n Local, por la cu\u00e1l se publican las bases y las convocatorias del concurso ordinario del a\u00f1o 2024 para la provisi\u00f3n de puestos de trabajo reservados a los funcionarios y funcionarias&nbsp; de Administraci\u00f3n local con habilitaci\u00f3n de car\u00e1cter nacional.<\/span><\/p>\n\n\n\n<p><\/p>\n\n\n\n<p><\/p>\n\n\n\n<figure class=\"wp-block-table\"><table class=\"has-fixed-layout\"><thead><tr><td><span style=\"color: #ffffff;\"><strong>Nombre Fichero<\/strong><\/span><\/td><td><span style=\"color: #ffffff;\"><strong>Fecha documento<\/strong><\/span><\/td><\/tr><\/thead><tbody><tr><td><a href=\"https:\/\/alzira.es\/wp-content\/uploads\/2024\/02\/03-Decret-avocacio-conv-09-2023-Vicesecretaria.pdf\">Decreto aprobaci\u00f3n bases puesto Vicesecretar\u00eda General<\/a><\/td><td>09\/02\/2024<\/td><\/tr><tr><td><a href=\"https:\/\/alzira.es\/wp-content\/uploads\/2023\/03\/FPO_0308_DOGV_01.pdf\">Publicaci\u00f3n DOGV creaci\u00f3n puesto Vicesecretar\u00eda Ayto Alzira<\/a><\/td><td>08\/03\/2024<\/td><\/tr><tr><td><a href=\"https:\/\/alzira.es\/wp-content\/uploads\/2023\/03\/FPiO_1017_DOGV_01-17102024.pdf\">Publicaci\u00f3n DOGV bases y convocatoria personal habilitaci\u00f3n car\u00e1cter nacional<\/a><\/td><td>17\/10\/2024<\/td><\/tr><tr><td><a href=\"https:\/\/alzira.es\/wp-content\/uploads\/2025\/01\/05-correccio-errors-2024_12672_es-DOGV-291124.pdf\">Publicaci\u00f3n DOGV correcci\u00f3n errores convocatoria 09\/23<\/a><\/td><td>29\/11\/2024<\/td><\/tr><tr><td><a href=\"https:\/\/alzira.es\/wp-content\/uploads\/2023\/03\/06-Anunci-BOE-A-2025-623-Vicesecretaria-General.pdf\">Publicaci\u00f3n BOE bases y convocatoria personal habilitaci\u00f3n car\u00e1cter general<\/a><\/td><td>15\/01\/2025<\/td><\/tr><tr><td><a href=\"https:\/\/alzira.es\/wp-content\/uploads\/2025\/01\/Autobaremacio-Vicesecretaria-General.xlsx\">Autobaremaci\u00f3n<\/a><\/td><td>21\/01\/2025<\/td><\/tr><tr><td><a href=\"https:\/\/alzira.es\/wp-content\/uploads\/2023\/03\/07-Correccio-Errades-FPiO_0203_DOGV.pdf\">Publicaci\u00f3n DOGV correcci\u00f3n errores concurso puesto Vicesecretar\u00eda<\/a><\/td><td>03\/02\/2025<\/td><\/tr><tr><td><a href=\"https:\/\/alzira.es\/wp-content\/uploads\/2023\/03\/10-Decret-llista-definitiva-personal-admes-vicesecretaria-general.pdf\">Decreto lista definitiva admitidos, constituci\u00f3n Comisi\u00f3n de Valoraci\u00f3n y fecha de entrevista<\/a><\/td><td>26\/02\/2025<\/td><\/tr><tr><td><a href=\"https:\/\/alzira.es\/wp-content\/uploads\/2023\/03\/Decret-Error-material-anul-la-anterior-Decret.pdf\">Decreto modificaci\u00f3n fecha entrevista<\/a><\/td><td>26\/02\/2025<\/td><\/tr><tr><td><a href=\"https:\/\/alzira.es\/wp-content\/uploads\/2025\/03\/13-Edicte-resultats-valoracio-merits-Vicesecretaria-general.pdf\">Edicto valoraci\u00f3n m\u00e9ritos espec\u00edficos<\/a><\/td><td>06\/03\/2025<\/td><\/tr><tr><td><a href=\"https:\/\/alzira.es\/wp-content\/uploads\/2023\/03\/15-Decret-nomenament-Vicesecretaria-1703d0340.pdf\">Resoluci\u00f3n concurso ordinario provisi\u00f3n puesto<\/a><\/td><td>28\/03\/2025<\/td><\/tr><tr><td><\/td><td><\/td><\/tr><\/tbody><\/table><\/figure>\n\n\n\n<p><\/p>\n\n\n\n<p><\/p>\n","protected":false},"excerpt":{"rendered":"<p>DOCUMENTOS DEL EXPEDIENTE: Publicaci\u00f3n RESOLUCI\u00d3N de 11 de octubre de 2024, de la Direcci\u00f3n General de Administraci\u00f3n Local, por la cu\u00e1l se publican las bases y las convocatorias del concurso ordinario del a\u00f1o 2024 para la provisi\u00f3n de puestos de trabajo reservados a los funcionarios y funcionarias&nbsp; de Administraci\u00f3n local con habilitaci\u00f3n de car\u00e1cter nacional. &hellip; <\/p>\n<p class=\"link-more\"><a href=\"https:\/\/alzira.es\/es\/servicios-municipales\/recursos-humanos\/empleo-temporal\/convocatoria-09-2023-cobertura-del-puesto-de-vicesecretaria-general-habilitados-nacionales-11100-por-concurso-ordinario\/\" class=\"more-link\">Continuar leyendo<span class=\"screen-reader-text\"> \u00abConvocatoria 09\/2023.- Cobertura del puesto de Vicesecretar\u00eda General-Habilitados Nacionales (11100), por concurso ordinario.\u00bb<\/span><\/a><\/p>\n","protected":false},"author":156,"featured_media":0,"parent":105760,"menu_order":0,"comment_status":"closed","ping_status":"closed","template":"","meta":{"_acf_changed":false,"footnotes":""},"class_list":["post-147126","page","type-page","status-publish","hentry"],"acf":[],"_links":{"self":[{"href":"https:\/\/alzira.es\/es\/wp-json\/wp\/v2\/pages\/147126","targetHints":{"allow":["GET"]}}],"collection":[{"href":"https:\/\/alzira.es\/es\/wp-json\/wp\/v2\/pages"}],"about":[{"href":"https:\/\/alzira.es\/es\/wp-json\/wp\/v2\/types\/page"}],"author":[{"embeddable":true,"href":"https:\/\/alzira.es\/es\/wp-json\/wp\/v2\/users\/156"}],"replies":[{"embeddable":true,"href":"https:\/\/alzira.es\/es\/wp-json\/wp\/v2\/comments?post=147126"}],"version-history":[{"count":2,"href":"https:\/\/alzira.es\/es\/wp-json\/wp\/v2\/pages\/147126\/revisions"}],"predecessor-version":[{"id":159481,"href":"https:\/\/alzira.es\/es\/wp-json\/wp\/v2\/pages\/147126\/revisions\/159481"}],"up":[{"embeddable":true,"href":"https:\/\/alzira.es\/es\/wp-json\/wp\/v2\/pages\/105760"}],"wp:attachment":[{"href":"https:\/\/alzira.es\/es\/wp-json\/wp\/v2\/media?parent=147126"}],"curies":[{"name":"wp","href":"https:\/\/api.w.org\/{rel}","templated":true}]}}