{"id":146143,"date":"2024-01-22T13:17:43","date_gmt":"2024-01-22T12:17:43","guid":{"rendered":"https:\/\/alzira.es\/?page_id=146143"},"modified":"2024-01-22T13:35:20","modified_gmt":"2024-01-22T12:35:20","slug":"actas-del-consejo-escolar-municipal","status":"publish","type":"page","link":"https:\/\/alzira.es\/es\/ayuntamiento\/corporacion-y-gobierno-municipal\/organos-de-participacion-y-gestion\/consejos-sectoriales\/actas-del-consejo-escolar-municipal\/","title":{"rendered":"Actas del Consejo Escolar Municipal"},"content":{"rendered":"\t\t<div data-elementor-type=\"wp-page\" data-elementor-id=\"146143\" class=\"elementor elementor-146143 elementor-146142\">\n\t\t\t\t\t\t<section class=\"elementor-section elementor-top-section elementor-element elementor-element-7ec641da elementor-section-boxed elementor-section-height-default elementor-section-height-default\" data-id=\"7ec641da\" data-element_type=\"section\">\n\t\t\t\t\t\t<div class=\"elementor-container elementor-column-gap-default\">\n\t\t\t\t\t<div class=\"elementor-column elementor-col-100 elementor-top-column elementor-element elementor-element-20e50271\" data-id=\"20e50271\" data-element_type=\"column\">\n\t\t\t<div class=\"elementor-widget-wrap elementor-element-populated\">\n\t\t\t\t\t\t<div class=\"elementor-element elementor-element-21df1fd6 elementor-widget elementor-widget-text-editor\" data-id=\"21df1fd6\" data-element_type=\"widget\" data-widget_type=\"text-editor.default\">\n\t\t\t\t<div class=\"elementor-widget-container\">\n\t\t\t\t\t\t\t\t\t<p><strong>A) CONSEJO ESCOLAR MUNICIPAL<\/strong><\/p>\n<p><strong>CURSO 23-24<\/strong><\/p>\n<p><a href=\"https:\/\/alzira.es\/wp-content\/uploads\/2023\/03\/Acta-75-12-juliol-2023.pdf\"><img decoding=\"async\" style=\"--smush-placeholder-width: 18px; --smush-placeholder-aspect-ratio: 18\/15;font-size: 14.4px; text-align: justify;\" title=\"document PDF\" data-src=\"https:\/\/alzira.es\/wp-content\/uploads\/2019\/04\/pdf_rojo.gif\" alt=\"pdf rojo\" src=\"data:image\/svg+xml;base64,PHN2ZyB3aWR0aD0iMSIgaGVpZ2h0PSIxIiB4bWxucz0iaHR0cDovL3d3dy53My5vcmcvMjAwMC9zdmciPjwvc3ZnPg==\" class=\"lazyload\" \/> Acta n\u00fam. 75<\/a><\/p>\n<p><strong>CURSO 22-23<\/strong><\/p>\n<p><a href=\"https:\/\/alzira.es\/wp-content\/uploads\/2023\/03\/Acta-74-15-de-juny-de-2023.pdf\"><img decoding=\"async\" style=\"--smush-placeholder-width: 18px; --smush-placeholder-aspect-ratio: 18\/15;font-size: 14.4px; text-align: justify;\" title=\"document PDF\" data-src=\"https:\/\/alzira.es\/wp-content\/uploads\/2019\/04\/pdf_rojo.gif\" alt=\"pdf rojo\" src=\"data:image\/svg+xml;base64,PHN2ZyB3aWR0aD0iMSIgaGVpZ2h0PSIxIiB4bWxucz0iaHR0cDovL3d3dy53My5vcmcvMjAwMC9zdmciPjwvc3ZnPg==\" class=\"lazyload\" \/>\u00a0Acta n\u00fam. 74<\/a><\/p>\n<p><a href=\"https:\/\/alzira.es\/wp-content\/uploads\/2023\/03\/Acta-73-12-abril-2023.pdf\"><img decoding=\"async\" style=\"--smush-placeholder-width: 18px; --smush-placeholder-aspect-ratio: 18\/15;font-size: 14.4px; text-align: justify;\" title=\"document PDF\" data-src=\"https:\/\/alzira.es\/wp-content\/uploads\/2019\/04\/pdf_rojo.gif\" alt=\"pdf rojo\" src=\"data:image\/svg+xml;base64,PHN2ZyB3aWR0aD0iMSIgaGVpZ2h0PSIxIiB4bWxucz0iaHR0cDovL3d3dy53My5vcmcvMjAwMC9zdmciPjwvc3ZnPg==\" class=\"lazyload\" \/> Acta n\u00fam. 73<\/a><\/p>\n<p><a href=\"https:\/\/alzira.es\/wp-content\/uploads\/2023\/03\/Acta-72-21-marc-2023.pdf\"><img decoding=\"async\" style=\"--smush-placeholder-width: 18px; --smush-placeholder-aspect-ratio: 18\/15;font-size: 14.4px; text-align: justify;\" title=\"document PDF\" data-src=\"https:\/\/alzira.es\/wp-content\/uploads\/2019\/04\/pdf_rojo.gif\" alt=\"pdf rojo\" src=\"data:image\/svg+xml;base64,PHN2ZyB3aWR0aD0iMSIgaGVpZ2h0PSIxIiB4bWxucz0iaHR0cDovL3d3dy53My5vcmcvMjAwMC9zdmciPjwvc3ZnPg==\" class=\"lazyload\" \/> Acta n\u00fam. 72<\/a><\/p>\n<p><a href=\"https:\/\/alzira.es\/wp-content\/uploads\/2023\/03\/Acta-71-8-marc-2023.pdf\"><img decoding=\"async\" style=\"--smush-placeholder-width: 18px; --smush-placeholder-aspect-ratio: 18\/15;font-size: 14.4px; text-align: justify;\" title=\"document PDF\" data-src=\"https:\/\/alzira.es\/wp-content\/uploads\/2019\/04\/pdf_rojo.gif\" alt=\"pdf rojo\" src=\"data:image\/svg+xml;base64,PHN2ZyB3aWR0aD0iMSIgaGVpZ2h0PSIxIiB4bWxucz0iaHR0cDovL3d3dy53My5vcmcvMjAwMC9zdmciPjwvc3ZnPg==\" class=\"lazyload\" \/> Acta n\u00fam. 71<\/a><\/p>\n<p><a href=\"https:\/\/alzira.es\/wp-content\/uploads\/2023\/03\/Acta-70-5-octubre-2022-constitucio-nou-CEM.pdf\"><img decoding=\"async\" style=\"--smush-placeholder-width: 18px; --smush-placeholder-aspect-ratio: 18\/15;font-size: 14.4px; text-align: justify;\" title=\"document PDF\" data-src=\"https:\/\/alzira.es\/wp-content\/uploads\/2019\/04\/pdf_rojo.gif\" alt=\"pdf rojo\" src=\"data:image\/svg+xml;base64,PHN2ZyB3aWR0aD0iMSIgaGVpZ2h0PSIxIiB4bWxucz0iaHR0cDovL3d3dy53My5vcmcvMjAwMC9zdmciPjwvc3ZnPg==\" class=\"lazyload\" \/> Acta n\u00fam. 70<\/a><\/p>\n<p><a href=\"https:\/\/alzira.es\/wp-content\/uploads\/2023\/03\/Acta-69-5-octubre-2022-antic-CEM.pdf\"><img decoding=\"async\" style=\"--smush-placeholder-width: 18px; --smush-placeholder-aspect-ratio: 18\/15;font-size: 14.4px; text-align: justify;\" title=\"document PDF\" data-src=\"https:\/\/alzira.es\/wp-content\/uploads\/2019\/04\/pdf_rojo.gif\" alt=\"pdf rojo\" src=\"data:image\/svg+xml;base64,PHN2ZyB3aWR0aD0iMSIgaGVpZ2h0PSIxIiB4bWxucz0iaHR0cDovL3d3dy53My5vcmcvMjAwMC9zdmciPjwvc3ZnPg==\" class=\"lazyload\" \/> Acta n\u00fam. 69<\/a><\/p>\n<p><a href=\"https:\/\/alzira.es\/wp-content\/uploads\/2023\/03\/Acta-68-12-de-juliol-de-2022.pdf\"><img decoding=\"async\" style=\"--smush-placeholder-width: 18px; --smush-placeholder-aspect-ratio: 18\/15;font-size: 14.4px; text-align: justify;\" title=\"document PDF\" data-src=\"https:\/\/alzira.es\/wp-content\/uploads\/2019\/04\/pdf_rojo.gif\" alt=\"pdf rojo\" src=\"data:image\/svg+xml;base64,PHN2ZyB3aWR0aD0iMSIgaGVpZ2h0PSIxIiB4bWxucz0iaHR0cDovL3d3dy53My5vcmcvMjAwMC9zdmciPjwvc3ZnPg==\" class=\"lazyload\" \/> Acta n\u00fam. 68<\/a><\/p>\n<p><a href=\"https:\/\/alzira.es\/wp-content\/uploads\/2023\/03\/Acta-67-9-de-juny-de-2022.pdf\"><img decoding=\"async\" style=\"--smush-placeholder-width: 18px; --smush-placeholder-aspect-ratio: 18\/15;font-size: 14.4px; text-align: justify;\" title=\"document PDF\" data-src=\"https:\/\/alzira.es\/wp-content\/uploads\/2019\/04\/pdf_rojo.gif\" alt=\"pdf rojo\" src=\"data:image\/svg+xml;base64,PHN2ZyB3aWR0aD0iMSIgaGVpZ2h0PSIxIiB4bWxucz0iaHR0cDovL3d3dy53My5vcmcvMjAwMC9zdmciPjwvc3ZnPg==\" class=\"lazyload\" \/> Acta n\u00fam. 67<\/a><\/p>\n<p><a href=\"https:\/\/alzira.es\/wp-content\/uploads\/2023\/03\/Acta-66-4-de-maig-de-2022.pdf\"><img decoding=\"async\" style=\"--smush-placeholder-width: 18px; --smush-placeholder-aspect-ratio: 18\/15;font-size: 14.4px; text-align: justify;\" title=\"document PDF\" data-src=\"https:\/\/alzira.es\/wp-content\/uploads\/2019\/04\/pdf_rojo.gif\" alt=\"pdf rojo\" src=\"data:image\/svg+xml;base64,PHN2ZyB3aWR0aD0iMSIgaGVpZ2h0PSIxIiB4bWxucz0iaHR0cDovL3d3dy53My5vcmcvMjAwMC9zdmciPjwvc3ZnPg==\" class=\"lazyload\" \/> Acta n\u00fam. 66<\/a><\/p>\n<p><a href=\"https:\/\/alzira.es\/wp-content\/uploads\/2023\/03\/Acta-65-5-abril-de-2022.pdf\"><img decoding=\"async\" style=\"--smush-placeholder-width: 18px; --smush-placeholder-aspect-ratio: 18\/15;font-size: 14.4px; text-align: justify;\" title=\"document PDF\" data-src=\"https:\/\/alzira.es\/wp-content\/uploads\/2019\/04\/pdf_rojo.gif\" alt=\"pdf rojo\" src=\"data:image\/svg+xml;base64,PHN2ZyB3aWR0aD0iMSIgaGVpZ2h0PSIxIiB4bWxucz0iaHR0cDovL3d3dy53My5vcmcvMjAwMC9zdmciPjwvc3ZnPg==\" class=\"lazyload\" \/> Acta n\u00fam. 65<\/a><\/p>\n<p><a href=\"https:\/\/alzira.es\/wp-content\/uploads\/2023\/03\/Acta-64.2-23-de-marc-de-2022.pdf\"><img decoding=\"async\" style=\"--smush-placeholder-width: 18px; --smush-placeholder-aspect-ratio: 18\/15;font-size: 14.4px; text-align: justify;\" title=\"document PDF\" data-src=\"https:\/\/alzira.es\/wp-content\/uploads\/2019\/04\/pdf_rojo.gif\" alt=\"pdf rojo\" src=\"data:image\/svg+xml;base64,PHN2ZyB3aWR0aD0iMSIgaGVpZ2h0PSIxIiB4bWxucz0iaHR0cDovL3d3dy53My5vcmcvMjAwMC9zdmciPjwvc3ZnPg==\" class=\"lazyload\" \/> Acta n\u00fam. 64.2<\/a><\/p>\n<p><a href=\"https:\/\/alzira.es\/wp-content\/uploads\/2023\/03\/Acta-64-7-de-febrer-de-2022.pdf\"><img decoding=\"async\" style=\"--smush-placeholder-width: 18px; --smush-placeholder-aspect-ratio: 18\/15;font-size: 14.4px; text-align: justify;\" title=\"document PDF\" data-src=\"https:\/\/alzira.es\/wp-content\/uploads\/2019\/04\/pdf_rojo.gif\" alt=\"pdf rojo\" src=\"data:image\/svg+xml;base64,PHN2ZyB3aWR0aD0iMSIgaGVpZ2h0PSIxIiB4bWxucz0iaHR0cDovL3d3dy53My5vcmcvMjAwMC9zdmciPjwvc3ZnPg==\" class=\"lazyload\" \/> Acta n\u00fam. 64<\/a><\/p>\n<p><strong>ACTAS ANTERIORES<\/strong><\/p>\n<p><img decoding=\"async\" style=\"--smush-placeholder-width: 18px; --smush-placeholder-aspect-ratio: 18\/15;font-size: 14.4px; text-align: justify;\" title=\"document PDF\" data-src=\"https:\/\/alzira.es\/wp-content\/uploads\/2019\/04\/pdf_rojo.gif\" alt=\"pdf rojo\" src=\"data:image\/svg+xml;base64,PHN2ZyB3aWR0aD0iMSIgaGVpZ2h0PSIxIiB4bWxucz0iaHR0cDovL3d3dy53My5vcmcvMjAwMC9zdmciPjwvc3ZnPg==\" class=\"lazyload\" \/>\u00a0<a title=\"Acta\" href=\"https:\/\/alzira.es\/wp-content\/uploads\/2019\/04\/Acta-55-15-juliol-2019.pdf\" target=\"_blank\" rel=\"noopener\">ACTA n\u00fam. 55<\/a><\/p>\n<p><img decoding=\"async\" style=\"--smush-placeholder-width: 18px; --smush-placeholder-aspect-ratio: 18\/15;font-size: 14.4px; text-align: justify;\" title=\"document PDF\" data-src=\"https:\/\/alzira.es\/wp-content\/uploads\/2019\/04\/pdf_rojo.gif\" alt=\"pdf rojo\" src=\"data:image\/svg+xml;base64,PHN2ZyB3aWR0aD0iMSIgaGVpZ2h0PSIxIiB4bWxucz0iaHR0cDovL3d3dy53My5vcmcvMjAwMC9zdmciPjwvc3ZnPg==\" class=\"lazyload\" \/>\u00a0<a title=\"Acta\" href=\"https:\/\/alzira.es\/wp-content\/uploads\/2019\/04\/Acta-54-3-abril-de-2019.pdf\" target=\"_blank\" rel=\"noopener\">ACTA n\u00fam. 54<\/a><br \/>\n<img decoding=\"async\" style=\"--smush-placeholder-width: 18px; --smush-placeholder-aspect-ratio: 18\/15;font-size: 14.4px; text-align: justify;\" title=\"document PDF\" data-src=\"https:\/\/alzira.es\/wp-content\/uploads\/2019\/04\/pdf_rojo.gif\" alt=\"pdf rojo\" src=\"data:image\/svg+xml;base64,PHN2ZyB3aWR0aD0iMSIgaGVpZ2h0PSIxIiB4bWxucz0iaHR0cDovL3d3dy53My5vcmcvMjAwMC9zdmciPjwvc3ZnPg==\" class=\"lazyload\" \/>\u00a0<a style=\"font-size: 14.4px;\" title=\"Acta\" href=\"https:\/\/alzira.es\/wp-content\/uploads\/2019\/04\/Acta-53-26-de-novembre-de-2018.pdf\" target=\"_blank\" rel=\"noopener\">ACTA n\u00fam. 53<\/a><\/p>\n<p><img decoding=\"async\" style=\"--smush-placeholder-width: 18px; --smush-placeholder-aspect-ratio: 18\/15;font-size: 14.4px; text-align: justify;\" title=\"document PDF\" data-src=\"https:\/\/alzira.es\/wp-content\/uploads\/2019\/04\/pdf_rojo.gif\" alt=\"pdf rojo\" src=\"data:image\/svg+xml;base64,PHN2ZyB3aWR0aD0iMSIgaGVpZ2h0PSIxIiB4bWxucz0iaHR0cDovL3d3dy53My5vcmcvMjAwMC9zdmciPjwvc3ZnPg==\" class=\"lazyload\" \/>\u00a0<a title=\"Acta\" href=\"https:\/\/alzira.es\/wp-content\/uploads\/2019\/04\/Acta-52-6-de-novembre-de-2018.pdf\" target=\"_blank\" rel=\"noopener\">ACTA n\u00fam. 52<\/a><\/p>\n<p><img decoding=\"async\" style=\"--smush-placeholder-width: 18px; --smush-placeholder-aspect-ratio: 18\/15;font-size: 14.4px; text-align: justify;\" title=\"document PDF\" data-src=\"https:\/\/alzira.es\/wp-content\/uploads\/2019\/04\/pdf_rojo.gif\" alt=\"pdf rojo\" src=\"data:image\/svg+xml;base64,PHN2ZyB3aWR0aD0iMSIgaGVpZ2h0PSIxIiB4bWxucz0iaHR0cDovL3d3dy53My5vcmcvMjAwMC9zdmciPjwvc3ZnPg==\" class=\"lazyload\" \/>\u00a0<a title=\"Acta\" href=\"https:\/\/alzira.es\/wp-content\/uploads\/2019\/04\/Acta_51-_11_de_setembre_de_2018.pdf\" target=\"_blank\" rel=\"noopener\">ACTA n\u00fam. 51<\/a><\/p>\n<p><img decoding=\"async\" title=\"document PDF\" data-src=\"https:\/\/alzira.es\/wp-content\/uploads\/2019\/04\/pdf_rojo.gif\" alt=\"pdf rojo\" src=\"data:image\/svg+xml;base64,PHN2ZyB3aWR0aD0iMSIgaGVpZ2h0PSIxIiB4bWxucz0iaHR0cDovL3d3dy53My5vcmcvMjAwMC9zdmciPjwvc3ZnPg==\" class=\"lazyload\" style=\"--smush-placeholder-width: 18px; --smush-placeholder-aspect-ratio: 18\/15;\" \/>\u00a0<a title=\"Acta\" href=\"https:\/\/alzira.es\/wp-content\/uploads\/2019\/04\/Acta_50_-_3_de_julio.pdf\" target=\"_blank\" rel=\"noopener\">ACTA n\u00fam. 50<\/a><\/p>\n<p><img decoding=\"async\" title=\"document PDF\" data-src=\"https:\/\/alzira.es\/wp-content\/uploads\/2019\/04\/pdf_rojo.gif\" alt=\"pdf rojo\" src=\"data:image\/svg+xml;base64,PHN2ZyB3aWR0aD0iMSIgaGVpZ2h0PSIxIiB4bWxucz0iaHR0cDovL3d3dy53My5vcmcvMjAwMC9zdmciPjwvc3ZnPg==\" class=\"lazyload\" style=\"--smush-placeholder-width: 18px; --smush-placeholder-aspect-ratio: 18\/15;\" \/>\u00a0<a title=\"Acta\" href=\"https:\/\/alzira.es\/wp-content\/uploads\/2019\/04\/Acta_49_-_12_de_abril.pdf\" target=\"_blank\" rel=\"noopener\">ACTA n\u00fam. 49<\/a><\/p>\n<p><img decoding=\"async\" title=\"document PDF\" data-src=\"https:\/\/alzira.es\/wp-content\/uploads\/2019\/04\/pdf_rojo.gif\" alt=\"pdf rojo\" src=\"data:image\/svg+xml;base64,PHN2ZyB3aWR0aD0iMSIgaGVpZ2h0PSIxIiB4bWxucz0iaHR0cDovL3d3dy53My5vcmcvMjAwMC9zdmciPjwvc3ZnPg==\" class=\"lazyload\" style=\"--smush-placeholder-width: 18px; --smush-placeholder-aspect-ratio: 18\/15;\" \/>\u00a0<a title=\"Acta\" href=\"https:\/\/alzira.es\/wp-content\/uploads\/2019\/04\/Acta_48_-_29_de_enero_de_2018.pdf\" target=\"_blank\" rel=\"noopener\">ACTA n\u00fam. 48<\/a><\/p>\n<p><img decoding=\"async\" title=\"document PDF\" data-src=\"https:\/\/alzira.es\/wp-content\/uploads\/2019\/04\/pdf_rojo.gif\" alt=\"pdf rojo\" src=\"data:image\/svg+xml;base64,PHN2ZyB3aWR0aD0iMSIgaGVpZ2h0PSIxIiB4bWxucz0iaHR0cDovL3d3dy53My5vcmcvMjAwMC9zdmciPjwvc3ZnPg==\" class=\"lazyload\" style=\"--smush-placeholder-width: 18px; --smush-placeholder-aspect-ratio: 18\/15;\" \/>\u00a0<a title=\"Acta\" href=\"https:\/\/alzira.es\/wp-content\/uploads\/2019\/04\/Acta_47_-_22_de_noviembre_de_2017.pdf\" target=\"_blank\" rel=\"noopener\">ACTA n\u00fam. 47<\/a><\/p>\n<p><img decoding=\"async\" title=\"document PDF\" data-src=\"https:\/\/alzira.es\/wp-content\/uploads\/2019\/04\/pdf_rojo.gif\" alt=\"pdf rojo\" src=\"data:image\/svg+xml;base64,PHN2ZyB3aWR0aD0iMSIgaGVpZ2h0PSIxIiB4bWxucz0iaHR0cDovL3d3dy53My5vcmcvMjAwMC9zdmciPjwvc3ZnPg==\" class=\"lazyload\" style=\"--smush-placeholder-width: 18px; --smush-placeholder-aspect-ratio: 18\/15;\" \/>\u00a0<a title=\"Acta\" href=\"https:\/\/alzira.es\/wp-content\/uploads\/2019\/04\/Acta_46_-_20_de_septiembre_de_2017.pdf\" target=\"_blank\" rel=\"noopener\">ACTA n\u00fam. 46<\/a><\/p>\n\t\t\t\t\t\t\t\t<\/div>\n\t\t\t\t<\/div>\n\t\t\t\t\t<\/div>\n\t\t<\/div>\n\t\t\t\t\t<\/div>\n\t\t<\/section>\n\t\t\t\t<\/div>\n\t\t","protected":false},"excerpt":{"rendered":"<p>A) CONSEJO ESCOLAR MUNICIPAL CURSO 23-24 Acta n\u00fam. 75 CURSO 22-23 \u00a0Acta n\u00fam. 74 Acta n\u00fam. 73 Acta n\u00fam. 72 Acta n\u00fam. 71 Acta n\u00fam. 70 Acta n\u00fam. 69 Acta n\u00fam. 68 Acta n\u00fam. 67 Acta n\u00fam. 66 Acta n\u00fam. 65 Acta n\u00fam. 64.2 Acta n\u00fam. 64 ACTAS ANTERIORES \u00a0ACTA n\u00fam. 55 \u00a0ACTA n\u00fam. 54 &hellip; <\/p>\n<p class=\"link-more\"><a href=\"https:\/\/alzira.es\/es\/ayuntamiento\/corporacion-y-gobierno-municipal\/organos-de-participacion-y-gestion\/consejos-sectoriales\/actas-del-consejo-escolar-municipal\/\" class=\"more-link\">Continuar leyendo<span class=\"screen-reader-text\"> \u00abActas del Consejo Escolar Municipal\u00bb<\/span><\/a><\/p>\n","protected":false},"author":34,"featured_media":0,"parent":14169,"menu_order":0,"comment_status":"closed","ping_status":"closed","template":"","meta":{"_acf_changed":false,"footnotes":""},"class_list":["post-146143","page","type-page","status-publish","hentry"],"acf":[],"_links":{"self":[{"href":"https:\/\/alzira.es\/es\/wp-json\/wp\/v2\/pages\/146143","targetHints":{"allow":["GET"]}}],"collection":[{"href":"https:\/\/alzira.es\/es\/wp-json\/wp\/v2\/pages"}],"about":[{"href":"https:\/\/alzira.es\/es\/wp-json\/wp\/v2\/types\/page"}],"author":[{"embeddable":true,"href":"https:\/\/alzira.es\/es\/wp-json\/wp\/v2\/users\/34"}],"replies":[{"embeddable":true,"href":"https:\/\/alzira.es\/es\/wp-json\/wp\/v2\/comments?post=146143"}],"version-history":[{"count":2,"href":"https:\/\/alzira.es\/es\/wp-json\/wp\/v2\/pages\/146143\/revisions"}],"predecessor-version":[{"id":146159,"href":"https:\/\/alzira.es\/es\/wp-json\/wp\/v2\/pages\/146143\/revisions\/146159"}],"up":[{"embeddable":true,"href":"https:\/\/alzira.es\/es\/wp-json\/wp\/v2\/pages\/14169"}],"wp:attachment":[{"href":"https:\/\/alzira.es\/es\/wp-json\/wp\/v2\/media?parent=146143"}],"curies":[{"name":"wp","href":"https:\/\/api.w.org\/{rel}","templated":true}]}}