{"id":145998,"date":"2024-01-16T12:54:40","date_gmt":"2024-01-16T11:54:40","guid":{"rendered":"https:\/\/alzira.es\/?page_id=145998"},"modified":"2026-02-16T10:19:19","modified_gmt":"2026-02-16T09:19:19","slug":"convocatoria-03-2023-seleccio-en-propietat-de-dos-places-dinspector-o-inspectora-de-policia-local-dalzira-1-pel-torn-lliure-i-1-pel-torn-de-promocio-interna-ordinaria","status":"publish","type":"page","link":"https:\/\/alzira.es\/es\/serveis-municipals\/recursos-humans\/ocupacio-permanent\/convocatoria-03-2023-seleccio-en-propietat-de-dos-places-dinspector-o-inspectora-de-policia-local-dalzira-1-pel-torn-lliure-i-1-pel-torn-de-promocio-interna-ordinaria\/","title":{"rendered":"Convocat\u00f2ria 03\/2023 Selecci\u00f3 en propietat de dos places d\u2019inspector o inspectora de Policia Local d\u2019Alzira, 1 pel torn lliure i 1 pel torn de promoci\u00f3 interna ordin\u00e0ria."},"content":{"rendered":"<p><strong>NOVETAT:\u00a0<\/strong><\/p>\n<p><strong><span style=\"color: #339966;\"><span style=\"color: #000000;\">PROMOCI\u00d3 INTERNA: FINALITZAT<\/span><\/span><\/strong><\/p>\n<p><strong><span style=\"color: #000000;\">TORN LLIURE: FINALITZAT<\/span><\/strong><\/p>\n<p><strong>DOCUMENTS DE L&#8217;EXPEDIENT:<\/strong><\/p>\n\n\n<figure class=\"wp-block-table\"><table class=\"has-background\" style=\"background:radial-gradient(rgb(238,238,238) 0%,rgb(169,184,195) 100%)\"><thead><tr><th>Nom Fitxer<\/th><th>Fecha Publicaci\u00f3n<\/th><\/tr><\/thead><tbody><tr><td><a href=\"https:\/\/alzira.es\/wp-content\/uploads\/2023\/03\/05_Certificat-aprovacio-bases-propietat-2-Inspector-PL-1-promocio-interna-1-lliure-JGL-021123.pdf\">Bases especifiques per a la convocatoria de 2 places d\u2019Inspector o Inspectora de la Polic\u00eda Local, 1 pel torn lliure i 1 pel torn de promoci\u00f3 interna ordin\u00e0ria (BOPV)<\/a><\/td><td>02-11-23<\/td><\/tr><tr><td><a href=\"https:\/\/alzira.es\/wp-content\/uploads\/2024\/02\/Decret-179-2021-de-5-de-novembre-1.pdf\">Decret 179\/2021 del Consell, d\u2019establiment de les bases i criteris generals per a la selecci\u00f3, promoci\u00f3 i mobilitat en els cossos de PL de la CV.<\/a><\/td><td>26-02-24<\/td><\/tr><tr><td><a href=\"https:\/\/alzira.es\/wp-content\/uploads\/2023\/03\/Decret-179-2021-de-5-de-novembre-annex-correccio-d-errades.pdf\">CORRECCI\u00d3 d\u2019errades del Decret 179\/2021.<\/a><\/td><td>26-02-24<\/td><\/tr><tr><td><a href=\"https:\/\/alzira.es\/wp-content\/uploads\/2025\/01\/FULL_AUTOBAREMACIO_INSPECTOR-PL_PROM-INT-ORDINARIA-LLIURE-conv-03-23.xlsx\">Autobaremaci\u00f3 de m\u00e8rits<\/a><\/td><td>05-08-24<\/td><\/tr><tr><td><a href=\"https:\/\/alzira.es\/wp-content\/uploads\/2023\/03\/08_BOE-A-2024-3661-260224-plazo.pdf\">Convocat\u00f2ria BOE<\/a><\/td><td>26-02-24<\/td><\/tr><tr><td><a href=\"https:\/\/alzira.es\/wp-content\/uploads\/2023\/03\/12-Decret-llista-provisional-admesos-exclosos-convoc-03-23-SIGNAT.pdf\">Decret llista provisional d&#8217;admissi\u00f3 i exclusi\u00f3 personal aspirant<\/a><\/td><td>25-04-24<\/td><\/tr><tr><td><a href=\"https:\/\/alzira.es\/wp-content\/uploads\/2023\/03\/13-BOPV-25-abril-2024_04892_llista-provisional-Inspectors-03-23.pdf\">Anunci BOPV llista provisional d&#8217;admissi\u00f3 i exclusi\u00f3 personal aspirant<\/a><\/td><td>25-04-24<\/td><\/tr><tr><td><a href=\"https:\/\/alzira.es\/wp-content\/uploads\/2023\/03\/15-Publicacio-BOPV-11102024_13803_VA-Inspectors-03-23.pdf\">Anunci BOPV llista definitiva admesos exclosos conv. 03-23<\/a><\/td><td>11-10-24<\/td><\/tr><tr><td><a href=\"https:\/\/alzira.es\/wp-content\/uploads\/2024\/10\/14-Decret-1030-24-llista-definitiva-admesos-exclosos-convoc-03-23-signat.pdf\" target=\"_blank\" rel=\"noreferrer noopener\">Decret llista definitiva admesos exclosos conv. 03-23<\/a><\/td><td>01-10-24<\/td><\/tr><tr><td><a href=\"https:\/\/alzira.es\/wp-content\/uploads\/2023\/03\/16.Providencia-contractacio-psicoleg-oga.pdf\" target=\"_blank\" rel=\"noreferrer noopener\">Nomenament psic\u00f2lega com assessora per a les proves psicot\u00e8cniques<\/a><\/td><td>22-10-24<\/td><\/tr><tr><td><a href=\"https:\/\/alzira.es\/wp-content\/uploads\/2023\/03\/17-Providencia-canvi-ubicacio-lloc-psicotecnic.pdf\" target=\"_blank\" rel=\"noreferrer noopener\">Canvi d&#8217;ubicaci\u00f3 del lloc de celebraci\u00f3 de les proves psicot\u00e8cniques<\/a><\/td><td>05-11-24<\/td><\/tr><tr><td>PROMOCI\u00d3 INTERNA: <a href=\"https:\/\/alzira.es\/wp-content\/uploads\/2023\/03\/16-Edicte-resultats-provisionals-psicotecnica-Inspectors-PL-PI-1.pdf\" target=\"_blank\" rel=\"noreferrer noopener\">Edicte resultats provisionals psicot\u00e8cnics<\/a><\/td><td>21-11-24<\/td><\/tr><tr><td>TORN LLIURE: <a href=\"https:\/\/alzira.es\/wp-content\/uploads\/2024\/11\/Decret-data-proves-fisiques-i-psicotecnic-Inspector-LLIURE-2.pdf\" target=\"_blank\" rel=\"noreferrer noopener\">Decret dates, realitzaci\u00f3 proves f\u00edsiques i psicot\u00e8cniques<\/a><\/td><td>21-11-24<\/td><\/tr><tr><td>PROMOCI\u00d3 INTERNA: <a href=\"https:\/\/alzira.es\/wp-content\/uploads\/2023\/03\/19-Edicte-resultats-definitius-prova-psicot_cnica-Inspectors-PL-per-PI.pdf\" target=\"_blank\" rel=\"noreferrer noopener\">Ed<\/a><a href=\"https:\/\/alzira.es\/wp-content\/uploads\/2023\/03\/19-Edicte-resultats-definitius-prova-psicot_cnica-Inspectors-PL-per-PI.pdf\">icte resultats definitius psicot\u00e8cnic i obertura sobre identificaci\u00f3<\/a><\/td><td>29-11-24<\/td><\/tr><tr><td>PROMOCI\u00d3 INTERNA: <a href=\"https:\/\/alzira.es\/wp-content\/uploads\/2023\/03\/21-Edicte-identificacio-aspirants-prova-psicotecnica-1.pdf\" target=\"_blank\" rel=\"noreferrer noopener\">Edicte obertura sobre identificaci\u00f3 aspirants proves psicot\u00e8cniques<\/a><\/td><td>02-12-24<\/td><\/tr><tr><td>TORN LLIURE: <a href=\"https:\/\/alzira.es\/wp-content\/uploads\/2023\/03\/23-Edicte-resultats-provisionals-proves-f_siques-Inspectors-torn-lliure.pdf\" target=\"_blank\" rel=\"noreferrer noopener\">Edicte resultats provisionals proves f\u00edsiques<\/a><\/td><td>16-12-24<\/td><\/tr><tr><td>TORN LLIURE: <a href=\"https:\/\/alzira.es\/wp-content\/uploads\/2023\/03\/25-Edicte-Resultats-provisionals-prova-psicot_cnica-Inspectors-PL-torn-lliure.pdf\" target=\"_blank\" rel=\"noreferrer noopener\">Edicte resultats provisionals prova aptitud psicot\u00e8cnica<\/a><\/td><td>09-01-25<\/td><\/tr><tr><td>TORN LLIURE: <a href=\"https:\/\/alzira.es\/wp-content\/uploads\/2023\/03\/27-Edicte-resultats-definitius-prova-psicotecnica-Inspectors-PL-torn-lliure.pdf\" target=\"_blank\" rel=\"noreferrer noopener\">Edicte resultats definitius i obertura sobre identificaci\u00f3 prova psicot\u00e8cnica<\/a><\/td><td>30-01-25<\/td><\/tr><tr><td>TORN LLIURE: <a href=\"https:\/\/alzira.es\/wp-content\/uploads\/2023\/03\/29-Edicte-identificacio-aspirants-prova-psicotecnica-torn-lliure.pdf\" target=\"_blank\" rel=\"noreferrer noopener\">E<\/a><a href=\"https:\/\/alzira.es\/wp-content\/uploads\/2023\/03\/29-Edicte-identificacio-aspirants-prova-psicotecnica-torn-lliure.pdf\">dicte obertura sobre identificaci\u00f3 aspirants proves psicot\u00e8cniques<\/a><\/td><td>03-02-25<\/td><\/tr><tr><td>PROMOCI\u00d3 INTERNA: <a href=\"https:\/\/alzira.es\/wp-content\/uploads\/2023\/03\/Anunci-Data-Prova-Test-Promocio-Interna-Ord.pdf\" target=\"_blank\" rel=\"noreferrer noopener\">Anunci data prova test te\u00f2ric 7 abril<\/a><\/td><td>21-03-25<\/td><\/tr><tr><td>TORN LLIURE: <a href=\"https:\/\/alzira.es\/wp-content\/uploads\/2023\/03\/Anunci-Data-Prova-Test-Torn-lliure.pdf\" target=\"_blank\" rel=\"noreferrer noopener\">Anunci data prova test te\u00f2ric 9 abril<\/a><\/td><td>21-03-25<\/td><\/tr><tr><td>PROMOCI\u00d3 INTERNA: <a href=\"https:\/\/alzira.es\/wp-content\/uploads\/2023\/03\/Edicte-resultats-provisionals-prova-TEST-Inspectors-PL-PROMOCIO-INTERNA-conv.-03-23.pdf\" target=\"_blank\" rel=\"noreferrer noopener\">Edicte resultats provisionals prova test 7 abril<\/a><\/td><td>08-04-25<\/td><\/tr><tr><td>PROMOCI\u00d3 INTERNA: <a href=\"https:\/\/alzira.es\/wp-content\/uploads\/2025\/04\/NOTA-informativa-plantilla-respostes-test-Inspector-a-PL-promocio-int-conv.-03-23.pdf\" target=\"_blank\" rel=\"noreferrer noopener\">Plantilla respostes prova test 7 abril<\/a><\/td><td>08-04-25<\/td><\/tr><tr><td>TORN LLIURE: <a href=\"https:\/\/alzira.es\/wp-content\/uploads\/2023\/03\/Edicte-resultats-provisionals-prova-TEST-Inspectors-PL-TORN-LLIURE-conv.-03-23.pdf\" target=\"_blank\" rel=\"noreferrer noopener\">Edicte resultats provisionals prova test 9 abril<\/a><\/td><td>10-04-25<\/td><\/tr><tr><td>TORN LLIURE: <a href=\"https:\/\/alzira.es\/wp-content\/uploads\/2025\/04\/NOTA-informativa-plantilla-respostes-test-Inspector-a-PL-torn-lliure-conv.-03-23.pdf\" target=\"_blank\" rel=\"noreferrer noopener\">Plantilla respostes prova test 9 abril<\/a><\/td><td>10-04-25<\/td><\/tr><tr><td>PROMOCI\u00d3 INTERNA: <a href=\"https:\/\/alzira.es\/wp-content\/uploads\/2023\/03\/Edicte-resultats-definitius-prova-TEST-Inspectors-PL-PROMOCIO-INTERNA-conv.-03-23.pdf\" target=\"_blank\" rel=\"noreferrer noopener\">Edicte resultats definitius prova test<\/a><\/td><td>27-05-25<\/td><\/tr><tr><td>TORN LLIURE: <a href=\"https:\/\/alzira.es\/wp-content\/uploads\/2025\/05\/Edicte-resultats-definitius-prova-TEST-Inspectors-PL-TORN-LLIURE-conv.-03-23.pdf\" target=\"_blank\" rel=\"noreferrer noopener\">Edicte resultats definitius prova test<\/a><\/td><td>27-05-25<\/td><\/tr><tr><td>PROMOCI\u00d3 INTERNA: <a href=\"https:\/\/alzira.es\/wp-content\/uploads\/2023\/03\/41-Anunci-Data-obertura-identif-TEST-Promocio-Interna-Ord-signat.pdf\">Edicte obertura sobre identificaci\u00f3 aspirants prova escrita test 3 juliol<\/a><\/td><td>01-07-25<\/td><\/tr><tr><td>TORN LLIURE: <a href=\"https:\/\/alzira.es\/wp-content\/uploads\/2023\/03\/42-Anunci-Data-obertura-identif-TEST-torn-lliure-signat.pdf\">Edicte obertura sobre identificaci\u00f3 aspirants prova escrita test 3 juliol<\/a><\/td><td>01-07-25<\/td><\/tr><tr><td>PROMOCI\u00d3 INTERNA: <a href=\"https:\/\/alzira.es\/wp-content\/uploads\/2023\/03\/Edicte-identificacio-aspirants-TEST-Inspectors-PL-PROMOCIO-INTERNA-conv.-03-23.pdf\" target=\"_blank\" rel=\"noreferrer noopener\">Edicte identificaci\u00f3 aspirants test i data pr\u00e0ctic<\/a><\/td><td>04-07-25<\/td><\/tr><tr><td>TORN LLIURE: <a href=\"https:\/\/alzira.es\/wp-content\/uploads\/2023\/03\/Edicte-identificacio-aspirants-TEST-Inspectors-PL-TORN-LLURE-conv.-03-23.pdf\" target=\"_blank\" rel=\"noreferrer noopener\">Edicte identificaci\u00f3 aspirants i data pr\u00e0ctic<\/a><\/td><td>04-07-25<\/td><\/tr><tr><td>PROMOCI\u00d3 INTERNA: <a href=\"https:\/\/alzira.es\/wp-content\/uploads\/2023\/03\/44-Edicte-resultats-provisionals-exercici-practic-INSPECTORS-PL-PROMOCIO-INTERNA.pdf\" target=\"_blank\" rel=\"noreferrer noopener\">Edicte resultats provisionals exercici pr\u00e0ctic<\/a><\/td><td>11-07-25<\/td><\/tr><tr><td>TORN LLIURE: <a href=\"https:\/\/alzira.es\/wp-content\/uploads\/2025\/07\/46-Edicte-resultats-provisionals-exercici-practic-Inspectors-PL-TORN-LLIURE.pdf\" target=\"_blank\" rel=\"noreferrer noopener\">Edicte resultats provisionals exercici pr\u00e0ctic<\/a><\/td><td>11-07-25<\/td><\/tr><tr><td>PROMOCI\u00d3 INTERNA: <a href=\"https:\/\/alzira.es\/wp-content\/uploads\/2023\/03\/49-Edicte-resultats-definitius-exercici-practic-Inspectors-PL-PROMOCIO-INTERNA.pdf\" target=\"_blank\" rel=\"noreferrer noopener\">Edicte resultats definitius exercici pr\u00e0ctic<\/a><\/td><td>17-07-25<\/td><\/tr><tr><td>TORN LLIURE: <a href=\"https:\/\/alzira.es\/wp-content\/uploads\/2023\/03\/50-Edicte-resultats-definitius-exercici-practic-Inspectors-PL-TORN-LLIURE.pdf\" target=\"_blank\" rel=\"noreferrer noopener\">Edicte resultats definitius exercici pr\u00e0ctic<\/a><\/td><td>17-07-25<\/td><\/tr><tr><td>TORN LLIURE: <a href=\"https:\/\/alzira.es\/wp-content\/uploads\/2023\/03\/52-Edicte-identificacio-aspirants-PRACTIC-Inspectors-PL-TORN-LLURE-conv.-03-23-1.pdf\" target=\"_blank\" rel=\"noreferrer noopener\">Edicte identificaci\u00f3 aspirants exercici pr\u00e0ctic<\/a><\/td><td>24-07-25<\/td><\/tr><tr><td><a href=\"https:\/\/alzira.es\/wp-content\/uploads\/2023\/03\/52-Providencia-nomenament-assessor-Serval.pdf\" target=\"_blank\" rel=\"noreferrer noopener\">Nomenament de l&#8217;assessor ling\u00fc\u00edstic<\/a><\/td><td>16-09-25<\/td><\/tr><tr><td>PROMOCI\u00d3 INTERNA: <a href=\"https:\/\/alzira.es\/wp-content\/uploads\/2023\/03\/53-Data-realitzacio-prova-valencia-prom-int.pdf\" target=\"_blank\" rel=\"noreferrer noopener\">Anunci data i lloc exercici de valenci\u00e0<\/a><\/td><td>16-09-25<\/td><\/tr><tr><td>TORN LLIURE: <a href=\"https:\/\/alzira.es\/wp-content\/uploads\/2023\/03\/54-Data-realitzacio-prova-valencia-t-ll.pdf\" target=\"_blank\" rel=\"noreferrer noopener\">Anunci data i lloc exercici de valenci\u00e0<\/a><\/td><td>16-09-25<\/td><\/tr><tr><td>PROMOCI\u00d3 INTERNA: <a href=\"https:\/\/alzira.es\/wp-content\/uploads\/2023\/03\/57-Edicte-resultats-provisionals-exercici-valencia-INSPECTORS-PL-PROMOCIO-INTERNA.pdf\">Edicte resultats provisionals exercic<\/a><a href=\"https:\/\/alzira.es\/wp-content\/uploads\/2023\/03\/57-Edicte-resultats-provisionals-exercici-valencia-INSPECTORS-PL-PROMOCIO-INTERNA.pdf\" target=\"_blank\" rel=\"noreferrer noopener\">i<\/a><a href=\"https:\/\/alzira.es\/wp-content\/uploads\/2023\/03\/57-Edicte-resultats-provisionals-exercici-valencia-INSPECTORS-PL-PROMOCIO-INTERNA.pdf\"> valenci\u00e0<\/a><\/td><td>25-09-25<\/td><\/tr><tr><td>TORN LLIURE: <a href=\"https:\/\/alzira.es\/wp-content\/uploads\/2023\/03\/Edicte-torn-lliure-resultats-provisionals-valencia-revisio-i-data-RRMM.pdf\" target=\"_blank\" rel=\"noreferrer noopener\">Edicte resultats provisionals valenci\u00e0, revisi\u00f3 i data reconeixement m\u00e8dic<\/a><\/td><td>01-10-25<\/td><\/tr><tr><td>PROMOCI\u00d3 INTERNA: <a href=\"https:\/\/alzira.es\/wp-content\/uploads\/2025\/10\/59-Edicte-resultats-valencia-i-present-merits-INSPECTORS-PL-PROMOCIO-INTERNA.pdf\" target=\"_blank\" rel=\"noreferrer noopener\">Edicte resultats definitius i inici fase de concurs<\/a><\/td><td>03-10-25<\/td><\/tr><tr><td>TORN LLIURE: <a href=\"https:\/\/alzira.es\/wp-content\/uploads\/2023\/03\/61-Edicte-ID-aspirants-valencia-Inspectors-PL-TORN-LLURE-conv.-03-23.pdf\">Edicte ID resultats definitius exercici valenci\u00e0<\/a><\/td><td>10-10-25<\/td><\/tr><tr><td>TORN LLIURE: <a href=\"https:\/\/alzira.es\/wp-content\/uploads\/2023\/03\/63-Edicte-resultats-provisionals-RRMM-INSPECTORS-PL-TORN-LLIURE.pdf\" target=\"_blank\" rel=\"noreferrer noopener\">Edicte resultats  provisionals RRMM<\/a><\/td><td>29-10-25<\/td><\/tr><tr><td>PROMOCI\u00d3 INTERNA: <a href=\"https:\/\/alzira.es\/wp-content\/uploads\/2025\/10\/65-Edicte-resultats-provisionals-baremacio-INSPECTORS-PL-PROMOCIO-INTERNA.pdf\" target=\"_blank\" rel=\"noreferrer noopener\">Edicte resultats provisionals baremaci\u00f3 m\u00e8rits<\/a><\/td><td>29-10-25<\/td><\/tr><tr><td>PROMOCI\u00d3 INTERNA: <a href=\"https:\/\/alzira.es\/wp-content\/uploads\/2023\/03\/66-Edicte-resultats-definitius-INSPECTORS-PL-PROMOCIO-INTERNA.pdf\" target=\"_blank\" rel=\"noreferrer noopener\">Edicte resultats definitius <\/a><\/td><td>25-11-25<\/td><\/tr><tr><td>TORN LLIURE: <a href=\"https:\/\/alzira.es\/wp-content\/uploads\/2023\/03\/68-Edicte-al-legacions-al-RRMM-INSPECTORS-PL-TORN-LLIURE.pdf\" target=\"_blank\" rel=\"noreferrer noopener\">Edicte al\u00b7legacions resultats RRMM i inici fase concurs<\/a><\/td><td>19-12-25<\/td><\/tr><tr><td>TORN LLIURE: <a href=\"https:\/\/alzira.es\/wp-content\/uploads\/2023\/03\/71-Edicte-baremacio-provision-INSPECTORS-PL-TORN-LLIURE.pdf\" target=\"_blank\" rel=\"noreferrer noopener\">Edicte resultats provisionals baremacio m\u00e8rits<\/a><\/td><td>28-01-26<\/td><\/tr><tr><td>TORN LLIURE: <a href=\"https:\/\/alzira.es\/wp-content\/uploads\/2026\/02\/72-Edicte-resultats-definitius-INSPECTORS-PL-TORN-LLIURE.pdf\">Edicte resultats definitius<\/a><\/td><td>16-02-26<\/td><\/tr><tr><td><\/td><td><\/td><\/tr><tr><td><\/td><td><\/td><\/tr><\/tbody><\/table><\/figure>\n","protected":false},"excerpt":{"rendered":"<p>NOVETAT:\u00a0 PROMOCI\u00d3 INTERNA: FINALITZAT TORN LLIURE: FINALITZAT DOCUMENTS DE L&#8217;EXPEDIENT: Nom Fitxer Fecha Publicaci\u00f3n Bases especifiques per a la convocatoria de 2 places d\u2019Inspector o Inspectora de la Polic\u00eda Local, 1 pel torn lliure i 1 pel torn de promoci\u00f3 interna ordin\u00e0ria (BOPV) 02-11-23 Decret 179\/2021 del Consell, d\u2019establiment de les bases i criteris generals &hellip; <\/p>\n<p class=\"link-more\"><a href=\"https:\/\/alzira.es\/es\/serveis-municipals\/recursos-humans\/ocupacio-permanent\/convocatoria-03-2023-seleccio-en-propietat-de-dos-places-dinspector-o-inspectora-de-policia-local-dalzira-1-pel-torn-lliure-i-1-pel-torn-de-promocio-interna-ordinaria\/\" class=\"more-link\">Continuar leyendo<span class=\"screen-reader-text\"> \u00abConvocat\u00f2ria 03\/2023 Selecci\u00f3 en propietat de dos places d\u2019inspector o inspectora de Policia Local d\u2019Alzira, 1 pel torn lliure i 1 pel torn de promoci\u00f3 interna ordin\u00e0ria.\u00bb<\/span><\/a><\/p>\n","protected":false},"author":156,"featured_media":0,"parent":105847,"menu_order":0,"comment_status":"closed","ping_status":"closed","template":"","meta":{"_acf_changed":false,"footnotes":""},"class_list":["post-145998","page","type-page","status-publish","hentry"],"acf":[],"_links":{"self":[{"href":"https:\/\/alzira.es\/es\/wp-json\/wp\/v2\/pages\/145998","targetHints":{"allow":["GET"]}}],"collection":[{"href":"https:\/\/alzira.es\/es\/wp-json\/wp\/v2\/pages"}],"about":[{"href":"https:\/\/alzira.es\/es\/wp-json\/wp\/v2\/types\/page"}],"author":[{"embeddable":true,"href":"https:\/\/alzira.es\/es\/wp-json\/wp\/v2\/users\/156"}],"replies":[{"embeddable":true,"href":"https:\/\/alzira.es\/es\/wp-json\/wp\/v2\/comments?post=145998"}],"version-history":[{"count":1,"href":"https:\/\/alzira.es\/es\/wp-json\/wp\/v2\/pages\/145998\/revisions"}],"predecessor-version":[{"id":167924,"href":"https:\/\/alzira.es\/es\/wp-json\/wp\/v2\/pages\/145998\/revisions\/167924"}],"up":[{"embeddable":true,"href":"https:\/\/alzira.es\/es\/wp-json\/wp\/v2\/pages\/105847"}],"wp:attachment":[{"href":"https:\/\/alzira.es\/es\/wp-json\/wp\/v2\/media?parent=145998"}],"curies":[{"name":"wp","href":"https:\/\/api.w.org\/{rel}","templated":true}]}}