{"id":145465,"date":"2023-12-21T12:39:14","date_gmt":"2023-12-21T11:39:14","guid":{"rendered":"https:\/\/alzira.es\/?page_id=145465"},"modified":"2024-01-05T12:33:40","modified_gmt":"2024-01-05T11:33:40","slug":"proyecto-pai-ari10-carretera-albalat","status":"publish","type":"page","link":"https:\/\/alzira.es\/es\/servicios-municipales\/urbanismo-e-infraestructuras\/planeamiento\/proyecto-pai-ari10-carretera-albalat\/","title":{"rendered":"PROYECTO PAI ARI10 \u2013 CARRETERA ALBALAT"},"content":{"rendered":"\t\t<div data-elementor-type=\"wp-page\" data-elementor-id=\"145465\" class=\"elementor elementor-145465\">\n\t\t\t\t\t\t<section class=\"elementor-section elementor-top-section elementor-element elementor-element-1f018e51 elementor-section-boxed elementor-section-height-default elementor-section-height-default\" data-id=\"1f018e51\" data-element_type=\"section\">\n\t\t\t\t\t\t<div class=\"elementor-container elementor-column-gap-default\">\n\t\t\t\t\t<div class=\"elementor-column elementor-col-100 elementor-top-column elementor-element elementor-element-6958ab7d\" data-id=\"6958ab7d\" data-element_type=\"column\">\n\t\t\t<div class=\"elementor-widget-wrap elementor-element-populated\">\n\t\t\t\t\t\t<div class=\"elementor-element elementor-element-33abd691 elementor-widget elementor-widget-text-editor\" data-id=\"33abd691\" data-element_type=\"widget\" data-widget_type=\"text-editor.default\">\n\t\t\t\t<div class=\"elementor-widget-container\">\n\t\t\t\t\t\t\t\t\t<figure class=\"wp-block-image aligncenter size-full is-resized\"><img fetchpriority=\"high\" decoding=\"async\" class=\"alignnone wp-image-145468 size-medium\" src=\"https:\/\/alzira.es\/wp-content\/uploads\/2023\/12\/ARI-10-451x510.jpg\" alt=\"ARI-10\" width=\"451\" height=\"510\" srcset=\"https:\/\/alzira.es\/wp-content\/uploads\/2023\/12\/ARI-10-451x510.jpg 451w, https:\/\/alzira.es\/wp-content\/uploads\/2023\/12\/ARI-10.jpg 460w\" sizes=\"(max-width: 451px) 100vw, 451px\" \/><\/figure><h2 class=\"wp-block-heading\">PROYECTO PAI ARI10 &#8211; CARRETERA DE ALBALAT<\/h2><ul><li><a href=\"https:\/\/alzira.es\/wp-content\/uploads\/2023\/12\/Alternativa-Tecnica-Alzira-Ari-10-y-planos-firmado.pdf\" target=\"_blank\" rel=\"noreferrer noopener\">Alternativa T\u00e9cnica Alzira ARI-10 y planos firmados<\/a><\/li><li>PROPOSICI\u00d3N JURIDICO ECON\u00d3MICA:<ul><li><a href=\"https:\/\/alzira.es\/wp-content\/uploads\/2023\/12\/1.-Proposicion-Juridico-y-Convenio-Alzira-ARI-10-firmado.pdf\" target=\"_blank\" rel=\"noopener\">Proposici\u00f3n Jur\u00eddico y Convenio Alzira ARI-10 firmado<\/a><\/li><li><a href=\"https:\/\/alzira.es\/wp-content\/uploads\/2023\/12\/2.-Anexo-III.I-Escritura-Constitucion-Comercial-Reciclajes.pdf\" target=\"_blank\" rel=\"noopener\">Anexo III.I Escritura Constituci\u00f3n Comercial Reciclajes<\/a><\/li><li><a href=\"https:\/\/alzira.es\/wp-content\/uploads\/2023\/12\/3.-Anexo-III.II-Documento-Adhesion-Propietarios.pdf\" target=\"_blank\" rel=\"noopener\">Anexo III.II Documento Adhesi\u00f3n Propietarios<\/a><\/li><li><a href=\"https:\/\/alzira.es\/wp-content\/uploads\/2023\/12\/4.-Anexo-III.III-Tasacion-Parcelas.pdf\" target=\"_blank\" rel=\"noopener\">Anexo III.III Tasaci\u00f3n Parcelas<\/a><\/li><li><a href=\"https:\/\/alzira.es\/wp-content\/uploads\/2023\/12\/5.-Anexo-III.IV-Garantia.pdf\" target=\"_blank\" rel=\"noopener\">Anexo III.IV Garant\u00eda<\/a><\/li><li>\u00a0<\/li><\/ul><\/li><li>REPARCELACI\u00d3N:<ul><li><a href=\"https:\/\/alzira.es\/wp-content\/uploads\/2023\/12\/1.-PLANOS-Reparcelacion-P10.pdf\" target=\"_blank\" rel=\"noopener\">Planos Reparcelaci\u00f3n P10<\/a><\/li><li><a href=\"https:\/\/alzira.es\/wp-content\/uploads\/2023\/12\/2.-REPARCELACION-ABRIL-2023-firmado.pdf\" target=\"_blank\" rel=\"noopener\">https:\/\/alzira.es\/wp-content\/uploads\/2023\/12\/2.-REPARCELACION-ABRIL-2023-firmado.pdf<\/a><\/li><\/ul><\/li><li>\u00a0<\/li><li><a href=\"https:\/\/alzira.es\/wp-content\/uploads\/2011\/06\/ANEXOS.pdf\" target=\"_blank\" rel=\"noreferrer noopener\">ANEXOS<\/a><\/li><\/ul>\t\t\t\t\t\t\t\t<\/div>\n\t\t\t\t<\/div>\n\t\t\t\t\t<\/div>\n\t\t<\/div>\n\t\t\t\t\t<\/div>\n\t\t<\/section>\n\t\t\t\t<\/div>\n\t\t","protected":false},"excerpt":{"rendered":"<p>PROYECTO PAI ARI10 &#8211; CARRETERA DE ALBALAT Alternativa T\u00e9cnica Alzira ARI-10 y planos firmados PROPOSICI\u00d3N JURIDICO ECON\u00d3MICA: Proposici\u00f3n Jur\u00eddico y Convenio Alzira ARI-10 firmado Anexo III.I Escritura Constituci\u00f3n Comercial Reciclajes Anexo III.II Documento Adhesi\u00f3n Propietarios Anexo III.III Tasaci\u00f3n Parcelas Anexo III.IV Garant\u00eda \u00a0 REPARCELACI\u00d3N: Planos Reparcelaci\u00f3n P10 https:\/\/alzira.es\/wp-content\/uploads\/2023\/12\/2.-REPARCELACION-ABRIL-2023-firmado.pdf \u00a0 ANEXOS<\/p>\n","protected":false},"author":16,"featured_media":0,"parent":714,"menu_order":2,"comment_status":"closed","ping_status":"closed","template":"","meta":{"_acf_changed":false,"footnotes":""},"class_list":["post-145465","page","type-page","status-publish","hentry"],"acf":[],"_links":{"self":[{"href":"https:\/\/alzira.es\/es\/wp-json\/wp\/v2\/pages\/145465","targetHints":{"allow":["GET"]}}],"collection":[{"href":"https:\/\/alzira.es\/es\/wp-json\/wp\/v2\/pages"}],"about":[{"href":"https:\/\/alzira.es\/es\/wp-json\/wp\/v2\/types\/page"}],"author":[{"embeddable":true,"href":"https:\/\/alzira.es\/es\/wp-json\/wp\/v2\/users\/16"}],"replies":[{"embeddable":true,"href":"https:\/\/alzira.es\/es\/wp-json\/wp\/v2\/comments?post=145465"}],"version-history":[{"count":2,"href":"https:\/\/alzira.es\/es\/wp-json\/wp\/v2\/pages\/145465\/revisions"}],"predecessor-version":[{"id":145744,"href":"https:\/\/alzira.es\/es\/wp-json\/wp\/v2\/pages\/145465\/revisions\/145744"}],"up":[{"embeddable":true,"href":"https:\/\/alzira.es\/es\/wp-json\/wp\/v2\/pages\/714"}],"wp:attachment":[{"href":"https:\/\/alzira.es\/es\/wp-json\/wp\/v2\/media?parent=145465"}],"curies":[{"name":"wp","href":"https:\/\/api.w.org\/{rel}","templated":true}]}}