{"id":145143,"date":"2023-12-15T12:35:53","date_gmt":"2023-12-15T11:35:53","guid":{"rendered":"https:\/\/alzira.es\/?page_id=145143"},"modified":"2024-01-15T13:33:47","modified_gmt":"2024-01-15T12:33:47","slug":"programas-pai-paa-y-aiu","status":"publish","type":"page","link":"https:\/\/alzira.es\/es\/servicios-municipales\/urbanismo-e-infraestructuras\/programas-pai-paa-y-aiu\/","title":{"rendered":"Instrumentos de Gesti\u00f3n"},"content":{"rendered":"\t\t<div data-elementor-type=\"wp-page\" data-elementor-id=\"145143\" class=\"elementor elementor-145143\">\n\t\t\t\t\t\t<section class=\"elementor-section elementor-top-section elementor-element elementor-element-6bfd49e4 elementor-section-boxed elementor-section-height-default elementor-section-height-default\" data-id=\"6bfd49e4\" data-element_type=\"section\">\n\t\t\t\t\t\t<div class=\"elementor-container elementor-column-gap-default\">\n\t\t\t\t\t<div class=\"elementor-column elementor-col-100 elementor-top-column elementor-element elementor-element-5536f2d2\" data-id=\"5536f2d2\" data-element_type=\"column\">\n\t\t\t<div class=\"elementor-widget-wrap elementor-element-populated\">\n\t\t\t\t\t\t<div class=\"elementor-element elementor-element-4797ba6d elementor-widget elementor-widget-text-editor\" data-id=\"4797ba6d\" data-element_type=\"widget\" data-widget_type=\"text-editor.default\">\n\t\t\t\t<div class=\"elementor-widget-container\">\n\t\t\t\t\t\t\t\t\t<h2 id=\"i4t-id-z9qca852o\"><img fetchpriority=\"high\" decoding=\"async\" class=\"aligncenter\" src=\"https:\/\/ajuntament.barcelona.cat\/ecologiaurbana\/sites\/default\/files\/Serveis_LaCiutatFunciona_GestioTerritori_DesenvolupamentPlanejament_755x230.jpg\" alt=\"\" width=\"755\" height=\"230\" \/><\/h2><p style=\"text-align: left;\">\u00a0 \u00a0 \u00a0 \u00a0La ejecuci\u00f3n urban\u00edstica es el conjunto de procedimientos establecidos en la legislaci\u00f3n urban\u00edstica para la transformaci\u00f3n del uso del suelo, y especialmente para la urbanizaci\u00f3n de este, de acuerdo con el planeamiento urban\u00edstico. La edificaci\u00f3n de los solares resultantes de las actuaciones de ejecuci\u00f3n, tanto los de aprovechamiento privativo como los destinados a equipamientos y dotaciones de titularidad p\u00fablica, la urbanizaci\u00f3n de los nuevos viales y de las nuevas zonas verdes o espacios p\u00fablicos, y la implantaci\u00f3n de las infraestructuras requeridas, son parte integrante de la gesti\u00f3n urban\u00edstica y constituyen la fase de culminaci\u00f3n del proceso.<\/p><h4><span style=\"text-decoration: underline;\"><span style=\"color: #800000;\"><strong>\u00a0<\/strong><\/span><\/span><\/h4><p><span style=\"color: #800000;\"><a style=\"font-size: 1rem; color: #800000; text-decoration: underline;\" href=\"https:\/\/alzira.es\/es\/programas_-y_otros_instrumentos_de_gestion__en_-tramite\/\" target=\"_blank\" rel=\"noopener\"><strong>EN TR\u00c1MITE: \u00a0<\/strong><\/a><\/span><span style=\"text-decoration: underline; color: #800000;\"><a style=\"font-size: 1rem; color: #800000; text-decoration: underline;\" href=\"https:\/\/alzira.es\/es\/programas_-y_otros_instrumentos_de_gestion__en_-tramite\/\" target=\"_blank\" rel=\"noopener\"><strong>Programas,\u00a0 Reparcelaciones y Otros Instrumentos de Gesti\u00f3n.<\/strong><\/a><\/span><\/p><p>\u00a0<\/p><p><span style=\"color: #800000;\"><a style=\"font-size: 1rem; color: #800000; text-decoration: underline;\" href=\"https:\/\/alzira.es\/serveis-municipals\/urbanisme-i-infraestructures\/registre-municipal-de-programes-i-aiu\/\" target=\"_blank\" rel=\"noopener\"><strong>APROBADOS:\u00a0 Registro<\/strong><\/a><\/span><span style=\"text-decoration: underline; color: #800000;\"><a style=\"font-size: 1rem; color: #800000; text-decoration: underline;\" href=\"https:\/\/alzira.es\/serveis-municipals\/urbanisme-i-infraestructures\/registre-municipal-de-programes-i-aiu\/\" target=\"_blank\" rel=\"noopener\"><strong> Municipal de Programas PAI,\u00a0 PAA\u00a0 y AIU<\/strong><\/a><\/span><\/p><p>\u00a0<\/p><p><span style=\"text-decoration: underline;\"><span style=\"color: #800000;\"><strong style=\"font-size: 1rem;\">APROBADOS:\u00a0 Reparcelaciones y Otros Instrumentos de Gesti\u00f3n.<\/strong><\/span><\/span><\/p>\t\t\t\t\t\t\t\t<\/div>\n\t\t\t\t<\/div>\n\t\t\t\t\t<\/div>\n\t\t<\/div>\n\t\t\t\t\t<\/div>\n\t\t<\/section>\n\t\t\t\t<\/div>\n\t\t","protected":false},"excerpt":{"rendered":"<p>\u00a0 \u00a0 \u00a0 \u00a0La ejecuci\u00f3n urban\u00edstica es el conjunto de procedimientos establecidos en la legislaci\u00f3n urban\u00edstica para la transformaci\u00f3n del uso del suelo, y especialmente para la urbanizaci\u00f3n de este, de acuerdo con el planeamiento urban\u00edstico. La edificaci\u00f3n de los solares resultantes de las actuaciones de ejecuci\u00f3n, tanto los de aprovechamiento privativo como los destinados &hellip; <\/p>\n<p class=\"link-more\"><a href=\"https:\/\/alzira.es\/es\/servicios-municipales\/urbanismo-e-infraestructuras\/programas-pai-paa-y-aiu\/\" class=\"more-link\">Continuar leyendo<span class=\"screen-reader-text\"> \u00abInstrumentos de Gesti\u00f3n\u00bb<\/span><\/a><\/p>\n","protected":false},"author":16,"featured_media":0,"parent":87644,"menu_order":1,"comment_status":"closed","ping_status":"closed","template":"","meta":{"_acf_changed":false,"footnotes":""},"class_list":["post-145143","page","type-page","status-publish","hentry"],"acf":[],"_links":{"self":[{"href":"https:\/\/alzira.es\/es\/wp-json\/wp\/v2\/pages\/145143","targetHints":{"allow":["GET"]}}],"collection":[{"href":"https:\/\/alzira.es\/es\/wp-json\/wp\/v2\/pages"}],"about":[{"href":"https:\/\/alzira.es\/es\/wp-json\/wp\/v2\/types\/page"}],"author":[{"embeddable":true,"href":"https:\/\/alzira.es\/es\/wp-json\/wp\/v2\/users\/16"}],"replies":[{"embeddable":true,"href":"https:\/\/alzira.es\/es\/wp-json\/wp\/v2\/comments?post=145143"}],"version-history":[{"count":1,"href":"https:\/\/alzira.es\/es\/wp-json\/wp\/v2\/pages\/145143\/revisions"}],"predecessor-version":[{"id":145984,"href":"https:\/\/alzira.es\/es\/wp-json\/wp\/v2\/pages\/145143\/revisions\/145984"}],"up":[{"embeddable":true,"href":"https:\/\/alzira.es\/es\/wp-json\/wp\/v2\/pages\/87644"}],"wp:attachment":[{"href":"https:\/\/alzira.es\/es\/wp-json\/wp\/v2\/media?parent=145143"}],"curies":[{"name":"wp","href":"https:\/\/api.w.org\/{rel}","templated":true}]}}