{"id":145000,"date":"2023-12-14T11:07:08","date_gmt":"2023-12-14T10:07:08","guid":{"rendered":"https:\/\/alzira.es\/?page_id=145000"},"modified":"2025-09-24T13:22:53","modified_gmt":"2025-09-24T11:22:53","slug":"convocatoria-11-2023-seleccion-en-propiedad-4-plazas-agentes-policia-local-2-movilidad-2-turno-libre","status":"publish","type":"page","link":"https:\/\/alzira.es\/es\/servicios-municipales\/recursos-humanos\/empleo-permanente\/convocatoria-11-2023-seleccion-en-propiedad-4-plazas-agentes-policia-local-2-movilidad-2-turno-libre\/","title":{"rendered":"Convocatoria 11\/2023 Selecci\u00f3n en propiedad 10 plazas Agentes Polic\u00eda Local, 3 movilidad + 7 turno libre"},"content":{"rendered":"<p><b>Publicaci\u00f3n resultados finales Agentes PL turno libre.<\/b><\/p>\n<p><strong>NOVEDAD<\/strong>: Edicto bolsa comisiones de servicios Agentes PL publicada 24\/09\/2025, plazo peticiones 5 d\u00edas h\u00e1biles desde el<strong> 25 de septiembre hasta el 1 de octubre de 2025<\/strong>.<\/p>\n<p><strong>DOCUMENTOS DEL EXPEDIENTE:<\/strong><\/p>\n\n\n<figure class=\"wp-block-table\"><table class=\"has-background\" style=\"background:radial-gradient(rgb(238,238,238) 0%,rgb(169,184,195) 100%)\"><thead><tr><th>Nombre Fichero<\/th><th>Fecha Publicaci\u00f3n<\/th><\/tr><\/thead><tbody><tr><td><a href=\"https:\/\/alzira.es\/wp-content\/uploads\/2024\/01\/05_Publicacio_BOP_bases-4-agent-PL-2-mobilitat-2-lliure-11122023.pdf\">Bases especifiques para la convocatoria de 4 plazas de Agente de la Polic\u00eda Local (BOPV)<\/a><\/td><td>11-12-2023<\/td><\/tr><tr><td><a href=\"https:\/\/alzira.es\/wp-content\/uploads\/2023\/03\/08_Publicacio_BOP_rectificacio-bases-4-agent-PL-2-mobilitat-2-lliure-040324.pdf\">Rectificaci\u00f3n de las bases de la convocatoria BOPV<\/a><\/td><td>04-03-2024<\/td><\/tr><tr><td><a href=\"https:\/\/alzira.es\/wp-content\/uploads\/2024\/02\/Decret-179-2021-de-5-de-novembre-2.pdf\">DECRETO 179\/2021, de 5 de noviembre, del Consell, de establecimiento de las bases y criterios generales para la selecci\u00f3n, promoci\u00f3n y movilidad en los cuerpos de PL de la Comunidad Valenciana.<\/a><\/td><td>19-02-2023<\/td><\/tr><tr><td><a href=\"https:\/\/alzira.es\/wp-content\/uploads\/2024\/02\/Decret-179-2021-de-5-de-novembre-annex-correccio-d-errades.pdf\">CORRECCI\u00d3N de errores del Decreto 179\/2021.<\/a><\/td><td>19-02-2023<\/td><\/tr><tr><td><a href=\"https:\/\/alzira.es\/wp-content\/uploads\/2023\/03\/FULL_AUTOBAREMACIO_AGENT-PL_MOBILITAT-conv-11-23-1.xlsx\">Autobaremaci\u00f3n de m\u00e9ritos<\/a><\/td><td>08-04-2024<\/td><\/tr><tr><td><a href=\"https:\/\/alzira.es\/wp-content\/uploads\/2024\/04\/10-Disposicion-6892-del-BOE-num.-86-de-2024-08-04-24.pdf\">Convocatoria BOE<\/a><\/td><td>08-04-2024<\/td><\/tr><tr><td><a href=\"https:\/\/bop.dival.es\/bop\/downloads?anuncioNumReg=2024\/06916&amp;lang=va\">Publicaci\u00f3n lista provisional personal admitido y excluido BOPV<\/a><\/td><td>31-05-2024<\/td><\/tr><tr><td><a href=\"https:\/\/alzira.es\/wp-content\/uploads\/2024\/05\/12-Decret-llista-provisional-admesos-exclosos-convoc-agents-11-23.pdf\">Decreto lista provisional personal admitido y excluido<\/a><\/td><td>31-05-2024<\/td><\/tr><tr><td><a href=\"https:\/\/alzira.es\/wp-content\/uploads\/2023\/03\/15-Publicacio-BOPV-11102024_13805_VA-Agents-11-23.pdf\">Publicaci\u00f3n lista definitiva personal admitido y excluido BOPV<\/a><\/td><td>11-10-2024<\/td><\/tr><tr><td><a href=\"https:\/\/alzira.es\/wp-content\/uploads\/2023\/03\/14-Decret-1029-24-llista-definitiva-admesos-exclosos-agents-convoc-11-23-rec.pdf\">Decreto lista definitiva personal admitido y excluido y fecha de pruebas aptitud f\u00edsica plazas Agentes PL<\/a><\/td><td>01-10-2024<\/td><\/tr><tr><td><a href=\"https:\/\/alzira.es\/wp-content\/uploads\/2023\/03\/16-Rectificacio-bases-Agents-Pl-14102024_13539_VA.pdf\">Anuncio BOPV rectificaci\u00f3n bases convocatoria plazas Agentes PL<\/a><\/td><td>14-10-2024<\/td><\/tr><tr><td><a href=\"https:\/\/alzira.es\/wp-content\/uploads\/2024\/10\/17.Providencia-nomenament-psicoleg-oga.pdf\">Nombramiento psic\u00f3loga asesora para pruebas psicot\u00e9cnicas<\/a><\/td><td>22-10-2024<\/td><\/tr><tr><td><a href=\"https:\/\/alzira.es\/wp-content\/uploads\/2023\/03\/19-Decret-ajornament-proves-fisiques-agent-PL-convoc-11-23-1.pdf\">Decreto aplazamiento pruebas f\u00edsicas convocatoria Agentes Polic\u00eda Local<\/a><\/td><td>01-11-2024<\/td><\/tr><tr><td><a href=\"https:\/\/alzira.es\/wp-content\/uploads\/2024\/11\/20-Decret-nova-convocatoria-proves-fisiques-agent-PL-convoc-11-23-torn-lliure.pdf\">Decreto nueva convocatoria realizaci\u00f3n pruebas f\u00edsicas Agentes PL<\/a><\/td><td>25-11-2024<\/td><\/tr><tr><td><a href=\"https:\/\/alzira.es\/wp-content\/uploads\/2024\/12\/21-Providencia-nomenament-assessors-es-Tribunal-Agents-PL.pdf\">Providencia nombramiento asesores\/as OTS pruebas f\u00edsicas<\/a><\/td><td>13-12-2024<\/td><\/tr><tr><td><a href=\"https:\/\/alzira.es\/wp-content\/uploads\/2023\/03\/23-Edicte-resultats-provisionals-proves-f_siques-Agents-PL-torn-lliure-conv.-11-23-signat-1.pdf\">Edicto resultados provisionales pruebas f\u00edsicas Agentes Polic\u00eda Local<\/a><\/td><td>20-12-2024<\/td><\/tr><tr><td><a href=\"https:\/\/alzira.es\/wp-content\/uploads\/2023\/03\/24-Edicte-resultats-definitius-proves-f_siques-Agents-PL-torn-lliure-conv.-11-23.pdf\">Edicto resultados definitivos pruebas f\u00edsicas Agentes Polic\u00eda Local y fecha prueba aptitud Psicot\u00e9cnica<\/a><\/td><td>03-01-2025<\/td><\/tr><tr><td><a href=\"https:\/\/alzira.es\/wp-content\/uploads\/2025\/02\/25-Edicte-resultats-prova-aptitud-Psicot_cnica-Agents-PL-conv.-11-23-signat-2.pdf\">Edicto resultados provisionales prueba aptitud Psicot\u00e9cnica y fecha de revisi\u00f3n previa petici\u00f3n<\/a><\/td><td>19-02-2025<\/td><\/tr><tr><td><a href=\"https:\/\/alzira.es\/wp-content\/uploads\/2023\/03\/26-Edicte-resultats-definitius-aptitud-Psicot_cnica-i-obertura-sobres-Agents-PL-conv.-11-23-signat.pdf\">Edicto resultados definitivos prueba aptitud Psicot\u00e9cnica y fecha de apertura de sobre identificaci\u00f3n<\/a><\/td><td>28-02-2025<\/td><\/tr><tr><td><a href=\"https:\/\/alzira.es\/wp-content\/uploads\/2023\/03\/27-Edicte-identificacio-aspirants-prova-psicotecnica-Agents-PL-torn-mobilitat-i-lliure-signat.pdf\">Edicto ID personal aspirante, fecha revisiones m\u00e9dicas tuno movilidad y fecha prueba test turno libre<\/a><\/td><td>11-03-2025<\/td><\/tr><tr><td><a href=\"https:\/\/alzira.es\/wp-content\/uploads\/2023\/03\/28-Edicte-resultats-provisionals-prova-TEST-Agents-PL-TORN-LLIURE-conv.-11-23-signat.pdf\">Edicto resultados provisionales prueba test Agentes turno libre<\/a><\/td><td>02-04-2025<\/td><\/tr><tr><td><a href=\"https:\/\/alzira.es\/wp-content\/uploads\/2025\/04\/NOTA-informativa-plantilla-respostes-test-Agents-PL-torn-lliure-conv.-11-23.pdf\">Plantilla resultados prueba test Agentes turno libre<\/a><\/td><td>02-04-2025<\/td><\/tr><tr><td><a href=\"https:\/\/alzira.es\/wp-content\/uploads\/2023\/03\/28-Providencia-rectificacio-error-de-fet-Agents-PL-torn-lliure-signada.pdf\">Providencia rectificaci\u00f3n error de hecho edicto resultados provisionales test turno libre<\/a><\/td><td>03-04-2025<\/td><\/tr><tr><td><a href=\"https:\/\/alzira.es\/wp-content\/uploads\/2025\/04\/29-Edicte-resultats-reconeixements-m_dics-Agents-PL-TORN-MOBILITAT-conv.-11-23-signat-1.pdf\">Edicto resultados reconocimientos m\u00e9dicos Agentes PL turno movilidad<\/a><\/td><td>14-04-2025<\/td><\/tr><tr><td><a href=\"https:\/\/alzira.es\/wp-content\/uploads\/2023\/03\/30-Edicte-comunicaci_-acte-obertura-sobre-identificaci_-Agents-PL-TORN-LLIURE-conv.-11-23-signat.pdf\">Edicto comunicaci\u00f3n acto apertura sobres identificaci\u00f3n Agentes PL turno libre prueba test<\/a><\/td><td>05-05-2025<\/td><\/tr><tr><td><a href=\"https:\/\/alzira.es\/wp-content\/uploads\/2023\/03\/30-Edicte-resultats-definitius-test-agents-PL-torn-lliure.docx.pdf\" target=\"_blank\" rel=\"noreferrer noopener\">Edicto resultados definitivos prueba test turno libre<\/a><\/td><td>06-05-2025<\/td><\/tr><tr><td><a href=\"https:\/\/alzira.es\/wp-content\/uploads\/2025\/05\/32-Edicte-resultats-provisionals-baremaci_-Agents-PL-torn-mobilitat-signat.pdf\">Edicto resultados provisionales baremaci\u00f3n m\u00e9ritos Agentes PL turno movilidad<\/a><\/td><td>12-05-2025<\/td><\/tr><tr><td><a href=\"https:\/\/alzira.es\/wp-content\/uploads\/2023\/03\/31-Edicte-identificaci_-test-AGENTS-PL-TORN-LLIURE-i-data-sup_sit-pr_ctic-conv.-11-23-signat.pdf\">Edicto identificaci\u00f3n aspirantes Agentes PL turno libre y fecha ejercicio pr\u00e1ctico<\/a><\/td><td>12-05-2025<\/td><\/tr><tr><td><a href=\"https:\/\/alzira.es\/wp-content\/uploads\/2023\/03\/33-Edicte-resultats-provisionals-exercici-pr_ctic-AGENTS-PL-TORN-LLIURE-conv.-11-23-signat.pdf\">Edicto resultados provisionales ejercicio pr\u00e1ctico Agentes PL turno libre y plazo petici\u00f3n revisi\u00f3n examen<\/a><\/td><td>27-05-2025<\/td><\/tr><tr><td><a href=\"https:\/\/alzira.es\/wp-content\/uploads\/2023\/03\/34-Edicte-resultats-definitus-baremaci_-AGENTS-PL-TORN-MOBILITAT-conv.-11-23-signat-1.pdf\">Edicto resultados definitivos baremaci\u00f3n m\u00e9ritos Agentes PL turno movilidad<\/a><\/td><td>11-06-2025<\/td><\/tr><tr><td><a href=\"https:\/\/alzira.es\/wp-content\/uploads\/2023\/03\/35-Edicte-contestaci_-al_legacions-i-revisi_-prova-pr_ctica-AGENTS-PL-TORN-LLIURE-conv.-11-23.pdf\">Edicto contestaci\u00f3n alegaciones prueba pr\u00e1ctica, fecha apertura sobre ID y fecha examen de Valenciano Agentes PL turno libre<\/a><\/td><td>17-06-2025<\/td><\/tr><tr><td><a href=\"https:\/\/alzira.es\/wp-content\/uploads\/2025\/06\/36-Edicte-identificaci_-prova-pr_ctica-AGENTS-PL-TORN-LLIURE-i-data-valenci_-conv.-11-23-1.pdf\">Edicto identificaci\u00f3n aspirantes y resultados definitivos ejercicio pr\u00e1ctico Agentes PL turno libre, y fecha ejercicio Valenciano<\/a><\/td><td>18-06-2025<\/td><\/tr><tr><td><a href=\"https:\/\/alzira.es\/wp-content\/uploads\/2025\/07\/38-Edicte-resultats-provisional-valenci_-i-data-reconeixements-m_dics-Agents-PL-TORN-LLIURE-conv.-11-23.pdf\">Edicto resultados provisionales ejercicio valenciano y fecha reconocimientos m\u00e9dicos Agentes PL turno libre<\/a><\/td><td>02-07-2025<\/td><\/tr><tr><td><a href=\"https:\/\/alzira.es\/wp-content\/uploads\/2023\/03\/41-Edicte-identificacio-aspirants-prova-valencia-Agents-PL-torn-lliure.pdf\">Edicto identificaci\u00f3n aspirantes ejercicio valenciano Agentes PL turno libre<\/a><\/td><td>11-07-2025<\/td><\/tr><tr><td><a href=\"https:\/\/alzira.es\/wp-content\/uploads\/2023\/03\/43-Edicte-resultats-reconeixements-m_dics-i-puntuaci_-final-Agents-PL-torn-lliure-signat.pdf\">Edicto resultados reconocimientos m\u00e9dicos y puntuaci\u00f3n final Agentes PL turno libre<\/a><\/td><td>15-07-2025<\/td><\/tr><tr><td><a href=\"https:\/\/alzira.es\/wp-content\/uploads\/2025\/09\/10.Edicte-borsa-comissionats.pdf\">Edicto posibles peticiones bolsa comisiones de servicio Agentes PL<\/a><\/td><td>24-09-2025<\/td><\/tr><\/tbody><\/table><\/figure>\n","protected":false},"excerpt":{"rendered":"<p>Publicaci\u00f3n resultados finales Agentes PL turno libre. NOVEDAD: Edicto bolsa comisiones de servicios Agentes PL publicada 24\/09\/2025, plazo peticiones 5 d\u00edas h\u00e1biles desde el 25 de septiembre hasta el 1 de octubre de 2025. DOCUMENTOS DEL EXPEDIENTE: Nombre Fichero Fecha Publicaci\u00f3n Bases especifiques para la convocatoria de 4 plazas de Agente de la Polic\u00eda Local &hellip; <\/p>\n<p class=\"link-more\"><a href=\"https:\/\/alzira.es\/es\/servicios-municipales\/recursos-humanos\/empleo-permanente\/convocatoria-11-2023-seleccion-en-propiedad-4-plazas-agentes-policia-local-2-movilidad-2-turno-libre\/\" class=\"more-link\">Continuar leyendo<span class=\"screen-reader-text\"> \u00abConvocatoria 11\/2023 Selecci\u00f3n en propiedad 10 plazas Agentes Polic\u00eda Local, 3 movilidad + 7 turno libre\u00bb<\/span><\/a><\/p>\n","protected":false},"author":156,"featured_media":0,"parent":105851,"menu_order":0,"comment_status":"closed","ping_status":"closed","template":"","meta":{"_acf_changed":false,"footnotes":""},"class_list":["post-145000","page","type-page","status-publish","hentry"],"acf":[],"_links":{"self":[{"href":"https:\/\/alzira.es\/es\/wp-json\/wp\/v2\/pages\/145000","targetHints":{"allow":["GET"]}}],"collection":[{"href":"https:\/\/alzira.es\/es\/wp-json\/wp\/v2\/pages"}],"about":[{"href":"https:\/\/alzira.es\/es\/wp-json\/wp\/v2\/types\/page"}],"author":[{"embeddable":true,"href":"https:\/\/alzira.es\/es\/wp-json\/wp\/v2\/users\/156"}],"replies":[{"embeddable":true,"href":"https:\/\/alzira.es\/es\/wp-json\/wp\/v2\/comments?post=145000"}],"version-history":[{"count":1,"href":"https:\/\/alzira.es\/es\/wp-json\/wp\/v2\/pages\/145000\/revisions"}],"predecessor-version":[{"id":164173,"href":"https:\/\/alzira.es\/es\/wp-json\/wp\/v2\/pages\/145000\/revisions\/164173"}],"up":[{"embeddable":true,"href":"https:\/\/alzira.es\/es\/wp-json\/wp\/v2\/pages\/105851"}],"wp:attachment":[{"href":"https:\/\/alzira.es\/es\/wp-json\/wp\/v2\/media?parent=145000"}],"curies":[{"name":"wp","href":"https:\/\/api.w.org\/{rel}","templated":true}]}}