{"id":144593,"date":"2023-11-20T14:23:23","date_gmt":"2023-11-20T13:23:23","guid":{"rendered":"https:\/\/alzira.es\/?page_id=144593"},"modified":"2023-11-27T15:24:24","modified_gmt":"2023-11-27T14:24:24","slug":"convocatoria-20-20172-borsa-temporal-de-professorat-cpfpa-especialitat-tecnologia-i-dibuix-tecnic","status":"publish","type":"page","link":"https:\/\/alzira.es\/es\/serveis-municipals\/recursos-humans\/ocupacio-temporal\/convocatoria-20-20172-borsa-temporal-de-professorat-cpfpa-especialitat-tecnologia-i-dibuix-tecnic\/","title":{"rendered":"CONVOCAT\u00d2RIA 20\/2017(2) &#8211; BORSA TEMPORAL DE PROFESSORAT CPFPA ESPECIALITAT TECNOLOGIA I DIBUIX T\u00c8CNIC."},"content":{"rendered":"<p><span style=\"color: #800000;\"><strong>Nom\u00e9s podran formar part d&#8217;aquest proc\u00e9s selectiu aquelles persones preseleccionades per mitj\u00e0 d&#8217;oferta gen\u00e8rica de\u00a0<span class=\"hiddenGrammarError\">LABORA<\/span>\u00a0<span class=\"hiddenGrammarError\">n\u00ba<\/span>\u00a010\/2023\/507480<\/strong>.<\/span><\/p>\n<p><strong><span style=\"color: #800000;\">Per\u00edode presentaci\u00f3 inst\u00e0ncies del 20\/11\/2023 al 24\/11\/2023 tots dos inclosos.<\/span><\/strong><\/p>\n<p><em><span style=\"color: #800000;\">S&#8217;observa error material en l&#8217;apartat 11.b.2.A) referent a la baremaci\u00f3 dels cursos de formaci\u00f3 i perfeccionament, on la duraci\u00f3 del curs de 75 a 99 hores es puntuara amb 0,75 en comptes de 0,50 punts.<\/span><\/em><\/p>\n<p><strong><span style=\"color: #ff6600;\"><em>Convocar el 28\/11\/2023 a les 8.30 hores a les persones inscrites en l&#8217;oferta a les 9.00 hores a la Sala de Premsa de la segona planta de l&#8217;edifici de l&#8217;Ajuntament d&#8217;Alzira, per a la baremaci\u00f3 dels m\u00e8rits i el projecte.<\/em><\/span><\/strong><\/p>\n<p><strong>DOCUMENTS DE L&#8217;EXPEDIENT:<\/strong><\/p>\n\n\n<div class=\"wp-block-columns is-layout-flex wp-container-core-columns-is-layout-9d6595d7 wp-block-columns-is-layout-flex\">\n<div class=\"wp-block-column is-layout-flow wp-block-column-is-layout-flow\" style=\"flex-basis:100%\">\n<div class=\"wp-block-group\"><div class=\"wp-block-group__inner-container is-layout-flow wp-block-group-is-layout-flow\">\n<div class=\"wp-block-columns is-layout-flex wp-container-core-columns-is-layout-9d6595d7 wp-block-columns-is-layout-flex\">\n<div class=\"wp-block-column is-layout-flow wp-block-column-is-layout-flow\" style=\"flex-basis:100%\">\n<figure class=\"wp-block-table is-style-stripes\"><table><tbody><tr><td><strong>Nom Fitxer<\/strong><\/td><td class=\"has-text-align-center\" data-align=\"center\"><strong>Data Publicaci\u00f3<\/strong><\/td><\/tr><tr><td><a href=\"https:\/\/alzira.es\/wp-content\/uploads\/2023\/02\/02-Acord-JGL-aprovacio-bases.pdf\">Bases espec\u00edfiques<\/a><\/td><td class=\"has-text-align-center\" data-align=\"center\">17\/11\/2023<\/td><\/tr><tr><td><a href=\"https:\/\/alzira.es\/wp-content\/uploads\/2023\/02\/02_autobaremacio-1.xls\">Autobaremaci\u00f3<\/a><\/td><td class=\"has-text-align-center\" data-align=\"center\">17\/11\/2023<\/td><\/tr><tr><td><a href=\"https:\/\/alzira.es\/wp-content\/uploads\/2023\/02\/04-Proposta-designacio-membres-comissio-valoracio.pdf\">Designaci\u00f3 Comissi\u00f3 de Valoraci\u00f3<\/a><\/td><td class=\"has-text-align-center\" data-align=\"center\">27\/11\/2023<\/td><\/tr><tr><td><\/td><td class=\"has-text-align-center\" data-align=\"center\"><\/td><\/tr><tr><td><\/td><td class=\"has-text-align-center\" data-align=\"center\"><\/td><\/tr><\/tbody><\/table><\/figure>\n<\/div>\n<\/div>\n<\/div><\/div>\n<\/div>\n<\/div>\n","protected":false},"excerpt":{"rendered":"<p>Nom\u00e9s podran formar part d&#8217;aquest proc\u00e9s selectiu aquelles persones preseleccionades per mitj\u00e0 d&#8217;oferta gen\u00e8rica de\u00a0LABORA\u00a0n\u00ba\u00a010\/2023\/507480. Per\u00edode presentaci\u00f3 inst\u00e0ncies del 20\/11\/2023 al 24\/11\/2023 tots dos inclosos. S&#8217;observa error material en l&#8217;apartat 11.b.2.A) referent a la baremaci\u00f3 dels cursos de formaci\u00f3 i perfeccionament, on la duraci\u00f3 del curs de 75 a 99 hores es puntuara amb 0,75 &hellip; <\/p>\n<p class=\"link-more\"><a href=\"https:\/\/alzira.es\/es\/serveis-municipals\/recursos-humans\/ocupacio-temporal\/convocatoria-20-20172-borsa-temporal-de-professorat-cpfpa-especialitat-tecnologia-i-dibuix-tecnic\/\" class=\"more-link\">Continuar leyendo<span class=\"screen-reader-text\"> \u00abCONVOCAT\u00d2RIA 20\/2017(2) &#8211; BORSA TEMPORAL DE PROFESSORAT CPFPA ESPECIALITAT TECNOLOGIA I DIBUIX T\u00c8CNIC.\u00bb<\/span><\/a><\/p>\n","protected":false},"author":156,"featured_media":0,"parent":105775,"menu_order":0,"comment_status":"closed","ping_status":"closed","template":"","meta":{"_acf_changed":false,"footnotes":""},"class_list":["post-144593","page","type-page","status-publish","hentry"],"acf":[],"_links":{"self":[{"href":"https:\/\/alzira.es\/es\/wp-json\/wp\/v2\/pages\/144593","targetHints":{"allow":["GET"]}}],"collection":[{"href":"https:\/\/alzira.es\/es\/wp-json\/wp\/v2\/pages"}],"about":[{"href":"https:\/\/alzira.es\/es\/wp-json\/wp\/v2\/types\/page"}],"author":[{"embeddable":true,"href":"https:\/\/alzira.es\/es\/wp-json\/wp\/v2\/users\/156"}],"replies":[{"embeddable":true,"href":"https:\/\/alzira.es\/es\/wp-json\/wp\/v2\/comments?post=144593"}],"version-history":[{"count":1,"href":"https:\/\/alzira.es\/es\/wp-json\/wp\/v2\/pages\/144593\/revisions"}],"predecessor-version":[{"id":144780,"href":"https:\/\/alzira.es\/es\/wp-json\/wp\/v2\/pages\/144593\/revisions\/144780"}],"up":[{"embeddable":true,"href":"https:\/\/alzira.es\/es\/wp-json\/wp\/v2\/pages\/105775"}],"wp:attachment":[{"href":"https:\/\/alzira.es\/es\/wp-json\/wp\/v2\/media?parent=144593"}],"curies":[{"name":"wp","href":"https:\/\/api.w.org\/{rel}","templated":true}]}}